{"id":6583,"date":"2023-09-15T22:24:31","date_gmt":"2023-09-15T22:24:31","guid":{"rendered":"https:\/\/helpmegrowwa.org\/?page_id=6583"},"modified":"2026-04-27T14:43:47","modified_gmt":"2026-04-27T14:43:47","slug":"who-we-are","status":"publish","type":"page","link":"https:\/\/upperhousedev17.com\/vi\/who-we-are","title":{"rendered":"Ch\u00fang ta l\u00e0 ai"},"content":{"rendered":"<div id=\"block_916c2ccb76b3633bc478bd9bb8d39c7a\" class=\"fifty-fifty-block dark-purple right fifty-fifty-banner\">\n\t<img decoding=\"async\" class=\"flower-graphic\" src=\"https:\/\/upperhousedev17.com\/wp-content\/themes\/helpmegrowwa\/images\/banner-text-shapes.svg\">\n\t<div class=\"info\">\n\t\t<div class=\"container regular center\">\n\t\t\t<h1>Ch\u00fang ta l\u00e0 ai<\/h1>\n\t\t\t\t\t<\/div>\n\t<\/div>\n\t\t<div class=\"image\" style=\"background-image: url(https:\/\/upperhousedev17.com\/wp-content\/uploads\/2023\/09\/Who-We-Are-About-Help-Me-Grow-Wa.jpg);background-position: top left;\">\n\t\t\t\t\t<img decoding=\"async\" class=\"corner\" src=\"https:\/\/upperhousedev17.com\/wp-content\/themes\/helpmegrowwa\/images\/fifty-fifty-corner-piece.svg\">\n\t\t\t\t\t<\/div>\n\t<script>\n\t(function($) {\n\t\t\/\/ Get the block ID\n\t\tvar id = \"#block_916c2ccb76b3633bc478bd9bb8d39c7a\";\n\t\t\/\/ Reveal the block\n\t\tvar container = document.documentElement;\n\t\tScrollReveal().reveal(id + \".left .image\", {origin: \"left\", distance: \"20px\", duration: 1000});\n\t\tScrollReveal().reveal(id + \".left .info .container\", {origin: \"right\", distance: \"20px\", duration: 1000});\n\t\tScrollReveal().reveal(id + \".right .image\", {origin: \"right\", distance: \"20px\", duration: 1000});\n\t\tScrollReveal().reveal(id + \".right .info .container\", {origin: \"left\", distance: \"20px\", duration: 1000});\n\t}(jQuery))\n\t<\/script>\n<\/div>\n\n<div id=\"block_ada00c810302a5b6d1014096220cb1fe\" class=\"text-block white large center\">\n\t<div class=\"container one-column full\">\n\t\t<p>Help Me Grow Washington l\u00e0 m\u1ed9t h\u1ec7 th\u1ed1ng \u0111ang ph\u00e1t tri\u1ec3n g\u1ed3m c\u00e1c t\u1ed5 ch\u1ee9c phi l\u1ee3i nhu\u1eadn, c\u00e1c qu\u1ed1c gia B\u1ed9 l\u1ea1c, c\u00e1c t\u1ed5 ch\u1ee9c d\u1ecbch v\u1ee5 x\u00e3 h\u1ed9i v\u00e0 y t\u1ebf khu v\u1ef1c v\u00e0 qu\u1eadn, c\u00e1c nh\u00e0 cung c\u1ea5p v\u00e0 t\u1ed5 ch\u1ee9c cung c\u1ea5p c\u0169ng nh\u01b0 c\u00e1c c\u01a1 quan ti\u1ec3u bang c\u00f9ng h\u1ee3p t\u00e1c \u0111\u1ec3 ph\u1ee5c v\u1ee5 c\u00e1c gia \u0111\u00ecnh \u1edf Washington. Ch\u00fang t\u00f4i k\u1ebft h\u1ee3p c\u00e1c h\u1ec7 th\u1ed1ng, nh\u00e0 cung c\u1ea5p v\u00e0 ngu\u1ed3n l\u1ef1c c\u1ee7a ti\u1ec3u bang v\u00e0 c\u1ed9ng \u0111\u1ed3ng \u0111\u1ec3 cung c\u1ea5p \u0111\u1ea7y \u0111\u1ee7 c\u00e1c h\u1ed7 tr\u1ee3 cho t\u1ea5t c\u1ea3 c\u00e1c gia \u0111\u00ecnh c\u00f3 con nh\u1ecf \u1edf ti\u1ec3u bang Washington.<\/p>\n\t<\/div>\n\t<script>\n\t\t(function($) {\n\t\t\t\/\/ Get the block ID\n\t\t\tvar id = \"#block_ada00c810302a5b6d1014096220cb1fe\";\n\t\t\t\/\/ Reveal the block\n\t\t\tvar container = document.documentElement;\n\t\t\tScrollReveal().reveal(id + \" .container\", {\n\t\t\t\torigin: \"bottom\",\n\t\t\t\tdistance: \"20px\",\n\t\t\t\tduration: 1000,\n\t\t\t\tcontainer: container\n\t\t\t});\n\t\t}(jQuery))\n\t<\/script>\n<\/div>\n\n<div id=\"block_9bbe7ef706f39a17a2972755e3a61725\" class=\"tile-block light-gray\">\n\t<div class=\"container left\">\n\t\t<div class=\"image\">\n\t\t\t<div class=\"wrapper\">\n\t\t\t\t\t\t\t\t<img decoding=\"async\" src=\"https:\/\/upperhousedev17.com\/wp-content\/uploads\/2023\/09\/Our-Story-Help-Me-Grow-Washington-555x392.jpg\" srcset=\"https:\/\/upperhousedev17.com\/wp-content\/uploads\/2023\/09\/Our-Story-Help-Me-Grow-Washington-555x392.jpg 555w, https:\/\/upperhousedev17.com\/wp-content\/uploads\/2023\/09\/Our-Story-Help-Me-Grow-Washington-1110x784.jpg 1110w\" sizes=\"555px\">\n\t\t\t<\/div>\n\t\t<\/div>\n\t\t<div class=\"text\">\n\t\t\t\t\t\t<h2><span style=\"color: #00609c;\">C\u00e2u chuy\u1ec7n c\u1ee7a ch\u00fang ta<\/span><\/h2>\n<p>T\u1eeb khi ra m\u1eaft h\u01a1n 10 n\u0103m tr\u01b0\u1edbc, cho \u0111\u1ebfn vi\u1ec7c tri\u1ec3n khai v\u00e0 x\u00e2y d\u1ef1ng h\u1ec7 th\u1ed1ng s\u1edbm cho \u0111\u1ebfn vi\u1ec7c l\u1eadp k\u1ebf ho\u1ea1ch v\u00e0 m\u1edf r\u1ed9ng chi\u1ebfn l\u01b0\u1ee3c nh\u01b0 ng\u00e0y nay, qu\u1ef9 \u0111\u1ea1o c\u1ee7a Help Me Grow Washington r\u1ea5t phong ph\u00fa v\u00e0 ti\u1ebfn b\u1ed9. Tham quan <a href=\"https:\/\/r20.rs6.net\/tn.jsp?f=001DaXGPCEOuUGmSXN2yKdMS700Ehvyxl0NbIJULnIASMgNalgvWfxhP6AukQkKfURYWQh-kGk38XbZ4e8yVzV0OBhaSMUvIwvpWlecyopTsk1gevfaKSJjQDf4l9H1IZJLksGKUDv4nTPd8LrlOJarye-1LRAkNmAMJb-jhp-sJnbA3RCKgy8REhOUFYxiw3uPjdws9G4er94lwYTcM-fbKQ8m84jAyyqT-hCG2sMleGA=&amp;c=f5kfXFsofhyarGkbVwHsue8Ys9CQz_qo4YsbsOqqaYBrxXrtD4Wxgw==&amp;ch=mIz-DcH2f9nCyr9duOBA--Vby4f0oygATY1-98MNVo7yU0dA-PwlEw==\" target=\"_blank\" rel=\"noopener\">D\u00f2ng th\u1eddi gian m\u1ea1ng Help Me Grow Washington<\/a> \u0111\u1ec3 t\u00ecm hi\u1ec3u th\u00eam v\u1ec1 c\u00e1c c\u1ed9t m\u1ed1c quan tr\u1ecdng, quan h\u1ec7 \u0111\u1ed1i t\u00e1c v\u00e0 ngu\u1ed3n t\u00e0i tr\u1ee3 \u0111\u00e3 g\u00f3p ph\u1ea7n v\u00e0o s\u1ef1 ph\u00e1t tri\u1ec3n c\u1ee7a ch\u00fang t\u00f4i.<\/p>\n\t\t<\/div>\n\t<\/div>\n\t<script>\n\t(function($) {\n\t\t\/\/ Get the block ID\n\t\tvar id = \"#block_9bbe7ef706f39a17a2972755e3a61725\";\n\t\t\/\/ Reveal the block\n\t\tvar container = document.documentElement;\n\t\tScrollReveal().reveal(id + \" .container.left .image\", {origin: \"left\", distance: \"20px\", duration: 1000, container: container});\n\t\tScrollReveal().reveal(id + \" .container.left .text\", {origin: \"right\", distance: \"20px\", duration: 1000, container: container});\n\t\tScrollReveal().reveal(id + \" .container.right .image\", {origin: \"right\", distance: \"20px\", duration: 1000, container: container});\n\t\tScrollReveal().reveal(id + \" .container.right .text\", {origin: \"left\", distance: \"20px\", duration: 1000, container: container});\n\t}(jQuery))\n\t<\/script>\n<\/div>\n\n<div id=\"block_d26d05864e7d7bf65e705a11cc62ff69\" class=\"tile-block light-gray\">\n\t<div class=\"container right\">\n\t\t<div class=\"image\">\n\t\t\t<div class=\"wrapper\">\n\t\t\t\t\t\t\t\t<img decoding=\"async\" src=\"https:\/\/upperhousedev17.com\/wp-content\/uploads\/2023\/09\/Our-Vision-Help-Me-Grow-Washington-555x392.jpg\" srcset=\"https:\/\/upperhousedev17.com\/wp-content\/uploads\/2023\/09\/Our-Vision-Help-Me-Grow-Washington-555x392.jpg 555w, https:\/\/upperhousedev17.com\/wp-content\/uploads\/2023\/09\/Our-Vision-Help-Me-Grow-Washington-1110x784.jpg 1110w\" sizes=\"555px\">\n\t\t\t<\/div>\n\t\t<\/div>\n\t\t<div class=\"text\">\n\t\t\t\t\t\t<h2><span style=\"color: #00609c;\">T\u1ea7m nh\u00ecn c\u1ee7a ch\u00fang t\u00f4i<\/span><\/h2>\n<p>T\u1ea7m nh\u00ecn c\u1ee7a ch\u00fang t\u00f4i l\u00e0 t\u1ea5t c\u1ea3 c\u00e1c gia \u0111\u00ecnh \u1edf Washington \u0111\u1ec1u c\u00f3 quy\u1ec1n ti\u1ebfp c\u1eadn nh\u1eefng g\u00ec h\u1ecd c\u1ea7n, khi h\u1ecd c\u1ea7n, \u0111\u1eb7c bi\u1ec7t l\u00e0 quy\u1ec1n ti\u1ebfp c\u1eadn c\u00e1c d\u1ecbch v\u1ee5 thi\u1ebft y\u1ebfu (nhu c\u1ea7u c\u01a1 b\u1ea3n, ch\u0103m s\u00f3c s\u1ee9c kh\u1ecfe, h\u1ed7 tr\u1ee3 ph\u00e1t tri\u1ec3n v\u00e0 h\u1ed7 tr\u1ee3 gia \u0111\u00ecnh) \u0111\u1ec3 gia \u0111\u00ecnh h\u1ecd c\u00f3 th\u1ec3 kh\u1ecfe m\u1ea1nh v\u00e0 ph\u00e1t tri\u1ec3n.<\/p>\n\t\t<\/div>\n\t<\/div>\n\t<script>\n\t(function($) {\n\t\t\/\/ Get the block ID\n\t\tvar id = \"#block_d26d05864e7d7bf65e705a11cc62ff69\";\n\t\t\/\/ Reveal the block\n\t\tvar container = document.documentElement;\n\t\tScrollReveal().reveal(id + \" .container.left .image\", {origin: \"left\", distance: \"20px\", duration: 1000, container: container});\n\t\tScrollReveal().reveal(id + \" .container.left .text\", {origin: \"right\", distance: \"20px\", duration: 1000, container: container});\n\t\tScrollReveal().reveal(id + \" .container.right .image\", {origin: \"right\", distance: \"20px\", duration: 1000, container: container});\n\t\tScrollReveal().reveal(id + \" .container.right .text\", {origin: \"left\", distance: \"20px\", duration: 1000, container: container});\n\t}(jQuery))\n\t<\/script>\n<\/div>\n\n<div id=\"block_c8adfdbde58ffd94e5bb59c537671bdd\" class=\"tile-block light-gray\">\n\t<div class=\"container left\">\n\t\t<div class=\"image\">\n\t\t\t<div class=\"wrapper\">\n\t\t\t\t\t\t\t\t<img decoding=\"async\" src=\"https:\/\/upperhousedev17.com\/wp-content\/uploads\/2023\/09\/Our-Approach-Help-Me-Grow-Washington-555x392.jpg\" srcset=\"https:\/\/upperhousedev17.com\/wp-content\/uploads\/2023\/09\/Our-Approach-Help-Me-Grow-Washington-555x392.jpg 555w, https:\/\/upperhousedev17.com\/wp-content\/uploads\/2023\/09\/Our-Approach-Help-Me-Grow-Washington-1110x784.jpg 1110w\" sizes=\"555px\">\n\t\t\t<\/div>\n\t\t<\/div>\n\t\t<div class=\"text\">\n\t\t\t\t\t\t<h2><span style=\"color: #00609c;\">C\u00e1ch ti\u1ebfp c\u1eadn c\u1ee7a ch\u00fang ta<\/span><\/h2>\n<p>Ch\u00fang t\u00f4i tin v\u00e0o vi\u1ec7c s\u1eed d\u1ee5ng ph\u01b0\u01a1ng ph\u00e1p ti\u1ebfp c\u1eadn c\u1ea3 gia \u0111\u00ecnh, trong \u0111\u00f3 ch\u00fang t\u00f4i ph\u1ee5c v\u1ee5 nhu c\u1ea7u c\u1ee7a c\u00e1c c\u00e1 nh\u00e2n (cha m\u1eb9, ng\u01b0\u1eddi ch\u0103m s\u00f3c v\u00e0 con c\u00e1i) qua c\u00e1c th\u1ebf h\u1ec7 trong b\u1ed1i c\u1ea3nh gia \u0111\u00ecnh. B\u1eb1ng c\u00e1ch s\u1eed d\u1ee5ng c\u00e1c chi\u1ebfn l\u01b0\u1ee3c d\u1ef1a tr\u00ean c\u00f4ng b\u1eb1ng, ch\u00fang t\u00f4i mong mu\u1ed1n t\u1ea1o ra v\u00e0 duy tr\u00ec nh\u1eefng con \u0111\u01b0\u1eddng \u0111\u1ed9c \u0111\u00e1o cho nh\u1eefng nh\u00f3m d\u00e2n c\u01b0 ch\u01b0a \u0111\u01b0\u1ee3c \u0111\u1ea7u t\u01b0 \u0111\u1ea7y \u0111\u1ee7 v\u00e0 do \u0111\u00f3 b\u1ecb thi\u1ec7t th\u00f2i trong vi\u1ec7c ti\u1ebfp c\u1eadn c\u00e1c d\u1ecbch v\u1ee5 y t\u1ebf c\u00f4ng c\u1ed9ng, ch\u0103m s\u00f3c s\u1ee9c kh\u1ecfe, gi\u00e1o d\u1ee5c s\u1edbm, gi\u00e1o d\u1ee5c v\u00e0 x\u00e3 h\u1ed9i, \u0111\u1ed3ng th\u1eddi theo \u0111u\u1ed5i m\u1ee5c ti\u00eau chung l\u00e0 th\u00fac \u0111\u1ea9y kh\u1ea3 n\u0103ng ph\u1ee5c h\u1ed3i c\u1ee7a gia \u0111\u00ecnh v\u00e0 s\u1ee9c kh\u1ecfe t\u1ed1t. -hi\u1ec7n t\u1ea1i.<\/p>\n\t\t<\/div>\n\t<\/div>\n\t<script>\n\t(function($) {\n\t\t\/\/ Get the block ID\n\t\tvar id = \"#block_c8adfdbde58ffd94e5bb59c537671bdd\";\n\t\t\/\/ Reveal the block\n\t\tvar container = document.documentElement;\n\t\tScrollReveal().reveal(id + \" .container.left .image\", {origin: \"left\", distance: \"20px\", duration: 1000, container: container});\n\t\tScrollReveal().reveal(id + \" .container.left .text\", {origin: \"right\", distance: \"20px\", duration: 1000, container: container});\n\t\tScrollReveal().reveal(id + \" .container.right .image\", {origin: \"right\", distance: \"20px\", duration: 1000, container: container});\n\t\tScrollReveal().reveal(id + \" .container.right .text\", {origin: \"left\", distance: \"20px\", duration: 1000, container: container});\n\t}(jQuery))\n\t<\/script>\n<\/div>\n\n<div id=\"block_52aa5b96596753ae200195fdd66ffc57\" class=\"tile-block light-gray\">\n\t<div class=\"container right\">\n\t\t<div class=\"image\">\n\t\t\t<div class=\"wrapper\">\n\t\t\t\t\t\t\t\t<img decoding=\"async\" src=\"https:\/\/upperhousedev17.com\/wp-content\/uploads\/2023\/09\/Our-Future-Help-Me-Grow-Washington-555x392.jpg\" srcset=\"https:\/\/upperhousedev17.com\/wp-content\/uploads\/2023\/09\/Our-Future-Help-Me-Grow-Washington-555x392.jpg 555w, https:\/\/upperhousedev17.com\/wp-content\/uploads\/2023\/09\/Our-Future-Help-Me-Grow-Washington-1110x784.jpg 1110w\" sizes=\"555px\">\n\t\t\t<\/div>\n\t\t<\/div>\n\t\t<div class=\"text\">\n\t\t\t\t\t\t<h2><span style=\"color: #00609c;\">T\u01b0\u01a1ng lai c\u1ee7a ch\u00fang ta<\/span><\/h2>\n<p>K\u1ebf ho\u1ea1ch chi\u1ebfn l\u01b0\u1ee3c 2023-28 c\u1ee7a ch\u00fang t\u00f4i, \u0111\u01b0\u1ee3c t\u1ea1o ra v\u1edbi s\u1ef1 h\u1ee3p t\u00e1c c\u1ee7a c\u00e1c b\u00ean li\u00ean quan ch\u00ednh, l\u00e3nh \u0111\u1ea1o c\u1ed9ng \u0111\u1ed3ng, \u0111\u1ed1i t\u00e1c B\u1ed9 l\u1ea1c, nh\u00e0 ho\u1ea1ch \u0111\u1ecbnh ch\u00ednh s\u00e1ch, gia \u0111\u00ecnh v\u00e0 ng\u01b0\u1eddi ch\u0103m s\u00f3c c\u0169ng nh\u01b0 nh\u00e0 cung c\u1ea5p d\u1ecbch v\u1ee5 ch\u0103m s\u00f3c s\u1ee9c kh\u1ecfe, \u0111\u1eb7t ra l\u1ed9 tr\u00ecnh cho t\u01b0\u01a1ng lai c\u1ee7a Help Me Grow Washington v\u00e0 \u0111\u01b0a ra s\u00e1u l\u0129nh v\u1ef1c tr\u1ecdng t\u00e2m v\u00e0 ch\u00edn s\u00e1ng ki\u1ebfn chi\u1ebfn l\u01b0\u1ee3c m\u00e0 ch\u00fang t\u00f4i s\u1ebd th\u1ef1c hi\u1ec7n ph\u1ea3i ho\u00e0n th\u00e0nh trong 5 n\u0103m t\u1edbi. <a href=\"\/wp-content\/uploads\/2023\/06\/HMG-WA-Strategic-Plan-Summary-2023-2028.pdf\" target=\"_blank\" rel=\"noopener\">T\u00ecm hi\u1ec3u th\u00eam v\u1ec1 K\u1ebf ho\u1ea1ch chi\u1ebfn l\u01b0\u1ee3c c\u1ee7a ch\u00fang t\u00f4i<\/a>.<\/p>\n\t\t<\/div>\n\t<\/div>\n\t<script>\n\t(function($) {\n\t\t\/\/ Get the block ID\n\t\tvar id = \"#block_52aa5b96596753ae200195fdd66ffc57\";\n\t\t\/\/ Reveal the block\n\t\tvar container = document.documentElement;\n\t\tScrollReveal().reveal(id + \" .container.left .image\", {origin: \"left\", distance: \"20px\", duration: 1000, container: container});\n\t\tScrollReveal().reveal(id + \" .container.left .text\", {origin: \"right\", distance: \"20px\", duration: 1000, container: container});\n\t\tScrollReveal().reveal(id + \" .container.right .image\", {origin: \"right\", distance: \"20px\", duration: 1000, container: container});\n\t\tScrollReveal().reveal(id + \" .container.right .text\", {origin: \"left\", distance: \"20px\", duration: 1000, container: container});\n\t}(jQuery))\n\t<\/script>\n<\/div>\n\n<div id=\"block_1110326c4243c26aca71c6aa1efc15cd\" class=\"text-block white large center\">\n\t<div class=\"container one-column full\">\n\t\t<h2><span style=\"color: #561553;\">Qu\u1ea3n tr\u1ecb Help Me Grow Washington<\/span><\/h2>\n\t<\/div>\n\t<script>\n\t\t(function($) {\n\t\t\t\/\/ Get the block ID\n\t\t\tvar id = \"#block_1110326c4243c26aca71c6aa1efc15cd\";\n\t\t\t\/\/ Reveal the block\n\t\t\tvar container = document.documentElement;\n\t\t\tScrollReveal().reveal(id + \" .container\", {\n\t\t\t\torigin: \"bottom\",\n\t\t\t\tdistance: \"20px\",\n\t\t\t\tduration: 1000,\n\t\t\t\tcontainer: container\n\t\t\t});\n\t\t}(jQuery))\n\t<\/script>\n<\/div>\n\n<div id=\"block_6f13fc51c6fc352e8aaa8209d6bc02b1\" class=\"boxes-block white rectangular\">\n\t<div class=\"boxes-wrapper\">\n\t\t<div class=\"boxes\">\n\t\t\t\t\t\t\t<div class=\"container\">\n\n\t\t\t\t\t\t\t\t\t\t\t<pre>false<\/pre>\t\t\t\t\t\t<div class=\"box white left border-light-gray small\">\n\t\t\t\t\t\t\t\t\t\t\t\t\t\t<div class=\"\"><h3><span style=\"color: #561553;\">Ban \u0111\u1ed1i t\u00e1c c\u1ed9ng \u0111\u1ed3ng<\/span><\/h3>\n<p>H\u1ed9i \u0111\u1ed3ng n\u00e0y ch\u1ecbu tr\u00e1ch nhi\u1ec7m \u0111\u1ea1i di\u1ec7n cho c\u00e1c quan \u0111i\u1ec3m, l\u1ee3i \u00edch v\u00e0 nhu c\u1ea7u\/kho\u1ea3ng tr\u1ed1ng c\u1ee7a \u0111\u1ecba ph\u01b0\u01a1ng v\u00e0 c\u1ed9ng \u0111\u1ed3ng nh\u1eb1m ph\u00e1t tri\u1ec3n v\u00e0 t\u0103ng c\u01b0\u1eddng kh\u1ea3 n\u0103ng k\u1ebft n\u1ed1i gi\u1eefa c\u00e1c h\u1ec7 th\u1ed1ng Help Me Grow c\u1ee7a ti\u1ec3u bang v\u00e0 \u0111\u1ecba ph\u01b0\u01a1ng trong m\u1ea1ng l\u01b0\u1edbi. Ban \u0110\u1ed1i t\u00e1c C\u1ed9ng \u0111\u1ed3ng bao g\u1ed3m c\u00e1c \u0111\u1ea1i di\u1ec7n c\u1ee7a \u0111\u1ecba ph\u01b0\u01a1ng v\u00e0 ti\u1ec3u bang c\u0169ng nh\u01b0 c\u00e1c \u0111\u1ed1i t\u00e1c c\u1ed9ng \u0111\u1ed3ng m\u1edbi n\u1ed5i.<\/p>\n<\/div>\n\t\t\t\t\t\t\t\t\t\t\t\t\t<\/div>\n\t\t\t\t\t\t\t\t\t<\/div>\n\t\t\t\t\t\t\t<div class=\"container\">\n\n\t\t\t\t\t\t\t\t\t\t\t<pre>false<\/pre>\t\t\t\t\t\t<div class=\"box white left border-light-gray small\">\n\t\t\t\t\t\t\t\t\t\t\t\t\t\t<div class=\"\"><h3><span style=\"color: #561553;\">\u0110\u1ed9i \u0111i\u1ec1u ph\u1ed1i<\/span><\/h3>\n<p>L\u00e0 x\u01b0\u01a1ng s\u1ed1ng c\u1ee7a m\u1ea1ng Help Me Grow Washington, nh\u00f3m n\u00e0y ch\u1ecbu tr\u00e1ch nhi\u1ec7m \u0111i\u1ec1u ph\u1ed1i v\u00e0 l\u1eadp k\u1ebf ho\u1ea1ch cho c\u00e1c s\u00e1ng ki\u1ebfn chi\u1ebfn l\u01b0\u1ee3c tr\u00ean to\u00e0n h\u1ec7 th\u1ed1ng. T\u1ed5 \u0111i\u1ec1u ph\u1ed1i g\u1ed3m c\u00f3 c\u00e1c <a href=\"https:\/\/www.dcyf.wa.gov\/\" target=\"_blank\" rel=\"noopener\">S\u1edf Gia \u0111\u00ecnh, thanh thi\u1ebfu ni\u00ean v\u00e0 tr\u1ebb em Ti\u1ec3u bang Washington<\/a> v\u00e0 chi nh\u00e1nh Help Me Grow c\u1ee7a ti\u1ec3u bang Washington, <a href=\"https:\/\/withinreachwa.org\/\" target=\"_blank\" rel=\"noopener\">WithinReach<\/a>.<\/p>\n<\/div>\n\t\t\t\t\t\t\t\t\t\t\t\t\t<\/div>\n\t\t\t\t\t\t\t\t\t<\/div>\n\t\t\t\t\t\t\t<div class=\"container\">\n\n\t\t\t\t\t\t\t\t\t\t\t<pre>false<\/pre>\t\t\t\t\t\t<div class=\"box white left border-light-gray small\">\n\t\t\t\t\t\t\t\t\t\t\t\t\t\t<div class=\"\"><h3><span style=\"color: #561553;\">H\u1ed9i \u0111\u1ed3ng qu\u1ea3n l\u00fd<\/span><\/h3>\n<p>H\u1ed9i \u0111\u1ed3ng n\u00e0y s\u1ebd ch\u1ecbu tr\u00e1ch nhi\u1ec7m \u0111\u1ea3m b\u1ea3o h\u1ec7 th\u1ed1ng Help Me Grow Washington \u0111ang \u0111\u1ea1t \u0111\u01b0\u1ee3c ti\u1ebfn b\u1ed9 trong vi\u1ec7c \u0111\u1ea1t \u0111\u01b0\u1ee3c c\u00e1c m\u1ee5c ti\u00eau v\u00e0 m\u1ee5c ti\u00eau do m\u1ea1ng \u0111\u1eb7t ra. H\u1ed9i \u0111\u1ed3ng Qu\u1ea3n l\u00fd \u0111ang \u0111\u01b0\u1ee3c ph\u00e1t tri\u1ec3n nh\u01b0ng ch\u00fang t\u00f4i mong mu\u1ed1n thu h\u00fat nh\u1eefng quan \u0111i\u1ec3m ch\u00ednh t\u1eeb c\u00e1c Qu\u1ed1c gia B\u1ed9 l\u1ea1c, nh\u00e0 cung c\u1ea5p d\u1ecbch v\u1ee5 ch\u0103m s\u00f3c s\u1ee9c kh\u1ecfe, ng\u01b0\u1eddi ch\u0103m s\u00f3c v\u00e0\/ho\u1eb7c nh\u00e0 cung c\u1ea5p d\u1ecbch v\u1ee5 gi\u00e1o d\u1ee5c s\u1edbm, c\u1ed9ng \u0111\u1ed3ng n\u00f4ng th\u00f4n c\u0169ng nh\u01b0 ng\u01b0\u1eddi Da \u0111en, B\u1ea3n \u0111\u1ecba v\u00e0 ng\u01b0\u1eddi da m\u00e0u.<\/p>\n<\/div>\n\t\t\t\t\t\t\t\t\t\t\t\t\t<\/div>\n\t\t\t\t\t\t\t\t\t<\/div>\n\t\t\t\t\t<\/div>\n\t<\/div>\n\t<script>\n\t\t(function($) {\n\n\t\t\t\/\/ Get the block ID\n\t\t\tvar id = \"#block_6f13fc51c6fc352e8aaa8209d6bc02b1\";\n\n\t\t\t$(id + \" .boxes-wrapper .boxes .box\").hover(function() {\n\t\t\t\t$(this).find(\".arrow\").addClass(\"hover\");\n\t\t\t\t$(this).find(\"img\").addClass(\"hover\");\n\t\t\t}, function() {\n\t\t\t\t$(this).find(\".arrow\").removeClass(\"hover\");\n\t\t\t\t$(this).find(\"img\").removeClass(\"hover\");\n\t\t\t});\n\n\t\t\t\/\/ Reveal foreground elements\n\t\t\tScrollReveal().reveal(id + \" .container\", {\n\t\t\t\torigin: \"bottom\",\n\t\t\t\tdistance: \"20px\",\n\t\t\t\tduration: 1000,\n\t\t\t\tviewFactor: 0.2,\n\t\t\t\tinterval: 100,\n\t\t\t\treset: false\n\t\t\t});\n\n\t\t})(jQuery)\n\t<\/script>\n<\/div>\n\n<div id=\"block_77bbb33ca4e2f4a3038052a4fb3dd434\" class=\"invitation-block white center\">\t\n\t<div class=\"container purple\">\n\t\t<h3>Breaking Down Barriers to Access<\/h3>\n<p>N\u0103m ngo\u00e1i, Help Me Grow Washington \u0111\u00e3 ph\u1ee5c v\u1ee5 ng\u00e0y c\u00e0ng nhi\u1ec1u gia \u0111\u00ecnh. Ch\u00fang t\u00f4i \u0111\u00e3 \u0111\u00e1p \u1ee9ng 16.999 y\u00eau c\u1ea7u h\u1ed7 tr\u1ee3, gi\u00fap 12.850 tr\u1ebb em v\u00e0 1.456 ng\u01b0\u1eddi mang thai ti\u1ebfp c\u1eadn \u0111\u01b0\u1ee3c c\u00e1c ngu\u1ed3n dinh d\u01b0\u1ee1ng v\u00e0 nhu c\u1ea7u c\u01a1 b\u1ea3n, ch\u1eb3ng h\u1ea1n nh\u01b0 h\u1ed7 tr\u1ee3 v\u1eadn chuy\u1ec3n v\u00e0 t\u00e0i ch\u00ednh, c\u0169ng nh\u01b0 c\u00e1c h\u1ed7 tr\u1ee3 v\u1ec1 s\u1ee9c kh\u1ecfe ng\u01b0\u1eddi l\u1edbn v\u00e0 tr\u1ebb em c\u0169ng nh\u01b0 s\u1ef1 ph\u00e1t tri\u1ec3n c\u1ee7a tr\u1ebb em.<\/p>\n\t\t\t\t<a class=\"btn orange\" href=\"\/vi\/impact\/\" target=\"\">T\u00ecm hi\u1ec3u th\u00eam v\u1ec1 t\u00e1c \u0111\u1ed9ng c\u1ee7a ch\u00fang t\u00f4i<\/a>\n\t\t\t<\/div>\n<\/div>","protected":false},"excerpt":{"rendered":"","protected":false},"author":2,"featured_media":0,"parent":0,"menu_order":150,"comment_status":"closed","ping_status":"closed","template":"","meta":{"_acf_changed":false,"footnotes":""},"acf":[],"_links":{"self":[{"href":"https:\/\/upperhousedev17.com\/vi\/wp-json\/wp\/v2\/pages\/6583"}],"collection":[{"href":"https:\/\/upperhousedev17.com\/vi\/wp-json\/wp\/v2\/pages"}],"about":[{"href":"https:\/\/upperhousedev17.com\/vi\/wp-json\/wp\/v2\/types\/page"}],"author":[{"embeddable":true,"href":"https:\/\/upperhousedev17.com\/vi\/wp-json\/wp\/v2\/users\/2"}],"replies":[{"embeddable":true,"href":"https:\/\/upperhousedev17.com\/vi\/wp-json\/wp\/v2\/comments?post=6583"}],"version-history":[{"count":64,"href":"https:\/\/upperhousedev17.com\/vi\/wp-json\/wp\/v2\/pages\/6583\/revisions"}],"predecessor-version":[{"id":13831,"href":"https:\/\/upperhousedev17.com\/vi\/wp-json\/wp\/v2\/pages\/6583\/revisions\/13831"}],"wp:attachment":[{"href":"https:\/\/upperhousedev17.com\/vi\/wp-json\/wp\/v2\/media?parent=6583"}],"curies":[{"name":"wp","href":"https:\/\/api.w.org\/{rel}","templated":true}]}}