{"id":6569,"date":"2023-09-19T20:54:04","date_gmt":"2023-09-19T20:54:04","guid":{"rendered":"https:\/\/helpmegrowwa.org\/?page_id=6569"},"modified":"2026-04-27T18:06:09","modified_gmt":"2026-04-27T18:06:09","slug":"order-materials","status":"publish","type":"page","link":"https:\/\/upperhousedev17.com\/vi\/order-materials","title":{"rendered":"\u0110\u1eb7t h\u00e0ng + T\u1ea3i t\u00e0i li\u1ec7u"},"content":{"rendered":"<div id=\"block_1d47d825962f46d5e73df605b14e5046\" class=\"fifty-fifty-block dark-purple right fifty-fifty-banner\">\n\t<img decoding=\"async\" class=\"flower-graphic\" src=\"https:\/\/upperhousedev17.com\/wp-content\/themes\/helpmegrowwa\/images\/banner-text-shapes.svg\">\n\t<div class=\"info\">\n\t\t<div class=\"container regular center\">\n\t\t\t<h1>\u0110\u1eb7t h\u00e0ng + T\u1ea3i t\u00e0i li\u1ec7u<\/h1>\n\t\t\t\t\t<\/div>\n\t<\/div>\n\t\t<div class=\"image\" style=\"background-image: url(https:\/\/upperhousedev17.com\/wp-content\/uploads\/2023\/10\/Order-Download-Resource-Materials-Help-Me-Grow-Washington.jpg);background-position: top left;\">\n\t\t\t\t\t<img decoding=\"async\" class=\"corner\" src=\"https:\/\/upperhousedev17.com\/wp-content\/themes\/helpmegrowwa\/images\/fifty-fifty-corner-piece.svg\">\n\t\t\t\t\t<\/div>\n\t<script>\n\t(function($) {\n\t\t\/\/ Get the block ID\n\t\tvar id = \"#block_1d47d825962f46d5e73df605b14e5046\";\n\t\t\/\/ Reveal the block\n\t\tvar container = document.documentElement;\n\t\tScrollReveal().reveal(id + \".left .image\", {origin: \"left\", distance: \"20px\", duration: 1000});\n\t\tScrollReveal().reveal(id + \".left .info .container\", {origin: \"right\", distance: \"20px\", duration: 1000});\n\t\tScrollReveal().reveal(id + \".right .image\", {origin: \"right\", distance: \"20px\", duration: 1000});\n\t\tScrollReveal().reveal(id + \".right .info .container\", {origin: \"left\", distance: \"20px\", duration: 1000});\n\t}(jQuery))\n\t<\/script>\n<\/div>\n\n<div id=\"block_3e6bec88bd50d94e8e1b40726271dc13\" class=\"text-block white small left text-black default-margin\">\n\t<div class=\"container one-column full\">\n\t\t<p>Through our website and statewide hotline, we connect families with trusted resources, helping them access essential services like food, health care, child development support, and parenting and caregiving supporthelp regardless of income or eligibility requirements.<\/p>\n<p>Looking for no-cost materials to support with your organization\u2019s outreach work? We provide a variety of materials with information on food assistance, Help Me Grow Washington services, child development, immunizations, transportation, and oral health \u2013 free of charge to providers and partners in Washington State.<\/p>\n<p>T\u00e0i li\u1ec7u c\u1ee7a ch\u00fang t\u00f4i \u0111\u00e3 \u0111\u01b0\u1ee3c ph\u00e1t tri\u1ec3n v\u1edbi s\u1ef1 c\u1ed9ng t\u00e1c c\u1ee7a c\u00e1c nh\u00e0 cung c\u1ea5p d\u1ecbch v\u1ee5 ch\u0103m s\u00f3c s\u1ee9c kh\u1ecfe, c\u00e1c \u0111\u1ed1i t\u00e1c c\u01a1 quan ch\u00ednh ph\u1ee7 v\u00e0 c\u1ed9ng \u0111\u1ed3ng c\u0169ng nh\u01b0 ph\u1ee5 huynh v\u00e0 ng\u01b0\u1eddi ch\u0103m s\u00f3c. N\u1ebfu b\u1ea1n c\u00f3 b\u1ea5t k\u1ef3 th\u1eafc m\u1eafc n\u00e0o ho\u1eb7c mu\u1ed1n y\u00eau c\u1ea7u \u0111\u1eb7t h\u00e0ng \u0111\u1eb7c bi\u1ec7t, vui l\u00f2ng li\u00ean h\u1ec7 v\u1edbi ch\u00fang t\u00f4i theo \u0111\u1ecba ch\u1ec9 <a href=\"mailto:orders@withinreachwa.org\">order@withinreachwa.org<\/a>.<\/p>\n<p><i>*Xin l\u01b0u \u00fd: B\u1ea3n in\/b\u1ea3n c\u1ee9ng c\u1ee7a t\u00e0i li\u1ec7u ph\u1ea3i \u0111\u01b0\u1ee3c g\u1eedi trong v\u00f2ng 1-2 tu\u1ea7n k\u1ec3 t\u1eeb khi \u0111\u1eb7t h\u00e0ng. T\u1ea3i xu\u1ed1ng k\u1ef9 thu\u1eadt s\u1ed1 c\u00f3 th\u1ec3 truy c\u1eadp ngay l\u1eadp t\u1ee9c.<\/i><\/p>\n\t<\/div>\n\t<script>\n\t\t(function($) {\n\t\t\t\/\/ Get the block ID\n\t\t\tvar id = \"#block_3e6bec88bd50d94e8e1b40726271dc13\";\n\t\t\t\/\/ Reveal the block\n\t\t\tvar container = document.documentElement;\n\t\t\tScrollReveal().reveal(id + \" .container\", {\n\t\t\t\torigin: \"bottom\",\n\t\t\t\tdistance: \"20px\",\n\t\t\t\tduration: 1000,\n\t\t\t\tcontainer: container\n\t\t\t});\n\t\t}(jQuery))\n\t<\/script>\n<\/div>","protected":false},"excerpt":{"rendered":"","protected":false},"author":2,"featured_media":0,"parent":0,"menu_order":120,"comment_status":"closed","ping_status":"closed","template":"","meta":{"_acf_changed":false,"footnotes":""},"acf":[],"_links":{"self":[{"href":"https:\/\/upperhousedev17.com\/vi\/wp-json\/wp\/v2\/pages\/6569"}],"collection":[{"href":"https:\/\/upperhousedev17.com\/vi\/wp-json\/wp\/v2\/pages"}],"about":[{"href":"https:\/\/upperhousedev17.com\/vi\/wp-json\/wp\/v2\/types\/page"}],"author":[{"embeddable":true,"href":"https:\/\/upperhousedev17.com\/vi\/wp-json\/wp\/v2\/users\/2"}],"replies":[{"embeddable":true,"href":"https:\/\/upperhousedev17.com\/vi\/wp-json\/wp\/v2\/comments?post=6569"}],"version-history":[{"count":63,"href":"https:\/\/upperhousedev17.com\/vi\/wp-json\/wp\/v2\/pages\/6569\/revisions"}],"predecessor-version":[{"id":13894,"href":"https:\/\/upperhousedev17.com\/vi\/wp-json\/wp\/v2\/pages\/6569\/revisions\/13894"}],"wp:attachment":[{"href":"https:\/\/upperhousedev17.com\/vi\/wp-json\/wp\/v2\/media?parent=6569"}],"curies":[{"name":"wp","href":"https:\/\/api.w.org\/{rel}","templated":true}]}}