{"id":6338,"date":"2023-09-26T22:47:40","date_gmt":"2023-09-26T22:47:40","guid":{"rendered":"https:\/\/helpmegrowwa.org\/?page_id=6338"},"modified":"2026-04-27T14:48:36","modified_gmt":"2026-04-27T14:48:36","slug":"help-me-grow-system-model","status":"publish","type":"page","link":"https:\/\/upperhousedev17.com\/vi\/help-me-grow-system-model","title":{"rendered":"M\u00f4 h\u00ecnh h\u1ec7 th\u1ed1ng Help Me Grow"},"content":{"rendered":"<div id=\"block_abebd7d6f34e46c427091ffebea9cbb2\" class=\"fifty-fifty-block dark-purple right fifty-fifty-banner\">\n\t<img decoding=\"async\" class=\"flower-graphic\" src=\"https:\/\/upperhousedev17.com\/wp-content\/themes\/helpmegrowwa\/images\/banner-text-shapes.svg\">\n\t<div class=\"info\">\n\t\t<div class=\"container regular center\">\n\t\t\t<h1>M\u00f4 h\u00ecnh h\u1ec7 th\u1ed1ng Help Me Grow<\/h1>\n\t\t\t\t\t<\/div>\n\t<\/div>\n\t\t<div class=\"image\" style=\"background-image: url(https:\/\/upperhousedev17.com\/wp-content\/uploads\/2023\/09\/Help-Me-Grow-System-Model-Help-Me-Grow-Wa.jpg);background-position: top left;\">\n\t\t\t\t\t<img decoding=\"async\" class=\"corner\" src=\"https:\/\/upperhousedev17.com\/wp-content\/themes\/helpmegrowwa\/images\/fifty-fifty-corner-piece.svg\">\n\t\t\t\t\t<\/div>\n\t<script>\n\t(function($) {\n\t\t\/\/ Get the block ID\n\t\tvar id = \"#block_abebd7d6f34e46c427091ffebea9cbb2\";\n\t\t\/\/ Reveal the block\n\t\tvar container = document.documentElement;\n\t\tScrollReveal().reveal(id + \".left .image\", {origin: \"left\", distance: \"20px\", duration: 1000});\n\t\tScrollReveal().reveal(id + \".left .info .container\", {origin: \"right\", distance: \"20px\", duration: 1000});\n\t\tScrollReveal().reveal(id + \".right .image\", {origin: \"right\", distance: \"20px\", duration: 1000});\n\t\tScrollReveal().reveal(id + \".right .info .container\", {origin: \"left\", distance: \"20px\", duration: 1000});\n\t}(jQuery))\n\t<\/script>\n<\/div>\n\n<div id=\"block_775bbdd9281168eba435ee50714deef7\" class=\"text-block white large center\">\n\t<div class=\"container one-column full\">\n\t\t<h2><span style=\"color: #6c1b6e;\">M\u1ed9t t\u01b0\u01a1ng lai t\u1ed1t \u0111\u1eb9p h\u01a1n b\u1eaft \u0111\u1ea7u v\u1edbi Help Me Grow<\/span><\/h2>\n<p>T\u1ea5t c\u1ea3 tr\u1ebb em \u0111\u1ec1u c\u00f3 th\u1ec3 t\u0103ng tr\u01b0\u1edfng, ph\u00e1t tri\u1ec3n v\u00e0 ph\u00e1t tri\u1ec3n \u0111\u1ec3 \u0111\u1ea1t \u0111\u01b0\u1ee3c ti\u1ec1m n\u0103ng t\u1ed1i \u0111a c\u1ee7a m\u00ecnh. Help Me Grow l\u00e0 m\u00f4 h\u00ecnh h\u1ec7 th\u1ed1ng \u0111\u01b0\u1ee3c c\u00f4ng nh\u1eadn tr\u00ean to\u00e0n qu\u1ed1c, t\u1eadn d\u1ee5ng c\u00e1c ngu\u1ed3n l\u1ef1c hi\u1ec7n c\u00f3 \u0111\u1ec3 ph\u00e1t tri\u1ec3n v\u00e0 n\u00e2ng cao c\u00e1ch ti\u1ebfp c\u1eadn to\u00e0n di\u1ec7n trong vi\u1ec7c x\u00e2y d\u1ef1ng h\u1ec7 th\u1ed1ng gi\u00e1o d\u1ee5c m\u1ea7m non \u1edf b\u1ea5t k\u1ef3 c\u1ed9ng \u0111\u1ed3ng n\u00e0o.<\/p>\n\t<\/div>\n\t<script>\n\t\t(function($) {\n\t\t\t\/\/ Get the block ID\n\t\t\tvar id = \"#block_775bbdd9281168eba435ee50714deef7\";\n\t\t\t\/\/ Reveal the block\n\t\t\tvar container = document.documentElement;\n\t\t\tScrollReveal().reveal(id + \" .container\", {\n\t\t\t\torigin: \"bottom\",\n\t\t\t\tdistance: \"20px\",\n\t\t\t\tduration: 1000,\n\t\t\t\tcontainer: container\n\t\t\t});\n\t\t}(jQuery))\n\t<\/script>\n<\/div>\n\n<div id=\"block_f5b0592af2e680d72a20ba1e83a5ded2\" class=\"text-block light-gray large center\">\n\t<div class=\"container one-column full\">\n\t\t<h2><span style=\"color: #6c1b6e;\">C\u00e1c th\u00e0nh ph\u1ea7n c\u1ed1t l\u00f5i c\u1ee7a h\u1ec7 th\u1ed1ng Help Me Grow<\/span><\/h2>\n<p>\u0110\u1ec3 hi\u1ec7n th\u1ef1c h\u00f3a to\u00e0n b\u1ed9 ti\u1ec1m n\u0103ng c\u1ee7a Help Me Grow, b\u1ed1n th\u00e0nh ph\u1ea7n c\u1ed1t l\u00f5i h\u1ee3p t\u00e1c v\u00e0 ph\u1ee5 thu\u1ed9c l\u1eabn nhau s\u1ebd ph\u1ed1i h\u1ee3p v\u1edbi nhau. Help Me Grow Washington \u0111\u00e3 m\u1edf r\u1ed9ng m\u00f4 h\u00ecnh qu\u1ed1c gia \u0111\u1ec3 bao g\u1ed3m <strong>c\u00f4ng b\u1eb1ng<\/strong> v\u00e0 <strong>v\u1eadn \u0111\u1ed9ng<\/strong>. Khi ch\u00fang t\u00f4i x\u00e2y d\u1ef1ng d\u1ef1a tr\u00ean c\u01a1 s\u1edf h\u1ea1 t\u1ea7ng h\u1ed7 tr\u1ee3 gia \u0111\u00ecnh v\u00e0 ph\u00fac l\u1ee3i tr\u1ebb em hi\u1ec7n c\u00f3 \u1edf Washington, t\u1ea5t c\u1ea3 c\u00e1c \u0111\u1ed1i t\u00e1c \u0111\u1ec1u ph\u1ea3i chia s\u1ebb cam k\u1ebft t\u1eadp trung v\u00e0o c\u00f4ng b\u1eb1ng v\u00e0 c\u00f4ng b\u1eb1ng ch\u1ee7ng t\u1ed9c trong vi\u1ec7c thi\u1ebft k\u1ebf v\u00e0 tri\u1ec3n khai khu\u00f4n kh\u1ed5 h\u1ec7 th\u1ed1ng Help Me Grow.<\/p>\n\t<\/div>\n\t<script>\n\t\t(function($) {\n\t\t\t\/\/ Get the block ID\n\t\t\tvar id = \"#block_f5b0592af2e680d72a20ba1e83a5ded2\";\n\t\t\t\/\/ Reveal the block\n\t\t\tvar container = document.documentElement;\n\t\t\tScrollReveal().reveal(id + \" .container\", {\n\t\t\t\torigin: \"bottom\",\n\t\t\t\tdistance: \"20px\",\n\t\t\t\tduration: 1000,\n\t\t\t\tcontainer: container\n\t\t\t});\n\t\t}(jQuery))\n\t<\/script>\n<\/div>\n\n<div id=\"block_d5c81bbe3245fded81869c17c33fbf49\" class=\"infographic-block light-gray\">\n\t<div class=\"container\">\n\t\t\t\t\t\t\t\t\n\t\t\t\t\t\t\t\t\t<img decoding=\"async\" class=\"desktop\"  src=\"https:\/\/upperhousedev17.com\/wp-content\/uploads\/2023\/11\/core-components-desktop-English.svg\" style=\"max-width: 100%\">\n\t\t\t\t\t\n\t\t\t\t\t<img decoding=\"async\" class=\"mobile\" src=\"https:\/\/upperhousedev17.com\/wp-content\/uploads\/2023\/11\/core-components-mobile-English.svg\" style=\"max-width: 450px\">\n\t\t\t<\/div>\n\t<script>\n\t\t(function($) {\n\t\t\t\/\/ Get the block ID\n\t\t\tvar id = \"#block_d5c81bbe3245fded81869c17c33fbf49\";\n\t\t\t\/\/ Reveal the block\n\t\t\tScrollReveal().reveal(id + \" .container h2\", {\n\t\t\t\torigin: \"bottom\",\n\t\t\t\tdistance: \"20px\",\n\t\t\t\tduration: 1000\n\t\t\t});\n\t\t\tScrollReveal().reveal(id + \" .container h3\", {\n\t\t\t\torigin: \"bottom\",\n\t\t\t\tdistance: \"20px\",\n\t\t\t\tduration: 1000\n\t\t\t});\n\t\t\tScrollReveal().reveal(id + \" .container h4\", {\n\t\t\t\torigin: \"bottom\",\n\t\t\t\tdistance: \"20px\",\n\t\t\t\tduration: 1000\n\t\t\t});\n\t\t\tScrollReveal().reveal(id + \" .container p\", {\n\t\t\t\torigin: \"bottom\",\n\t\t\t\tdistance: \"20px\",\n\t\t\t\tduration: 1000\n\t\t\t});\n\t\t\tScrollReveal().reveal(id + \" .container img\", {\n\t\t\t\torigin: \"bottom\",\n\t\t\t\tdistance: \"20px\",\n\t\t\t\tduration: 1000\n\t\t\t});\n\t\t}(jQuery))\n\t<\/script>\n<\/div>\n\n<div id=\"block_63b3917dbe24bbc605aea132508a0647\" class=\"icon-bullets-block light-gray\">\n\t<div class=\"container\">\n\t\t\t\t\t<div class=\"icon-bullet\">\n\t\t\t\t\t\t\t\t<div class=\"image-wrapper\">\n\t\t\t\t\t<img decoding=\"async\" src=\"https:\/\/upperhousedev17.com\/wp-content\/uploads\/2023\/10\/icon-equity.svg\">\n\t\t\t\t<\/div>\n\t\t\t\t\t\t\t\t<div class=\"writing-wrapper\">\n\t\t\t\t\t\t\t\t\t\t\t<div><h3><span style=\"color: #561553;\">B\u00ecnh \u0111\u1eb3ng<\/span><\/h3>\n<p>C\u00f4ng b\u1eb1ng l\u00e0 n\u1ec1n t\u1ea3ng cho m\u1ecdi th\u00e0nh ph\u1ea7n. Ch\u00fang t\u00f4i t\u00ecm ki\u1ebfm m\u1ed9t h\u1ec7 th\u1ed1ng Help Me Grow \u0111\u1ec3 \u0111\u1ea3m b\u1ea3o t\u1ea5t c\u1ea3 c\u00e1c gia \u0111\u00ecnh \u0111\u01b0\u1ee3c k\u1ebft n\u1ed1i v\u1edbi c\u00e1c d\u1ecbch v\u1ee5 theo c\u00e1ch \u0111\u1ea1t \u0111\u01b0\u1ee3c c\u00e1c m\u1ee5c ti\u00eau m\u00e0 h\u1ecd \u0111\u1eb7t ra cho con c\u00e1i v\u00e0 gia \u0111\u00ecnh h\u1ecd. Ch\u00fang t\u00f4i c\u0169ng hi\u1ec3u r\u1eb1ng m\u1ed9t s\u1ed1 gia \u0111\u00ecnh c\u1ea7n h\u1ed7 tr\u1ee3 nhi\u1ec1u h\u01a1n ho\u1eb7c chuy\u00ean bi\u1ec7t h\u01a1n, c\u00f3 m\u1ee5c ti\u00eau h\u01a1n \u0111\u1ec3 \u0111\u1ea1t \u0111\u01b0\u1ee3c c\u00e1c m\u1ee5c ti\u00eau t\u01b0\u01a1ng t\u1ef1. <a href=\"https:\/\/helpmegrownational.org\/wp-content\/uploads\/2022\/11\/Targeted-Universalism-Help-Me-Grows-Approach-to-Advancing-Equity_HMG-National-Center-2023.pdf\" target=\"_blank\" rel=\"noopener\">Ch\u1ee7 ngh\u0129a ph\u1ed5 qu\u00e1t c\u00f3 m\u1ee5c ti\u00eau<\/a> l\u00e0 chi\u1ebfn l\u01b0\u1ee3c Help Me Grow s\u1eed d\u1ee5ng \u0111\u1ec3 \u0111\u1ea1t \u0111\u01b0\u1ee3c kh\u1ea3 n\u0103ng ti\u1ebfp c\u1eadn c\u00f4ng b\u1eb1ng c\u00e1c d\u1ecbch v\u1ee5 c\u00f3 ch\u1ea5t l\u01b0\u1ee3ng cho t\u1ea5t c\u1ea3 tr\u1ebb em.<\/p>\n<\/div>\n\t\t\t\t\t\t\t\t\t<\/div>\n\t\t\t<\/div>\n\t\t\t\t\t<div class=\"icon-bullet\">\n\t\t\t\t\t\t\t\t<div class=\"image-wrapper\">\n\t\t\t\t\t<img decoding=\"async\" src=\"https:\/\/upperhousedev17.com\/wp-content\/uploads\/2023\/09\/icon-coordinated-access-point.svg\">\n\t\t\t\t<\/div>\n\t\t\t\t\t\t\t\t<div class=\"writing-wrapper\">\n\t\t\t\t\t\t\t\t\t\t\t<div><h3><span style=\"color: #561553;\">\u0110i\u1ec3m cung c\u1ea5p d\u1ecbch v\u1ee5 \u0111\u01b0\u1ee3c ph\u1ed1i h\u1ee3p<\/span><\/h3>\n<p>H\u1ec7 th\u1ed1ng d\u1ecbch v\u1ee5 y t\u1ebf v\u00e0 x\u00e3 h\u1ed9i r\u1ea5t kh\u00f3 \u0111i\u1ec1u h\u01b0\u1edbng. \u0110i\u1ec3m truy c\u1eadp l\u00e0 m\u1ed9t h\u1ec7 th\u1ed1ng h\u1ed7 tr\u1ee3 ph\u1ed1i h\u1ee3p, k\u1ebft n\u1ed1i tr\u1ebb em v\u00e0 ng\u01b0\u1eddi ch\u0103m s\u00f3c ch\u00fang v\u1edbi c\u00e1c l\u1ee3i \u00edch c\u1ee7a ti\u1ec3u bang v\u00e0 c\u00e1c d\u1ecbch v\u1ee5 \u0111\u1ecba ph\u01b0\u01a1ng trong c\u1ed9ng \u0111\u1ed3ng c\u1ee7a ch\u00fang. <a href=\"\/vi\/help-me-grow-wa-network\/\">T\u00ecm Help Me Grow trong c\u1ed9ng \u0111\u1ed3ng c\u1ee7a b\u1ea1n<\/a>.<\/p>\n<\/div>\n\t\t\t\t\t\t\t\t\t<\/div>\n\t\t\t<\/div>\n\t\t\t\t\t<div class=\"icon-bullet\">\n\t\t\t\t\t\t\t\t<div class=\"image-wrapper\">\n\t\t\t\t\t<img decoding=\"async\" src=\"https:\/\/upperhousedev17.com\/wp-content\/uploads\/2023\/09\/icon-family-community-outreach.svg\">\n\t\t\t\t<\/div>\n\t\t\t\t\t\t\t\t<div class=\"writing-wrapper\">\n\t\t\t\t\t\t\t\t\t\t\t<div><h3><span style=\"color: #561553;\">Ti\u1ebfp c\u1eadn Gia \u0111\u00ecnh + C\u1ed9ng \u0111\u1ed3ng<\/span><\/h3>\n<p>Ti\u1ebfp c\u1eadn Gia \u0111\u00ecnh + C\u1ed9ng \u0111\u1ed3ng thu h\u00fat c\u00e1c \u0111\u1ed1i t\u00e1c c\u1ed9ng \u0111\u1ed3ng x\u00e2y d\u1ef1ng m\u1ed1i quan h\u1ec7 tr\u00ean c\u00e1c h\u1ec7 th\u1ed1ng gi\u00e1o d\u1ee5c m\u1ea7m non. Ngo\u00e0i ra, n\u00f3 \u0111\u1eb7t t\u1ea7m quan tr\u1ecdng v\u00e0o vi\u1ec7c t\u1ea1o ra m\u1ed9t th\u00f4ng \u0111i\u1ec7p th\u1ed1ng nh\u1ea5t v\u00e0 c\u00e1ch ti\u1ebfp c\u1eadn ti\u1ebfp c\u1eadn c\u00e1c gia \u0111\u00ecnh v\u1ec1 vi\u1ec7c th\u00fac \u0111\u1ea9y s\u1ef1 ph\u00e1t tri\u1ec3n c\u1ee7a tr\u1ebb em.<\/p>\n<\/div>\n\t\t\t\t\t\t\t\t\t<\/div>\n\t\t\t<\/div>\n\t\t\t\t\t<div class=\"icon-bullet\">\n\t\t\t\t\t\t\t\t<div class=\"image-wrapper\">\n\t\t\t\t\t<img decoding=\"async\" src=\"https:\/\/upperhousedev17.com\/wp-content\/uploads\/2023\/09\/icon-child-health-care-provider-outreach.svg\">\n\t\t\t\t<\/div>\n\t\t\t\t\t\t\t\t<div class=\"writing-wrapper\">\n\t\t\t\t\t\t\t\t\t\t\t<div><h3><span style=\"color: #561553;\">Ti\u1ebfp x\u00fac v\u1edbi nh\u00e0 cung c\u1ea5p d\u1ecbch v\u1ee5 ch\u0103m s\u00f3c s\u1ee9c kh\u1ecfe tr\u1ebb em<\/span><\/h3>\n<p>Th\u1eeba nh\u1eadn r\u1eb1ng c\u00e1c nh\u00e0 cung c\u1ea5p d\u1ecbch v\u1ee5 ch\u0103m s\u00f3c s\u1ee9c kh\u1ecfe c\u00f3 nhi\u1ec1u c\u01a1 h\u1ed9i \u0111\u1ec3 h\u1ed7 tr\u1ee3 s\u1ef1 ph\u00e1t tri\u1ec3n kh\u1ecfe m\u1ea1nh c\u1ee7a tr\u1ebb, ho\u1ea1t \u0111\u1ed9ng ti\u1ebfp c\u1eadn n\u00e0y k\u00eau g\u1ecdi h\u1ecd tr\u1edf th\u00e0nh nh\u1eefng ng\u01b0\u1eddi \u1ee7ng h\u1ed9 Help Me Grow v\u00e0 c\u1ee7ng c\u1ed1 c\u00e1c m\u1ed1i quan h\u1ec7 nh\u1eb1m t\u0103ng c\u01b0\u1eddng theo d\u00f5i s\u1ef1 ph\u00e1t tri\u1ec3n c\u1ee7a tr\u1ebb v\u00e0 h\u1ed7 tr\u1ee3 s\u1edbm cho tr\u1ebb.<\/p>\n<\/div>\n\t\t\t\t\t\t\t\t\t<\/div>\n\t\t\t<\/div>\n\t\t\t\t\t<div class=\"icon-bullet\">\n\t\t\t\t\t\t\t\t<div class=\"image-wrapper\">\n\t\t\t\t\t<img decoding=\"async\" src=\"https:\/\/upperhousedev17.com\/wp-content\/uploads\/2023\/09\/icon-data-collection-analysis.svg\">\n\t\t\t\t<\/div>\n\t\t\t\t\t\t\t\t<div class=\"writing-wrapper\">\n\t\t\t\t\t\t\t\t\t\t\t<div><h3><span style=\"color: #561553;\">Thu th\u1eadp + Ph\u00e2n t\u00edch d\u1eef li\u1ec7u<\/span><\/h3>\n<p>Vi\u1ec7c thu th\u1eadp v\u00e0 \u0111\u00e1nh gi\u00e1 d\u1eef li\u1ec7u th\u1ed1ng nh\u1ea5t l\u00e0 r\u1ea5t c\u1ea7n thi\u1ebft trong vi\u1ec7c t\u00ecm hi\u1ec3u xem tr\u1ebb \u0111ang ph\u00e1t tri\u1ec3n nh\u01b0 th\u1ebf n\u00e0o, gia \u0111\u00ecnh c\u1ea7n g\u00ec v\u00e0 gi\u00fap x\u00e1c \u0111\u1ecbnh c\u00e1c r\u00e0o c\u1ea3n trong vi\u1ec7c ti\u1ebfp c\u1eadn c\u0169ng nh\u01b0 nh\u1eefng kho\u1ea3ng tr\u1ed1ng mang t\u00ednh h\u1ec7 th\u1ed1ng nh\u1eb1m c\u1ee7ng c\u1ed1 c\u00e1c n\u1ed7 l\u1ef1c v\u1eadn \u0111\u1ed9ng nh\u1eb1m c\u1ea3i thi\u1ec7n h\u1ec7 th\u1ed1ng.<\/p>\n<\/div>\n\t\t\t\t\t\t\t\t\t<\/div>\n\t\t\t<\/div>\n\t\t\t\t\t<div class=\"icon-bullet\">\n\t\t\t\t\t\t\t\t<div class=\"image-wrapper\">\n\t\t\t\t\t<img decoding=\"async\" src=\"https:\/\/upperhousedev17.com\/wp-content\/uploads\/2023\/10\/icon-system-structural-elements.svg\">\n\t\t\t\t<\/div>\n\t\t\t\t\t\t\t\t<div class=\"writing-wrapper\">\n\t\t\t\t\t\t\t\t\t\t\t<div><h3><span style=\"color: #561553;\">C\u00e1c y\u1ebfu t\u1ed1 c\u1ea5u tr\u00fac h\u1ec7 th\u1ed1ng<\/span><\/h3>\n<p>Help Me Grow Washington depends on structural elements to provide the foundation for building and managing all the components of the system effectively over time. The statewide <strong>\u0110\u01a1n v\u1ecb t\u1ed5 ch\u1ee9c<\/strong> (<a href=\"https:\/\/withinreachwa.org\/\" target=\"_blank\" rel=\"noopener\">WithinReach<\/a>) cung c\u1ea5p kh\u1ea3 n\u0103ng gi\u00e1m s\u00e1t h\u1ec7 th\u1ed1ng v\u00e0 h\u1ed7 tr\u1ee3 cho c\u00e1c h\u1ec7 th\u1ed1ng HMG c\u1ee5c b\u1ed9 khi ch\u00fang ph\u00e1t tri\u1ec3n. <strong>Quy m\u00f4 v\u00e0 l\u00e2y lan<\/strong> t\u00edch c\u1ef1c t\u1ea1o c\u01a1 h\u1ed9i cho c\u00e1c c\u1ed9ng \u0111\u1ed3ng m\u1edbi tham gia v\u00e0 cung c\u1ea5p th\u00f4ng tin cho c\u00e1c n\u1ed7 l\u1ef1c x\u00e2y d\u1ef1ng h\u1ec7 th\u1ed1ng HMG. <strong>C\u1ea3i ti\u1ebfn h\u1ec7 th\u1ed1ng li\u00ean t\u1ee5c<\/strong> nh\u1ea5n m\u1ea1nh nh\u1eefng c\u1ea3i ti\u1ebfn theo th\u1eddi gian nh\u1eb1m mang l\u1ea1i k\u1ebft qu\u1ea3 t\u1ed1i \u01b0u cho tr\u1ebb em v\u00e0 gia \u0111\u00ecnh, t\u1ed1i \u0111a h\u00f3a hi\u1ec7u qu\u1ea3 v\u00e0 mang l\u1ea1i nh\u1eefng ph\u01b0\u01a1ng ph\u00e1p th\u1ef1c h\u00e0nh t\u1ed1t nh\u1ea5t. M\u1ea1ng HMG c\u00f3 v\u1ecb tr\u00ed chi\u1ebfn l\u01b0\u1ee3c \u0111\u1ec3 h\u1ed7 tr\u1ee3 <strong>v\u1eadn \u0111\u1ed9ng<\/strong> v\u00e0 m\u1ed9t ch\u01b0\u01a1ng tr\u00ecnh ngh\u1ecb s\u1ef1 l\u1eadp ph\u00e1p chung nh\u1eb1m th\u00fac \u0111\u1ea9y s\u1ef1 ph\u00e1t tri\u1ec3n l\u00e0nh m\u1ea1nh c\u1ee7a t\u1ea5t c\u1ea3 tr\u1ebb nh\u1ecf.<\/p>\n<\/div>\n\t\t\t\t\t\t\t\t\t<\/div>\n\t\t\t<\/div>\n\t\t\t<\/div>\n\t<script>\n\t(function($) {\n\t\t\/\/ Get the block ID\n\t\tvar id = \"#block_63b3917dbe24bbc605aea132508a0647\";\n\t\t\/\/ Reveal the block\n\t\tvar container = document.documentElement;\n\t\tScrollReveal().reveal(id + \" .container .icon-bullet\", {origin: \"bottom\", distance: \"20px\", duration: 1000, container: container});\n\t}(jQuery))\n\t<\/script>\n<\/div>\n\n<div id=\"block_2f9b09382aa4d0d6e13f390832f505de\" class=\"invitation-block light-gray center\">\t\n\t<div class=\"container purple\">\n\t\t<p>\u0110\u1ec3 t\u00ecm hi\u1ec3u th\u00eam v\u1ec1 m\u00f4 h\u00ecnh h\u1ec7 th\u1ed1ng Help Me Grow v\u00e0 c\u00f4ng vi\u1ec7c quan tr\u1ecdng \u0111ang di\u1ec5n ra tr\u00ean to\u00e0n qu\u1ed1c, h\u00e3y truy c\u1eadp trang web c\u1ee7a Trung t\u00e2m Qu\u1ed1c gia Help Me Grow.<\/p>\n\t\t\t\t<a class=\"btn orange\" href=\"https:\/\/helpmegrownational.org\/\" target=\"_blank\">Truy c\u1eadp trang web<\/a>\n\t\t\t<\/div>\n<\/div>\n\n\n<div id=\"block_09b82241e70cb397cd5a3127ff9ef050\" class=\"news-feature-block\">\n\t<div class=\"container\">\n\t\t<div class=\"title\">\n\t\t\t\t\t\t\t<h2>Tin t\u1ee9c + C\u1eadp nh\u1eadt<\/h2>\n\t\t\t\t\t<\/div>\n\t\t<div class=\"wrapper\">\n\t\t\t\t\t\t\t\n\t\t\t\t\t\t\t\t\t\t\t\t\t\t\t\t\t\t\t\t<a class=\"article\" href=\"https:\/\/conta.cc\/4c23dcA\" target=\"_blank\">\n\t\t\t\t\t\t\t\t\t\t\t<div class=\"picture\">\n\t\t\t\t\t\t\t\t\t\t\t\t\t\t<img decoding=\"async\" src=\"https:\/\/upperhousedev17.com\/wp-content\/uploads\/2026\/03\/HMG-WA-Network-Newsletter-header-14-260x180.png\" srcset=\"https:\/\/upperhousedev17.com\/wp-content\/uploads\/2026\/03\/HMG-WA-Network-Newsletter-header-14-260x180.png 260w, https:\/\/upperhousedev17.com\/wp-content\/uploads\/2026\/03\/HMG-WA-Network-Newsletter-header-14-520x200.png 520w\" sizes=\"260px\">\n\t\t\t\t\t\t\t\t\t\t\t\t\t\t\t<div class=\"type-label\">B\u1ea3n tin<\/div>\n\t\t\t\t\t\t\t\t\t\t\t\t\t<\/div>\n\t\t\t\t\t\t<div class=\"content\">\n\t\t\t\t\t\t\t\t\t\t\t\t\t\t\t<div class=\"date\">Th\u00e1ng T\u01b0 1, 2026<\/div>\n\t\t\t\t\t\t\t\t\t\t\t\t\t\t<div class=\"text\">\n\t\t\t\t\t\t\t\t<h3 class=\"title\">March 2026 HMG WA Newsletter (Spanish)<\/h3>\n\t\t\t\t\t\t\t\t<div class=\"summary\">Celebre a la red de Ay\u00fadame a Crecer Washington v\u00e0 conozca los avances que hemos \u0111\u0103ng nh\u1eadp v\u00e0 c\u00e1c bi\u1ebfn th\u1ec3 ban \u0111\u1ea7u c\u1ee7a k\u1ebf ho\u1ea1ch l\u1eadp k\u1ebf ho\u1ea1ch cho Ay\u00fadame a Crecer Washington.<\/div>\n\t\t\t\t\t\t\t<\/div>\n\t\t\t\t\t\t\t<div class=\"more\">\n\t\t\t\t\t\t\t\t\u0110\u1ecdc th\u00eam\n\t\t\t\t\t\t\t\t<svg class=\"arrow\" aria-hidden=\"true\" focusable=\"false\" data-prefix=\"fas\" data-icon=\"long-arrow-right\" role=\"img\" xmlns=\"http:\/\/www.w3.org\/2000\/svg\" viewbox=\"0 0 448 512\"><path fill=\"#ababab\" d=\"M254.544 154.427L320.118 220H24c-13.255 0-24 10.745-24 24v24c0 13.255 10.745 24 24 24h296.118l-65.574 65.573c-9.373 9.373-9.373 24.569 0 33.941l16.971 16.971c9.373 9.373 24.569 9.373 33.941 0L440.97 272.97c9.373-9.373 9.373-24.569 0-33.941L305.456 103.515c-9.373-9.373-24.569-9.373-33.941 0l-16.971 16.971c-9.373 9.372-9.373 24.568 0 33.941z\"><\/path><\/svg>\n\t\t\t\t\t\t\t<\/div>\n\t\t\t\t\t\t<\/div>\n\t\t\t\t\t<\/a>\n\t\t\t\t\t\t\t\t\t\t\t\t\t\t\t\t\t\t\t\t\t\t\t\t\t<a class=\"article\" href=\"https:\/\/conta.cc\/4d61btX\" target=\"_blank\">\n\t\t\t\t\t\t\t\t\t\t\t<div class=\"picture\">\n\t\t\t\t\t\t\t\t\t\t\t\t\t\t<img decoding=\"async\" src=\"https:\/\/upperhousedev17.com\/wp-content\/uploads\/2026\/03\/HMG-WA-Network-Newsletter-header-13-260x180.png\" srcset=\"https:\/\/upperhousedev17.com\/wp-content\/uploads\/2026\/03\/HMG-WA-Network-Newsletter-header-13-260x180.png 260w, https:\/\/upperhousedev17.com\/wp-content\/uploads\/2026\/03\/HMG-WA-Network-Newsletter-header-13-520x200.png 520w\" sizes=\"260px\">\n\t\t\t\t\t\t\t\t\t\t\t\t\t\t\t<div class=\"type-label\">B\u1ea3n tin<\/div>\n\t\t\t\t\t\t\t\t\t\t\t\t\t<\/div>\n\t\t\t\t\t\t<div class=\"content\">\n\t\t\t\t\t\t\t\t\t\t\t\t\t\t\t<div class=\"date\">Th\u00e1ng Ba 31, 2026<\/div>\n\t\t\t\t\t\t\t\t\t\t\t\t\t\t<div class=\"text\">\n\t\t\t\t\t\t\t\t<h3 class=\"title\">March 2026 HMG WA Newsletter<\/h3>\n\t\t\t\t\t\t\t\t<div class=\"summary\">H\u00e3y c\u00f9ng t\u00f4n vinh m\u1ea1ng l\u01b0\u1edbi Help Me Grow WA v\u00e0 t\u00ecm hi\u1ec3u v\u1ec1 nh\u1eefng ti\u1ebfn b\u1ed9 \u0111\u00e3 \u0111\u1ea1t \u0111\u01b0\u1ee3c trong m\u1ed9t s\u1ed1 s\u00e1ng ki\u1ebfn chi\u1ebfn l\u01b0\u1ee3c thu\u1ed9c K\u1ebf ho\u1ea1ch Chi\u1ebfn l\u01b0\u1ee3c Help Me Grow WA.<\/div>\n\t\t\t\t\t\t\t<\/div>\n\t\t\t\t\t\t\t<div class=\"more\">\n\t\t\t\t\t\t\t\t\u0110\u1ecdc th\u00eam\n\t\t\t\t\t\t\t\t<svg class=\"arrow\" aria-hidden=\"true\" focusable=\"false\" data-prefix=\"fas\" data-icon=\"long-arrow-right\" role=\"img\" xmlns=\"http:\/\/www.w3.org\/2000\/svg\" viewbox=\"0 0 448 512\"><path fill=\"#ababab\" d=\"M254.544 154.427L320.118 220H24c-13.255 0-24 10.745-24 24v24c0 13.255 10.745 24 24 24h296.118l-65.574 65.573c-9.373 9.373-9.373 24.569 0 33.941l16.971 16.971c9.373 9.373 24.569 9.373 33.941 0L440.97 272.97c9.373-9.373 9.373-24.569 0-33.941L305.456 103.515c-9.373-9.373-24.569-9.373-33.941 0l-16.971 16.971c-9.373 9.372-9.373 24.568 0 33.941z\"><\/path><\/svg>\n\t\t\t\t\t\t\t<\/div>\n\t\t\t\t\t\t<\/div>\n\t\t\t\t\t<\/a>\n\t\t\t\t\t\t\t\t\t\t\t\t\t\t\t\t\t\t\t\t\t\t\t\t\t<a class=\"article\" href=\"https:\/\/upperhousedev17.com\/vi\/reaching-new-heights-partnering-to-support-child-development\">\n\t\t\t\t\t\t\t\t\t\t\t<div class=\"picture\">\n\t\t\t\t\t\t\t\t\t\t\t\t\t\t<img decoding=\"async\" src=\"https:\/\/upperhousedev17.com\/wp-content\/uploads\/2026\/03\/NEWS-STORY-TITLE-5-e1774371040337-260x180.png\" srcset=\"https:\/\/upperhousedev17.com\/wp-content\/uploads\/2026\/03\/NEWS-STORY-TITLE-5-e1774371040337-260x180.png 260w, https:\/\/upperhousedev17.com\/wp-content\/uploads\/2026\/03\/NEWS-STORY-TITLE-5-e1774371040337-520x360.png 520w\" sizes=\"260px\">\n\t\t\t\t\t\t\t\t\t\t\t\t\t\t\t<div class=\"type-label\">B\u00e0i vi\u1ebft<\/div>\n\t\t\t\t\t\t\t\t\t\t\t\t\t<\/div>\n\t\t\t\t\t\t<div class=\"content\">\n\t\t\t\t\t\t\t\t\t\t\t\t\t\t\t<div class=\"date\">Th\u00e1ng Ba 24, 2026<\/div>\n\t\t\t\t\t\t\t\t\t\t\t\t\t\t<div class=\"text\">\n\t\t\t\t\t\t\t\t<h3 class=\"title\">Reaching New Heights: Partnering to Support Child Development<\/h3>\n\t\t\t\t\t\t\t\t<div class=\"summary\">New Resource for Families and Partners! Help Me Grow WA has partnered with the Washington Chapter of the American Academy of Pediatrics (WCAAP) to co\u2011create a fun, bilingual height chart for children ages 2 months to 5 years. Designed with pediatric expertise and families in mind, each chart includes key developmental milestones and simple ways families can support their child\u2019s growth and learning. <\/div>\n\t\t\t\t\t\t\t<\/div>\n\t\t\t\t\t\t\t<div class=\"more\">\n\t\t\t\t\t\t\t\t\u0110\u1ecdc th\u00eam\n\t\t\t\t\t\t\t\t<svg class=\"arrow\" aria-hidden=\"true\" focusable=\"false\" data-prefix=\"fas\" data-icon=\"long-arrow-right\" role=\"img\" xmlns=\"http:\/\/www.w3.org\/2000\/svg\" viewbox=\"0 0 448 512\"><path fill=\"#ababab\" d=\"M254.544 154.427L320.118 220H24c-13.255 0-24 10.745-24 24v24c0 13.255 10.745 24 24 24h296.118l-65.574 65.573c-9.373 9.373-9.373 24.569 0 33.941l16.971 16.971c9.373 9.373 24.569 9.373 33.941 0L440.97 272.97c9.373-9.373 9.373-24.569 0-33.941L305.456 103.515c-9.373-9.373-24.569-9.373-33.941 0l-16.971 16.971c-9.373 9.372-9.373 24.568 0 33.941z\"><\/path><\/svg>\n\t\t\t\t\t\t\t<\/div>\n\t\t\t\t\t\t<\/div>\n\t\t\t\t\t<\/a>\n\t\t\t\t\t\t\t\t\t\t\t\t\t\t\t\t\t\t\t\t\t\t\t\t\t<a class=\"article\" href=\"https:\/\/upperhousedev17.com\/vi\/news\/celebrating-the-2026-help-me-grow-washington-network\">\n\t\t\t\t\t\t\t\t\t\t\t<div class=\"picture\">\n\t\t\t\t\t\t\t\t\t\t\t\t\t\t<img decoding=\"async\" src=\"https:\/\/upperhousedev17.com\/wp-content\/uploads\/2026\/03\/NEWS-STORY-TITLE-4-260x180.png\" srcset=\"https:\/\/upperhousedev17.com\/wp-content\/uploads\/2026\/03\/NEWS-STORY-TITLE-4-260x180.png 260w, https:\/\/upperhousedev17.com\/wp-content\/uploads\/2026\/03\/NEWS-STORY-TITLE-4-520x360.png 520w\" sizes=\"260px\">\n\t\t\t\t\t\t\t\t\t\t\t\t\t\t\t<div class=\"type-label\">Tin t\u1ee9c<\/div>\n\t\t\t\t\t\t\t\t\t\t\t\t\t<\/div>\n\t\t\t\t\t\t<div class=\"content\">\n\t\t\t\t\t\t\t\t\t\t\t\t\t\t\t<div class=\"date\">Th\u00e1ng Ba 23, 2026<\/div>\n\t\t\t\t\t\t\t\t\t\t\t\t\t\t<div class=\"text\">\n\t\t\t\t\t\t\t\t<h3 class=\"title\">Celebrating the 2026 Help Me Grow Washington Network!<\/h3>\n\t\t\t\t\t\t\t\t<div class=\"summary\">We\u2019re\u00a0excited to welcome Help Me Grow Whatcom and Help Me Grow Grays Harbor to the Help Me Grow Washington network! ? With their addition, more communities across the state are building coordinated, family-centered systems of support\u2014strengthening connections and making it easier for families to access the resources they need, when they need them.\u00a0<\/div>\n\t\t\t\t\t\t\t<\/div>\n\t\t\t\t\t\t\t<div class=\"more\">\n\t\t\t\t\t\t\t\t\u0110\u1ecdc th\u00eam\n\t\t\t\t\t\t\t\t<svg class=\"arrow\" aria-hidden=\"true\" focusable=\"false\" data-prefix=\"fas\" data-icon=\"long-arrow-right\" role=\"img\" xmlns=\"http:\/\/www.w3.org\/2000\/svg\" viewbox=\"0 0 448 512\"><path fill=\"#ababab\" d=\"M254.544 154.427L320.118 220H24c-13.255 0-24 10.745-24 24v24c0 13.255 10.745 24 24 24h296.118l-65.574 65.573c-9.373 9.373-9.373 24.569 0 33.941l16.971 16.971c9.373 9.373 24.569 9.373 33.941 0L440.97 272.97c9.373-9.373 9.373-24.569 0-33.941L305.456 103.515c-9.373-9.373-24.569-9.373-33.941 0l-16.971 16.971c-9.373 9.372-9.373 24.568 0 33.941z\"><\/path><\/svg>\n\t\t\t\t\t\t\t<\/div>\n\t\t\t\t\t\t<\/div>\n\t\t\t\t\t<\/a>\n\t\t\t\t\t\t\t\t\t\t\t\t\t\n\t\t\t\t\t\t\t\n\t\t<\/div>\n\t<\/div>\n\t<script>\n\t\n\t(function($) {\n\t\n\t\t\/\/ Get the block ID\n\t\tvar id = \"#block_09b82241e70cb397cd5a3127ff9ef050\";\n\t\t\n\t\t\/\/ Reveal foreground elements\n\t\tScrollReveal().reveal(id + \" .article\", {origin: \"bottom\", distance: \"20px\", duration: 1000, viewFactor: 0.2, interval: 100, reset: false});\n\t\t\n\t})(jQuery)\n\t\n\t<\/script>\t\n<\/div>","protected":false},"excerpt":{"rendered":"","protected":false},"author":2,"featured_media":0,"parent":0,"menu_order":160,"comment_status":"closed","ping_status":"closed","template":"","meta":{"_acf_changed":false,"footnotes":""},"acf":[],"_links":{"self":[{"href":"https:\/\/upperhousedev17.com\/vi\/wp-json\/wp\/v2\/pages\/6338"}],"collection":[{"href":"https:\/\/upperhousedev17.com\/vi\/wp-json\/wp\/v2\/pages"}],"about":[{"href":"https:\/\/upperhousedev17.com\/vi\/wp-json\/wp\/v2\/types\/page"}],"author":[{"embeddable":true,"href":"https:\/\/upperhousedev17.com\/vi\/wp-json\/wp\/v2\/users\/2"}],"replies":[{"embeddable":true,"href":"https:\/\/upperhousedev17.com\/vi\/wp-json\/wp\/v2\/comments?post=6338"}],"version-history":[{"count":65,"href":"https:\/\/upperhousedev17.com\/vi\/wp-json\/wp\/v2\/pages\/6338\/revisions"}],"predecessor-version":[{"id":13833,"href":"https:\/\/upperhousedev17.com\/vi\/wp-json\/wp\/v2\/pages\/6338\/revisions\/13833"}],"wp:attachment":[{"href":"https:\/\/upperhousedev17.com\/vi\/wp-json\/wp\/v2\/media?parent=6338"}],"curies":[{"name":"wp","href":"https:\/\/api.w.org\/{rel}","templated":true}]}}