{"id":6216,"date":"2023-09-23T01:35:54","date_gmt":"2023-09-23T01:35:54","guid":{"rendered":"https:\/\/helpmegrowwa.org\/?page_id=6216"},"modified":"2026-04-27T18:14:31","modified_gmt":"2026-04-27T18:14:31","slug":"child-development","status":"publish","type":"page","link":"https:\/\/upperhousedev17.com\/vi\/child-development","title":{"rendered":"S\u1ef1 ph\u00e1t tri\u1ec3n c\u1ee7a tr\u1ebb"},"content":{"rendered":"<div id=\"block_16a19dfc3e6128ec86a38ce95f868447\" class=\"fifty-fifty-block dark-purple right fifty-fifty-banner\">\n\t<img decoding=\"async\" class=\"flower-graphic\" src=\"https:\/\/upperhousedev17.com\/wp-content\/themes\/helpmegrowwa\/images\/banner-text-shapes.svg\">\n\t<div class=\"info\">\n\t\t<div class=\"container regular center\">\n\t\t\t<h1>T\u00e0i nguy\u00ean ph\u00e1t tri\u1ec3n tr\u1ebb em<\/h1>\n\t\t\t\t\t<\/div>\n\t<\/div>\n\t\t<div class=\"image\" style=\"background-image: url(https:\/\/upperhousedev17.com\/wp-content\/uploads\/2023\/09\/Child-Development-Resources-Help-Me-Grow-Washington.jpg);background-position: top left;\">\n\t\t\t\t\t<img decoding=\"async\" class=\"corner\" src=\"https:\/\/upperhousedev17.com\/wp-content\/themes\/helpmegrowwa\/images\/fifty-fifty-corner-piece.svg\">\n\t\t\t\t\t<\/div>\n\t<script>\n\t(function($) {\n\t\t\/\/ Get the block ID\n\t\tvar id = \"#block_16a19dfc3e6128ec86a38ce95f868447\";\n\t\t\/\/ Reveal the block\n\t\tvar container = document.documentElement;\n\t\tScrollReveal().reveal(id + \".left .image\", {origin: \"left\", distance: \"20px\", duration: 1000});\n\t\tScrollReveal().reveal(id + \".left .info .container\", {origin: \"right\", distance: \"20px\", duration: 1000});\n\t\tScrollReveal().reveal(id + \".right .image\", {origin: \"right\", distance: \"20px\", duration: 1000});\n\t\tScrollReveal().reveal(id + \".right .info .container\", {origin: \"left\", distance: \"20px\", duration: 1000});\n\t}(jQuery))\n\t<\/script>\n<\/div>\n\n<div id=\"block_11357d3503018c872d9486741b4ba7d4\" class=\"text-block white large center text-black default-margin\">\n\t<div class=\"container one-column full\">\n\t\t<p>Child development is more than just physical growth. As children grow, they develop their ability to communicate, solve problems, and navigate their physical and social worlds. Free developmental screenings, early intervention services, and community resources such as parenting or caregiving classes, in-home support, and play groups, promote the healthy development of your child. We can connect you to the health and development resources you need to give your kids the best start.<\/p>\n\t<\/div>\n\t<script>\n\t\t(function($) {\n\t\t\t\/\/ Get the block ID\n\t\t\tvar id = \"#block_11357d3503018c872d9486741b4ba7d4\";\n\t\t\t\/\/ Reveal the block\n\t\t\tvar container = document.documentElement;\n\t\t\tScrollReveal().reveal(id + \" .container\", {\n\t\t\t\torigin: \"bottom\",\n\t\t\t\tdistance: \"20px\",\n\t\t\t\tduration: 1000,\n\t\t\t\tcontainer: container\n\t\t\t});\n\t\t}(jQuery))\n\t<\/script>\n<\/div>\n\n<div id=\"block_ac1cb104e058505a453a414447b827cf\" class=\"boxes-block white rectangular lines-between-boxes\">\n\t<div class=\"boxes-wrapper\">\n\t\t<div class=\"boxes\">\n\t\t\t\t\t\t\t<div class=\"container\">\n\n\t\t\t\t\t\t\t\t\t\t\t\t\t\t\t\t\t\t\t\t\t\t\t\t\t<a class=\"box white center border-none large\" href=\"https:\/\/resources.helpmegrowwa.org\/search?query=LR-1700,PN-8100.3000,LR-0450&#038;query_type=taxonomy&#038;query_label=Special%20Health%20Care%20Needs&#038;query_language=en\" target=\"_blank\">\n\t\t\t\t\t\t\t\t\t\t\t\t\t\t\t\t\t\t\t\t\t\t\t\t\t\t\t<img decoding=\"async\" src=\"https:\/\/upperhousedev17.com\/wp-content\/uploads\/2023\/10\/icon-special-needs.svg\" alt=\"\">\n\t\t\t\t\t\t\t\t\t\t\t\t\t\t\t\t\t\t\t\t\t\t\t\t\t<div class=\"default\"><h2><span style=\"color: #00609c;\">Tr\u1ebb em c\u00f3 nhu c\u1ea7u ch\u0103m s\u00f3c s\u1ee9c kh\u1ecfe \u0111\u1eb7c bi\u1ec7t<\/span><\/h2>\n<p>T\u00f4i quan t\u00e2m \u0111\u1ebfn c\u00e1c ngu\u1ed3n t\u00e0i nguy\u00ean v\u1ec1 ch\u1ee9ng t\u1ef1 k\u1ef7, \u0111\u00e1nh gi\u00e1 s\u1ef1 ph\u00e1t tri\u1ec3n v\u00e0 c\u00e1c d\u1ecbch v\u1ee5 can thi\u1ec7p s\u1edbm c\u0169ng nh\u01b0 c\u00e1c h\u1ed7 tr\u1ee3 kh\u00e1c d\u00e0nh cho gia \u0111\u00ecnh.<\/p>\n<\/div>\n\t\t\t\t\t\t\t\t\t\t\t\t\t\t\t\t\t<div class=\"wrapper\">\n\t\t\t\t\t\t\t\t\t\t<div class=\"textlink\">\n\t\t\t\t\t\t\t\t\t\t\tT\u00ecm ngu\u1ed3n h\u1ed7 tr\u1ee3<svg class=\"arrow\" aria-hidden=\"true\" focusable=\"false\" data-prefix=\"fas\" data-icon=\"long-arrow-right\" role=\"img\" xmlns=\"http:\/\/www.w3.org\/2000\/svg\" viewbox=\"0 0 448 512\">\n\t\t\t\t\t\t\t\t\t\t\t\t<path fill=\"#FF671D\" d=\"M254.544 154.427L320.118 220H24c-13.255 0-24 10.745-24 24v24c0 13.255 10.745 24 24 24h296.118l-65.574 65.573c-9.373 9.373-9.373 24.569 0 33.941l16.971 16.971c9.373 9.373 24.569 9.373 33.941 0L440.97 272.97c9.373-9.373 9.373-24.569 0-33.941L305.456 103.515c-9.373-9.373-24.569-9.373-33.941 0l-16.971 16.971c-9.373 9.372-9.373 24.568 0 33.941z\"><\/path>\n\t\t\t\t\t\t\t\t\t\t\t<\/svg>\n\t\t\t\t\t\t\t\t\t\t<\/div>\n\t\t\t\t\t\t\t\t\t<\/div>\n\t\t\t\t\t\t\t\t\t\t\t\t\t\t\t<\/a>\n\t\t\t\t\t\t\t\t\t\t\t\t\t\t\t<\/div>\n\t\t\t\t\t\t\t<div class=\"container\">\n\n\t\t\t\t\t\t\t\t\t\t\t\t\t\t\t\t\t\t\t\t\t\t\t\t\t<a class=\"box white center border-none large\" href=\"\/vi\/developmental-milestones\/\" target=\"\">\n\t\t\t\t\t\t\t\t\t\t\t\t\t\t\t\t\t\t\t\t\t\t\t\t\t\t\t<img decoding=\"async\" src=\"https:\/\/upperhousedev17.com\/wp-content\/uploads\/2023\/09\/icon-milestones.svg\" alt=\"\">\n\t\t\t\t\t\t\t\t\t\t\t\t\t\t\t\t\t\t\t\t\t\t\t\t\t<div class=\"default\"><h2><span style=\"color: #00609c;\">M\u1ed1c ph\u00e1t tri\u1ec3n<\/span><\/h2>\n<p>Children will reach milestones in how they play, learn, speak, act, and move. Track your child\u2019s development with these interactive tools for parents and caregivers.<\/p>\n<\/div>\n\t\t\t\t\t\t\t\t\t\t\t\t\t\t\t\t\t<div class=\"wrapper\">\n\t\t\t\t\t\t\t\t\t\t<div class=\"textlink\">\n\t\t\t\t\t\t\t\t\t\t\tT\u00ecm hi\u1ec3u th\u00eam<svg class=\"arrow\" aria-hidden=\"true\" focusable=\"false\" data-prefix=\"fas\" data-icon=\"long-arrow-right\" role=\"img\" xmlns=\"http:\/\/www.w3.org\/2000\/svg\" viewbox=\"0 0 448 512\">\n\t\t\t\t\t\t\t\t\t\t\t\t<path fill=\"#FF671D\" d=\"M254.544 154.427L320.118 220H24c-13.255 0-24 10.745-24 24v24c0 13.255 10.745 24 24 24h296.118l-65.574 65.573c-9.373 9.373-9.373 24.569 0 33.941l16.971 16.971c9.373 9.373 24.569 9.373 33.941 0L440.97 272.97c9.373-9.373 9.373-24.569 0-33.941L305.456 103.515c-9.373-9.373-24.569-9.373-33.941 0l-16.971 16.971c-9.373 9.372-9.373 24.568 0 33.941z\"><\/path>\n\t\t\t\t\t\t\t\t\t\t\t<\/svg>\n\t\t\t\t\t\t\t\t\t\t<\/div>\n\t\t\t\t\t\t\t\t\t<\/div>\n\t\t\t\t\t\t\t\t\t\t\t\t\t\t\t<\/a>\n\t\t\t\t\t\t\t\t\t\t\t\t\t\t\t<\/div>\n\t\t\t\t\t\t\t<div class=\"container\">\n\n\t\t\t\t\t\t\t\t\t\t\t\t\t\t\t\t\t\t\t\t\t\t\t\t\t<a class=\"box white center border-none large\" href=\"\/vi\/developmental-screenings\/\" target=\"\">\n\t\t\t\t\t\t\t\t\t\t\t\t\t\t\t\t\t\t\t\t\t\t\t\t\t\t\t<img decoding=\"async\" src=\"https:\/\/upperhousedev17.com\/wp-content\/uploads\/2023\/09\/icon-screening.svg\" alt=\"\">\n\t\t\t\t\t\t\t\t\t\t\t\t\t\t\t\t\t\t\t\t\t\t\t\t\t<div class=\"default\"><h2><span style=\"color: #00609c;\">S\u00e0ng l\u1ecdc ph\u00e1t tri\u1ec3n<\/span><\/h2>\n<p>C\u00e1c c\u00e2u h\u1ecfi d\u1ef1a tr\u00ean ho\u1ea1t \u0111\u1ed9ng th\u01b0\u1eddng xuy\u00ean (ASQ) c\u00f3 th\u1ec3 gi\u00fap h\u01b0\u1edbng d\u1eabn v\u00e0 theo d\u00f5i s\u1ef1 t\u0103ng tr\u01b0\u1edfng v\u00e0 ph\u00e1t tri\u1ec3n c\u1ee7a con b\u1ea1n, \u0111\u1ed3ng th\u1eddi n\u00eau b\u1eadt nh\u1eefng \u0111i\u1ec3m c\u00f3 th\u1ec3 c\u1ea7n h\u1ed7 tr\u1ee3 th\u00eam.<\/p>\n<\/div>\n\t\t\t\t\t\t\t\t\t\t\t\t\t\t\t\t\t<div class=\"wrapper\">\n\t\t\t\t\t\t\t\t\t\t<div class=\"textlink\">\n\t\t\t\t\t\t\t\t\t\t\tT\u00ecm hi\u1ec3u th\u00eam<svg class=\"arrow\" aria-hidden=\"true\" focusable=\"false\" data-prefix=\"fas\" data-icon=\"long-arrow-right\" role=\"img\" xmlns=\"http:\/\/www.w3.org\/2000\/svg\" viewbox=\"0 0 448 512\">\n\t\t\t\t\t\t\t\t\t\t\t\t<path fill=\"#FF671D\" d=\"M254.544 154.427L320.118 220H24c-13.255 0-24 10.745-24 24v24c0 13.255 10.745 24 24 24h296.118l-65.574 65.573c-9.373 9.373-9.373 24.569 0 33.941l16.971 16.971c9.373 9.373 24.569 9.373 33.941 0L440.97 272.97c9.373-9.373 9.373-24.569 0-33.941L305.456 103.515c-9.373-9.373-24.569-9.373-33.941 0l-16.971 16.971c-9.373 9.372-9.373 24.568 0 33.941z\"><\/path>\n\t\t\t\t\t\t\t\t\t\t\t<\/svg>\n\t\t\t\t\t\t\t\t\t\t<\/div>\n\t\t\t\t\t\t\t\t\t<\/div>\n\t\t\t\t\t\t\t\t\t\t\t\t\t\t\t<\/a>\n\t\t\t\t\t\t\t\t\t\t\t\t\t\t\t<\/div>\n\t\t\t\t\t\t\t<div class=\"container\">\n\n\t\t\t\t\t\t\t\t\t\t\t\t\t\t\t\t\t\t\t\t\t\t\t\t\t<a class=\"box white center border-none large\" href=\"https:\/\/resources.helpmegrowwa.org\/search?query=HD-1800,TJ-4500.1500-800&#038;query_type=taxonomy&#038;query_label=Early%20Learning&#038;query_language=en\" target=\"_blank\">\n\t\t\t\t\t\t\t\t\t\t\t\t\t\t\t\t\t\t\t\t\t\t\t\t\t\t\t<img decoding=\"async\" src=\"https:\/\/upperhousedev17.com\/wp-content\/uploads\/2023\/09\/icon-early-learning.svg\" alt=\"\">\n\t\t\t\t\t\t\t\t\t\t\t\t\t\t\t\t\t\t\t\t\t\t\t\t\t<div class=\"default\"><h2><span style=\"color: #00609c;\">H\u1ecdc s\u1edbm + S\u1eb5n s\u00e0ng \u0111\u1ebfn tr\u01b0\u1eddng<\/span><\/h2>\n<p>T\u00f4i quan t\u00e2m \u0111\u1ebfn c\u00e1c t\u00e0i nguy\u00ean gi\u00e1o d\u1ee5c s\u1edbm v\u00e0 x\u00f3a m\u00f9 ch\u1eef, gi\u1edd k\u1ec3 chuy\u1ec7n ho\u1eb7c c\u00e1c ch\u01b0\u01a1ng tr\u00ecnh mi\u1ec5n ph\u00ed nh\u1eb1m th\u00fac \u0111\u1ea9y kh\u1ea3 n\u0103ng s\u1eb5n s\u00e0ng \u0111i h\u1ecdc c\u1ee7a tr\u1ebb s\u01a1 sinh, tr\u1ebb m\u1edbi bi\u1ebft \u0111i v\u00e0 tr\u1ebb m\u1eabu gi\u00e1o.<\/p>\n<\/div>\n\t\t\t\t\t\t\t\t\t\t\t\t\t\t\t\t\t<div class=\"wrapper\">\n\t\t\t\t\t\t\t\t\t\t<div class=\"textlink\">\n\t\t\t\t\t\t\t\t\t\t\tT\u00ecm ngu\u1ed3n h\u1ed7 tr\u1ee3<svg class=\"arrow\" aria-hidden=\"true\" focusable=\"false\" data-prefix=\"fas\" data-icon=\"long-arrow-right\" role=\"img\" xmlns=\"http:\/\/www.w3.org\/2000\/svg\" viewbox=\"0 0 448 512\">\n\t\t\t\t\t\t\t\t\t\t\t\t<path fill=\"#FF671D\" d=\"M254.544 154.427L320.118 220H24c-13.255 0-24 10.745-24 24v24c0 13.255 10.745 24 24 24h296.118l-65.574 65.573c-9.373 9.373-9.373 24.569 0 33.941l16.971 16.971c9.373 9.373 24.569 9.373 33.941 0L440.97 272.97c9.373-9.373 9.373-24.569 0-33.941L305.456 103.515c-9.373-9.373-24.569-9.373-33.941 0l-16.971 16.971c-9.373 9.372-9.373 24.568 0 33.941z\"><\/path>\n\t\t\t\t\t\t\t\t\t\t\t<\/svg>\n\t\t\t\t\t\t\t\t\t\t<\/div>\n\t\t\t\t\t\t\t\t\t<\/div>\n\t\t\t\t\t\t\t\t\t\t\t\t\t\t\t<\/a>\n\t\t\t\t\t\t\t\t\t\t\t\t\t\t\t<\/div>\n\t\t\t\t\t\t\t<div class=\"container\">\n\n\t\t\t\t\t\t\t\t\t\t\t\t\t\t\t\t\t\t\t\t\t\t\t\t\t<a class=\"box white center border-none large\" href=\"https:\/\/resources.helpmegrowwa.org\/search?query=PH-6100.3300&#038;query_type=taxonomy&#038;query_label=In-Home%20Support&#038;query_language=en\" target=\"_blank\">\n\t\t\t\t\t\t\t\t\t\t\t\t\t\t\t\t\t\t\t\t\t\t\t\t\t\t\t<img decoding=\"async\" src=\"https:\/\/upperhousedev17.com\/wp-content\/uploads\/2023\/09\/icon-parent-caregiver.svg\" alt=\"\">\n\t\t\t\t\t\t\t\t\t\t\t\t\t\t\t\t\t\t\t\t\t\t\t\t\t<div class=\"default\"><h2><span style=\"color: #00609c;\">H\u1ed7 tr\u1ee3 ph\u1ee5 huynh + ng\u01b0\u1eddi ch\u0103m s\u00f3c<\/span><\/h2>\n<p>T\u00f4i mu\u1ed1n c\u00f3 th\u00f4ng tin v\u1ec1 c\u00e1c ho\u1ea1t \u0111\u1ed9ng, th\u00f4ng tin v\u1ec1 s\u1ee9c kh\u1ecfe v\u00e0 ph\u00e1t tri\u1ec3n c\u1ee7a tr\u1ebb em c\u0169ng nh\u01b0 c\u00e1c ch\u01b0\u01a1ng tr\u00ecnh c\u00f3 c\u00e1c chuy\u1ebfn th\u0103m c\u00e1 nh\u00e2n tr\u1ef1c ti\u1ebfp.<\/p>\n<\/div>\n\t\t\t\t\t\t\t\t\t\t\t\t\t\t\t\t\t<div class=\"wrapper\">\n\t\t\t\t\t\t\t\t\t\t<div class=\"textlink\">\n\t\t\t\t\t\t\t\t\t\t\tT\u00ecm ngu\u1ed3n h\u1ed7 tr\u1ee3<svg class=\"arrow\" aria-hidden=\"true\" focusable=\"false\" data-prefix=\"fas\" data-icon=\"long-arrow-right\" role=\"img\" xmlns=\"http:\/\/www.w3.org\/2000\/svg\" viewbox=\"0 0 448 512\">\n\t\t\t\t\t\t\t\t\t\t\t\t<path fill=\"#FF671D\" d=\"M254.544 154.427L320.118 220H24c-13.255 0-24 10.745-24 24v24c0 13.255 10.745 24 24 24h296.118l-65.574 65.573c-9.373 9.373-9.373 24.569 0 33.941l16.971 16.971c9.373 9.373 24.569 9.373 33.941 0L440.97 272.97c9.373-9.373 9.373-24.569 0-33.941L305.456 103.515c-9.373-9.373-24.569-9.373-33.941 0l-16.971 16.971c-9.373 9.372-9.373 24.568 0 33.941z\"><\/path>\n\t\t\t\t\t\t\t\t\t\t\t<\/svg>\n\t\t\t\t\t\t\t\t\t\t<\/div>\n\t\t\t\t\t\t\t\t\t<\/div>\n\t\t\t\t\t\t\t\t\t\t\t\t\t\t\t<\/a>\n\t\t\t\t\t\t\t\t\t\t\t\t\t\t\t<\/div>\n\t\t\t\t\t\t\t<div class=\"container\">\n\n\t\t\t\t\t\t\t\t\t\t\t\t\t\t\t\t\t\t\t\t\t\t\t\t\t<a class=\"box white center border-none large\" href=\"https:\/\/resources.helpmegrowwa.org\/search?query=PS-1500&#038;query_type=taxonomy&#038;query_label=Play%20%26%20Learn&#038;query_language=en\" target=\"_blank\">\n\t\t\t\t\t\t\t\t\t\t\t\t\t\t\t\t\t\t\t\t\t\t\t\t\t\t\t<img decoding=\"async\" src=\"https:\/\/upperhousedev17.com\/wp-content\/uploads\/2023\/09\/icon-play-learn.svg\" alt=\"\">\n\t\t\t\t\t\t\t\t\t\t\t\t\t\t\t\t\t\t\t\t\t\t\t\t\t<div class=\"default\"><h2><span style=\"color: #00609c;\">Nh\u00f3m Ch\u01a1i &amp; H\u1ecdc<\/span><\/h2>\n<p>T\u00f4i mu\u1ed1n \u0111\u01b0\u1ee3c k\u1ebft n\u1ed1i v\u1edbi m\u1ed9t nh\u00f3m vui ch\u01a1i \u0111\u01b0\u1ee3c t\u1ed5 ch\u1ee9c mi\u1ec5n ph\u00ed trong c\u1ed9ng \u0111\u1ed3ng c\u1ee7a t\u00f4i \u0111\u1ec3 h\u1ed7 tr\u1ee3 vi\u1ec7c h\u1ecdc t\u1eadp v\u00e0 ph\u00e1t tri\u1ec3n s\u1edbm c\u1ee7a con t\u00f4i.<\/p>\n<\/div>\n\t\t\t\t\t\t\t\t\t\t\t\t\t\t\t\t\t<div class=\"wrapper\">\n\t\t\t\t\t\t\t\t\t\t<div class=\"textlink\">\n\t\t\t\t\t\t\t\t\t\t\tT\u00ecm ngu\u1ed3n h\u1ed7 tr\u1ee3<svg class=\"arrow\" aria-hidden=\"true\" focusable=\"false\" data-prefix=\"fas\" data-icon=\"long-arrow-right\" role=\"img\" xmlns=\"http:\/\/www.w3.org\/2000\/svg\" viewbox=\"0 0 448 512\">\n\t\t\t\t\t\t\t\t\t\t\t\t<path fill=\"#FF671D\" d=\"M254.544 154.427L320.118 220H24c-13.255 0-24 10.745-24 24v24c0 13.255 10.745 24 24 24h296.118l-65.574 65.573c-9.373 9.373-9.373 24.569 0 33.941l16.971 16.971c9.373 9.373 24.569 9.373 33.941 0L440.97 272.97c9.373-9.373 9.373-24.569 0-33.941L305.456 103.515c-9.373-9.373-24.569-9.373-33.941 0l-16.971 16.971c-9.373 9.372-9.373 24.568 0 33.941z\"><\/path>\n\t\t\t\t\t\t\t\t\t\t\t<\/svg>\n\t\t\t\t\t\t\t\t\t\t<\/div>\n\t\t\t\t\t\t\t\t\t<\/div>\n\t\t\t\t\t\t\t\t\t\t\t\t\t\t\t<\/a>\n\t\t\t\t\t\t\t\t\t\t\t\t\t\t\t<\/div>\n\t\t\t\t\t<\/div>\n\t<\/div>\n\t<script>\n\t\t(function($) {\n\n\t\t\t\/\/ Get the block ID\n\t\t\tvar id = \"#block_ac1cb104e058505a453a414447b827cf\";\n\n\t\t\t$(id + \" .boxes-wrapper .boxes .box\").hover(function() {\n\t\t\t\t$(this).find(\".arrow\").addClass(\"hover\");\n\t\t\t\t$(this).find(\"img\").addClass(\"hover\");\n\t\t\t}, function() {\n\t\t\t\t$(this).find(\".arrow\").removeClass(\"hover\");\n\t\t\t\t$(this).find(\"img\").removeClass(\"hover\");\n\t\t\t});\n\n\t\t\t\/\/ Reveal foreground elements\n\t\t\tScrollReveal().reveal(id + \" .container\", {\n\t\t\t\torigin: \"bottom\",\n\t\t\t\tdistance: \"20px\",\n\t\t\t\tduration: 1000,\n\t\t\t\tviewFactor: 0.2,\n\t\t\t\tinterval: 100,\n\t\t\t\treset: false\n\t\t\t});\n\n\t\t})(jQuery)\n\t<\/script>\n<\/div>\n\n<div id=\"block_21580d33742fdb23b783976bbf7d76f8\" class=\"text-block light-gray large center text-black default-margin\">\n\t<div class=\"container one-column full\">\n\t\t<h2><span style=\"color: #561553;\">Finding the right support is hard. We make it easier.<\/span><\/h2>\n<p>D\u00f9 tr\u1ef1c tuy\u1ebfn hay qua \u0111i\u1ec7n tho\u1ea1i, ch\u00fang t\u00f4i c\u00f3 th\u1ec3 k\u1ebft n\u1ed1i b\u1ea1n v\u1edbi c\u00e1c t\u00e0i nguy\u00ean b\u1ea1n c\u1ea7n khi b\u1ea1n c\u1ea7n. T\u00ecm c\u00e1c ngu\u1ed3n l\u1ef1c th\u1ef1c ph\u1ea9m, s\u1ee9c kh\u1ecfe v\u00e0 ph\u00e1t tri\u1ec3n tr\u1ebb em thi\u1ebft y\u1ebfu trong c\u1ed9ng \u0111\u1ed3ng c\u1ee7a b\u1ea1n \u0111\u1ec3 h\u1ed7 tr\u1ee3 gia \u0111\u00ecnh b\u1ea1n.<\/p>\n\t<\/div>\n\t<script>\n\t\t(function($) {\n\t\t\t\/\/ Get the block ID\n\t\t\tvar id = \"#block_21580d33742fdb23b783976bbf7d76f8\";\n\t\t\t\/\/ Reveal the block\n\t\t\tvar container = document.documentElement;\n\t\t\tScrollReveal().reveal(id + \" .container\", {\n\t\t\t\torigin: \"bottom\",\n\t\t\t\tdistance: \"20px\",\n\t\t\t\tduration: 1000,\n\t\t\t\tcontainer: container\n\t\t\t});\n\t\t}(jQuery))\n\t<\/script>\n<\/div>\n\n<div id=\"block_6ac2a313992370129e5753f0b4619980\" class=\"boxes-block light-gray rectangular lines-between-boxes\">\n\t<div class=\"boxes-wrapper\">\n\t\t<div class=\"boxes\">\n\t\t\t\t\t\t\t<div class=\"container\">\n\n\t\t\t\t\t\t\t\t\t\t\t\t\t\t\t\t\t\t\t\t\t\t\t\t\t<a class=\"box white center border-none large\" href=\"https:\/\/resources.helpmegrowwa.org\/\" target=\"_blank\">\n\t\t\t\t\t\t\t\t\t\t\t\t\t\t\t\t\t\t\t\t\t\t\t\t\t\t\t<img decoding=\"async\" src=\"https:\/\/upperhousedev17.com\/wp-content\/uploads\/2023\/08\/icon-search.svg\" alt=\"Icon for Get Personalized Help\">\n\t\t\t\t\t\t\t\t\t\t\t\t\t\t\t\t\t\t\t\t\t\t\t\t\t<div class=\"default\"><h2><span style=\"color: #561553;\">Talk to a Navigator\u00a0<\/span><\/h2>\n<p><span style=\"font-weight: 400;\">Need support now? Call a Help Me Grow Washington hotline and talk to a Family Resource Navigator.<\/span><\/p>\n<\/div>\n\t\t\t\t\t\t\t\t\t\t\t\t\t\t\t\t\t<div class=\"wrapper\">\n\t\t\t\t\t\t\t\t\t\t<div class=\"textlink\">\n\t\t\t\t\t\t\t\t\t\t\tT\u00ecm hi\u1ec3u th\u00eam<svg class=\"arrow\" aria-hidden=\"true\" focusable=\"false\" data-prefix=\"fas\" data-icon=\"long-arrow-right\" role=\"img\" xmlns=\"http:\/\/www.w3.org\/2000\/svg\" viewbox=\"0 0 448 512\">\n\t\t\t\t\t\t\t\t\t\t\t\t<path fill=\"#FF671D\" d=\"M254.544 154.427L320.118 220H24c-13.255 0-24 10.745-24 24v24c0 13.255 10.745 24 24 24h296.118l-65.574 65.573c-9.373 9.373-9.373 24.569 0 33.941l16.971 16.971c9.373 9.373 24.569 9.373 33.941 0L440.97 272.97c9.373-9.373 9.373-24.569 0-33.941L305.456 103.515c-9.373-9.373-24.569-9.373-33.941 0l-16.971 16.971c-9.373 9.372-9.373 24.568 0 33.941z\"><\/path>\n\t\t\t\t\t\t\t\t\t\t\t<\/svg>\n\t\t\t\t\t\t\t\t\t\t<\/div>\n\t\t\t\t\t\t\t\t\t<\/div>\n\t\t\t\t\t\t\t\t\t\t\t\t\t\t\t<\/a>\n\t\t\t\t\t\t\t\t\t\t\t\t\t\t\t<\/div>\n\t\t\t\t\t\t\t<div class=\"container\">\n\n\t\t\t\t\t\t\t\t\t\t\t\t\t\t\t\t\t\t\t\t\t\t\t\t\t<a class=\"box white center border-none large\" href=\"https:\/\/referrals.helpmegrowwa.org\/benefit_finder\" target=\"_blank\">\n\t\t\t\t\t\t\t\t\t\t\t\t\t\t\t\t\t\t\t\t\t\t\t\t\t\t\t<img decoding=\"async\" src=\"https:\/\/upperhousedev17.com\/wp-content\/uploads\/2023\/08\/icon-screen.svg\" alt=\"Icon for Search Resources\">\n\t\t\t\t\t\t\t\t\t\t\t\t\t\t\t\t\t\t\t\t\t\t\t\t\t<div class=\"default\"><h2><span style=\"color: #561553;\">Search Resources<\/span><\/h2>\n<p><span style=\"font-weight: 400;\">Visit the Resource Finder to search services and supports in your community<\/span>.<\/p>\n<\/div>\n\t\t\t\t\t\t\t\t\t\t\t\t\t\t\t\t\t<div class=\"wrapper\">\n\t\t\t\t\t\t\t\t\t\t<div class=\"textlink\">\n\t\t\t\t\t\t\t\t\t\t\tT\u00ecm hi\u1ec3u th\u00eam<svg class=\"arrow\" aria-hidden=\"true\" focusable=\"false\" data-prefix=\"fas\" data-icon=\"long-arrow-right\" role=\"img\" xmlns=\"http:\/\/www.w3.org\/2000\/svg\" viewbox=\"0 0 448 512\">\n\t\t\t\t\t\t\t\t\t\t\t\t<path fill=\"#FF671D\" d=\"M254.544 154.427L320.118 220H24c-13.255 0-24 10.745-24 24v24c0 13.255 10.745 24 24 24h296.118l-65.574 65.573c-9.373 9.373-9.373 24.569 0 33.941l16.971 16.971c9.373 9.373 24.569 9.373 33.941 0L440.97 272.97c9.373-9.373 9.373-24.569 0-33.941L305.456 103.515c-9.373-9.373-24.569-9.373-33.941 0l-16.971 16.971c-9.373 9.372-9.373 24.568 0 33.941z\"><\/path>\n\t\t\t\t\t\t\t\t\t\t\t<\/svg>\n\t\t\t\t\t\t\t\t\t\t<\/div>\n\t\t\t\t\t\t\t\t\t<\/div>\n\t\t\t\t\t\t\t\t\t\t\t\t\t\t\t<\/a>\n\t\t\t\t\t\t\t\t\t\t\t\t\t\t\t<\/div>\n\t\t\t\t\t\t\t<div class=\"container\">\n\n\t\t\t\t\t\t\t\t\t\t\t\t\t\t\t\t\t\t\t\t\t\t\t\t\t<a class=\"box white center border-none large\" href=\"\/vi\/hotline\/\" target=\"\">\n\t\t\t\t\t\t\t\t\t\t\t\t\t\t\t\t\t\t\t\t\t\t\t\t\t\t\t<img decoding=\"async\" src=\"https:\/\/upperhousedev17.com\/wp-content\/uploads\/2023\/08\/icon-call.svg\" alt=\"Icon for Talk To a Navigator\">\n\t\t\t\t\t\t\t\t\t\t\t\t\t\t\t\t\t\t\t\t\t\t\t\t\t<div class=\"default\"><h2><span style=\"color: #561553;\"><b>Get Personalized Help<\/b><\/span><\/h2>\n<p><span style=\"font-weight: 400;\">Fill out a short form to see if you qualify for state benefits or to get connected to Help Me Grow Washington. <\/span><\/p>\n<\/div>\n\t\t\t\t\t\t\t\t\t\t\t\t\t\t\t\t\t<div class=\"wrapper\">\n\t\t\t\t\t\t\t\t\t\t<div class=\"textlink\">\n\t\t\t\t\t\t\t\t\t\t\tT\u00ecm hi\u1ec3u th\u00eam<svg class=\"arrow\" aria-hidden=\"true\" focusable=\"false\" data-prefix=\"fas\" data-icon=\"long-arrow-right\" role=\"img\" xmlns=\"http:\/\/www.w3.org\/2000\/svg\" viewbox=\"0 0 448 512\">\n\t\t\t\t\t\t\t\t\t\t\t\t<path fill=\"#FF671D\" d=\"M254.544 154.427L320.118 220H24c-13.255 0-24 10.745-24 24v24c0 13.255 10.745 24 24 24h296.118l-65.574 65.573c-9.373 9.373-9.373 24.569 0 33.941l16.971 16.971c9.373 9.373 24.569 9.373 33.941 0L440.97 272.97c9.373-9.373 9.373-24.569 0-33.941L305.456 103.515c-9.373-9.373-24.569-9.373-33.941 0l-16.971 16.971c-9.373 9.372-9.373 24.568 0 33.941z\"><\/path>\n\t\t\t\t\t\t\t\t\t\t\t<\/svg>\n\t\t\t\t\t\t\t\t\t\t<\/div>\n\t\t\t\t\t\t\t\t\t<\/div>\n\t\t\t\t\t\t\t\t\t\t\t\t\t\t\t<\/a>\n\t\t\t\t\t\t\t\t\t\t\t\t\t\t\t<\/div>\n\t\t\t\t\t<\/div>\n\t<\/div>\n\t<script>\n\t\t(function($) {\n\n\t\t\t\/\/ Get the block ID\n\t\t\tvar id = \"#block_6ac2a313992370129e5753f0b4619980\";\n\n\t\t\t$(id + \" .boxes-wrapper .boxes .box\").hover(function() {\n\t\t\t\t$(this).find(\".arrow\").addClass(\"hover\");\n\t\t\t\t$(this).find(\"img\").addClass(\"hover\");\n\t\t\t}, function() {\n\t\t\t\t$(this).find(\".arrow\").removeClass(\"hover\");\n\t\t\t\t$(this).find(\"img\").removeClass(\"hover\");\n\t\t\t});\n\n\t\t\t\/\/ Reveal foreground elements\n\t\t\tScrollReveal().reveal(id + \" .container\", {\n\t\t\t\torigin: \"bottom\",\n\t\t\t\tdistance: \"20px\",\n\t\t\t\tduration: 1000,\n\t\t\t\tviewFactor: 0.2,\n\t\t\t\tinterval: 100,\n\t\t\t\treset: false\n\t\t\t});\n\n\t\t})(jQuery)\n\t<\/script>\n<\/div>\n\n<div id=\"block_766650989a0278f637360e0311cfaa19\" class=\"fifty-fifty-block blue right\">\n\t<img decoding=\"async\" class=\"flower-graphic\" src=\"https:\/\/upperhousedev17.com\/wp-content\/themes\/helpmegrowwa\/images\/banner-text-shapes.svg\">\n\t<div class=\"info watermark\">\n\t\t<div class=\"container regular top\">\n\t\t\t<h2>The Help Me Grow Washington Experience<\/h2>\n<p>Our friendly and knowledgeable Family Resource Navigators are here to support you in understanding and applying for a variety of food, health, and child development resources in Washington state. They will listen to your family\u2019s needs and help you find the best support for your family.<\/p>\n\t\t\t\t\t\t\t\t\t<div class=\"link\">\n\t\t\t\t<a class=\"button orange\" href=\"\/vi\/hotline\/\" target=\"\">\n\t\t\t\t\t\t\t\t\t\tT\u00ecm hi\u1ec3u th\u00eam\t\t\t\t<\/a>\n\t\t\t<\/div>\n\t\t\t\t\t<\/div>\n\t<\/div>\n\t\t<div class=\"image\" style=\"background-image: url(https:\/\/upperhousedev17.com\/wp-content\/uploads\/2023\/09\/iStock-1414162938@2x.jpg);background-position: top center;\">\n\t\t\t\t\t<\/div>\n\t<script>\n\t(function($) {\n\t\t\/\/ Get the block ID\n\t\tvar id = \"#block_766650989a0278f637360e0311cfaa19\";\n\t\t\/\/ Reveal the block\n\t\tvar container = document.documentElement;\n\t\tScrollReveal().reveal(id + \".left .image\", {origin: \"left\", distance: \"20px\", duration: 1000});\n\t\tScrollReveal().reveal(id + \".left .info .container\", {origin: \"right\", distance: \"20px\", duration: 1000});\n\t\tScrollReveal().reveal(id + \".right .image\", {origin: \"right\", distance: \"20px\", duration: 1000});\n\t\tScrollReveal().reveal(id + \".right .info .container\", {origin: \"left\", distance: \"20px\", duration: 1000});\n\t}(jQuery))\n\t<\/script>\n<\/div>","protected":false},"excerpt":{"rendered":"","protected":false},"author":2,"featured_media":0,"parent":0,"menu_order":40,"comment_status":"closed","ping_status":"closed","template":"","meta":{"_acf_changed":false,"footnotes":""},"acf":[],"_links":{"self":[{"href":"https:\/\/upperhousedev17.com\/vi\/wp-json\/wp\/v2\/pages\/6216"}],"collection":[{"href":"https:\/\/upperhousedev17.com\/vi\/wp-json\/wp\/v2\/pages"}],"about":[{"href":"https:\/\/upperhousedev17.com\/vi\/wp-json\/wp\/v2\/types\/page"}],"author":[{"embeddable":true,"href":"https:\/\/upperhousedev17.com\/vi\/wp-json\/wp\/v2\/users\/2"}],"replies":[{"embeddable":true,"href":"https:\/\/upperhousedev17.com\/vi\/wp-json\/wp\/v2\/comments?post=6216"}],"version-history":[{"count":56,"href":"https:\/\/upperhousedev17.com\/vi\/wp-json\/wp\/v2\/pages\/6216\/revisions"}],"predecessor-version":[{"id":13902,"href":"https:\/\/upperhousedev17.com\/vi\/wp-json\/wp\/v2\/pages\/6216\/revisions\/13902"}],"wp:attachment":[{"href":"https:\/\/upperhousedev17.com\/vi\/wp-json\/wp\/v2\/media?parent=6216"}],"curies":[{"name":"wp","href":"https:\/\/api.w.org\/{rel}","templated":true}]}}