{"id":6214,"date":"2023-09-12T21:58:49","date_gmt":"2023-09-12T21:58:49","guid":{"rendered":"https:\/\/helpmegrowwa.org\/?page_id=6214"},"modified":"2026-04-27T18:12:44","modified_gmt":"2026-04-27T18:12:44","slug":"basic-needs","status":"publish","type":"page","link":"https:\/\/upperhousedev17.com\/vi\/basic-needs","title":{"rendered":"Nhu c\u1ea7u c\u01a1 b\u1ea3n"},"content":{"rendered":"<div id=\"block_b05c5a54e83396f4fd22d4bd3c6d49f1\" class=\"fifty-fifty-block dark-purple right fifty-fifty-banner\">\n\t<img decoding=\"async\" class=\"flower-graphic\" src=\"https:\/\/upperhousedev17.com\/wp-content\/themes\/helpmegrowwa\/images\/banner-text-shapes.svg\">\n\t<div class=\"info\">\n\t\t<div class=\"container regular center\">\n\t\t\t<h1>K\u1ebft n\u1ed1i v\u1edbi c\u00e1c ngu\u1ed3n t\u00e0i nguy\u00ean v\u1ec1 nhu c\u1ea7u c\u01a1 b\u1ea3n<\/h1>\n\t\t\t\t\t<\/div>\n\t<\/div>\n\t\t<div class=\"image\" style=\"background-image: url(https:\/\/upperhousedev17.com\/wp-content\/uploads\/2023\/09\/Get-Connected-To-Basic-Needs-Help-Me-Grow-Washington.jpg);background-position: center left;\">\n\t\t\t\t\t<img decoding=\"async\" class=\"corner\" src=\"https:\/\/upperhousedev17.com\/wp-content\/themes\/helpmegrowwa\/images\/fifty-fifty-corner-piece.svg\">\n\t\t\t\t\t<\/div>\n\t<script>\n\t(function($) {\n\t\t\/\/ Get the block ID\n\t\tvar id = \"#block_b05c5a54e83396f4fd22d4bd3c6d49f1\";\n\t\t\/\/ Reveal the block\n\t\tvar container = document.documentElement;\n\t\tScrollReveal().reveal(id + \".left .image\", {origin: \"left\", distance: \"20px\", duration: 1000});\n\t\tScrollReveal().reveal(id + \".left .info .container\", {origin: \"right\", distance: \"20px\", duration: 1000});\n\t\tScrollReveal().reveal(id + \".right .image\", {origin: \"right\", distance: \"20px\", duration: 1000});\n\t\tScrollReveal().reveal(id + \".right .info .container\", {origin: \"left\", distance: \"20px\", duration: 1000});\n\t}(jQuery))\n\t<\/script>\n<\/div>\n\n<div id=\"block_750698025983d16c54d59e138c233bcf\" class=\"text-block white large center\">\n\t<div class=\"container one-column full\">\n\t\t<p>Khi c\u00e1c gia \u0111\u00ecnh c\u00f3 th\u1ec3 \u0111\u00e1p \u1ee9ng c\u00e1c nhu c\u1ea7u c\u01a1 b\u1ea3n nh\u01b0 th\u1ef1c ph\u1ea9m, nh\u00e0 \u1edf v\u00e0 ch\u0103m s\u00f3c y t\u1ebf, cha m\u1eb9 v\u00e0 nh\u1eefng ng\u01b0\u1eddi ch\u0103m s\u00f3c kh\u00e1c s\u1ebd b\u1edbt c\u0103ng th\u1eb3ng h\u01a1n, \u0111i\u1ec1u n\u00e0y cho ph\u00e9p h\u1ecd cung c\u1ea5p s\u1ef1 h\u1ed7 tr\u1ee3 m\u00e0 con c\u00e1i h\u1ecd c\u1ea7n \u0111\u1ec3 ph\u00e1t tri\u1ec3n th\u00e0nh nh\u1eefng ng\u01b0\u1eddi tr\u01b0\u1edfng th\u00e0nh kh\u1ecfe m\u1ea1nh v\u00e0 ph\u00e1t tri\u1ec3n. Nh\u00f3m c\u1ee7a ch\u00fang t\u00f4i s\u1ebd gi\u00fap b\u1ea1n t\u00ecm, t\u00ecm hi\u1ec3u v\u00e0 \u0111\u0103ng k\u00fd c\u00e1c ngu\u1ed3n l\u1ef1c v\u00e0 ch\u01b0\u01a1ng tr\u00ecnh c\u1ed9ng \u0111\u1ed3ng quan tr\u1ecdng \u0111\u1ec3 \u0111\u00e1p \u1ee9ng nhu c\u1ea7u c\u01a1 b\u1ea3n c\u1ee7a b\u1ea1n.<\/p>\n\t<\/div>\n\t<script>\n\t\t(function($) {\n\t\t\t\/\/ Get the block ID\n\t\t\tvar id = \"#block_750698025983d16c54d59e138c233bcf\";\n\t\t\t\/\/ Reveal the block\n\t\t\tvar container = document.documentElement;\n\t\t\tScrollReveal().reveal(id + \" .container\", {\n\t\t\t\torigin: \"bottom\",\n\t\t\t\tdistance: \"20px\",\n\t\t\t\tduration: 1000,\n\t\t\t\tcontainer: container\n\t\t\t});\n\t\t}(jQuery))\n\t<\/script>\n<\/div>\n\n<div id=\"block_7f4698edba32b44b53c5927541c328e6\" class=\"boxes-block white rectangular lines-between-boxes\">\n\t<div class=\"boxes-wrapper\">\n\t\t<div class=\"boxes\">\n\t\t\t\t\t\t\t<div class=\"container\">\n\n\t\t\t\t\t\t\t\t\t\t\t\t\t\t\t\t\t\t\t\t\t\t\t\t\t<a class=\"box white center border-none large\" href=\"https:\/\/resources.helpmegrowwa.org\/search?query=BM-6500.1500-500%2CBM-6500.6500-650%2CBM-6500.1550%2CBM-6000.1500&#038;query_label=Clothing%20%26%20Supplies&#038;query_type=taxonomy\" target=\"_blank\">\n\t\t\t\t\t\t\t\t\t\t\t\t\t\t\t\t\t\t\t\t\t\t\t\t\t\t\t<img decoding=\"async\" src=\"https:\/\/upperhousedev17.com\/wp-content\/uploads\/2023\/08\/icon-clothing.svg\" alt=\"\">\n\t\t\t\t\t\t\t\t\t\t\t\t\t\t\t\t\t\t\t\t\t\t\t\t\t<div class=\"default\"><h2><span style=\"color: #00609c;\">Qu\u1ea7n \u00e1o<\/span><\/h2>\n<p>T\u00f4i mu\u1ed1n t\u00ecm m\u1ed9t ng\u00e2n h\u00e0ng qu\u1ea7n \u00e1o g\u1ea7n n\u01a1i t\u00f4i \u1edf \u0111\u1ec3 cung c\u1ea5p qu\u1ea7n \u00e1o, gi\u00e0y d\u00e9p v\u00e0 c\u00e1c v\u1eadt d\u1ee5ng li\u00ean quan mi\u1ec5n ph\u00ed cho gia \u0111\u00ecnh t\u00f4i.<\/p>\n<\/div>\n\t\t\t\t\t\t\t\t\t\t\t\t\t\t\t\t\t<div class=\"wrapper\">\n\t\t\t\t\t\t\t\t\t\t<div class=\"textlink\">\n\t\t\t\t\t\t\t\t\t\t\tT\u00ecm ngu\u1ed3n h\u1ed7 tr\u1ee3<svg class=\"arrow\" aria-hidden=\"true\" focusable=\"false\" data-prefix=\"fas\" data-icon=\"long-arrow-right\" role=\"img\" xmlns=\"http:\/\/www.w3.org\/2000\/svg\" viewbox=\"0 0 448 512\">\n\t\t\t\t\t\t\t\t\t\t\t\t<path fill=\"#FF671D\" d=\"M254.544 154.427L320.118 220H24c-13.255 0-24 10.745-24 24v24c0 13.255 10.745 24 24 24h296.118l-65.574 65.573c-9.373 9.373-9.373 24.569 0 33.941l16.971 16.971c9.373 9.373 24.569 9.373 33.941 0L440.97 272.97c9.373-9.373 9.373-24.569 0-33.941L305.456 103.515c-9.373-9.373-24.569-9.373-33.941 0l-16.971 16.971c-9.373 9.372-9.373 24.568 0 33.941z\"><\/path>\n\t\t\t\t\t\t\t\t\t\t\t<\/svg>\n\t\t\t\t\t\t\t\t\t\t<\/div>\n\t\t\t\t\t\t\t\t\t<\/div>\n\t\t\t\t\t\t\t\t\t\t\t\t\t\t\t<\/a>\n\t\t\t\t\t\t\t\t\t\t\t\t\t\t\t<\/div>\n\t\t\t\t\t\t\t<div class=\"container\">\n\n\t\t\t\t\t\t\t\t\t\t\t\t\t\t\t\t\t\t\t\t\t\t\t\t\t<a class=\"box white center border-none large\" href=\"https:\/\/resources.helpmegrowwa.org\/search?query=NS-9000.9000%2CND-2000&#038;query_label=Employment&#038;query_type=taxonomy\" target=\"_blank\">\n\t\t\t\t\t\t\t\t\t\t\t\t\t\t\t\t\t\t\t\t\t\t\t\t\t\t\t<img decoding=\"async\" src=\"https:\/\/upperhousedev17.com\/wp-content\/uploads\/2023\/08\/icon-employment.svg\" alt=\"\">\n\t\t\t\t\t\t\t\t\t\t\t\t\t\t\t\t\t\t\t\t\t\t\t\t\t<div class=\"default\"><h2><span style=\"color: #00609c;\">Thu\u00ea ng\u01b0\u1eddi l\u00e0m<\/span><\/h2>\n<p>T\u00f4i quan t\u00e2m \u0111\u1ebfn vi\u1ec7c ti\u1ebfp c\u1eadn t\u00ecm ki\u1ebfm vi\u1ec7c l\u00e0m, gi\u00e1o d\u1ee5c v\u00e0 \u0111\u00e0o t\u1ea1o k\u1ef9 n\u0103ng; ngu\u1ed3n vi\u1ec7c l\u00e0m; ho\u1eb7c tr\u1ee3 c\u1ea5p th\u1ea5t nghi\u1ec7p.<\/p>\n<\/div>\n\t\t\t\t\t\t\t\t\t\t\t\t\t\t\t\t\t<div class=\"wrapper\">\n\t\t\t\t\t\t\t\t\t\t<div class=\"textlink\">\n\t\t\t\t\t\t\t\t\t\t\tT\u00ecm ngu\u1ed3n h\u1ed7 tr\u1ee3<svg class=\"arrow\" aria-hidden=\"true\" focusable=\"false\" data-prefix=\"fas\" data-icon=\"long-arrow-right\" role=\"img\" xmlns=\"http:\/\/www.w3.org\/2000\/svg\" viewbox=\"0 0 448 512\">\n\t\t\t\t\t\t\t\t\t\t\t\t<path fill=\"#FF671D\" d=\"M254.544 154.427L320.118 220H24c-13.255 0-24 10.745-24 24v24c0 13.255 10.745 24 24 24h296.118l-65.574 65.573c-9.373 9.373-9.373 24.569 0 33.941l16.971 16.971c9.373 9.373 24.569 9.373 33.941 0L440.97 272.97c9.373-9.373 9.373-24.569 0-33.941L305.456 103.515c-9.373-9.373-24.569-9.373-33.941 0l-16.971 16.971c-9.373 9.372-9.373 24.568 0 33.941z\"><\/path>\n\t\t\t\t\t\t\t\t\t\t\t<\/svg>\n\t\t\t\t\t\t\t\t\t\t<\/div>\n\t\t\t\t\t\t\t\t\t<\/div>\n\t\t\t\t\t\t\t\t\t\t\t\t\t\t\t<\/a>\n\t\t\t\t\t\t\t\t\t\t\t\t\t\t\t<\/div>\n\t\t\t\t\t\t\t<div class=\"container\">\n\n\t\t\t\t\t\t\t\t\t\t\t\t\t\t\t\t\t\t\t\t\t\t\t\t\t<a class=\"box white center border-none large\" href=\"https:\/\/resources.helpmegrowwa.org\/search?query=BH-3000.1800-950%2CTH-2900.1785%2CPL-6900.8000%2CNT-8900%2CNL-1000.8500%2CLH-5100%2CHL-8000.8000%2CDT-8700.8100%2CBV-8900.1700-850%2CBV-8900.1700-330%2CBV-8900&#038;query_label=Financial%20Assistance&#038;query_type=taxonomy\" target=\"_blank\">\n\t\t\t\t\t\t\t\t\t\t\t\t\t\t\t\t\t\t\t\t\t\t\t\t\t\t\t<img decoding=\"async\" src=\"https:\/\/upperhousedev17.com\/wp-content\/uploads\/2023\/08\/icon-financial.svg\" alt=\"\">\n\t\t\t\t\t\t\t\t\t\t\t\t\t\t\t\t\t\t\t\t\t\t\t\t\t<div class=\"default\"><h2><span style=\"color: #00609c;\">T\u00e0i ch\u00ednh<\/span><\/h2>\n<p>T\u00f4i c\u1ea7n h\u1ed7 tr\u1ee3 v\u1ec1 chi ph\u00ed ti\u1ec7n \u00edch (gas, \u0111i\u1ec7n, n\u01b0\u1edbc, s\u01b0\u1edfi \u1ea5m), h\u00f3a \u0111\u01a1n internet ho\u1eb7c \u0111i\u1ec7n tho\u1ea1i ho\u1eb7c mu\u1ed1n bi\u1ebft th\u00f4ng tin v\u1ec1 h\u1ed7 tr\u1ee3 ti\u1ec1n m\u1eb7t.<\/p>\n<\/div>\n\t\t\t\t\t\t\t\t\t\t\t\t\t\t\t\t\t<div class=\"wrapper\">\n\t\t\t\t\t\t\t\t\t\t<div class=\"textlink\">\n\t\t\t\t\t\t\t\t\t\t\tT\u00ecm ngu\u1ed3n h\u1ed7 tr\u1ee3<svg class=\"arrow\" aria-hidden=\"true\" focusable=\"false\" data-prefix=\"fas\" data-icon=\"long-arrow-right\" role=\"img\" xmlns=\"http:\/\/www.w3.org\/2000\/svg\" viewbox=\"0 0 448 512\">\n\t\t\t\t\t\t\t\t\t\t\t\t<path fill=\"#FF671D\" d=\"M254.544 154.427L320.118 220H24c-13.255 0-24 10.745-24 24v24c0 13.255 10.745 24 24 24h296.118l-65.574 65.573c-9.373 9.373-9.373 24.569 0 33.941l16.971 16.971c9.373 9.373 24.569 9.373 33.941 0L440.97 272.97c9.373-9.373 9.373-24.569 0-33.941L305.456 103.515c-9.373-9.373-24.569-9.373-33.941 0l-16.971 16.971c-9.373 9.372-9.373 24.568 0 33.941z\"><\/path>\n\t\t\t\t\t\t\t\t\t\t\t<\/svg>\n\t\t\t\t\t\t\t\t\t\t<\/div>\n\t\t\t\t\t\t\t\t\t<\/div>\n\t\t\t\t\t\t\t\t\t\t\t\t\t\t\t<\/a>\n\t\t\t\t\t\t\t\t\t\t\t\t\t\t\t<\/div>\n\t\t\t\t\t\t\t<div class=\"container\">\n\n\t\t\t\t\t\t\t\t\t\t\t\t\t\t\t\t\t\t\t\t\t\t\t\t\t<a class=\"box white center border-none large\" href=\"https:\/\/resources.helpmegrowwa.org\/search?query=BH-8600%2CBH-7000.4600%2CBH-3900%2CBH-3800.7000%2CBH-3800.5000%2CBH-3800.1480%2CBH-1800.5000%2CBH-1800.1500-960%2CBH-1800%2CBH-0500.3200%2CBH-0500&#038;query_label=Housing&#038;query_type=taxonomy\" target=\"_blank\">\n\t\t\t\t\t\t\t\t\t\t\t\t\t\t\t\t\t\t\t\t\t\t\t\t\t\t\t<img decoding=\"async\" src=\"https:\/\/upperhousedev17.com\/wp-content\/uploads\/2023\/08\/icon-housing.svg\" alt=\"\">\n\t\t\t\t\t\t\t\t\t\t\t\t\t\t\t\t\t\t\t\t\t\t\t\t\t<div class=\"default\"><h2><span style=\"color: #00609c;\">Nh\u00e0 \u1edf<\/span><\/h2>\n<p>T\u00f4i mu\u1ed1n bi\u1ebft th\u00eam v\u1ec1 nh\u00e0 \u1edf gi\u00e1 ph\u1ea3i ch\u0103ng, n\u01a1i tr\u00fa \u1ea9n kh\u1ea9n c\u1ea5p v\u00e0 b\u1ea1o l\u1ef1c gia \u0111\u00ecnh, nh\u00e0 \u1edf chuy\u1ec3n ti\u1ebfp v\u00e0 c\u00e1c d\u1ecbch v\u1ee5 ng\u0103n ng\u1eeba tr\u1ee5c xu\u1ea5t.<\/p>\n<\/div>\n\t\t\t\t\t\t\t\t\t\t\t\t\t\t\t\t\t<div class=\"wrapper\">\n\t\t\t\t\t\t\t\t\t\t<div class=\"textlink\">\n\t\t\t\t\t\t\t\t\t\t\tT\u00ecm ngu\u1ed3n h\u1ed7 tr\u1ee3<svg class=\"arrow\" aria-hidden=\"true\" focusable=\"false\" data-prefix=\"fas\" data-icon=\"long-arrow-right\" role=\"img\" xmlns=\"http:\/\/www.w3.org\/2000\/svg\" viewbox=\"0 0 448 512\">\n\t\t\t\t\t\t\t\t\t\t\t\t<path fill=\"#FF671D\" d=\"M254.544 154.427L320.118 220H24c-13.255 0-24 10.745-24 24v24c0 13.255 10.745 24 24 24h296.118l-65.574 65.573c-9.373 9.373-9.373 24.569 0 33.941l16.971 16.971c9.373 9.373 24.569 9.373 33.941 0L440.97 272.97c9.373-9.373 9.373-24.569 0-33.941L305.456 103.515c-9.373-9.373-24.569-9.373-33.941 0l-16.971 16.971c-9.373 9.372-9.373 24.568 0 33.941z\"><\/path>\n\t\t\t\t\t\t\t\t\t\t\t<\/svg>\n\t\t\t\t\t\t\t\t\t\t<\/div>\n\t\t\t\t\t\t\t\t\t<\/div>\n\t\t\t\t\t\t\t\t\t\t\t\t\t\t\t<\/a>\n\t\t\t\t\t\t\t\t\t\t\t\t\t\t\t<\/div>\n\t\t\t\t\t\t\t<div class=\"container\">\n\n\t\t\t\t\t\t\t\t\t\t\t\t\t\t\t\t\t\t\t\t\t\t\t\t\t<a class=\"box white center border-none large\" href=\"https:\/\/resources.helpmegrowwa.org\/search?query=HH-0500.1500%2CFT-4150%2CFT-3600%2CFT-3425.5600%2CFT-3200%2CFT-3000.1750%2CFT-3000.1600%2CFT-2450%2CFT-1000.6600%2CDT-8800%2CDF-7000.1200&#038;query_label=Legal%2FTax&#038;query_type=taxonomy\" target=\"_blank\">\n\t\t\t\t\t\t\t\t\t\t\t\t\t\t\t\t\t\t\t\t\t\t\t\t\t\t\t<img decoding=\"async\" src=\"https:\/\/upperhousedev17.com\/wp-content\/uploads\/2023\/08\/icon-legal.svg\" alt=\"\">\n\t\t\t\t\t\t\t\t\t\t\t\t\t\t\t\t\t\t\t\t\t\t\t\t\t<div class=\"default\"><h2><span style=\"color: #00609c;\">H\u1ee3p ph\u00e1p<\/span><\/h2>\n<p>I\u2019m interested in financial counseling and education, legal consultation, support with filing taxes, or free legal services for refugees and immigrants.<\/p>\n<\/div>\n\t\t\t\t\t\t\t\t\t\t\t\t\t\t\t\t\t<div class=\"wrapper\">\n\t\t\t\t\t\t\t\t\t\t<div class=\"textlink\">\n\t\t\t\t\t\t\t\t\t\t\tT\u00ecm ngu\u1ed3n h\u1ed7 tr\u1ee3<svg class=\"arrow\" aria-hidden=\"true\" focusable=\"false\" data-prefix=\"fas\" data-icon=\"long-arrow-right\" role=\"img\" xmlns=\"http:\/\/www.w3.org\/2000\/svg\" viewbox=\"0 0 448 512\">\n\t\t\t\t\t\t\t\t\t\t\t\t<path fill=\"#FF671D\" d=\"M254.544 154.427L320.118 220H24c-13.255 0-24 10.745-24 24v24c0 13.255 10.745 24 24 24h296.118l-65.574 65.573c-9.373 9.373-9.373 24.569 0 33.941l16.971 16.971c9.373 9.373 24.569 9.373 33.941 0L440.97 272.97c9.373-9.373 9.373-24.569 0-33.941L305.456 103.515c-9.373-9.373-24.569-9.373-33.941 0l-16.971 16.971c-9.373 9.372-9.373 24.568 0 33.941z\"><\/path>\n\t\t\t\t\t\t\t\t\t\t\t<\/svg>\n\t\t\t\t\t\t\t\t\t\t<\/div>\n\t\t\t\t\t\t\t\t\t<\/div>\n\t\t\t\t\t\t\t\t\t\t\t\t\t\t\t<\/a>\n\t\t\t\t\t\t\t\t\t\t\t\t\t\t\t<\/div>\n\t\t\t\t\t\t\t<div class=\"container\">\n\n\t\t\t\t\t\t\t\t\t\t\t\t\t\t\t\t\t\t\t\t\t\t\t\t\t<a class=\"box white center border-none large\" href=\"https:\/\/resources.helpmegrowwa.org\/search?query=JR-8400.1500%2CBT-8500.1000-180%2CBT-8300.2500%2CBT-8300%2CBT-4500.6500-500&#038;query_label=Transportation&#038;query_type=taxonomy\" target=\"_blank\">\n\t\t\t\t\t\t\t\t\t\t\t\t\t\t\t\t\t\t\t\t\t\t\t\t\t\t\t<img decoding=\"async\" src=\"https:\/\/upperhousedev17.com\/wp-content\/uploads\/2023\/10\/icon-transportation.svg\" alt=\"\">\n\t\t\t\t\t\t\t\t\t\t\t\t\t\t\t\t\t\t\t\t\t\t\t\t\t<div class=\"default\"><h2><span style=\"color: #00609c;\">V\u1eadn t\u1ea3i<\/span><\/h2>\n<p>T\u00f4i c\u1ea7n h\u1ed7 tr\u1ee3 v\u1ec1 gi\u00e1 v\u00e9 xe bu\u00fdt mi\u1ec5n ph\u00ed v\u00e0 gi\u1ea3m gi\u00e1, phi\u1ebfu mua x\u0103ng, ph\u01b0\u01a1ng ti\u1ec7n di chuy\u1ec3n \u0111\u1ebfn v\u00e0 \u0111i t\u1eeb c\u00e1c cu\u1ed9c h\u1eb9n kh\u00e1m b\u1ec7nh ho\u1eb7c an to\u00e0n tr\u00ean gh\u1ebf ng\u1ed3i tr\u00ean \u00f4 t\u00f4.<\/p>\n<\/div>\n\t\t\t\t\t\t\t\t\t\t\t\t\t\t\t\t\t<div class=\"wrapper\">\n\t\t\t\t\t\t\t\t\t\t<div class=\"textlink\">\n\t\t\t\t\t\t\t\t\t\t\tT\u00ecm ngu\u1ed3n h\u1ed7 tr\u1ee3<svg class=\"arrow\" aria-hidden=\"true\" focusable=\"false\" data-prefix=\"fas\" data-icon=\"long-arrow-right\" role=\"img\" xmlns=\"http:\/\/www.w3.org\/2000\/svg\" viewbox=\"0 0 448 512\">\n\t\t\t\t\t\t\t\t\t\t\t\t<path fill=\"#FF671D\" d=\"M254.544 154.427L320.118 220H24c-13.255 0-24 10.745-24 24v24c0 13.255 10.745 24 24 24h296.118l-65.574 65.573c-9.373 9.373-9.373 24.569 0 33.941l16.971 16.971c9.373 9.373 24.569 9.373 33.941 0L440.97 272.97c9.373-9.373 9.373-24.569 0-33.941L305.456 103.515c-9.373-9.373-24.569-9.373-33.941 0l-16.971 16.971c-9.373 9.372-9.373 24.568 0 33.941z\"><\/path>\n\t\t\t\t\t\t\t\t\t\t\t<\/svg>\n\t\t\t\t\t\t\t\t\t\t<\/div>\n\t\t\t\t\t\t\t\t\t<\/div>\n\t\t\t\t\t\t\t\t\t\t\t\t\t\t\t<\/a>\n\t\t\t\t\t\t\t\t\t\t\t\t\t\t\t<\/div>\n\t\t\t\t\t<\/div>\n\t<\/div>\n\t<script>\n\t\t(function($) {\n\n\t\t\t\/\/ Get the block ID\n\t\t\tvar id = \"#block_7f4698edba32b44b53c5927541c328e6\";\n\n\t\t\t$(id + \" .boxes-wrapper .boxes .box\").hover(function() {\n\t\t\t\t$(this).find(\".arrow\").addClass(\"hover\");\n\t\t\t\t$(this).find(\"img\").addClass(\"hover\");\n\t\t\t}, function() {\n\t\t\t\t$(this).find(\".arrow\").removeClass(\"hover\");\n\t\t\t\t$(this).find(\"img\").removeClass(\"hover\");\n\t\t\t});\n\n\t\t\t\/\/ Reveal foreground elements\n\t\t\tScrollReveal().reveal(id + \" .container\", {\n\t\t\t\torigin: \"bottom\",\n\t\t\t\tdistance: \"20px\",\n\t\t\t\tduration: 1000,\n\t\t\t\tviewFactor: 0.2,\n\t\t\t\tinterval: 100,\n\t\t\t\treset: false\n\t\t\t});\n\n\t\t})(jQuery)\n\t<\/script>\n<\/div>\n\n<div id=\"block_5bd0cb1d41cda3080b6b0cc90f40d0d4\" class=\"text-block light-gray large center text-black default-margin\">\n\t<div class=\"container one-column full\">\n\t\t<h2><span style=\"color: #561553;\">Finding the right support is hard. We make it easier.<\/span><\/h2>\n<p>D\u00f9 tr\u1ef1c tuy\u1ebfn hay qua \u0111i\u1ec7n tho\u1ea1i, ch\u00fang t\u00f4i c\u00f3 th\u1ec3 k\u1ebft n\u1ed1i b\u1ea1n v\u1edbi c\u00e1c t\u00e0i nguy\u00ean b\u1ea1n c\u1ea7n khi b\u1ea1n c\u1ea7n. T\u00ecm c\u00e1c ngu\u1ed3n l\u1ef1c th\u1ef1c ph\u1ea9m, s\u1ee9c kh\u1ecfe v\u00e0 ph\u00e1t tri\u1ec3n tr\u1ebb em thi\u1ebft y\u1ebfu trong c\u1ed9ng \u0111\u1ed3ng c\u1ee7a b\u1ea1n \u0111\u1ec3 h\u1ed7 tr\u1ee3 gia \u0111\u00ecnh b\u1ea1n.<\/p>\n\t<\/div>\n\t<script>\n\t\t(function($) {\n\t\t\t\/\/ Get the block ID\n\t\t\tvar id = \"#block_5bd0cb1d41cda3080b6b0cc90f40d0d4\";\n\t\t\t\/\/ Reveal the block\n\t\t\tvar container = document.documentElement;\n\t\t\tScrollReveal().reveal(id + \" .container\", {\n\t\t\t\torigin: \"bottom\",\n\t\t\t\tdistance: \"20px\",\n\t\t\t\tduration: 1000,\n\t\t\t\tcontainer: container\n\t\t\t});\n\t\t}(jQuery))\n\t<\/script>\n<\/div>\n\n<div id=\"block_d14f7a8de44fdc4cc299556e77db1e9d\" class=\"boxes-block light-gray rectangular lines-between-boxes\">\n\t<div class=\"boxes-wrapper\">\n\t\t<div class=\"boxes\">\n\t\t\t\t\t\t\t<div class=\"container\">\n\n\t\t\t\t\t\t\t\t\t\t\t\t\t\t\t\t\t\t\t\t\t\t\t\t\t<a class=\"box white center border-none large\" href=\"https:\/\/resources.helpmegrowwa.org\/\" target=\"_blank\">\n\t\t\t\t\t\t\t\t\t\t\t\t\t\t\t\t\t\t\t\t\t\t\t\t\t\t\t<img decoding=\"async\" src=\"https:\/\/upperhousedev17.com\/wp-content\/uploads\/2023\/08\/icon-search.svg\" alt=\"Icon for Get Personalized Help\">\n\t\t\t\t\t\t\t\t\t\t\t\t\t\t\t\t\t\t\t\t\t\t\t\t\t<div class=\"default\"><h2><span style=\"color: #561553;\">Talk to a Navigator\u00a0<\/span><\/h2>\n<p><span style=\"font-weight: 400;\">Need support now? Call a Help Me Grow Washington hotline and talk to a Family Resource Navigator.<\/span><\/p>\n<\/div>\n\t\t\t\t\t\t\t\t\t\t\t\t\t\t\t\t\t<div class=\"wrapper\">\n\t\t\t\t\t\t\t\t\t\t<div class=\"textlink\">\n\t\t\t\t\t\t\t\t\t\t\tT\u00ecm hi\u1ec3u th\u00eam<svg class=\"arrow\" aria-hidden=\"true\" focusable=\"false\" data-prefix=\"fas\" data-icon=\"long-arrow-right\" role=\"img\" xmlns=\"http:\/\/www.w3.org\/2000\/svg\" viewbox=\"0 0 448 512\">\n\t\t\t\t\t\t\t\t\t\t\t\t<path fill=\"#FF671D\" d=\"M254.544 154.427L320.118 220H24c-13.255 0-24 10.745-24 24v24c0 13.255 10.745 24 24 24h296.118l-65.574 65.573c-9.373 9.373-9.373 24.569 0 33.941l16.971 16.971c9.373 9.373 24.569 9.373 33.941 0L440.97 272.97c9.373-9.373 9.373-24.569 0-33.941L305.456 103.515c-9.373-9.373-24.569-9.373-33.941 0l-16.971 16.971c-9.373 9.372-9.373 24.568 0 33.941z\"><\/path>\n\t\t\t\t\t\t\t\t\t\t\t<\/svg>\n\t\t\t\t\t\t\t\t\t\t<\/div>\n\t\t\t\t\t\t\t\t\t<\/div>\n\t\t\t\t\t\t\t\t\t\t\t\t\t\t\t<\/a>\n\t\t\t\t\t\t\t\t\t\t\t\t\t\t\t<\/div>\n\t\t\t\t\t\t\t<div class=\"container\">\n\n\t\t\t\t\t\t\t\t\t\t\t\t\t\t\t\t\t\t\t\t\t\t\t\t\t<a class=\"box white center border-none large\" href=\"https:\/\/referrals.helpmegrowwa.org\/benefit_finder\" target=\"_blank\">\n\t\t\t\t\t\t\t\t\t\t\t\t\t\t\t\t\t\t\t\t\t\t\t\t\t\t\t<img decoding=\"async\" src=\"https:\/\/upperhousedev17.com\/wp-content\/uploads\/2023\/08\/icon-screen.svg\" alt=\"Icon for Search Resources\">\n\t\t\t\t\t\t\t\t\t\t\t\t\t\t\t\t\t\t\t\t\t\t\t\t\t<div class=\"default\"><h2><span style=\"color: #561553;\">Search Resources\u00a0<\/span><\/h2>\n<p><span style=\"font-weight: 400;\">Visit the Resource Finder to search services and supports in your community.<\/span><\/p>\n<\/div>\n\t\t\t\t\t\t\t\t\t\t\t\t\t\t\t\t\t<div class=\"wrapper\">\n\t\t\t\t\t\t\t\t\t\t<div class=\"textlink\">\n\t\t\t\t\t\t\t\t\t\t\tT\u00ecm hi\u1ec3u th\u00eam<svg class=\"arrow\" aria-hidden=\"true\" focusable=\"false\" data-prefix=\"fas\" data-icon=\"long-arrow-right\" role=\"img\" xmlns=\"http:\/\/www.w3.org\/2000\/svg\" viewbox=\"0 0 448 512\">\n\t\t\t\t\t\t\t\t\t\t\t\t<path fill=\"#FF671D\" d=\"M254.544 154.427L320.118 220H24c-13.255 0-24 10.745-24 24v24c0 13.255 10.745 24 24 24h296.118l-65.574 65.573c-9.373 9.373-9.373 24.569 0 33.941l16.971 16.971c9.373 9.373 24.569 9.373 33.941 0L440.97 272.97c9.373-9.373 9.373-24.569 0-33.941L305.456 103.515c-9.373-9.373-24.569-9.373-33.941 0l-16.971 16.971c-9.373 9.372-9.373 24.568 0 33.941z\"><\/path>\n\t\t\t\t\t\t\t\t\t\t\t<\/svg>\n\t\t\t\t\t\t\t\t\t\t<\/div>\n\t\t\t\t\t\t\t\t\t<\/div>\n\t\t\t\t\t\t\t\t\t\t\t\t\t\t\t<\/a>\n\t\t\t\t\t\t\t\t\t\t\t\t\t\t\t<\/div>\n\t\t\t\t\t\t\t<div class=\"container\">\n\n\t\t\t\t\t\t\t\t\t\t\t\t\t\t\t\t\t\t\t\t\t\t\t\t\t<a class=\"box white center border-none large\" href=\"\/vi\/hotline\/\" target=\"\">\n\t\t\t\t\t\t\t\t\t\t\t\t\t\t\t\t\t\t\t\t\t\t\t\t\t\t\t<img decoding=\"async\" src=\"https:\/\/upperhousedev17.com\/wp-content\/uploads\/2023\/08\/icon-call.svg\" alt=\"Icon for Talk To a Navigator\">\n\t\t\t\t\t\t\t\t\t\t\t\t\t\t\t\t\t\t\t\t\t\t\t\t\t<div class=\"default\"><h2><span style=\"color: #561553;\">Get Personalized Help\u00a0<\/span><\/h2>\n<p><span style=\"font-weight: 400;\">Fill out a short form to see if you qualify for state benefits or to get connected to Help Me Grow Washington.<\/span><\/p>\n<\/div>\n\t\t\t\t\t\t\t\t\t\t\t\t\t\t\t\t\t<div class=\"wrapper\">\n\t\t\t\t\t\t\t\t\t\t<div class=\"textlink\">\n\t\t\t\t\t\t\t\t\t\t\tT\u00ecm hi\u1ec3u th\u00eam<svg class=\"arrow\" aria-hidden=\"true\" focusable=\"false\" data-prefix=\"fas\" data-icon=\"long-arrow-right\" role=\"img\" xmlns=\"http:\/\/www.w3.org\/2000\/svg\" viewbox=\"0 0 448 512\">\n\t\t\t\t\t\t\t\t\t\t\t\t<path fill=\"#FF671D\" d=\"M254.544 154.427L320.118 220H24c-13.255 0-24 10.745-24 24v24c0 13.255 10.745 24 24 24h296.118l-65.574 65.573c-9.373 9.373-9.373 24.569 0 33.941l16.971 16.971c9.373 9.373 24.569 9.373 33.941 0L440.97 272.97c9.373-9.373 9.373-24.569 0-33.941L305.456 103.515c-9.373-9.373-24.569-9.373-33.941 0l-16.971 16.971c-9.373 9.372-9.373 24.568 0 33.941z\"><\/path>\n\t\t\t\t\t\t\t\t\t\t\t<\/svg>\n\t\t\t\t\t\t\t\t\t\t<\/div>\n\t\t\t\t\t\t\t\t\t<\/div>\n\t\t\t\t\t\t\t\t\t\t\t\t\t\t\t<\/a>\n\t\t\t\t\t\t\t\t\t\t\t\t\t\t\t<\/div>\n\t\t\t\t\t<\/div>\n\t<\/div>\n\t<script>\n\t\t(function($) {\n\n\t\t\t\/\/ Get the block ID\n\t\t\tvar id = \"#block_d14f7a8de44fdc4cc299556e77db1e9d\";\n\n\t\t\t$(id + \" .boxes-wrapper .boxes .box\").hover(function() {\n\t\t\t\t$(this).find(\".arrow\").addClass(\"hover\");\n\t\t\t\t$(this).find(\"img\").addClass(\"hover\");\n\t\t\t}, function() {\n\t\t\t\t$(this).find(\".arrow\").removeClass(\"hover\");\n\t\t\t\t$(this).find(\"img\").removeClass(\"hover\");\n\t\t\t});\n\n\t\t\t\/\/ Reveal foreground elements\n\t\t\tScrollReveal().reveal(id + \" .container\", {\n\t\t\t\torigin: \"bottom\",\n\t\t\t\tdistance: \"20px\",\n\t\t\t\tduration: 1000,\n\t\t\t\tviewFactor: 0.2,\n\t\t\t\tinterval: 100,\n\t\t\t\treset: false\n\t\t\t});\n\n\t\t})(jQuery)\n\t<\/script>\n<\/div>\n\n<div id=\"block_1676c0ef940d3e0421f1b1244be7c4cb\" class=\"fifty-fifty-block blue right\">\n\t<img decoding=\"async\" class=\"flower-graphic\" src=\"https:\/\/upperhousedev17.com\/wp-content\/themes\/helpmegrowwa\/images\/banner-text-shapes.svg\">\n\t<div class=\"info watermark\">\n\t\t<div class=\"container regular top\">\n\t\t\t<h2>The Help Me Grow Washington Experience<\/h2>\n<p>Our friendly and knowledgeable Family Resource Navigators are here to support you in understanding and applying for a variety of food, health, and child development resources in Washington state. They will listen to your family\u2019s needs and help you find the best support for your family.<\/p>\n\t\t\t\t\t\t\t\t\t<div class=\"link\">\n\t\t\t\t<a class=\"button orange\" href=\"\/vi\/hotline\/\" target=\"\">\n\t\t\t\t\t\t\t\t\t\tT\u00ecm hi\u1ec3u th\u00eam\t\t\t\t<\/a>\n\t\t\t<\/div>\n\t\t\t\t\t<\/div>\n\t<\/div>\n\t\t<div class=\"image\" style=\"background-image: url(https:\/\/upperhousedev17.com\/wp-content\/uploads\/2023\/09\/iStock-1414162938@2x.jpg);background-position: top center;\">\n\t\t\t\t\t<\/div>\n\t<script>\n\t(function($) {\n\t\t\/\/ Get the block ID\n\t\tvar id = \"#block_1676c0ef940d3e0421f1b1244be7c4cb\";\n\t\t\/\/ Reveal the block\n\t\tvar container = document.documentElement;\n\t\tScrollReveal().reveal(id + \".left .image\", {origin: \"left\", distance: \"20px\", duration: 1000});\n\t\tScrollReveal().reveal(id + \".left .info .container\", {origin: \"right\", distance: \"20px\", duration: 1000});\n\t\tScrollReveal().reveal(id + \".right .image\", {origin: \"right\", distance: \"20px\", duration: 1000});\n\t\tScrollReveal().reveal(id + \".right .info .container\", {origin: \"left\", distance: \"20px\", duration: 1000});\n\t}(jQuery))\n\t<\/script>\n<\/div>","protected":false},"excerpt":{"rendered":"","protected":false},"author":2,"featured_media":0,"parent":0,"menu_order":30,"comment_status":"closed","ping_status":"closed","template":"","meta":{"_acf_changed":false,"footnotes":""},"acf":[],"_links":{"self":[{"href":"https:\/\/upperhousedev17.com\/vi\/wp-json\/wp\/v2\/pages\/6214"}],"collection":[{"href":"https:\/\/upperhousedev17.com\/vi\/wp-json\/wp\/v2\/pages"}],"about":[{"href":"https:\/\/upperhousedev17.com\/vi\/wp-json\/wp\/v2\/types\/page"}],"author":[{"embeddable":true,"href":"https:\/\/upperhousedev17.com\/vi\/wp-json\/wp\/v2\/users\/2"}],"replies":[{"embeddable":true,"href":"https:\/\/upperhousedev17.com\/vi\/wp-json\/wp\/v2\/comments?post=6214"}],"version-history":[{"count":96,"href":"https:\/\/upperhousedev17.com\/vi\/wp-json\/wp\/v2\/pages\/6214\/revisions"}],"predecessor-version":[{"id":13900,"href":"https:\/\/upperhousedev17.com\/vi\/wp-json\/wp\/v2\/pages\/6214\/revisions\/13900"}],"wp:attachment":[{"href":"https:\/\/upperhousedev17.com\/vi\/wp-json\/wp\/v2\/media?parent=6214"}],"curies":[{"name":"wp","href":"https:\/\/api.w.org\/{rel}","templated":true}]}}