{"id":5792,"date":"2022-08-29T18:42:40","date_gmt":"2022-08-29T18:42:40","guid":{"rendered":"https:\/\/helpmegrowwa.org\/?page_id=5792"},"modified":"2026-04-27T14:33:46","modified_gmt":"2026-04-27T14:33:46","slug":"refer-a-family","status":"publish","type":"page","link":"https:\/\/upperhousedev17.com\/vi\/refer-a-family","title":{"rendered":"Gi\u1edbi thi\u1ec7u m\u1ed9t gia \u0111\u00ecnh"},"content":{"rendered":"<div id=\"block_8ccaa639623e47dc9192db34a501058b\" class=\"fifty-fifty-block dark-purple right fifty-fifty-banner\">\n\t<img decoding=\"async\" class=\"flower-graphic\" src=\"https:\/\/upperhousedev17.com\/wp-content\/themes\/helpmegrowwa\/images\/banner-text-shapes.svg\">\n\t<div class=\"info\">\n\t\t<div class=\"container regular center\">\n\t\t\t<h1>Gi\u1edbi thi\u1ec7u m\u1ed9t gia \u0111\u00ecnh<\/h1>\n\t\t\t\t\t<\/div>\n\t<\/div>\n\t\t<div class=\"image\" style=\"background-image: url(https:\/\/upperhousedev17.com\/wp-content\/uploads\/2023\/12\/Refer-a-Family-Help-Me-Grow-Wa.jpg);background-position: center left;\">\n\t\t\t\t\t<img decoding=\"async\" class=\"corner\" src=\"https:\/\/upperhousedev17.com\/wp-content\/themes\/helpmegrowwa\/images\/fifty-fifty-corner-piece.svg\">\n\t\t\t\t\t<\/div>\n\t<script>\n\t(function($) {\n\t\t\/\/ Get the block ID\n\t\tvar id = \"#block_8ccaa639623e47dc9192db34a501058b\";\n\t\t\/\/ Reveal the block\n\t\tvar container = document.documentElement;\n\t\tScrollReveal().reveal(id + \".left .image\", {origin: \"left\", distance: \"20px\", duration: 1000});\n\t\tScrollReveal().reveal(id + \".left .info .container\", {origin: \"right\", distance: \"20px\", duration: 1000});\n\t\tScrollReveal().reveal(id + \".right .image\", {origin: \"right\", distance: \"20px\", duration: 1000});\n\t\tScrollReveal().reveal(id + \".right .info .container\", {origin: \"left\", distance: \"20px\", duration: 1000});\n\t}(jQuery))\n\t<\/script>\n<\/div>\n\n<div id=\"block_d802bcacfbfb9f5c224ad4344b1ff422\" class=\"text-block white large center\">\n\t<div class=\"container one-column narrow\">\n\t\t<p>C\u00e1c nh\u00e0 cung c\u1ea5p d\u1ecbch v\u1ee5 v\u00e0 y t\u1ebf c\u00f3 th\u1ec3 gi\u1edbi thi\u1ec7u tr\u1ebb em, gia \u0111\u00ecnh v\u00e0 ng\u01b0\u1eddi ch\u0103m s\u00f3c m\u00e0 h\u1ecd l\u00e0m vi\u1ec7c c\u00f9ng t\u1edbi Help Me Grow Washington b\u1eb1ng c\u00e1ch s\u1eed d\u1ee5ng m\u1eabu gi\u1edbi thi\u1ec7u tr\u1ef1c tuy\u1ebfn c\u1ee7a ch\u00fang t\u00f4i. V\u1edbi s\u1ef1 \u0111\u1ed3ng \u00fd c\u1ee7a ng\u01b0\u1eddi ch\u0103m s\u00f3c, b\u1ea1n s\u1ebd chia s\u1ebb m\u1ed9t s\u1ed1 th\u00f4ng tin v\u1edbi Ng\u01b0\u1eddi \u0111i\u1ec1u h\u01b0\u1edbng Ngu\u1ed3n l\u1ef1c Gia \u0111\u00ecnh c\u1ee7a ch\u00fang t\u00f4i, nh\u1eefng ng\u01b0\u1eddi s\u1ebd li\u00ean h\u1ec7 v\u00e0 k\u1ebft n\u1ed1i v\u1edbi h\u1ecd \u0111\u1ec3 n\u00f3i v\u1ec1 c\u00e1c ngu\u1ed3n l\u1ef1c v\u00e0 d\u1ecbch v\u1ee5 h\u1eefu \u00edch. Kh\u00f4ng c\u00f3 y\u00eau c\u1ea7u v\u1ec1 thu nh\u1eadp ho\u1eb7c t\u00ednh \u0111\u1ee7 \u0111i\u1ec1u ki\u1ec7n \u0111\u1ec3 s\u1eed d\u1ee5ng d\u1ecbch v\u1ee5 Help Me Grow Washington, v\u00ec v\u1eady s\u1ebd kh\u00f4ng c\u00f3 ai b\u1ecb t\u1eeb ch\u1ed1i h\u1ed7 tr\u1ee3 c\u1ee7a ch\u00fang t\u00f4i.<\/p>\n\t<\/div>\n\t<script>\n\t\t(function($) {\n\t\t\t\/\/ Get the block ID\n\t\t\tvar id = \"#block_d802bcacfbfb9f5c224ad4344b1ff422\";\n\t\t\t\/\/ Reveal the block\n\t\t\tvar container = document.documentElement;\n\t\t\tScrollReveal().reveal(id + \" .container\", {\n\t\t\t\torigin: \"bottom\",\n\t\t\t\tdistance: \"20px\",\n\t\t\t\tduration: 1000,\n\t\t\t\tcontainer: container\n\t\t\t});\n\t\t}(jQuery))\n\t<\/script>\n<\/div>\n\n<div id=\"block_c5529516e5d5404170a08196cf7c9ae6\" class=\"boxes-block white rectangular lines-between-boxes\">\n\t<div class=\"boxes-wrapper\">\n\t\t<div class=\"boxes\">\n\t\t\t\t\t\t\t<div class=\"container\">\n\n\t\t\t\t\t\t\t\t\t\t\t\t\t\t\t\t\t\t\t\t\t\t\t\t\t<a class=\"box white center border-none large\" href=\"https:\/\/referrals.helpmegrowwa.org\/hmg\" target=\"_blank\">\n\t\t\t\t\t\t\t\t\t\t\t\t\t\t\t\t\t\t\t\t\t\t\t\t\t\t\t<img decoding=\"async\" src=\"https:\/\/upperhousedev17.com\/wp-content\/uploads\/2023\/09\/icon-refer.svg\" alt=\"\">\n\t\t\t\t\t\t\t\t\t\t\t\t\t\t\t\t\t\t\t\t\t\t\t\t\t<div class=\"default\"><h2><span style=\"color: #561553;\">G\u1eedi gi\u1edbi thi\u1ec7u tr\u1ef1c tuy\u1ebfn<\/span><\/h2>\n<p>Vui l\u00f2ng \u0111i\u1ec1n v\u00e0o m\u1eabu gi\u1edbi thi\u1ec7u thay m\u1eb7t cho tr\u1ebb ho\u1eb7c gia \u0111\u00ecnh m\u00e0 b\u1ea1n \u0111ang gi\u1edbi thi\u1ec7u. Ng\u01b0\u1eddi \u0111i\u1ec1u h\u01b0\u1edbng ngu\u1ed3n l\u1ef1c gia \u0111\u00ecnh Help Me Grow Washington s\u1ebd li\u00ean h\u1ec7 v\u1edbi gia \u0111\u00ecnh trong v\u00f2ng 48 gi\u1edd k\u1ec3 t\u1eeb khi nh\u1eadn \u0111\u01b0\u1ee3c gi\u1ea5y gi\u1edbi thi\u1ec7u.<\/p>\n<\/div>\n\t\t\t\t\t\t\t\t\t\t\t\t\t\t\t\t\t<div class=\"wrapper\">\n\t\t\t\t\t\t\t\t\t\t<div class=\"textlink\">\n\t\t\t\t\t\t\t\t\t\t\tGi\u1edbi thi\u1ec7u m\u1ed9t gia \u0111\u00ecnh<svg class=\"arrow\" aria-hidden=\"true\" focusable=\"false\" data-prefix=\"fas\" data-icon=\"long-arrow-right\" role=\"img\" xmlns=\"http:\/\/www.w3.org\/2000\/svg\" viewbox=\"0 0 448 512\">\n\t\t\t\t\t\t\t\t\t\t\t\t<path fill=\"#FF671D\" d=\"M254.544 154.427L320.118 220H24c-13.255 0-24 10.745-24 24v24c0 13.255 10.745 24 24 24h296.118l-65.574 65.573c-9.373 9.373-9.373 24.569 0 33.941l16.971 16.971c9.373 9.373 24.569 9.373 33.941 0L440.97 272.97c9.373-9.373 9.373-24.569 0-33.941L305.456 103.515c-9.373-9.373-24.569-9.373-33.941 0l-16.971 16.971c-9.373 9.372-9.373 24.568 0 33.941z\"><\/path>\n\t\t\t\t\t\t\t\t\t\t\t<\/svg>\n\t\t\t\t\t\t\t\t\t\t<\/div>\n\t\t\t\t\t\t\t\t\t<\/div>\n\t\t\t\t\t\t\t\t\t\t\t\t\t\t\t<\/a>\n\t\t\t\t\t\t\t\t\t\t\t\t\t\t\t<\/div>\n\t\t\t\t\t\t\t<div class=\"container\">\n\n\t\t\t\t\t\t\t\t\t\t\t\t\t\t\t\t\t\t\t\t\t\t\t\t\t<a class=\"box white center border-none large\" href=\"\/vi\/hotline\/\" target=\"\">\n\t\t\t\t\t\t\t\t\t\t\t\t\t\t\t\t\t\t\t\t\t\t\t\t\t\t\t<img decoding=\"async\" src=\"https:\/\/upperhousedev17.com\/wp-content\/uploads\/2023\/08\/icon-call.svg\" alt=\"Icon for Talk To a Navigator\">\n\t\t\t\t\t\t\t\t\t\t\t\t\t\t\t\t\t\t\t\t\t\t\t\t\t<div class=\"default\"><h2><span style=\"color: #561553;\">G\u1ecdi t\u1edbi \u0110\u01b0\u1eddng d\u00e2y n\u00f3ng Help Me Grow Washington<\/span><\/h2>\n<p>Our friendly, knowledgeable Family Resource Navigators help people understand and apply for a variety of support. Help Me Grow Washington services are free and available to anyone in Washington.<\/p>\n<\/div>\n\t\t\t\t\t\t\t\t\t\t\t\t\t\t\t\t\t<div class=\"wrapper\">\n\t\t\t\t\t\t\t\t\t\t<div class=\"textlink\">\n\t\t\t\t\t\t\t\t\t\t\tT\u00ecm hi\u1ec3u th\u00eam<svg class=\"arrow\" aria-hidden=\"true\" focusable=\"false\" data-prefix=\"fas\" data-icon=\"long-arrow-right\" role=\"img\" xmlns=\"http:\/\/www.w3.org\/2000\/svg\" viewbox=\"0 0 448 512\">\n\t\t\t\t\t\t\t\t\t\t\t\t<path fill=\"#FF671D\" d=\"M254.544 154.427L320.118 220H24c-13.255 0-24 10.745-24 24v24c0 13.255 10.745 24 24 24h296.118l-65.574 65.573c-9.373 9.373-9.373 24.569 0 33.941l16.971 16.971c9.373 9.373 24.569 9.373 33.941 0L440.97 272.97c9.373-9.373 9.373-24.569 0-33.941L305.456 103.515c-9.373-9.373-24.569-9.373-33.941 0l-16.971 16.971c-9.373 9.372-9.373 24.568 0 33.941z\"><\/path>\n\t\t\t\t\t\t\t\t\t\t\t<\/svg>\n\t\t\t\t\t\t\t\t\t\t<\/div>\n\t\t\t\t\t\t\t\t\t<\/div>\n\t\t\t\t\t\t\t\t\t\t\t\t\t\t\t<\/a>\n\t\t\t\t\t\t\t\t\t\t\t\t\t\t\t<\/div>\n\t\t\t\t\t\t\t<div class=\"container\">\n\n\t\t\t\t\t\t\t\t\t\t\t\t\t\t\t\t\t\t\t\t\t\t\t\t\t<a class=\"box white center border-none large\" href=\"\/vi\/contact-us\/\" target=\"_blank\">\n\t\t\t\t\t\t\t\t\t\t\t\t\t\t\t\t\t\t\t\t\t\t\t\t\t\t\t<img decoding=\"async\" src=\"https:\/\/upperhousedev17.com\/wp-content\/uploads\/2023\/12\/icon-connect-blue.svg\" alt=\"\">\n\t\t\t\t\t\t\t\t\t\t\t\t\t\t\t\t\t\t\t\t\t\t\t\t\t<div class=\"default\"><h2><span style=\"color: #561553;\">Connect with Help Me Grow Washington\u00a0<\/span><\/h2>\n<p>Interested in a presentation for your staff or to learn more about how Help Me Grow Washington can support you? We can connect you to statewide or local Help Me Grow Washington staff to schedule some time.<\/p>\n<\/div>\n\t\t\t\t\t\t\t\t\t\t\t\t\t\t\t\t\t<div class=\"wrapper\">\n\t\t\t\t\t\t\t\t\t\t<div class=\"textlink\">\n\t\t\t\t\t\t\t\t\t\t\tG\u1eedi email cho ch\u00fang t\u00f4i<svg class=\"arrow\" aria-hidden=\"true\" focusable=\"false\" data-prefix=\"fas\" data-icon=\"long-arrow-right\" role=\"img\" xmlns=\"http:\/\/www.w3.org\/2000\/svg\" viewbox=\"0 0 448 512\">\n\t\t\t\t\t\t\t\t\t\t\t\t<path fill=\"#FF671D\" d=\"M254.544 154.427L320.118 220H24c-13.255 0-24 10.745-24 24v24c0 13.255 10.745 24 24 24h296.118l-65.574 65.573c-9.373 9.373-9.373 24.569 0 33.941l16.971 16.971c9.373 9.373 24.569 9.373 33.941 0L440.97 272.97c9.373-9.373 9.373-24.569 0-33.941L305.456 103.515c-9.373-9.373-24.569-9.373-33.941 0l-16.971 16.971c-9.373 9.372-9.373 24.568 0 33.941z\"><\/path>\n\t\t\t\t\t\t\t\t\t\t\t<\/svg>\n\t\t\t\t\t\t\t\t\t\t<\/div>\n\t\t\t\t\t\t\t\t\t<\/div>\n\t\t\t\t\t\t\t\t\t\t\t\t\t\t\t<\/a>\n\t\t\t\t\t\t\t\t\t\t\t\t\t\t\t<\/div>\n\t\t\t\t\t<\/div>\n\t<\/div>\n\t<script>\n\t\t(function($) {\n\n\t\t\t\/\/ Get the block ID\n\t\t\tvar id = \"#block_c5529516e5d5404170a08196cf7c9ae6\";\n\n\t\t\t$(id + \" .boxes-wrapper .boxes .box\").hover(function() {\n\t\t\t\t$(this).find(\".arrow\").addClass(\"hover\");\n\t\t\t\t$(this).find(\"img\").addClass(\"hover\");\n\t\t\t}, function() {\n\t\t\t\t$(this).find(\".arrow\").removeClass(\"hover\");\n\t\t\t\t$(this).find(\"img\").removeClass(\"hover\");\n\t\t\t});\n\n\t\t\t\/\/ Reveal foreground elements\n\t\t\tScrollReveal().reveal(id + \" .container\", {\n\t\t\t\torigin: \"bottom\",\n\t\t\t\tdistance: \"20px\",\n\t\t\t\tduration: 1000,\n\t\t\t\tviewFactor: 0.2,\n\t\t\t\tinterval: 100,\n\t\t\t\treset: false\n\t\t\t});\n\n\t\t})(jQuery)\n\t<\/script>\n<\/div>\n\n<div id=\"block_f8a8f262c909b47ce2ce75ff2e7e15b1\" class=\"text-block light-gray large center\">\n\t<div class=\"container one-column full\">\n\t\t<h2><span style=\"color: #561553;\">\u0110i\u1ec1u g\u00ec x\u1ea3y ra khi t\u00f4i gi\u1edbi thi\u1ec7u?<\/span><\/h2>\n\t<\/div>\n\t<script>\n\t\t(function($) {\n\t\t\t\/\/ Get the block ID\n\t\t\tvar id = \"#block_f8a8f262c909b47ce2ce75ff2e7e15b1\";\n\t\t\t\/\/ Reveal the block\n\t\t\tvar container = document.documentElement;\n\t\t\tScrollReveal().reveal(id + \" .container\", {\n\t\t\t\torigin: \"bottom\",\n\t\t\t\tdistance: \"20px\",\n\t\t\t\tduration: 1000,\n\t\t\t\tcontainer: container\n\t\t\t});\n\t\t}(jQuery))\n\t<\/script>\n<\/div>\n\n<div id=\"block_e7f8d99593a472d8e7e300b0ab8ef979\" class=\"tile-block light-gray\">\n\t<div class=\"container left\">\n\t\t<div class=\"image\">\n\t\t\t<div class=\"wrapper\">\n\t\t\t\t\t\t\t\t<img decoding=\"async\" src=\"https:\/\/upperhousedev17.com\/wp-content\/uploads\/2022\/09\/iStock-1175468667-555x392.jpg\" srcset=\"https:\/\/upperhousedev17.com\/wp-content\/uploads\/2022\/09\/iStock-1175468667-555x392.jpg 555w, https:\/\/upperhousedev17.com\/wp-content\/uploads\/2022\/09\/iStock-1175468667-1110x784.jpg 1110w\" sizes=\"555px\">\n\t\t\t<\/div>\n\t\t<\/div>\n\t\t<div class=\"text\">\n\t\t\t\t\t\t<h3><span style=\"color: #00609c;\">Tham kh\u1ea3o<\/span><\/h3>\n<p>When you\u2019ve identified a child or a caregiver who could benefit from Help Me Grow Washington, you or someone on your team will fill out our secure, online Help Me Grow Washington Referral Form.<\/p>\n\t\t<\/div>\n\t<\/div>\n\t<script>\n\t(function($) {\n\t\t\/\/ Get the block ID\n\t\tvar id = \"#block_e7f8d99593a472d8e7e300b0ab8ef979\";\n\t\t\/\/ Reveal the block\n\t\tvar container = document.documentElement;\n\t\tScrollReveal().reveal(id + \" .container.left .image\", {origin: \"left\", distance: \"20px\", duration: 1000, container: container});\n\t\tScrollReveal().reveal(id + \" .container.left .text\", {origin: \"right\", distance: \"20px\", duration: 1000, container: container});\n\t\tScrollReveal().reveal(id + \" .container.right .image\", {origin: \"right\", distance: \"20px\", duration: 1000, container: container});\n\t\tScrollReveal().reveal(id + \" .container.right .text\", {origin: \"left\", distance: \"20px\", duration: 1000, container: container});\n\t}(jQuery))\n\t<\/script>\n<\/div>\n\n<div id=\"block_7a6b7db402170de67ec10ef85f5c0698\" class=\"tile-block light-gray\">\n\t<div class=\"container right\">\n\t\t<div class=\"image\">\n\t\t\t<div class=\"wrapper\">\n\t\t\t\t\t\t\t\t<img decoding=\"async\" src=\"https:\/\/upperhousedev17.com\/wp-content\/uploads\/2022\/09\/iStock-1384865367-555x392.jpg\" srcset=\"https:\/\/upperhousedev17.com\/wp-content\/uploads\/2022\/09\/iStock-1384865367-555x392.jpg 555w, https:\/\/upperhousedev17.com\/wp-content\/uploads\/2022\/09\/iStock-1384865367-1110x784.jpg 1110w\" sizes=\"555px\">\n\t\t\t<\/div>\n\t\t<\/div>\n\t\t<div class=\"text\">\n\t\t\t\t\t\t<h3><span style=\"color: #00609c;\">Nghe<\/span><\/h3>\n<p>Khi m\u1ed9t trong nh\u1eefng Ng\u01b0\u1eddi \u0111i\u1ec1u h\u01b0\u1edbng Ngu\u1ed3n l\u1ef1c Gia \u0111\u00ecnh c\u1ee7a ch\u00fang t\u00f4i ph\u1ea3n h\u1ed3i l\u1eddi gi\u1edbi thi\u1ec7u, h\u1ecd s\u1ebd h\u1ecfi ng\u01b0\u1eddi ch\u0103m s\u00f3c m\u1ed9t s\u1ed1 c\u00e2u h\u1ecfi v\u00e0 l\u1eafng nghe m\u1ed1i quan ng\u1ea1i c\u1ee7a h\u1ecd. \u0110i\u1ec1u n\u00e0y nh\u1eb1m \u0111\u1ea3m b\u1ea3o ch\u00fang t\u00f4i t\u00ecm \u0111\u01b0\u1ee3c c\u00e1c ngu\u1ed3n l\u1ef1c v\u00e0 d\u1ecbch v\u1ee5 ph\u00f9 h\u1ee3p \u0111\u1ec3 \u0111\u00e1p \u1ee9ng nhu c\u1ea7u c\u1ee7a tr\u1ebb v\u00e0 gia \u0111\u00ecnh.<\/p>\n\t\t<\/div>\n\t<\/div>\n\t<script>\n\t(function($) {\n\t\t\/\/ Get the block ID\n\t\tvar id = \"#block_7a6b7db402170de67ec10ef85f5c0698\";\n\t\t\/\/ Reveal the block\n\t\tvar container = document.documentElement;\n\t\tScrollReveal().reveal(id + \" .container.left .image\", {origin: \"left\", distance: \"20px\", duration: 1000, container: container});\n\t\tScrollReveal().reveal(id + \" .container.left .text\", {origin: \"right\", distance: \"20px\", duration: 1000, container: container});\n\t\tScrollReveal().reveal(id + \" .container.right .image\", {origin: \"right\", distance: \"20px\", duration: 1000, container: container});\n\t\tScrollReveal().reveal(id + \" .container.right .text\", {origin: \"left\", distance: \"20px\", duration: 1000, container: container});\n\t}(jQuery))\n\t<\/script>\n<\/div>\n\n<div id=\"block_7cf24deb709f9751979e322272e280b3\" class=\"tile-block light-gray\">\n\t<div class=\"container left\">\n\t\t<div class=\"image\">\n\t\t\t<div class=\"wrapper\">\n\t\t\t\t\t\t\t\t<img decoding=\"async\" src=\"https:\/\/upperhousedev17.com\/wp-content\/uploads\/2022\/09\/iStock-1389444830-555x392.jpg\" srcset=\"https:\/\/upperhousedev17.com\/wp-content\/uploads\/2022\/09\/iStock-1389444830-555x392.jpg 555w, https:\/\/upperhousedev17.com\/wp-content\/uploads\/2022\/09\/iStock-1389444830-1110x784.jpg 1110w\" sizes=\"555px\">\n\t\t\t<\/div>\n\t\t<\/div>\n\t\t<div class=\"text\">\n\t\t\t\t\t\t<h2><span style=\"color: #00609c;\">Li\u00ean k\u1ebft<\/span><\/h2>\n<p><span class=\"TextRun BCX0 SCXO172815805\" lang=\"EN-US\" xml:lang=\"EN-US\" data-contrast=\"auto\"><span class=\"NormalTextRun BCX0 SCXO172815805\">Trong m\u1ed9t s\u1ed1 tr\u01b0\u1eddng h\u1ee3p, \u0110i\u1ec1u h\u01b0\u1edbng Ngu\u1ed3n l\u1ef1c Gia \u0111\u00ecnh s\u1ebd cung c\u1ea5p th\u00f4ng tin v\u00e0 gi\u00e1o d\u1ee5c; \u1edf nh\u1eefng n\u01a1i kh\u00e1c, h\u1ecd s\u1ebd gi\u1edbi thi\u1ec7u tr\u1ef1c ti\u1ebfp ho\u1eb7c h\u1ed7 tr\u1ee3 \u0111\u0103ng k\u00fd ho\u1eb7c h\u1ed7 tr\u1ee3 \u0111\u0103ng k\u00fd.<\/span><\/span><\/p>\n\t\t<\/div>\n\t<\/div>\n\t<script>\n\t(function($) {\n\t\t\/\/ Get the block ID\n\t\tvar id = \"#block_7cf24deb709f9751979e322272e280b3\";\n\t\t\/\/ Reveal the block\n\t\tvar container = document.documentElement;\n\t\tScrollReveal().reveal(id + \" .container.left .image\", {origin: \"left\", distance: \"20px\", duration: 1000, container: container});\n\t\tScrollReveal().reveal(id + \" .container.left .text\", {origin: \"right\", distance: \"20px\", duration: 1000, container: container});\n\t\tScrollReveal().reveal(id + \" .container.right .image\", {origin: \"right\", distance: \"20px\", duration: 1000, container: container});\n\t\tScrollReveal().reveal(id + \" .container.right .text\", {origin: \"left\", distance: \"20px\", duration: 1000, container: container});\n\t}(jQuery))\n\t<\/script>\n<\/div>\n\n<div id=\"block_109e7b0b1704c135f4f584fee35d2451\" class=\"tile-block light-gray\">\n\t<div class=\"container right\">\n\t\t<div class=\"image\">\n\t\t\t<div class=\"wrapper\">\n\t\t\t\t\t\t\t\t<img decoding=\"async\" src=\"https:\/\/upperhousedev17.com\/wp-content\/uploads\/2022\/09\/iStock-1307370171-555x392.jpg\" srcset=\"https:\/\/upperhousedev17.com\/wp-content\/uploads\/2022\/09\/iStock-1307370171-555x392.jpg 555w, https:\/\/upperhousedev17.com\/wp-content\/uploads\/2022\/09\/iStock-1307370171-1110x784.jpg 1110w\" sizes=\"555px\">\n\t\t\t<\/div>\n\t\t<\/div>\n\t\t<div class=\"text\">\n\t\t\t\t\t\t<h2><span style=\"color: #00609c;\">Theo s\u00e1t<\/span><\/h2>\n<p><span class=\"TextRun BCX0 SCXO135649776\" lang=\"EN-US\" xml:lang=\"EN-US\" data-contrast=\"auto\"><span class=\"NormalTextRun BCX0 SCXO135649776\">T\u00f9y thu\u1ed9c v\u00e0o m\u1ee9c \u0111\u1ed9 h\u1ed7 tr\u1ee3 c\u1ea7n thi\u1ebft, \u0110i\u1ec1u h\u01b0\u1edbng Ngu\u1ed3n l\u1ef1c Gia \u0111\u00ecnh s\u1ebd li\u00ean h\u1ec7 v\u1edbi m\u1ed9t gia \u0111\u00ecnh \u0111\u1ec3 xem li\u1ec7u c\u00f3 b\u1ea5t k\u1ef3 r\u00e0o c\u1ea3n n\u00e0o trong vi\u1ec7c nh\u1eadn h\u1ed7 tr\u1ee3 m\u00e0 h\u1ecd c\u00f3 th\u1ec3 gi\u00fap gi\u1ea3i quy\u1ebft hay kh\u00f4ng.<\/span><\/span><\/p>\n\t\t<\/div>\n\t<\/div>\n\t<script>\n\t(function($) {\n\t\t\/\/ Get the block ID\n\t\tvar id = \"#block_109e7b0b1704c135f4f584fee35d2451\";\n\t\t\/\/ Reveal the block\n\t\tvar container = document.documentElement;\n\t\tScrollReveal().reveal(id + \" .container.left .image\", {origin: \"left\", distance: \"20px\", duration: 1000, container: container});\n\t\tScrollReveal().reveal(id + \" .container.left .text\", {origin: \"right\", distance: \"20px\", duration: 1000, container: container});\n\t\tScrollReveal().reveal(id + \" .container.right .image\", {origin: \"right\", distance: \"20px\", duration: 1000, container: container});\n\t\tScrollReveal().reveal(id + \" .container.right .text\", {origin: \"left\", distance: \"20px\", duration: 1000, container: container});\n\t}(jQuery))\n\t<\/script>\n<\/div>","protected":false},"excerpt":{"rendered":"","protected":false},"author":4,"featured_media":0,"parent":0,"menu_order":110,"comment_status":"closed","ping_status":"closed","template":"","meta":{"_acf_changed":false,"footnotes":""},"acf":[],"_links":{"self":[{"href":"https:\/\/upperhousedev17.com\/vi\/wp-json\/wp\/v2\/pages\/5792"}],"collection":[{"href":"https:\/\/upperhousedev17.com\/vi\/wp-json\/wp\/v2\/pages"}],"about":[{"href":"https:\/\/upperhousedev17.com\/vi\/wp-json\/wp\/v2\/types\/page"}],"author":[{"embeddable":true,"href":"https:\/\/upperhousedev17.com\/vi\/wp-json\/wp\/v2\/users\/4"}],"replies":[{"embeddable":true,"href":"https:\/\/upperhousedev17.com\/vi\/wp-json\/wp\/v2\/comments?post=5792"}],"version-history":[{"count":134,"href":"https:\/\/upperhousedev17.com\/vi\/wp-json\/wp\/v2\/pages\/5792\/revisions"}],"predecessor-version":[{"id":13826,"href":"https:\/\/upperhousedev17.com\/vi\/wp-json\/wp\/v2\/pages\/5792\/revisions\/13826"}],"wp:attachment":[{"href":"https:\/\/upperhousedev17.com\/vi\/wp-json\/wp\/v2\/media?parent=5792"}],"curies":[{"name":"wp","href":"https:\/\/api.w.org\/{rel}","templated":true}]}}