{"id":12788,"date":"2025-12-09T00:23:06","date_gmt":"2025-12-09T00:23:06","guid":{"rendered":"https:\/\/helpmegrowwa.org\/?page_id=12788"},"modified":"2026-04-27T14:10:10","modified_gmt":"2026-04-27T14:10:10","slug":"early-care-and-education-providers","status":"publish","type":"page","link":"https:\/\/upperhousedev17.com\/vi\/early-care-and-education-providers","title":{"rendered":"Early Care + Education Providers"},"content":{"rendered":"<div id=\"block_d7f48281c8599b212d481c9d2e02e102\" class=\"fifty-fifty-block dark-purple right fifty-fifty-banner\">\n\t<img decoding=\"async\" class=\"flower-graphic\" src=\"https:\/\/upperhousedev17.com\/wp-content\/themes\/helpmegrowwa\/images\/banner-text-shapes.svg\">\n\t<div class=\"info\">\n\t\t<div class=\"container regular center\">\n\t\t\t<h1>Early Care + Education Providers<\/h1>\n\t\t\t\t\t<\/div>\n\t<\/div>\n\t\t<div class=\"image\" style=\"background-image: url(https:\/\/upperhousedev17.com\/wp-content\/uploads\/2025\/11\/Untitled-design-7.png);background-position: top center;\">\n\t\t\t\t\t<img decoding=\"async\" class=\"corner\" src=\"https:\/\/upperhousedev17.com\/wp-content\/themes\/helpmegrowwa\/images\/fifty-fifty-corner-piece.svg\">\n\t\t\t\t\t<\/div>\n\t<script>\n\t(function($) {\n\t\t\/\/ Get the block ID\n\t\tvar id = \"#block_d7f48281c8599b212d481c9d2e02e102\";\n\t\t\/\/ Reveal the block\n\t\tvar container = document.documentElement;\n\t\tScrollReveal().reveal(id + \".left .image\", {origin: \"left\", distance: \"20px\", duration: 1000});\n\t\tScrollReveal().reveal(id + \".left .info .container\", {origin: \"right\", distance: \"20px\", duration: 1000});\n\t\tScrollReveal().reveal(id + \".right .image\", {origin: \"right\", distance: \"20px\", duration: 1000});\n\t\tScrollReveal().reveal(id + \".right .info .container\", {origin: \"left\", distance: \"20px\", duration: 1000});\n\t}(jQuery))\n\t<\/script>\n<\/div>\n\n<div id=\"block_d1fdb0a694dac8c47dea8e02b555649b\" class=\"text-block white large left text-black default-margin\">\n\t<div class=\"container one-column narrow\">\n\t\t<p>C\u00e1c nh\u00e0 cung c\u1ea5p d\u1ecbch v\u1ee5 ch\u0103m s\u00f3c v\u00e0 gi\u00e1o d\u1ee5c m\u1ea7m non (ECE) \u0111\u00f3ng vai tr\u00f2 thi\u1ebft y\u1ebfu trong vi\u1ec7c h\u1ed7 tr\u1ee3 s\u1ef1 ph\u00e1t tri\u1ec3n l\u00e0nh m\u1ea1nh c\u1ee7a tr\u1ebb nh\u1ecf. L\u00e0 nh\u1eefng chuy\u00ean gia \u0111\u00e1ng tin c\u1eady trong m\u00f4i tr\u01b0\u1eddng h\u1ecdc t\u1eadp s\u1edbm, c\u00e1c ECE th\u01b0\u1eddng l\u00e0 nh\u1eefng ng\u01b0\u1eddi \u0111\u1ea7u ti\u00ean nh\u1eadn th\u1ea5y c\u00e1c c\u1ed9t m\u1ed1c ph\u00e1t tri\u1ec3n ho\u1eb7c nh\u1eefng v\u1ea5n \u0111\u1ec1 \u0111\u00e1ng lo ng\u1ea1i.<\/p>\n<p><strong>Help Me Grow Washington<\/strong> Ch\u00fang t\u00f4i lu\u00f4n s\u1eb5n s\u00e0ng h\u1ee3p t\u00e1c v\u1edbi b\u1ea1n th\u00f4ng qua... <a href=\"https:\/\/helpmegrowwa.org\/joining-asq-online-program\"><span style=\"text-decoration: underline;\"><strong><span style=\"color: #ff671d; text-decoration: underline;\">Ch\u01b0\u01a1ng tr\u00ecnh h\u1ee3p t\u00e1c B\u1ea3ng c\u00e2u h\u1ecfi v\u1ec1 \u0111\u1ed9 tu\u1ed5i v\u00e0 giai \u0111o\u1ea1n ph\u00e1t tri\u1ec3n (ASQ)<\/span><\/strong><\/span><\/a>Ch\u00fang t\u00f4i c\u0169ng k\u1ebft n\u1ed1i c\u00e1c gia \u0111\u00ecnh v\u1edbi nhau. <strong>H\u1ed7 tr\u1ee3 s\u1edbm cho tr\u1ebb s\u01a1 sinh v\u00e0 tr\u1ebb nh\u1ecf (ESIT)<\/strong> services and offer parenting and caregiving resources.<\/p>\n<p>S\u1ef1 h\u1ed7 tr\u1ee3 c\u1ee7a ch\u00fang t\u00f4i kh\u00f4ng d\u1eebng l\u1ea1i \u1edf \u0111\u00f3. Tr\u00ean kh\u1eafp ti\u1ec3u bang Washington, ch\u00fang t\u00f4i gi\u00fap c\u00e1c gia \u0111\u00ecnh ti\u1ebfp c\u1eadn c\u00e1c ngu\u1ed3n h\u1ed7 tr\u1ee3 th\u1ef1c ph\u1ea9m thi\u1ebft y\u1ebfu \u2013 nh\u01b0... <strong>Ch\u01b0\u01a1ng tr\u00ecnh WIC, Basic Food v\u00e0 c\u00e1c ng\u00e2n h\u00e0ng th\u1ef1c ph\u1ea9m \u0111\u1ecba ph\u01b0\u01a1ng.<\/strong> \u2013 c\u0169ng nh\u01b0 h\u1ed7 tr\u1ee3 v\u1ec1 <strong>\u0111\u0103ng k\u00fd b\u1ea3o hi\u1ec3m y t\u1ebf<\/strong> v\u00e0 <strong>t\u00ecm b\u00e1c s\u0129 nhi khoa<\/strong>.<\/p>\n<p>C\u00f9ng nhau, ch\u00fang ta c\u00f3 th\u1ec3 \u0111\u1ea3m b\u1ea3o m\u1ecdi tr\u1ebb em \u0111\u1ec1u c\u00f3 \u0111\u01b0\u1ee3c s\u1ef1 h\u1ed7 tr\u1ee3 c\u1ea7n thi\u1ebft ngay t\u1eeb nh\u1eefng n\u0103m \u0111\u1ea7u \u0111\u1eddi trong giai \u0111o\u1ea1n quan tr\u1ecdng n\u00e0y.<\/p>\n<h3><span style=\"color: #6c1b6e;\">H\u1ee3p t\u00e1c v\u1edbi ch\u00fang t\u00f4i<\/span><\/h3>\n<p>Ch\u00fang t\u00f4i cung c\u1ea5p c\u00e1c c\u00f4ng c\u1ee5 v\u00e0 h\u1ed7 tr\u1ee3 \u0111\u1ec3 gi\u00fap b\u1ea1n theo d\u00f5i s\u1ef1 ph\u00e1t tri\u1ec3n, b\u1eaft \u0111\u1ea7u nh\u1eefng cu\u1ed9c tr\u00f2 chuy\u1ec7n \u00fd ngh\u0129a v\u1edbi gia \u0111\u00ecnh v\u00e0 k\u1ebft n\u1ed1i h\u1ecd v\u1edbi c\u00e1c d\u1ecbch v\u1ee5 \u2013 t\u1ea5t c\u1ea3 \u0111\u1ec1u mi\u1ec5n ph\u00ed cho ch\u01b0\u01a1ng tr\u00ecnh c\u1ee7a b\u1ea1n!<\/p>\n<p><a href=\"https:\/\/helpmegrowwa.org\/joining-asq-online-program\"><span style=\"text-decoration: underline; color: #ff671d;\"><strong>H\u00e3y t\u00ecm hi\u1ec3u c\u00e1ch b\u1eaft \u0111\u1ea7u ngay h\u00f4m nay!<\/strong><\/span><\/a><\/p>\n<h3><span style=\"color: #6c1b6e;\">Ch\u00fang t\u00f4i gi\u00fap \u0111\u1ee1 nh\u01b0 th\u1ebf n\u00e0o?<\/span><\/h3>\n<ul>\n<li><strong>Truy c\u1eadp mi\u1ec5n ph\u00ed v\u00e0o ASQ Online<\/strong>c\u00f9ng v\u1edbi ch\u01b0\u01a1ng tr\u00ecnh \u0111\u00e0o t\u1ea1o v\u00e0 h\u1ed7 tr\u1ee3 chuy\u00ean bi\u1ec7t nh\u1eb1m gi\u00fap vi\u1ec7c chia s\u1ebb v\u00e0 qu\u1ea3n l\u00fd k\u1ebft qu\u1ea3 s\u00e0ng l\u1ecdc tr\u1edf n\u00ean d\u1ec5 d\u00e0ng h\u01a1n cho b\u1ea1n v\u00e0 gia \u0111\u00ecnh.<\/li>\n<li>H\u1ed7 tr\u1ee3 gi\u1ea3i th\u00edch k\u1ebft qu\u1ea3 ASQ<\/li>\n<li>H\u01b0\u1edbng d\u1eabn v\u1ec1 c\u00e1ch trao \u0111\u1ed5i v\u1edbi gia \u0111\u00ecnh v\u1ec1 k\u1ebft qu\u1ea3 s\u00e0ng l\u1ecdc<\/li>\n<li>Gi\u1edbi thi\u1ec7u tr\u1ef1c ti\u1ebfp \u0111\u1ebfn c\u00e1c ngu\u1ed3n l\u1ef1c v\u00e0 t\u00e0i li\u1ec7u ph\u00e1t tri\u1ec3n tr\u1ebb em \u0111\u1ecba ph\u01b0\u01a1ng d\u00e0nh cho gia \u0111\u00ecnh b\u1eb1ng nhi\u1ec1u ng\u00f4n ng\u1eef.<\/li>\n<li>T\u1ed5 ch\u1ee9c kh\u00f3a \u0111\u00e0o t\u1ea1o cho nh\u00e2n vi\u00ean v\u1ec1 c\u00e1c m\u1ed1c ph\u00e1t tri\u1ec3n, quy tr\u00ecnh s\u00e0ng l\u1ecdc v\u00e0 gi\u1edbi thi\u1ec7u.<\/li>\n<\/ul>\n\t<\/div>\n\t<script>\n\t\t(function($) {\n\t\t\t\/\/ Get the block ID\n\t\t\tvar id = \"#block_d1fdb0a694dac8c47dea8e02b555649b\";\n\t\t\t\/\/ Reveal the block\n\t\t\tvar container = document.documentElement;\n\t\t\tScrollReveal().reveal(id + \" .container\", {\n\t\t\t\torigin: \"bottom\",\n\t\t\t\tdistance: \"20px\",\n\t\t\t\tduration: 1000,\n\t\t\t\tcontainer: container\n\t\t\t});\n\t\t}(jQuery))\n\t<\/script>\n<\/div>\n\n<div id=\"block_ea17ad0534c4bdeb30703e7215406ee7\" class=\"invitation-block white center\">\t\n\t<div class=\"container purple\">\n\t\t<h3>S\u1eb5n s\u00e0ng tham gia?<\/h3>\n<p>T\u00ecm hi\u1ec3u th\u00eam v\u1ec1 ch\u01b0\u01a1ng tr\u00ecnh n\u00e0y, nh\u1eefng l\u1ee3i \u00edch m\u00e0 ch\u01b0\u01a1ng tr\u00ecnh mang l\u1ea1i cho trung t\u00e2m c\u1ee7a b\u1ea1n v\u00e0 c\u00e1c b\u01b0\u1edbc ti\u1ebfp theo.<\/p>\n\t\t\t\t<a class=\"btn orange\" href=\"https:\/\/helpmegrowwa.org\/joining-asq-online-program\" target=\"_blank\">T\u00ecm hi\u1ec3u th\u00eam<\/a>\n\t\t\t<\/div>\n<\/div>","protected":false},"excerpt":{"rendered":"","protected":false},"author":54,"featured_media":0,"parent":0,"menu_order":90,"comment_status":"closed","ping_status":"closed","template":"","meta":{"_acf_changed":false,"footnotes":""},"acf":[],"_links":{"self":[{"href":"https:\/\/upperhousedev17.com\/vi\/wp-json\/wp\/v2\/pages\/12788"}],"collection":[{"href":"https:\/\/upperhousedev17.com\/vi\/wp-json\/wp\/v2\/pages"}],"about":[{"href":"https:\/\/upperhousedev17.com\/vi\/wp-json\/wp\/v2\/types\/page"}],"author":[{"embeddable":true,"href":"https:\/\/upperhousedev17.com\/vi\/wp-json\/wp\/v2\/users\/54"}],"replies":[{"embeddable":true,"href":"https:\/\/upperhousedev17.com\/vi\/wp-json\/wp\/v2\/comments?post=12788"}],"version-history":[{"count":20,"href":"https:\/\/upperhousedev17.com\/vi\/wp-json\/wp\/v2\/pages\/12788\/revisions"}],"predecessor-version":[{"id":13821,"href":"https:\/\/upperhousedev17.com\/vi\/wp-json\/wp\/v2\/pages\/12788\/revisions\/13821"}],"wp:attachment":[{"href":"https:\/\/upperhousedev17.com\/vi\/wp-json\/wp\/v2\/media?parent=12788"}],"curies":[{"name":"wp","href":"https:\/\/api.w.org\/{rel}","templated":true}]}}