{"id":11236,"date":"2025-06-26T16:21:46","date_gmt":"2025-06-26T16:21:46","guid":{"rendered":"https:\/\/helpmegrowwa.org\/?page_id=11236"},"modified":"2026-04-27T14:36:25","modified_gmt":"2026-04-27T14:36:25","slug":"share-resources","status":"publish","type":"page","link":"https:\/\/upperhousedev17.com\/vi\/share-resources","title":{"rendered":"B\u1ea1n c\u00f3 t\u00e0i nguy\u00ean \u0111\u1ec3 chia s\u1ebb kh\u00f4ng?"},"content":{"rendered":"<div id=\"block_3685cba2a1de6ddda7b756271016dda4\" class=\"fifty-fifty-block dark-purple right fifty-fifty-banner\">\n\t<img decoding=\"async\" class=\"flower-graphic\" src=\"https:\/\/upperhousedev17.com\/wp-content\/themes\/helpmegrowwa\/images\/banner-text-shapes.svg\">\n\t<div class=\"info\">\n\t\t<div class=\"container regular center\">\n\t\t\t<h1>Chia s\u1ebb t\u00e0i nguy\u00ean v\u1edbi c\u00e1c gia \u0111\u00ecnh Washington<\/h1>\n\t\t\t\t\t<\/div>\n\t<\/div>\n\t\t<div class=\"image\" style=\"background-image: url(https:\/\/upperhousedev17.com\/wp-content\/uploads\/2023\/09\/Get-Connected-To-Health-Resources-Help-Me-Grow-Wa.jpg);background-position: top left;\">\n\t\t\t\t\t<img decoding=\"async\" class=\"corner\" src=\"https:\/\/upperhousedev17.com\/wp-content\/themes\/helpmegrowwa\/images\/fifty-fifty-corner-piece.svg\">\n\t\t\t\t\t<\/div>\n\t<script>\n\t(function($) {\n\t\t\/\/ Get the block ID\n\t\tvar id = \"#block_3685cba2a1de6ddda7b756271016dda4\";\n\t\t\/\/ Reveal the block\n\t\tvar container = document.documentElement;\n\t\tScrollReveal().reveal(id + \".left .image\", {origin: \"left\", distance: \"20px\", duration: 1000});\n\t\tScrollReveal().reveal(id + \".left .info .container\", {origin: \"right\", distance: \"20px\", duration: 1000});\n\t\tScrollReveal().reveal(id + \".right .image\", {origin: \"right\", distance: \"20px\", duration: 1000});\n\t\tScrollReveal().reveal(id + \".right .info .container\", {origin: \"left\", distance: \"20px\", duration: 1000});\n\t}(jQuery))\n\t<\/script>\n<\/div>\n\n<div id=\"block_27ebe0c75022bd14a662f2c3f9eaa7d1\" class=\"text-block white large center text-black default-margin\">\n\t<div class=\"container one-column full\">\n\t\t<p>Through our website and statewide hotline, we connect families with trusted resources, helping them access essential services like food, health care, child development professionals, and parenting and give support.<\/p>\n<p>N\u1ebfu t\u1ed5 ch\u1ee9c c\u1ee7a b\u1ea1n h\u1ed7 tr\u1ee3 c\u00e1c gia \u0111\u00ecnh c\u00f3 tr\u1ebb nh\u1ecf, bao g\u1ed3m h\u1ed7 tr\u1ee3 tr\u01b0\u1edbc khi sinh, v\u00e0 ch\u01b0a \u0111\u01b0\u1ee3c li\u1ec7t k\u00ea ho\u1eb7c n\u1ebfu th\u00f4ng tin c\u1ee7a b\u1ea1n c\u1ea7n \u0111\u01b0\u1ee3c c\u1eadp nh\u1eadt, ch\u00fang t\u00f4i r\u1ea5t mong nh\u1eadn \u0111\u01b0\u1ee3c ph\u1ea3n h\u1ed3i t\u1eeb b\u1ea1n!<\/p>\n<h4><strong><a class=\"page-link\" href=\"https:\/\/resources.helpmegrowwa.org\/\">Kh\u00e1m ph\u00e1 nh\u1eefng ngu\u1ed3n l\u1ef1c n\u00e0o c\u00f3 s\u1eb5n cho c\u00e1c gia \u0111\u00ecnh trong Tr\u00ecnh t\u00ecm ki\u1ebfm ngu\u1ed3n l\u1ef1c<img decoding=\"async\" src=\"\/wp-content\/themes\/helpmegrowwa\/images\/text-block-orange-arrow.svg\" \/><\/a><\/strong><\/h4>\n\t<\/div>\n\t<script>\n\t\t(function($) {\n\t\t\t\/\/ Get the block ID\n\t\t\tvar id = \"#block_27ebe0c75022bd14a662f2c3f9eaa7d1\";\n\t\t\t\/\/ Reveal the block\n\t\t\tvar container = document.documentElement;\n\t\t\tScrollReveal().reveal(id + \" .container\", {\n\t\t\t\torigin: \"bottom\",\n\t\t\t\tdistance: \"20px\",\n\t\t\t\tduration: 1000,\n\t\t\t\tcontainer: container\n\t\t\t});\n\t\t}(jQuery))\n\t<\/script>\n<\/div>\n\n<div id=\"block_31e7935a64c73e08cf5beedf2904ce1a\" class=\"boxes-block white rectangular\">\n\t<div class=\"boxes-wrapper\">\n\t\t<div class=\"boxes\">\n\t\t\t\t\t\t\t<div class=\"container\">\n\n\t\t\t\t\t\t\t\t\t\t\t\t\t\t\t\t\t\t\t\t\t\t\t\t\t<a class=\"box white center border-light-gray large\" href=\"https:\/\/withinreach.communityos.org\/public-search-revision\" target=\"\">\n\t\t\t\t\t\t\t\t\t\t\t\t\t\t\t\t\t\t\t\t\t\t\t\t\t\t\t<img decoding=\"async\" src=\"https:\/\/upperhousedev17.com\/wp-content\/uploads\/2023\/08\/icon-search.svg\" alt=\"Icon for Get Personalized Help\">\n\t\t\t\t\t\t\t\t\t\t\t\t\t\t\t\t\t\t\t\t\t\t\t\t\t<div class=\"\"><h3><span style=\"color: #561553;\">C\u1eadp nh\u1eadt t\u1ed5 ch\u1ee9c c\u1ee7a b\u1ea1n<\/span><\/h3>\n<p>S\u1eed d\u1ee5ng li\u00ean k\u1ebft n\u00e0y \u0111\u1ec3 t\u00ecm ki\u1ebfm t\u1ed5 ch\u1ee9c c\u1ee7a b\u1ea1n trong c\u01a1 s\u1edf d\u1eef li\u1ec7u c\u1ee7a ch\u00fang t\u00f4i v\u00e0 g\u1eedi b\u1ea3n s\u1eeda \u0111\u1ed5i th\u00f4ng tin ch\u00fang t\u00f4i c\u00f3 trong h\u1ed3 s\u01a1.<\/p>\n<\/div>\n\t\t\t\t\t\t\t\t\t\t\t\t\t\t\t\t\t<div class=\"wrapper\">\n\t\t\t\t\t\t\t\t\t\t<div class=\"textlink\">\n\t\t\t\t\t\t\t\t\t\t\tC\u1eadp nh\u1eadt t\u1ed5 ch\u1ee9c c\u1ee7a b\u1ea1n<svg class=\"arrow\" aria-hidden=\"true\" focusable=\"false\" data-prefix=\"fas\" data-icon=\"long-arrow-right\" role=\"img\" xmlns=\"http:\/\/www.w3.org\/2000\/svg\" viewbox=\"0 0 448 512\">\n\t\t\t\t\t\t\t\t\t\t\t\t<path fill=\"#FF671D\" d=\"M254.544 154.427L320.118 220H24c-13.255 0-24 10.745-24 24v24c0 13.255 10.745 24 24 24h296.118l-65.574 65.573c-9.373 9.373-9.373 24.569 0 33.941l16.971 16.971c9.373 9.373 24.569 9.373 33.941 0L440.97 272.97c9.373-9.373 9.373-24.569 0-33.941L305.456 103.515c-9.373-9.373-24.569-9.373-33.941 0l-16.971 16.971c-9.373 9.372-9.373 24.568 0 33.941z\"><\/path>\n\t\t\t\t\t\t\t\t\t\t\t<\/svg>\n\t\t\t\t\t\t\t\t\t\t<\/div>\n\t\t\t\t\t\t\t\t\t<\/div>\n\t\t\t\t\t\t\t\t\t\t\t\t\t\t\t<\/a>\n\t\t\t\t\t\t\t\t\t\t\t\t\t\t\t<\/div>\n\t\t\t\t\t\t\t<div class=\"container\">\n\n\t\t\t\t\t\t\t\t\t\t\t\t\t\t\t\t\t\t\t\t\t\t\t\t\t<a class=\"box white center border-light-gray large\" href=\"https:\/\/withinreach.communityos.org\/New_Agency_Intake_Form\" target=\"\">\n\t\t\t\t\t\t\t\t\t\t\t\t\t\t\t\t\t\t\t\t\t\t\t\t\t\t\t<img decoding=\"async\" src=\"https:\/\/upperhousedev17.com\/wp-content\/uploads\/2023\/08\/icon-housing.svg\" alt=\"\">\n\t\t\t\t\t\t\t\t\t\t\t\t\t\t\t\t\t\t\t\t\t\t\t\t\t<div class=\"\"><h3><span style=\"color: #561553;\">Th\u00eam t\u1ed5 ch\u1ee9c c\u1ee7a b\u1ea1n<\/span><\/h3>\n<p>N\u1ebfu t\u1ed5 ch\u1ee9c ho\u1eb7c ch\u01b0\u01a1ng tr\u00ecnh c\u1ee7a b\u1ea1n kh\u00f4ng c\u00f3 trong Resource Finder v\u00e0 b\u1ea1n mu\u1ed1n th\u00eam v\u00e0o, h\u00e3y s\u1eed d\u1ee5ng li\u00ean k\u1ebft n\u00e0y \u0111\u1ec3 g\u1eedi th\u00f4ng tin v\u1ec1 t\u1ed5 ch\u1ee9c c\u1ee7a b\u1ea1n.<\/p>\n<\/div>\n\t\t\t\t\t\t\t\t\t\t\t\t\t\t\t\t\t<div class=\"wrapper\">\n\t\t\t\t\t\t\t\t\t\t<div class=\"textlink\">\n\t\t\t\t\t\t\t\t\t\t\tTh\u00eam t\u1ed5 ch\u1ee9c c\u1ee7a b\u1ea1n<svg class=\"arrow\" aria-hidden=\"true\" focusable=\"false\" data-prefix=\"fas\" data-icon=\"long-arrow-right\" role=\"img\" xmlns=\"http:\/\/www.w3.org\/2000\/svg\" viewbox=\"0 0 448 512\">\n\t\t\t\t\t\t\t\t\t\t\t\t<path fill=\"#FF671D\" d=\"M254.544 154.427L320.118 220H24c-13.255 0-24 10.745-24 24v24c0 13.255 10.745 24 24 24h296.118l-65.574 65.573c-9.373 9.373-9.373 24.569 0 33.941l16.971 16.971c9.373 9.373 24.569 9.373 33.941 0L440.97 272.97c9.373-9.373 9.373-24.569 0-33.941L305.456 103.515c-9.373-9.373-24.569-9.373-33.941 0l-16.971 16.971c-9.373 9.372-9.373 24.568 0 33.941z\"><\/path>\n\t\t\t\t\t\t\t\t\t\t\t<\/svg>\n\t\t\t\t\t\t\t\t\t\t<\/div>\n\t\t\t\t\t\t\t\t\t<\/div>\n\t\t\t\t\t\t\t\t\t\t\t\t\t\t\t<\/a>\n\t\t\t\t\t\t\t\t\t\t\t\t\t\t\t<\/div>\n\t\t\t\t\t\t\t<div class=\"container\">\n\n\t\t\t\t\t\t\t\t\t\t\t\t\t\t\t\t\t\t\t\t\t\t\t\t\t<a class=\"box white center border-light-gray large\" href=\"https:\/\/helpmegrowwa.org\/resource-directory-team\" target=\"\">\n\t\t\t\t\t\t\t\t\t\t\t\t\t\t\t\t\t\t\t\t\t\t\t\t\t\t\t<img decoding=\"async\" src=\"https:\/\/upperhousedev17.com\/wp-content\/uploads\/2023\/09\/icon-milestones.svg\" alt=\"\">\n\t\t\t\t\t\t\t\t\t\t\t\t\t\t\t\t\t\t\t\t\t\t\t\t\t<div class=\"\"><h3><span style=\"color: #561553;\">L\u00e0m vi\u1ec7c v\u1edbi nh\u00f3m c\u1ee7a ch\u00fang t\u00f4i<\/span><\/h3>\n<p>T\u00ecm hi\u1ec3u nh\u1eefng \u0111i\u1ec1u c\u1ea7n bi\u1ebft khi l\u00e0m vi\u1ec7c v\u1edbi Nh\u00f3m danh m\u1ee5c t\u00e0i nguy\u00ean v\u00e0 c\u00e1ch ch\u00fang t\u00f4i \u0111\u1ea3m b\u1ea3o th\u00f4ng tin lu\u00f4n \u0111\u01b0\u1ee3c c\u1eadp nh\u1eadt.<\/p>\n<\/div>\n\t\t\t\t\t\t\t\t\t\t\t\t\t\t\t\t\t<div class=\"wrapper\">\n\t\t\t\t\t\t\t\t\t\t<div class=\"textlink\">\n\t\t\t\t\t\t\t\t\t\t\tT\u00ecm hi\u1ec3u th\u00eam<svg class=\"arrow\" aria-hidden=\"true\" focusable=\"false\" data-prefix=\"fas\" data-icon=\"long-arrow-right\" role=\"img\" xmlns=\"http:\/\/www.w3.org\/2000\/svg\" viewbox=\"0 0 448 512\">\n\t\t\t\t\t\t\t\t\t\t\t\t<path fill=\"#FF671D\" d=\"M254.544 154.427L320.118 220H24c-13.255 0-24 10.745-24 24v24c0 13.255 10.745 24 24 24h296.118l-65.574 65.573c-9.373 9.373-9.373 24.569 0 33.941l16.971 16.971c9.373 9.373 24.569 9.373 33.941 0L440.97 272.97c9.373-9.373 9.373-24.569 0-33.941L305.456 103.515c-9.373-9.373-24.569-9.373-33.941 0l-16.971 16.971c-9.373 9.372-9.373 24.568 0 33.941z\"><\/path>\n\t\t\t\t\t\t\t\t\t\t\t<\/svg>\n\t\t\t\t\t\t\t\t\t\t<\/div>\n\t\t\t\t\t\t\t\t\t<\/div>\n\t\t\t\t\t\t\t\t\t\t\t\t\t\t\t<\/a>\n\t\t\t\t\t\t\t\t\t\t\t\t\t\t\t<\/div>\n\t\t\t\t\t<\/div>\n\t<\/div>\n\t<script>\n\t\t(function($) {\n\n\t\t\t\/\/ Get the block ID\n\t\t\tvar id = \"#block_31e7935a64c73e08cf5beedf2904ce1a\";\n\n\t\t\t$(id + \" .boxes-wrapper .boxes .box\").hover(function() {\n\t\t\t\t$(this).find(\".arrow\").addClass(\"hover\");\n\t\t\t\t$(this).find(\"img\").addClass(\"hover\");\n\t\t\t}, function() {\n\t\t\t\t$(this).find(\".arrow\").removeClass(\"hover\");\n\t\t\t\t$(this).find(\"img\").removeClass(\"hover\");\n\t\t\t});\n\n\t\t\t\/\/ Reveal foreground elements\n\t\t\tScrollReveal().reveal(id + \" .container\", {\n\t\t\t\torigin: \"bottom\",\n\t\t\t\tdistance: \"20px\",\n\t\t\t\tduration: 1000,\n\t\t\t\tviewFactor: 0.2,\n\t\t\t\tinterval: 100,\n\t\t\t\treset: false\n\t\t\t});\n\n\t\t})(jQuery)\n\t<\/script>\n<\/div>","protected":false},"excerpt":{"rendered":"","protected":false},"author":55,"featured_media":0,"parent":0,"menu_order":0,"comment_status":"closed","ping_status":"closed","template":"","meta":{"_acf_changed":false,"footnotes":""},"acf":[],"_links":{"self":[{"href":"https:\/\/upperhousedev17.com\/vi\/wp-json\/wp\/v2\/pages\/11236"}],"collection":[{"href":"https:\/\/upperhousedev17.com\/vi\/wp-json\/wp\/v2\/pages"}],"about":[{"href":"https:\/\/upperhousedev17.com\/vi\/wp-json\/wp\/v2\/types\/page"}],"author":[{"embeddable":true,"href":"https:\/\/upperhousedev17.com\/vi\/wp-json\/wp\/v2\/users\/55"}],"replies":[{"embeddable":true,"href":"https:\/\/upperhousedev17.com\/vi\/wp-json\/wp\/v2\/comments?post=11236"}],"version-history":[{"count":64,"href":"https:\/\/upperhousedev17.com\/vi\/wp-json\/wp\/v2\/pages\/11236\/revisions"}],"predecessor-version":[{"id":13828,"href":"https:\/\/upperhousedev17.com\/vi\/wp-json\/wp\/v2\/pages\/11236\/revisions\/13828"}],"wp:attachment":[{"href":"https:\/\/upperhousedev17.com\/vi\/wp-json\/wp\/v2\/media?parent=11236"}],"curies":[{"name":"wp","href":"https:\/\/api.w.org\/{rel}","templated":true}]}}