{"id":6338,"date":"2023-09-26T22:47:40","date_gmt":"2023-09-26T22:47:40","guid":{"rendered":"https:\/\/helpmegrowwa.org\/?page_id=6338"},"modified":"2026-04-27T14:48:36","modified_gmt":"2026-04-27T14:48:36","slug":"help-me-grow-system-model","status":"publish","type":"page","link":"https:\/\/upperhousedev17.com\/so\/help-me-grow-system-model","title":{"rendered":"Qaabdhismeedka Nidaamka Barnaamijka Help Me Grow"},"content":{"rendered":"<div id=\"block_abebd7d6f34e46c427091ffebea9cbb2\" class=\"fifty-fifty-block dark-purple right fifty-fifty-banner\">\n\t<img decoding=\"async\" class=\"flower-graphic\" src=\"https:\/\/upperhousedev17.com\/wp-content\/themes\/helpmegrowwa\/images\/banner-text-shapes.svg\">\n\t<div class=\"info\">\n\t\t<div class=\"container regular center\">\n\t\t\t<h1>Qaabdhismeedka Nidaamka Barnaamijka Help Me Grow<\/h1>\n\t\t\t\t\t<\/div>\n\t<\/div>\n\t\t<div class=\"image\" style=\"background-image: url(https:\/\/upperhousedev17.com\/wp-content\/uploads\/2023\/09\/Help-Me-Grow-System-Model-Help-Me-Grow-Wa.jpg);background-position: top left;\">\n\t\t\t\t\t<img decoding=\"async\" class=\"corner\" src=\"https:\/\/upperhousedev17.com\/wp-content\/themes\/helpmegrowwa\/images\/fifty-fifty-corner-piece.svg\">\n\t\t\t\t\t<\/div>\n\t<script>\n\t(function($) {\n\t\t\/\/ Get the block ID\n\t\tvar id = \"#block_abebd7d6f34e46c427091ffebea9cbb2\";\n\t\t\/\/ Reveal the block\n\t\tvar container = document.documentElement;\n\t\tScrollReveal().reveal(id + \".left .image\", {origin: \"left\", distance: \"20px\", duration: 1000});\n\t\tScrollReveal().reveal(id + \".left .info .container\", {origin: \"right\", distance: \"20px\", duration: 1000});\n\t\tScrollReveal().reveal(id + \".right .image\", {origin: \"right\", distance: \"20px\", duration: 1000});\n\t\tScrollReveal().reveal(id + \".right .info .container\", {origin: \"left\", distance: \"20px\", duration: 1000});\n\t}(jQuery))\n\t<\/script>\n<\/div>\n\n<div id=\"block_775bbdd9281168eba435ee50714deef7\" class=\"text-block white large center\">\n\t<div class=\"container one-column full\">\n\t\t<h2><span style=\"color: #6c1b6e;\">Mustaqbal Wanaagsan Wuxuu Ka Bilaabanayaa Help Me Grow<\/span><\/h2>\n<p>Dhammaan carruurtu waa inay awoodaan inay koraan, koraan, oo ay koraan si ay u gaadhaan awoodooda buuxda. Help Me Grow waa qaab qaran ahaan la aqoonsan yahay kaas oo ka faa&#039;iidaysanaya agabka jira si loo horumariyo loona wanaajiyo hab dhamaystiran oo lagu dhisayo nidaamka caruurnimada hore ee bulsho kasta.<\/p>\n\t<\/div>\n\t<script>\n\t\t(function($) {\n\t\t\t\/\/ Get the block ID\n\t\t\tvar id = \"#block_775bbdd9281168eba435ee50714deef7\";\n\t\t\t\/\/ Reveal the block\n\t\t\tvar container = document.documentElement;\n\t\t\tScrollReveal().reveal(id + \" .container\", {\n\t\t\t\torigin: \"bottom\",\n\t\t\t\tdistance: \"20px\",\n\t\t\t\tduration: 1000,\n\t\t\t\tcontainer: container\n\t\t\t});\n\t\t}(jQuery))\n\t<\/script>\n<\/div>\n\n<div id=\"block_f5b0592af2e680d72a20ba1e83a5ded2\" class=\"text-block light-gray large center\">\n\t<div class=\"container one-column full\">\n\t\t<h2><span style=\"color: #6c1b6e;\">Help Me Grow Qaybaha Muhiimka ah ee Nidaamka<\/span><\/h2>\n<p>Si loo xaqiijiyo kartida buuxda ee Help Me Grow, afar qaybood oo iskaashato iyo kuwo isku xidhan ayaa wada shaqeeya. Help Me Grow Washington waxa ay balaadhisay qaabka qaranka in lagu daro <strong>sinnaanta<\/strong> iyo <strong>u doodid<\/strong>. Markaan ku dhiseyno kaabayaal wanaaga carruurta iyo taageerada qoyska ee jira ee Washington, dhammaan la-hawlgalayaasha waxaa laga filayaa inay wadaagaan ballan-qaadka ku aaddan dhexdhexaadinta sinnaanta iyo caddaaladda jinsiyadda qaabeynta iyo hirgelinta nidaamka Help Me Grow.<\/p>\n\t<\/div>\n\t<script>\n\t\t(function($) {\n\t\t\t\/\/ Get the block ID\n\t\t\tvar id = \"#block_f5b0592af2e680d72a20ba1e83a5ded2\";\n\t\t\t\/\/ Reveal the block\n\t\t\tvar container = document.documentElement;\n\t\t\tScrollReveal().reveal(id + \" .container\", {\n\t\t\t\torigin: \"bottom\",\n\t\t\t\tdistance: \"20px\",\n\t\t\t\tduration: 1000,\n\t\t\t\tcontainer: container\n\t\t\t});\n\t\t}(jQuery))\n\t<\/script>\n<\/div>\n\n<div id=\"block_d5c81bbe3245fded81869c17c33fbf49\" class=\"infographic-block light-gray\">\n\t<div class=\"container\">\n\t\t\t\t\t\t\t\t\n\t\t\t\t\t\t\t\t\t<img decoding=\"async\" class=\"desktop\"  src=\"https:\/\/upperhousedev17.com\/wp-content\/uploads\/2023\/11\/core-components-desktop-English.svg\" style=\"max-width: 100%\">\n\t\t\t\t\t\n\t\t\t\t\t<img decoding=\"async\" class=\"mobile\" src=\"https:\/\/upperhousedev17.com\/wp-content\/uploads\/2023\/11\/core-components-mobile-English.svg\" style=\"max-width: 450px\">\n\t\t\t<\/div>\n\t<script>\n\t\t(function($) {\n\t\t\t\/\/ Get the block ID\n\t\t\tvar id = \"#block_d5c81bbe3245fded81869c17c33fbf49\";\n\t\t\t\/\/ Reveal the block\n\t\t\tScrollReveal().reveal(id + \" .container h2\", {\n\t\t\t\torigin: \"bottom\",\n\t\t\t\tdistance: \"20px\",\n\t\t\t\tduration: 1000\n\t\t\t});\n\t\t\tScrollReveal().reveal(id + \" .container h3\", {\n\t\t\t\torigin: \"bottom\",\n\t\t\t\tdistance: \"20px\",\n\t\t\t\tduration: 1000\n\t\t\t});\n\t\t\tScrollReveal().reveal(id + \" .container h4\", {\n\t\t\t\torigin: \"bottom\",\n\t\t\t\tdistance: \"20px\",\n\t\t\t\tduration: 1000\n\t\t\t});\n\t\t\tScrollReveal().reveal(id + \" .container p\", {\n\t\t\t\torigin: \"bottom\",\n\t\t\t\tdistance: \"20px\",\n\t\t\t\tduration: 1000\n\t\t\t});\n\t\t\tScrollReveal().reveal(id + \" .container img\", {\n\t\t\t\torigin: \"bottom\",\n\t\t\t\tdistance: \"20px\",\n\t\t\t\tduration: 1000\n\t\t\t});\n\t\t}(jQuery))\n\t<\/script>\n<\/div>\n\n<div id=\"block_63b3917dbe24bbc605aea132508a0647\" class=\"icon-bullets-block light-gray\">\n\t<div class=\"container\">\n\t\t\t\t\t<div class=\"icon-bullet\">\n\t\t\t\t\t\t\t\t<div class=\"image-wrapper\">\n\t\t\t\t\t<img decoding=\"async\" src=\"https:\/\/upperhousedev17.com\/wp-content\/uploads\/2023\/10\/icon-equity.svg\">\n\t\t\t\t<\/div>\n\t\t\t\t\t\t\t\t<div class=\"writing-wrapper\">\n\t\t\t\t\t\t\t\t\t\t\t<div><h3><span style=\"color: #561553;\">Caddaaladda ama xaqa<\/span><\/h3>\n<p>Sinnaanta ayaa aasaas u ah dhammaan qaybaha. Waxaan raadineynaa nidaamka Help Me Grow kaas oo hubiya in dhammaan qoysaska ay ku xiran yihiin adeegyada si ay u gaaraan yoolalka ay u leeyihiin ilmahooda iyo qoyskooda. Waxaan sidoo kale fahamsanahay in qoysaska qaarkood ay u baahan yihiin taageero dheeraad ah ama mid gaar ah, si loo gaaro yoolal isku mid ah. <a href=\"https:\/\/helpmegrownational.org\/wp-content\/uploads\/2022\/11\/Targeted-Universalism-Help-Me-Grows-Approach-to-Advancing-Equity_HMG-National-Center-2023.pdf\" target=\"_blank\" rel=\"noopener\">Caalamka oo la beegsaday<\/a> waa istaraatijiyad Help Me Grow ay shaqaaleysiiso si loo gaaro helitaan siman oo adeegyo tayo leh oo dhan carruurta ah.<\/p>\n<\/div>\n\t\t\t\t\t\t\t\t\t<\/div>\n\t\t\t<\/div>\n\t\t\t\t\t<div class=\"icon-bullet\">\n\t\t\t\t\t\t\t\t<div class=\"image-wrapper\">\n\t\t\t\t\t<img decoding=\"async\" src=\"https:\/\/upperhousedev17.com\/wp-content\/uploads\/2023\/09\/icon-coordinated-access-point.svg\">\n\t\t\t\t<\/div>\n\t\t\t\t\t\t\t\t<div class=\"writing-wrapper\">\n\t\t\t\t\t\t\t\t\t\t\t<div><h3><span style=\"color: #561553;\">Barta Helitaanka Isku duwan<\/span><\/h3>\n<p>Nidaamyada caafimaadka iyo adeegga bulshada way adag tahay in la maro. Goobta gelitaanka waa nidaam isku xidhan oo taageero ah, isku xidhka carruurta iyo daryeelayaashooda dheefaha gobolka iyo adeegyada maxalliga ah ee bulshadooda. <a href=\"\/so\/help-me-grow-wa-network\/\">Ka hel Help Me Grow bulshadaada<\/a>.<\/p>\n<\/div>\n\t\t\t\t\t\t\t\t\t<\/div>\n\t\t\t<\/div>\n\t\t\t\t\t<div class=\"icon-bullet\">\n\t\t\t\t\t\t\t\t<div class=\"image-wrapper\">\n\t\t\t\t\t<img decoding=\"async\" src=\"https:\/\/upperhousedev17.com\/wp-content\/uploads\/2023\/09\/icon-family-community-outreach.svg\">\n\t\t\t\t<\/div>\n\t\t\t\t\t\t\t\t<div class=\"writing-wrapper\">\n\t\t\t\t\t\t\t\t\t\t\t<div><h3><span style=\"color: #561553;\">Qoyska + Wacyigelinta Bulshada<\/span><\/h3>\n<p>Wacyigelinta Bulshada + Qoyska waxay ka hawlgelisaa wada-hawlgalayaasha bulshada dhisidda xidhiidhada nidaamka ilmanimada hore. Intaa waxa dheer, waxa ay muhiimad siinaysaa abuurista fariin midaysan iyo hab wacyigelineed oo qoysaska ku saabsan kor u qaadida horumarka ilmaha.<\/p>\n<\/div>\n\t\t\t\t\t\t\t\t\t<\/div>\n\t\t\t<\/div>\n\t\t\t\t\t<div class=\"icon-bullet\">\n\t\t\t\t\t\t\t\t<div class=\"image-wrapper\">\n\t\t\t\t\t<img decoding=\"async\" src=\"https:\/\/upperhousedev17.com\/wp-content\/uploads\/2023\/09\/icon-child-health-care-provider-outreach.svg\">\n\t\t\t\t<\/div>\n\t\t\t\t\t\t\t\t<div class=\"writing-wrapper\">\n\t\t\t\t\t\t\t\t\t\t\t<div><h3><span style=\"color: #561553;\">Gacanfidiska Bixiyaha Daryeelka Caafimaadka Carruurta<\/span><\/h3>\n<p>Iyagoo qiraya in bixiyeyaasha daryeelka caafimaadku ay haystaan fursado badan oo lagu taageerayo korriinka caafimaadka qaba, wacyigelintan waxay ugu baaqaysaa inay noqdaan horyaalnimada Help Me Grow oo ay xoojiyaan xidhiidhada kordhinaya la socodka korriinka ilmaha iyo taageerada hore ee carruurta.<\/p>\n<\/div>\n\t\t\t\t\t\t\t\t\t<\/div>\n\t\t\t<\/div>\n\t\t\t\t\t<div class=\"icon-bullet\">\n\t\t\t\t\t\t\t\t<div class=\"image-wrapper\">\n\t\t\t\t\t<img decoding=\"async\" src=\"https:\/\/upperhousedev17.com\/wp-content\/uploads\/2023\/09\/icon-data-collection-analysis.svg\">\n\t\t\t\t<\/div>\n\t\t\t\t\t\t\t\t<div class=\"writing-wrapper\">\n\t\t\t\t\t\t\t\t\t\t\t<div><h3><span style=\"color: #561553;\">Xog ururin + Falanqaynta<\/span><\/h3>\n<p>Xog ururin iyo qiimayn isku xidhan ayaa lama huraan u ah barashada sida carruurtu u korayaan, waxa qoysasku u baahan yihiin, iyo in la ogaado caqabadaha gelitaanka iyo nusqaamaha nidaamka si loo xoojiyo dadaallada u doodista ee hagaajin doona nidaamka.<\/p>\n<\/div>\n\t\t\t\t\t\t\t\t\t<\/div>\n\t\t\t<\/div>\n\t\t\t\t\t<div class=\"icon-bullet\">\n\t\t\t\t\t\t\t\t<div class=\"image-wrapper\">\n\t\t\t\t\t<img decoding=\"async\" src=\"https:\/\/upperhousedev17.com\/wp-content\/uploads\/2023\/10\/icon-system-structural-elements.svg\">\n\t\t\t\t<\/div>\n\t\t\t\t\t\t\t\t<div class=\"writing-wrapper\">\n\t\t\t\t\t\t\t\t\t\t\t<div><h3><span style=\"color: #561553;\">Qaybaha Qaabdhismeedka Nidaamka<\/span><\/h3>\n<p>Help Me Grow Washington depends on structural elements to provide the foundation for building and managing all the components of the system effectively over time. The statewide <strong>Hay&#039;adda Abaabulka<\/strong> (<a href=\"https:\/\/withinreachwa.org\/\" target=\"_blank\" rel=\"noopener\">WithinReach<\/a>) waxay siisaa kormeerida nidaamka iyo taageerada nidaamyada HMG ee deegaanka marka ay horumarayaan. <strong>Miisaanka iyo Faafida<\/strong> waxay si firfircoon u abuurtaa fursado bulshooyin cusub si ay ugu biiraan oo ay u wargeliyaan dadaallada dhisidda nidaamka HMG. <strong>Hagaajinta Nidaamka Joogtada ah<\/strong> waxa uu xooga saarayaa horumarada wakhtiga ka dambeeya kuwaas oo soo saara natiijooyin wanaagsan oo loogu talagalay carruurta iyo qoysaska, kor u qaada waxtarka, oo keena hababka ugu fiican. Shabakadda HMG waxay si istiraatiji ah u taagan tahay inay taageerto <strong>u doodid<\/strong> iyo ajande sharci oo la wadaago oo kor u qaada horumarka caafimaadka leh ee dhammaan carruurta yaryar.<\/p>\n<\/div>\n\t\t\t\t\t\t\t\t\t<\/div>\n\t\t\t<\/div>\n\t\t\t<\/div>\n\t<script>\n\t(function($) {\n\t\t\/\/ Get the block ID\n\t\tvar id = \"#block_63b3917dbe24bbc605aea132508a0647\";\n\t\t\/\/ Reveal the block\n\t\tvar container = document.documentElement;\n\t\tScrollReveal().reveal(id + \" .container .icon-bullet\", {origin: \"bottom\", distance: \"20px\", duration: 1000, container: container});\n\t}(jQuery))\n\t<\/script>\n<\/div>\n\n<div id=\"block_2f9b09382aa4d0d6e13f390832f505de\" class=\"invitation-block light-gray center\">\t\n\t<div class=\"container purple\">\n\t\t<p>Si aad wax badan uga barato qaabka nidaamka Help Me Grow iyo shaqada muhiimka ah ee ka socota guud ahaan qaranka, booqo barta internetka ee Xarunta Qaranka Help Me Grow.<\/p>\n\t\t\t\t<a class=\"btn orange\" href=\"https:\/\/helpmegrownational.org\/\" target=\"_blank\">Booqo mareegta<\/a>\n\t\t\t<\/div>\n<\/div>\n\n\n<div id=\"block_09b82241e70cb397cd5a3127ff9ef050\" class=\"news-feature-block\">\n\t<div class=\"container\">\n\t\t<div class=\"title\">\n\t\t\t\t\t\t\t<h2>Warar + Cusbooneysiin<\/h2>\n\t\t\t\t\t<\/div>\n\t\t<div class=\"wrapper\">\n\t\t\t\t\t\t\t\n\t\t\t\t\t\t\t\t\t\t\t\t\t\t\t\t\t\t\t\t<a class=\"article\" href=\"https:\/\/conta.cc\/4c23dcA\" target=\"_blank\">\n\t\t\t\t\t\t\t\t\t\t\t<div class=\"picture\">\n\t\t\t\t\t\t\t\t\t\t\t\t\t\t<img decoding=\"async\" src=\"https:\/\/upperhousedev17.com\/wp-content\/uploads\/2026\/03\/HMG-WA-Network-Newsletter-header-14-260x180.png\" srcset=\"https:\/\/upperhousedev17.com\/wp-content\/uploads\/2026\/03\/HMG-WA-Network-Newsletter-header-14-260x180.png 260w, https:\/\/upperhousedev17.com\/wp-content\/uploads\/2026\/03\/HMG-WA-Network-Newsletter-header-14-520x200.png 520w\" sizes=\"260px\">\n\t\t\t\t\t\t\t\t\t\t\t\t\t\t\t<div class=\"type-label\">Warsidaha<\/div>\n\t\t\t\t\t\t\t\t\t\t\t\t\t<\/div>\n\t\t\t\t\t\t<div class=\"content\">\n\t\t\t\t\t\t\t\t\t\t\t\t\t\t\t<div class=\"date\">April 1, 2026<\/div>\n\t\t\t\t\t\t\t\t\t\t\t\t\t\t<div class=\"text\">\n\t\t\t\t\t\t\t\t<h3 class=\"title\">March 2026 HMG WA Newsletter (Spanish)<\/h3>\n\t\t\t\t\t\t\t\t<div class=\"summary\">Celebre a la red de Ay\u00fadame a Crecer Washington iyo conozca los avances que hemos logrado en varias iniciativas estrat\u00e9gicas del Plan estrat\u00e9gico de Ay\u00fadame a Crecer Washington.<\/div>\n\t\t\t\t\t\t\t<\/div>\n\t\t\t\t\t\t\t<div class=\"more\">\n\t\t\t\t\t\t\t\tAkhri wax dheeraad ah\n\t\t\t\t\t\t\t\t<svg class=\"arrow\" aria-hidden=\"true\" focusable=\"false\" data-prefix=\"fas\" data-icon=\"long-arrow-right\" role=\"img\" xmlns=\"http:\/\/www.w3.org\/2000\/svg\" viewbox=\"0 0 448 512\"><path fill=\"#ababab\" d=\"M254.544 154.427L320.118 220H24c-13.255 0-24 10.745-24 24v24c0 13.255 10.745 24 24 24h296.118l-65.574 65.573c-9.373 9.373-9.373 24.569 0 33.941l16.971 16.971c9.373 9.373 24.569 9.373 33.941 0L440.97 272.97c9.373-9.373 9.373-24.569 0-33.941L305.456 103.515c-9.373-9.373-24.569-9.373-33.941 0l-16.971 16.971c-9.373 9.372-9.373 24.568 0 33.941z\"><\/path><\/svg>\n\t\t\t\t\t\t\t<\/div>\n\t\t\t\t\t\t<\/div>\n\t\t\t\t\t<\/a>\n\t\t\t\t\t\t\t\t\t\t\t\t\t\t\t\t\t\t\t\t\t\t\t\t\t<a class=\"article\" href=\"https:\/\/conta.cc\/4d61btX\" target=\"_blank\">\n\t\t\t\t\t\t\t\t\t\t\t<div class=\"picture\">\n\t\t\t\t\t\t\t\t\t\t\t\t\t\t<img decoding=\"async\" src=\"https:\/\/upperhousedev17.com\/wp-content\/uploads\/2026\/03\/HMG-WA-Network-Newsletter-header-13-260x180.png\" srcset=\"https:\/\/upperhousedev17.com\/wp-content\/uploads\/2026\/03\/HMG-WA-Network-Newsletter-header-13-260x180.png 260w, https:\/\/upperhousedev17.com\/wp-content\/uploads\/2026\/03\/HMG-WA-Network-Newsletter-header-13-520x200.png 520w\" sizes=\"260px\">\n\t\t\t\t\t\t\t\t\t\t\t\t\t\t\t<div class=\"type-label\">Warsidaha<\/div>\n\t\t\t\t\t\t\t\t\t\t\t\t\t<\/div>\n\t\t\t\t\t\t<div class=\"content\">\n\t\t\t\t\t\t\t\t\t\t\t\t\t\t\t<div class=\"date\">March 31, 2026<\/div>\n\t\t\t\t\t\t\t\t\t\t\t\t\t\t<div class=\"text\">\n\t\t\t\t\t\t\t\t<h3 class=\"title\">March 2026 HMG WA Newsletter<\/h3>\n\t\t\t\t\t\t\t\t<div class=\"summary\">U dabaaldeg shabakadda Help Me Grow WA oo baro horumarka laga sameeyay dhowr ka mid ah hindisayaasha istaraatiijiyadeed ee Qorshaha Istaraatiijiyadda Help Me Grow WA.<\/div>\n\t\t\t\t\t\t\t<\/div>\n\t\t\t\t\t\t\t<div class=\"more\">\n\t\t\t\t\t\t\t\tAkhri wax dheeraad ah\n\t\t\t\t\t\t\t\t<svg class=\"arrow\" aria-hidden=\"true\" focusable=\"false\" data-prefix=\"fas\" data-icon=\"long-arrow-right\" role=\"img\" xmlns=\"http:\/\/www.w3.org\/2000\/svg\" viewbox=\"0 0 448 512\"><path fill=\"#ababab\" d=\"M254.544 154.427L320.118 220H24c-13.255 0-24 10.745-24 24v24c0 13.255 10.745 24 24 24h296.118l-65.574 65.573c-9.373 9.373-9.373 24.569 0 33.941l16.971 16.971c9.373 9.373 24.569 9.373 33.941 0L440.97 272.97c9.373-9.373 9.373-24.569 0-33.941L305.456 103.515c-9.373-9.373-24.569-9.373-33.941 0l-16.971 16.971c-9.373 9.372-9.373 24.568 0 33.941z\"><\/path><\/svg>\n\t\t\t\t\t\t\t<\/div>\n\t\t\t\t\t\t<\/div>\n\t\t\t\t\t<\/a>\n\t\t\t\t\t\t\t\t\t\t\t\t\t\t\t\t\t\t\t\t\t\t\t\t\t<a class=\"article\" href=\"https:\/\/upperhousedev17.com\/so\/reaching-new-heights-partnering-to-support-child-development\">\n\t\t\t\t\t\t\t\t\t\t\t<div class=\"picture\">\n\t\t\t\t\t\t\t\t\t\t\t\t\t\t<img decoding=\"async\" src=\"https:\/\/upperhousedev17.com\/wp-content\/uploads\/2026\/03\/NEWS-STORY-TITLE-5-e1774371040337-260x180.png\" srcset=\"https:\/\/upperhousedev17.com\/wp-content\/uploads\/2026\/03\/NEWS-STORY-TITLE-5-e1774371040337-260x180.png 260w, https:\/\/upperhousedev17.com\/wp-content\/uploads\/2026\/03\/NEWS-STORY-TITLE-5-e1774371040337-520x360.png 520w\" sizes=\"260px\">\n\t\t\t\t\t\t\t\t\t\t\t\t\t\t\t<div class=\"type-label\">Blog<\/div>\n\t\t\t\t\t\t\t\t\t\t\t\t\t<\/div>\n\t\t\t\t\t\t<div class=\"content\">\n\t\t\t\t\t\t\t\t\t\t\t\t\t\t\t<div class=\"date\">March 24, 2026<\/div>\n\t\t\t\t\t\t\t\t\t\t\t\t\t\t<div class=\"text\">\n\t\t\t\t\t\t\t\t<h3 class=\"title\">Reaching New Heights: Partnering to Support Child Development<\/h3>\n\t\t\t\t\t\t\t\t<div class=\"summary\">New Resource for Families and Partners! Help Me Grow WA has partnered with the Washington Chapter of the American Academy of Pediatrics (WCAAP) to co\u2011create a fun, bilingual height chart for children ages 2 months to 5 years. Designed with pediatric expertise and families in mind, each chart includes key developmental milestones and simple ways families can support their child\u2019s growth and learning. <\/div>\n\t\t\t\t\t\t\t<\/div>\n\t\t\t\t\t\t\t<div class=\"more\">\n\t\t\t\t\t\t\t\tAkhri wax dheeraad ah\n\t\t\t\t\t\t\t\t<svg class=\"arrow\" aria-hidden=\"true\" focusable=\"false\" data-prefix=\"fas\" data-icon=\"long-arrow-right\" role=\"img\" xmlns=\"http:\/\/www.w3.org\/2000\/svg\" viewbox=\"0 0 448 512\"><path fill=\"#ababab\" d=\"M254.544 154.427L320.118 220H24c-13.255 0-24 10.745-24 24v24c0 13.255 10.745 24 24 24h296.118l-65.574 65.573c-9.373 9.373-9.373 24.569 0 33.941l16.971 16.971c9.373 9.373 24.569 9.373 33.941 0L440.97 272.97c9.373-9.373 9.373-24.569 0-33.941L305.456 103.515c-9.373-9.373-24.569-9.373-33.941 0l-16.971 16.971c-9.373 9.372-9.373 24.568 0 33.941z\"><\/path><\/svg>\n\t\t\t\t\t\t\t<\/div>\n\t\t\t\t\t\t<\/div>\n\t\t\t\t\t<\/a>\n\t\t\t\t\t\t\t\t\t\t\t\t\t\t\t\t\t\t\t\t\t\t\t\t\t<a class=\"article\" href=\"https:\/\/upperhousedev17.com\/so\/news\/celebrating-the-2026-help-me-grow-washington-network\">\n\t\t\t\t\t\t\t\t\t\t\t<div class=\"picture\">\n\t\t\t\t\t\t\t\t\t\t\t\t\t\t<img decoding=\"async\" src=\"https:\/\/upperhousedev17.com\/wp-content\/uploads\/2026\/03\/NEWS-STORY-TITLE-4-260x180.png\" srcset=\"https:\/\/upperhousedev17.com\/wp-content\/uploads\/2026\/03\/NEWS-STORY-TITLE-4-260x180.png 260w, https:\/\/upperhousedev17.com\/wp-content\/uploads\/2026\/03\/NEWS-STORY-TITLE-4-520x360.png 520w\" sizes=\"260px\">\n\t\t\t\t\t\t\t\t\t\t\t\t\t\t\t<div class=\"type-label\">Wararka<\/div>\n\t\t\t\t\t\t\t\t\t\t\t\t\t<\/div>\n\t\t\t\t\t\t<div class=\"content\">\n\t\t\t\t\t\t\t\t\t\t\t\t\t\t\t<div class=\"date\">March 23, 2026<\/div>\n\t\t\t\t\t\t\t\t\t\t\t\t\t\t<div class=\"text\">\n\t\t\t\t\t\t\t\t<h3 class=\"title\">Celebrating the 2026 Help Me Grow Washington Network!<\/h3>\n\t\t\t\t\t\t\t\t<div class=\"summary\">We\u2019re\u00a0excited to welcome Help Me Grow Whatcom and Help Me Grow Grays Harbor to the Help Me Grow Washington network! ? With their addition, more communities across the state are building coordinated, family-centered systems of support\u2014strengthening connections and making it easier for families to access the resources they need, when they need them.\u00a0<\/div>\n\t\t\t\t\t\t\t<\/div>\n\t\t\t\t\t\t\t<div class=\"more\">\n\t\t\t\t\t\t\t\tAkhri wax dheeraad ah\n\t\t\t\t\t\t\t\t<svg class=\"arrow\" aria-hidden=\"true\" focusable=\"false\" data-prefix=\"fas\" data-icon=\"long-arrow-right\" role=\"img\" xmlns=\"http:\/\/www.w3.org\/2000\/svg\" viewbox=\"0 0 448 512\"><path fill=\"#ababab\" d=\"M254.544 154.427L320.118 220H24c-13.255 0-24 10.745-24 24v24c0 13.255 10.745 24 24 24h296.118l-65.574 65.573c-9.373 9.373-9.373 24.569 0 33.941l16.971 16.971c9.373 9.373 24.569 9.373 33.941 0L440.97 272.97c9.373-9.373 9.373-24.569 0-33.941L305.456 103.515c-9.373-9.373-24.569-9.373-33.941 0l-16.971 16.971c-9.373 9.372-9.373 24.568 0 33.941z\"><\/path><\/svg>\n\t\t\t\t\t\t\t<\/div>\n\t\t\t\t\t\t<\/div>\n\t\t\t\t\t<\/a>\n\t\t\t\t\t\t\t\t\t\t\t\t\t\n\t\t\t\t\t\t\t\n\t\t<\/div>\n\t<\/div>\n\t<script>\n\t\n\t(function($) {\n\t\n\t\t\/\/ Get the block ID\n\t\tvar id = \"#block_09b82241e70cb397cd5a3127ff9ef050\";\n\t\t\n\t\t\/\/ Reveal foreground elements\n\t\tScrollReveal().reveal(id + \" .article\", {origin: \"bottom\", distance: \"20px\", duration: 1000, viewFactor: 0.2, interval: 100, reset: false});\n\t\t\n\t})(jQuery)\n\t\n\t<\/script>\t\n<\/div>","protected":false},"excerpt":{"rendered":"","protected":false},"author":2,"featured_media":0,"parent":0,"menu_order":160,"comment_status":"closed","ping_status":"closed","template":"","meta":{"_acf_changed":false,"footnotes":""},"acf":[],"_links":{"self":[{"href":"https:\/\/upperhousedev17.com\/so\/wp-json\/wp\/v2\/pages\/6338"}],"collection":[{"href":"https:\/\/upperhousedev17.com\/so\/wp-json\/wp\/v2\/pages"}],"about":[{"href":"https:\/\/upperhousedev17.com\/so\/wp-json\/wp\/v2\/types\/page"}],"author":[{"embeddable":true,"href":"https:\/\/upperhousedev17.com\/so\/wp-json\/wp\/v2\/users\/2"}],"replies":[{"embeddable":true,"href":"https:\/\/upperhousedev17.com\/so\/wp-json\/wp\/v2\/comments?post=6338"}],"version-history":[{"count":65,"href":"https:\/\/upperhousedev17.com\/so\/wp-json\/wp\/v2\/pages\/6338\/revisions"}],"predecessor-version":[{"id":13833,"href":"https:\/\/upperhousedev17.com\/so\/wp-json\/wp\/v2\/pages\/6338\/revisions\/13833"}],"wp:attachment":[{"href":"https:\/\/upperhousedev17.com\/so\/wp-json\/wp\/v2\/media?parent=6338"}],"curies":[{"name":"wp","href":"https:\/\/api.w.org\/{rel}","templated":true}]}}