{"id":2395,"date":"2019-10-29T16:33:01","date_gmt":"2019-10-29T16:33:01","guid":{"rendered":"https:\/\/withinreachwa.org\/?page_id=2395"},"modified":"2026-04-28T03:18:15","modified_gmt":"2026-04-28T03:18:15","slug":"what-is-help-me-grow","status":"publish","type":"page","link":"https:\/\/upperhousedev17.com\/so\/what-is-help-me-grow","title":{"rendered":"Waa maxay barnaamijka Help Me Grow?"},"content":{"rendered":"<div id=\"block_06f5d3ae134b395711a85c296894aed3\" class=\"fifty-fifty-block dark-purple right fifty-fifty-banner\">\n\t<img decoding=\"async\" class=\"flower-graphic\" src=\"https:\/\/upperhousedev17.com\/wp-content\/themes\/helpmegrowwa\/images\/banner-text-shapes.svg\">\n\t<div class=\"info\">\n\t\t<div class=\"container regular center\">\n\t\t\t<h1>Ku Xidhnow Help Me Grow<\/h1>\n\t\t\t\t\t<\/div>\n\t<\/div>\n\t\t<div class=\"image\" style=\"background-image: url(https:\/\/upperhousedev17.com\/wp-content\/uploads\/2023\/10\/Get-Connected-To-Help-Me-Grow-Washington.jpg);background-position: center left;\">\n\t\t\t\t\t<img decoding=\"async\" class=\"corner\" src=\"https:\/\/upperhousedev17.com\/wp-content\/themes\/helpmegrowwa\/images\/fifty-fifty-corner-piece.svg\">\n\t\t\t\t\t<\/div>\n\t<script>\n\t(function($) {\n\t\t\/\/ Get the block ID\n\t\tvar id = \"#block_06f5d3ae134b395711a85c296894aed3\";\n\t\t\/\/ Reveal the block\n\t\tvar container = document.documentElement;\n\t\tScrollReveal().reveal(id + \".left .image\", {origin: \"left\", distance: \"20px\", duration: 1000});\n\t\tScrollReveal().reveal(id + \".left .info .container\", {origin: \"right\", distance: \"20px\", duration: 1000});\n\t\tScrollReveal().reveal(id + \".right .image\", {origin: \"right\", distance: \"20px\", duration: 1000});\n\t\tScrollReveal().reveal(id + \".right .info .container\", {origin: \"left\", distance: \"20px\", duration: 1000});\n\t}(jQuery))\n\t<\/script>\n<\/div>\n\n<div id=\"block_f31d75275afeac8a513be8ea11000654\" class=\"text-block white large center text-black default-margin\">\n\t<div class=\"container one-column full\">\n\t\t<p>Help Me Grow Washington is a free service that connects parents and caregivers to resources in their community. Whether it\u2019s understanding your child\u2019s development, food assistance resources, free or low-cost health insurance, or pregnancy and parenting and caregiving resources, we are here to help. Depending on where you live, our local and Help Me Grow Washington statewide hotlines are ready to support you and your family.<\/p>\n\t<\/div>\n\t<script>\n\t\t(function($) {\n\t\t\t\/\/ Get the block ID\n\t\t\tvar id = \"#block_f31d75275afeac8a513be8ea11000654\";\n\t\t\t\/\/ Reveal the block\n\t\t\tvar container = document.documentElement;\n\t\t\tScrollReveal().reveal(id + \" .container\", {\n\t\t\t\torigin: \"bottom\",\n\t\t\t\tdistance: \"20px\",\n\t\t\t\tduration: 1000,\n\t\t\t\tcontainer: container\n\t\t\t});\n\t\t}(jQuery))\n\t<\/script>\n<\/div>\n\n<div id=\"block_18bc2fa78ca0c20df58353f4502f1f59\" class=\"infographic-block light-gray default\">\n\t<div class=\"container\">\n\t\t\t\t\t<h2><span style=\"color: #561553;\">How Does Help Me Grow Washington Work?<\/span><\/h2>\n<h4>Navigators Ilaha Qoyskayaga ayaa kaa caawin doona inay ku hagaan talaabo kasta oo jidka ah. Waxay doonaan:<\/h4>\n\t\t\t\t\t\t\t\t\n\t\t\t\t\t\t\t\t\t<img decoding=\"async\" class=\"desktop\"  src=\"https:\/\/upperhousedev17.com\/wp-content\/uploads\/2023\/11\/connected-steps-desktop-English.svg\" style=\"max-width: 100%\">\n\t\t\t\t\t\n\t\t\t\t\t<img decoding=\"async\" class=\"mobile\" src=\"https:\/\/upperhousedev17.com\/wp-content\/uploads\/2023\/11\/connected-steps-mobile-English.svg\" style=\"max-width: 450px\">\n\t\t\t<\/div>\n\t<script>\n\t\t(function($) {\n\t\t\t\/\/ Get the block ID\n\t\t\tvar id = \"#block_18bc2fa78ca0c20df58353f4502f1f59\";\n\t\t\t\/\/ Reveal the block\n\t\t\tScrollReveal().reveal(id + \" .container h2\", {\n\t\t\t\torigin: \"bottom\",\n\t\t\t\tdistance: \"20px\",\n\t\t\t\tduration: 1000\n\t\t\t});\n\t\t\tScrollReveal().reveal(id + \" .container h3\", {\n\t\t\t\torigin: \"bottom\",\n\t\t\t\tdistance: \"20px\",\n\t\t\t\tduration: 1000\n\t\t\t});\n\t\t\tScrollReveal().reveal(id + \" .container h4\", {\n\t\t\t\torigin: \"bottom\",\n\t\t\t\tdistance: \"20px\",\n\t\t\t\tduration: 1000\n\t\t\t});\n\t\t\tScrollReveal().reveal(id + \" .container p\", {\n\t\t\t\torigin: \"bottom\",\n\t\t\t\tdistance: \"20px\",\n\t\t\t\tduration: 1000\n\t\t\t});\n\t\t\tScrollReveal().reveal(id + \" .container img\", {\n\t\t\t\torigin: \"bottom\",\n\t\t\t\tdistance: \"20px\",\n\t\t\t\tduration: 1000\n\t\t\t});\n\t\t}(jQuery))\n\t<\/script>\n<\/div>\n\n<div id=\"block_a44dd4dd9397c7a9d0a2613204d98239\" class=\"text-block white large center text-black default-margin\">\n\t<div class=\"container one-column full\">\n\t\t<h2><span style=\"color: #561553;\">Finding the right support is hard. We make it easier.<\/span><\/h2>\n<p>Hadday tahay khadka internetka ama taleefanka, waxaan kugu xiri karnaa agabyada aad u baahan tahay, markaad u baahato. Ka hel cuntada lagama maarmaanka ah, caafimaadka iyo korriinka ilmaha gudaha beeshaada si aad u taageerto qoyskaaga.<\/p>\n\t<\/div>\n\t<script>\n\t\t(function($) {\n\t\t\t\/\/ Get the block ID\n\t\t\tvar id = \"#block_a44dd4dd9397c7a9d0a2613204d98239\";\n\t\t\t\/\/ Reveal the block\n\t\t\tvar container = document.documentElement;\n\t\t\tScrollReveal().reveal(id + \" .container\", {\n\t\t\t\torigin: \"bottom\",\n\t\t\t\tdistance: \"20px\",\n\t\t\t\tduration: 1000,\n\t\t\t\tcontainer: container\n\t\t\t});\n\t\t}(jQuery))\n\t<\/script>\n<\/div>\n\n<div id=\"block_1f0be9e26307ab7acadec6a3e9171abd\" class=\"boxes-block white rectangular lines-between-boxes\">\n\t<div class=\"boxes-wrapper\">\n\t\t<div class=\"boxes\">\n\t\t\t\t\t\t\t<div class=\"container\">\n\n\t\t\t\t\t\t\t\t\t\t\t\t\t\t\t\t\t\t\t\t\t\t\t\t\t<a class=\"box white center border-none large\" href=\"https:\/\/helpmegrowwa.org\/hotline\" target=\"_blank\">\n\t\t\t\t\t\t\t\t\t\t\t\t\t\t\t\t\t\t\t\t\t\t\t\t\t\t\t<img decoding=\"async\" src=\"https:\/\/upperhousedev17.com\/wp-content\/uploads\/2023\/08\/icon-search.svg\" alt=\"Icon for Get Personalized Help\">\n\t\t\t\t\t\t\t\t\t\t\t\t\t\t\t\t\t\t\t\t\t\t\t\t\t<div class=\"default\"><h2><span style=\"color: #561553;\"><b>Talk to a Navigator<\/b><\/span><\/h2>\n<p><span style=\"font-weight: 400;\">Need support now? Call a Help Me Grow Washington hotline and talk to a Family Resource Navigator.<\/span><\/p>\n<\/div>\n\t\t\t\t\t\t\t\t\t\t\t\t\t\t\t\t\t<div class=\"wrapper\">\n\t\t\t\t\t\t\t\t\t\t<div class=\"textlink\">\n\t\t\t\t\t\t\t\t\t\t\tWar dheeraad ah Hel<svg class=\"arrow\" aria-hidden=\"true\" focusable=\"false\" data-prefix=\"fas\" data-icon=\"long-arrow-right\" role=\"img\" xmlns=\"http:\/\/www.w3.org\/2000\/svg\" viewbox=\"0 0 448 512\">\n\t\t\t\t\t\t\t\t\t\t\t\t<path fill=\"#FF671D\" d=\"M254.544 154.427L320.118 220H24c-13.255 0-24 10.745-24 24v24c0 13.255 10.745 24 24 24h296.118l-65.574 65.573c-9.373 9.373-9.373 24.569 0 33.941l16.971 16.971c9.373 9.373 24.569 9.373 33.941 0L440.97 272.97c9.373-9.373 9.373-24.569 0-33.941L305.456 103.515c-9.373-9.373-24.569-9.373-33.941 0l-16.971 16.971c-9.373 9.372-9.373 24.568 0 33.941z\"><\/path>\n\t\t\t\t\t\t\t\t\t\t\t<\/svg>\n\t\t\t\t\t\t\t\t\t\t<\/div>\n\t\t\t\t\t\t\t\t\t<\/div>\n\t\t\t\t\t\t\t\t\t\t\t\t\t\t\t<\/a>\n\t\t\t\t\t\t\t\t\t\t\t\t\t\t\t<\/div>\n\t\t\t\t\t\t\t<div class=\"container\">\n\n\t\t\t\t\t\t\t\t\t\t\t\t\t\t\t\t\t\t\t\t\t\t\t\t\t<a class=\"box white center border-none large\" href=\"https:\/\/referrals.helpmegrowwa.org\/benefit_finder\" target=\"_blank\">\n\t\t\t\t\t\t\t\t\t\t\t\t\t\t\t\t\t\t\t\t\t\t\t\t\t\t\t<img decoding=\"async\" src=\"https:\/\/upperhousedev17.com\/wp-content\/uploads\/2023\/08\/icon-screen.svg\" alt=\"Icon for Search Resources\">\n\t\t\t\t\t\t\t\t\t\t\t\t\t\t\t\t\t\t\t\t\t\t\t\t\t<div class=\"default\"><h2><span style=\"color: #561553;\">Shaashada<\/span><\/h2>\n<p>Buuxi foom gaaban si aad u aragto inaad u qalanto manfacyada gobolka iyo inaad ku xidhato Help Me Grow.<\/p>\n<\/div>\n\t\t\t\t\t\t\t\t\t\t\t\t\t\t\t\t\t<div class=\"wrapper\">\n\t\t\t\t\t\t\t\t\t\t<div class=\"textlink\">\n\t\t\t\t\t\t\t\t\t\t\tWar dheeraad ah Hel<svg class=\"arrow\" aria-hidden=\"true\" focusable=\"false\" data-prefix=\"fas\" data-icon=\"long-arrow-right\" role=\"img\" xmlns=\"http:\/\/www.w3.org\/2000\/svg\" viewbox=\"0 0 448 512\">\n\t\t\t\t\t\t\t\t\t\t\t\t<path fill=\"#FF671D\" d=\"M254.544 154.427L320.118 220H24c-13.255 0-24 10.745-24 24v24c0 13.255 10.745 24 24 24h296.118l-65.574 65.573c-9.373 9.373-9.373 24.569 0 33.941l16.971 16.971c9.373 9.373 24.569 9.373 33.941 0L440.97 272.97c9.373-9.373 9.373-24.569 0-33.941L305.456 103.515c-9.373-9.373-24.569-9.373-33.941 0l-16.971 16.971c-9.373 9.372-9.373 24.568 0 33.941z\"><\/path>\n\t\t\t\t\t\t\t\t\t\t\t<\/svg>\n\t\t\t\t\t\t\t\t\t\t<\/div>\n\t\t\t\t\t\t\t\t\t<\/div>\n\t\t\t\t\t\t\t\t\t\t\t\t\t\t\t<\/a>\n\t\t\t\t\t\t\t\t\t\t\t\t\t\t\t<\/div>\n\t\t\t\t\t\t\t<div class=\"container\">\n\n\t\t\t\t\t\t\t\t\t\t\t\t\t\t\t\t\t\t\t\t\t\t\t\t\t<a class=\"box white center border-none large\" href=\"\/so\/hotline\/\" target=\"\">\n\t\t\t\t\t\t\t\t\t\t\t\t\t\t\t\t\t\t\t\t\t\t\t\t\t\t\t<img decoding=\"async\" src=\"https:\/\/upperhousedev17.com\/wp-content\/uploads\/2023\/08\/icon-call.svg\" alt=\"Icon for Talk To a Navigator\">\n\t\t\t\t\t\t\t\t\t\t\t\t\t\t\t\t\t\t\t\t\t\t\t\t\t<div class=\"default\"><h2><span style=\"color: #561553;\">Wac<\/span><\/h2>\n<p>Hadda ma u baahan tahay taageero?<br \/>\nWac khadka Help Me Grow Washington oo la hadal Navigator Ilaha Qoyska.<\/p>\n<\/div>\n\t\t\t\t\t\t\t\t\t\t\t\t\t\t\t\t\t<div class=\"wrapper\">\n\t\t\t\t\t\t\t\t\t\t<div class=\"textlink\">\n\t\t\t\t\t\t\t\t\t\t\tWar dheeraad ah Hel<svg class=\"arrow\" aria-hidden=\"true\" focusable=\"false\" data-prefix=\"fas\" data-icon=\"long-arrow-right\" role=\"img\" xmlns=\"http:\/\/www.w3.org\/2000\/svg\" viewbox=\"0 0 448 512\">\n\t\t\t\t\t\t\t\t\t\t\t\t<path fill=\"#FF671D\" d=\"M254.544 154.427L320.118 220H24c-13.255 0-24 10.745-24 24v24c0 13.255 10.745 24 24 24h296.118l-65.574 65.573c-9.373 9.373-9.373 24.569 0 33.941l16.971 16.971c9.373 9.373 24.569 9.373 33.941 0L440.97 272.97c9.373-9.373 9.373-24.569 0-33.941L305.456 103.515c-9.373-9.373-24.569-9.373-33.941 0l-16.971 16.971c-9.373 9.372-9.373 24.568 0 33.941z\"><\/path>\n\t\t\t\t\t\t\t\t\t\t\t<\/svg>\n\t\t\t\t\t\t\t\t\t\t<\/div>\n\t\t\t\t\t\t\t\t\t<\/div>\n\t\t\t\t\t\t\t\t\t\t\t\t\t\t\t<\/a>\n\t\t\t\t\t\t\t\t\t\t\t\t\t\t\t<\/div>\n\t\t\t\t\t<\/div>\n\t<\/div>\n\t<script>\n\t\t(function($) {\n\n\t\t\t\/\/ Get the block ID\n\t\t\tvar id = \"#block_1f0be9e26307ab7acadec6a3e9171abd\";\n\n\t\t\t$(id + \" .boxes-wrapper .boxes .box\").hover(function() {\n\t\t\t\t$(this).find(\".arrow\").addClass(\"hover\");\n\t\t\t\t$(this).find(\"img\").addClass(\"hover\");\n\t\t\t}, function() {\n\t\t\t\t$(this).find(\".arrow\").removeClass(\"hover\");\n\t\t\t\t$(this).find(\"img\").removeClass(\"hover\");\n\t\t\t});\n\n\t\t\t\/\/ Reveal foreground elements\n\t\t\tScrollReveal().reveal(id + \" .container\", {\n\t\t\t\torigin: \"bottom\",\n\t\t\t\tdistance: \"20px\",\n\t\t\t\tduration: 1000,\n\t\t\t\tviewFactor: 0.2,\n\t\t\t\tinterval: 100,\n\t\t\t\treset: false\n\t\t\t});\n\n\t\t})(jQuery)\n\t<\/script>\n<\/div>\n\n\n<div id=\"block_186f26582209d695f515a01490564091\" class=\"news-feature-block\">\n\t<div class=\"container\">\n\t\t<div class=\"title\">\n\t\t\t\t\t\t\t<h2>Warar + Cusbooneysiin<\/h2>\n\t\t\t\t\t<\/div>\n\t\t<div class=\"wrapper\">\n\t\t\t\t\t\t\t\n\t\t\t\t\t\t\t\t\t\t\t\t\t\t\t\t\t\t\t\t<a class=\"article\" href=\"https:\/\/conta.cc\/4c23dcA\" target=\"_blank\">\n\t\t\t\t\t\t\t\t\t\t\t<div class=\"picture\">\n\t\t\t\t\t\t\t\t\t\t\t\t\t\t<img decoding=\"async\" src=\"https:\/\/upperhousedev17.com\/wp-content\/uploads\/2026\/03\/HMG-WA-Network-Newsletter-header-14-260x180.png\" srcset=\"https:\/\/upperhousedev17.com\/wp-content\/uploads\/2026\/03\/HMG-WA-Network-Newsletter-header-14-260x180.png 260w, https:\/\/upperhousedev17.com\/wp-content\/uploads\/2026\/03\/HMG-WA-Network-Newsletter-header-14-520x200.png 520w\" sizes=\"260px\">\n\t\t\t\t\t\t\t\t\t\t\t\t\t\t\t<div class=\"type-label\">Warsidaha<\/div>\n\t\t\t\t\t\t\t\t\t\t\t\t\t<\/div>\n\t\t\t\t\t\t<div class=\"content\">\n\t\t\t\t\t\t\t\t\t\t\t\t\t\t\t<div class=\"date\">April 1, 2026<\/div>\n\t\t\t\t\t\t\t\t\t\t\t\t\t\t<div class=\"text\">\n\t\t\t\t\t\t\t\t<h3 class=\"title\">March 2026 HMG WA Newsletter (Spanish)<\/h3>\n\t\t\t\t\t\t\t\t<div class=\"summary\">Celebre a la red de Ay\u00fadame a Crecer Washington iyo conozca los avances que hemos logrado en varias iniciativas estrat\u00e9gicas del Plan estrat\u00e9gico de Ay\u00fadame a Crecer Washington.<\/div>\n\t\t\t\t\t\t\t<\/div>\n\t\t\t\t\t\t\t<div class=\"more\">\n\t\t\t\t\t\t\t\tAkhri wax dheeraad ah\n\t\t\t\t\t\t\t\t<svg class=\"arrow\" aria-hidden=\"true\" focusable=\"false\" data-prefix=\"fas\" data-icon=\"long-arrow-right\" role=\"img\" xmlns=\"http:\/\/www.w3.org\/2000\/svg\" viewbox=\"0 0 448 512\"><path fill=\"#ababab\" d=\"M254.544 154.427L320.118 220H24c-13.255 0-24 10.745-24 24v24c0 13.255 10.745 24 24 24h296.118l-65.574 65.573c-9.373 9.373-9.373 24.569 0 33.941l16.971 16.971c9.373 9.373 24.569 9.373 33.941 0L440.97 272.97c9.373-9.373 9.373-24.569 0-33.941L305.456 103.515c-9.373-9.373-24.569-9.373-33.941 0l-16.971 16.971c-9.373 9.372-9.373 24.568 0 33.941z\"><\/path><\/svg>\n\t\t\t\t\t\t\t<\/div>\n\t\t\t\t\t\t<\/div>\n\t\t\t\t\t<\/a>\n\t\t\t\t\t\t\t\t\t\t\t\t\t\t\t\t\t\t\t\t\t\t\t\t\t<a class=\"article\" href=\"https:\/\/conta.cc\/4d61btX\" target=\"_blank\">\n\t\t\t\t\t\t\t\t\t\t\t<div class=\"picture\">\n\t\t\t\t\t\t\t\t\t\t\t\t\t\t<img decoding=\"async\" src=\"https:\/\/upperhousedev17.com\/wp-content\/uploads\/2026\/03\/HMG-WA-Network-Newsletter-header-13-260x180.png\" srcset=\"https:\/\/upperhousedev17.com\/wp-content\/uploads\/2026\/03\/HMG-WA-Network-Newsletter-header-13-260x180.png 260w, https:\/\/upperhousedev17.com\/wp-content\/uploads\/2026\/03\/HMG-WA-Network-Newsletter-header-13-520x200.png 520w\" sizes=\"260px\">\n\t\t\t\t\t\t\t\t\t\t\t\t\t\t\t<div class=\"type-label\">Warsidaha<\/div>\n\t\t\t\t\t\t\t\t\t\t\t\t\t<\/div>\n\t\t\t\t\t\t<div class=\"content\">\n\t\t\t\t\t\t\t\t\t\t\t\t\t\t\t<div class=\"date\">March 31, 2026<\/div>\n\t\t\t\t\t\t\t\t\t\t\t\t\t\t<div class=\"text\">\n\t\t\t\t\t\t\t\t<h3 class=\"title\">March 2026 HMG WA Newsletter<\/h3>\n\t\t\t\t\t\t\t\t<div class=\"summary\">U dabaaldeg shabakadda Help Me Grow WA oo baro horumarka laga sameeyay dhowr ka mid ah hindisayaasha istaraatiijiyadeed ee Qorshaha Istaraatiijiyadda Help Me Grow WA.<\/div>\n\t\t\t\t\t\t\t<\/div>\n\t\t\t\t\t\t\t<div class=\"more\">\n\t\t\t\t\t\t\t\tAkhri wax dheeraad ah\n\t\t\t\t\t\t\t\t<svg class=\"arrow\" aria-hidden=\"true\" focusable=\"false\" data-prefix=\"fas\" data-icon=\"long-arrow-right\" role=\"img\" xmlns=\"http:\/\/www.w3.org\/2000\/svg\" viewbox=\"0 0 448 512\"><path fill=\"#ababab\" d=\"M254.544 154.427L320.118 220H24c-13.255 0-24 10.745-24 24v24c0 13.255 10.745 24 24 24h296.118l-65.574 65.573c-9.373 9.373-9.373 24.569 0 33.941l16.971 16.971c9.373 9.373 24.569 9.373 33.941 0L440.97 272.97c9.373-9.373 9.373-24.569 0-33.941L305.456 103.515c-9.373-9.373-24.569-9.373-33.941 0l-16.971 16.971c-9.373 9.372-9.373 24.568 0 33.941z\"><\/path><\/svg>\n\t\t\t\t\t\t\t<\/div>\n\t\t\t\t\t\t<\/div>\n\t\t\t\t\t<\/a>\n\t\t\t\t\t\t\t\t\t\t\t\t\t\t\t\t\t\t\t\t\t\t\t\t\t<a class=\"article\" href=\"https:\/\/upperhousedev17.com\/so\/reaching-new-heights-partnering-to-support-child-development\">\n\t\t\t\t\t\t\t\t\t\t\t<div class=\"picture\">\n\t\t\t\t\t\t\t\t\t\t\t\t\t\t<img decoding=\"async\" src=\"https:\/\/upperhousedev17.com\/wp-content\/uploads\/2026\/03\/NEWS-STORY-TITLE-5-e1774371040337-260x180.png\" srcset=\"https:\/\/upperhousedev17.com\/wp-content\/uploads\/2026\/03\/NEWS-STORY-TITLE-5-e1774371040337-260x180.png 260w, https:\/\/upperhousedev17.com\/wp-content\/uploads\/2026\/03\/NEWS-STORY-TITLE-5-e1774371040337-520x360.png 520w\" sizes=\"260px\">\n\t\t\t\t\t\t\t\t\t\t\t\t\t\t\t<div class=\"type-label\">Blog<\/div>\n\t\t\t\t\t\t\t\t\t\t\t\t\t<\/div>\n\t\t\t\t\t\t<div class=\"content\">\n\t\t\t\t\t\t\t\t\t\t\t\t\t\t\t<div class=\"date\">March 24, 2026<\/div>\n\t\t\t\t\t\t\t\t\t\t\t\t\t\t<div class=\"text\">\n\t\t\t\t\t\t\t\t<h3 class=\"title\">Reaching New Heights: Partnering to Support Child Development<\/h3>\n\t\t\t\t\t\t\t\t<div class=\"summary\">New Resource for Families and Partners! Help Me Grow WA has partnered with the Washington Chapter of the American Academy of Pediatrics (WCAAP) to co\u2011create a fun, bilingual height chart for children ages 2 months to 5 years. Designed with pediatric expertise and families in mind, each chart includes key developmental milestones and simple ways families can support their child\u2019s growth and learning. <\/div>\n\t\t\t\t\t\t\t<\/div>\n\t\t\t\t\t\t\t<div class=\"more\">\n\t\t\t\t\t\t\t\tAkhri wax dheeraad ah\n\t\t\t\t\t\t\t\t<svg class=\"arrow\" aria-hidden=\"true\" focusable=\"false\" data-prefix=\"fas\" data-icon=\"long-arrow-right\" role=\"img\" xmlns=\"http:\/\/www.w3.org\/2000\/svg\" viewbox=\"0 0 448 512\"><path fill=\"#ababab\" d=\"M254.544 154.427L320.118 220H24c-13.255 0-24 10.745-24 24v24c0 13.255 10.745 24 24 24h296.118l-65.574 65.573c-9.373 9.373-9.373 24.569 0 33.941l16.971 16.971c9.373 9.373 24.569 9.373 33.941 0L440.97 272.97c9.373-9.373 9.373-24.569 0-33.941L305.456 103.515c-9.373-9.373-24.569-9.373-33.941 0l-16.971 16.971c-9.373 9.372-9.373 24.568 0 33.941z\"><\/path><\/svg>\n\t\t\t\t\t\t\t<\/div>\n\t\t\t\t\t\t<\/div>\n\t\t\t\t\t<\/a>\n\t\t\t\t\t\t\t\t\t\t\t\t\t\t\t\t\t\t\t\t\t\t\t\t\t<a class=\"article\" href=\"https:\/\/upperhousedev17.com\/so\/news\/celebrating-the-2026-help-me-grow-washington-network\">\n\t\t\t\t\t\t\t\t\t\t\t<div class=\"picture\">\n\t\t\t\t\t\t\t\t\t\t\t\t\t\t<img decoding=\"async\" src=\"https:\/\/upperhousedev17.com\/wp-content\/uploads\/2026\/03\/NEWS-STORY-TITLE-4-260x180.png\" srcset=\"https:\/\/upperhousedev17.com\/wp-content\/uploads\/2026\/03\/NEWS-STORY-TITLE-4-260x180.png 260w, https:\/\/upperhousedev17.com\/wp-content\/uploads\/2026\/03\/NEWS-STORY-TITLE-4-520x360.png 520w\" sizes=\"260px\">\n\t\t\t\t\t\t\t\t\t\t\t\t\t\t\t<div class=\"type-label\">Wararka<\/div>\n\t\t\t\t\t\t\t\t\t\t\t\t\t<\/div>\n\t\t\t\t\t\t<div class=\"content\">\n\t\t\t\t\t\t\t\t\t\t\t\t\t\t\t<div class=\"date\">March 23, 2026<\/div>\n\t\t\t\t\t\t\t\t\t\t\t\t\t\t<div class=\"text\">\n\t\t\t\t\t\t\t\t<h3 class=\"title\">Celebrating the 2026 Help Me Grow Washington Network!<\/h3>\n\t\t\t\t\t\t\t\t<div class=\"summary\">We\u2019re\u00a0excited to welcome Help Me Grow Whatcom and Help Me Grow Grays Harbor to the Help Me Grow Washington network! ? With their addition, more communities across the state are building coordinated, family-centered systems of support\u2014strengthening connections and making it easier for families to access the resources they need, when they need them.\u00a0<\/div>\n\t\t\t\t\t\t\t<\/div>\n\t\t\t\t\t\t\t<div class=\"more\">\n\t\t\t\t\t\t\t\tAkhri wax dheeraad ah\n\t\t\t\t\t\t\t\t<svg class=\"arrow\" aria-hidden=\"true\" focusable=\"false\" data-prefix=\"fas\" data-icon=\"long-arrow-right\" role=\"img\" xmlns=\"http:\/\/www.w3.org\/2000\/svg\" viewbox=\"0 0 448 512\"><path fill=\"#ababab\" d=\"M254.544 154.427L320.118 220H24c-13.255 0-24 10.745-24 24v24c0 13.255 10.745 24 24 24h296.118l-65.574 65.573c-9.373 9.373-9.373 24.569 0 33.941l16.971 16.971c9.373 9.373 24.569 9.373 33.941 0L440.97 272.97c9.373-9.373 9.373-24.569 0-33.941L305.456 103.515c-9.373-9.373-24.569-9.373-33.941 0l-16.971 16.971c-9.373 9.372-9.373 24.568 0 33.941z\"><\/path><\/svg>\n\t\t\t\t\t\t\t<\/div>\n\t\t\t\t\t\t<\/div>\n\t\t\t\t\t<\/a>\n\t\t\t\t\t\t\t\t\t\t\t\t\t\n\t\t\t\t\t\t\t\n\t\t<\/div>\n\t<\/div>\n\t<script>\n\t\n\t(function($) {\n\t\n\t\t\/\/ Get the block ID\n\t\tvar id = \"#block_186f26582209d695f515a01490564091\";\n\t\t\n\t\t\/\/ Reveal foreground elements\n\t\tScrollReveal().reveal(id + \" .article\", {origin: \"bottom\", distance: \"20px\", duration: 1000, viewFactor: 0.2, interval: 100, reset: false});\n\t\t\n\t})(jQuery)\n\t\n\t<\/script>\t\n<\/div>","protected":false},"excerpt":{"rendered":"","protected":false},"author":53,"featured_media":0,"parent":0,"menu_order":140,"comment_status":"closed","ping_status":"closed","template":"","meta":{"_acf_changed":false,"footnotes":""},"acf":[],"_links":{"self":[{"href":"https:\/\/upperhousedev17.com\/so\/wp-json\/wp\/v2\/pages\/2395"}],"collection":[{"href":"https:\/\/upperhousedev17.com\/so\/wp-json\/wp\/v2\/pages"}],"about":[{"href":"https:\/\/upperhousedev17.com\/so\/wp-json\/wp\/v2\/types\/page"}],"author":[{"embeddable":true,"href":"https:\/\/upperhousedev17.com\/so\/wp-json\/wp\/v2\/users\/53"}],"replies":[{"embeddable":true,"href":"https:\/\/upperhousedev17.com\/so\/wp-json\/wp\/v2\/comments?post=2395"}],"version-history":[{"count":212,"href":"https:\/\/upperhousedev17.com\/so\/wp-json\/wp\/v2\/pages\/2395\/revisions"}],"predecessor-version":[{"id":13923,"href":"https:\/\/upperhousedev17.com\/so\/wp-json\/wp\/v2\/pages\/2395\/revisions\/13923"}],"wp:attachment":[{"href":"https:\/\/upperhousedev17.com\/so\/wp-json\/wp\/v2\/media?parent=2395"}],"curies":[{"name":"wp","href":"https:\/\/api.w.org\/{rel}","templated":true}]}}