{"id":12791,"date":"2025-12-09T00:20:56","date_gmt":"2025-12-09T00:20:56","guid":{"rendered":"https:\/\/helpmegrowwa.org\/?page_id=12791"},"modified":"2026-02-26T19:11:31","modified_gmt":"2026-02-26T19:11:31","slug":"joining-asq-online-program","status":"publish","type":"page","link":"https:\/\/upperhousedev17.com\/so\/joining-asq-online-program","title":{"rendered":"Ku Soo Biir Barnaamijkeena ASQ Online"},"content":{"rendered":"<div id=\"block_8250e4f6a15120b5e4041dc7591762ca\" class=\"fifty-fifty-block dark-purple right fifty-fifty-banner\">\n\t<img decoding=\"async\" class=\"flower-graphic\" src=\"https:\/\/upperhousedev17.com\/wp-content\/themes\/helpmegrowwa\/images\/banner-text-shapes.svg\">\n\t<div class=\"info\">\n\t\t<div class=\"container regular center\">\n\t\t\t<h2>Ku soo biir Barnaamijka Iskaashiga ASQ<\/h2>\n\t\t\t\t\t<\/div>\n\t<\/div>\n\t\t<div class=\"image\" style=\"background-image: url(https:\/\/upperhousedev17.com\/wp-content\/uploads\/2025\/12\/Help-Me-Grow-WA-Website-Page-Pics.png);background-position: top center;\">\n\t\t\t\t\t<img decoding=\"async\" class=\"corner\" src=\"https:\/\/upperhousedev17.com\/wp-content\/themes\/helpmegrowwa\/images\/fifty-fifty-corner-piece.svg\">\n\t\t\t\t\t<\/div>\n\t<script>\n\t(function($) {\n\t\t\/\/ Get the block ID\n\t\tvar id = \"#block_8250e4f6a15120b5e4041dc7591762ca\";\n\t\t\/\/ Reveal the block\n\t\tvar container = document.documentElement;\n\t\tScrollReveal().reveal(id + \".left .image\", {origin: \"left\", distance: \"20px\", duration: 1000});\n\t\tScrollReveal().reveal(id + \".left .info .container\", {origin: \"right\", distance: \"20px\", duration: 1000});\n\t\tScrollReveal().reveal(id + \".right .image\", {origin: \"right\", distance: \"20px\", duration: 1000});\n\t\tScrollReveal().reveal(id + \".right .info .container\", {origin: \"left\", distance: \"20px\", duration: 1000});\n\t}(jQuery))\n\t<\/script>\n<\/div>\n\n<div id=\"block_bfb1e3d7cbba7deb0f522cd6a9c4aa57\" class=\"text-block white large left\">\n\t<div class=\"container one-column full\">\n\t\t<p>Help Me Grow WA waxay halkan u joogtaa inay kula shaqeyso si ay u taageerto horumarka caafimaad ee carruurta aad daryeesho. Waxaan kuu fududeyneynaa inaad taageerto carruurtaada iyo qoysaskaaga\u2014iyada oo aan lagu darin shaqo dheeraad ah! Markaad ku biirto barnaamijkeena, waxaad heli doontaa xiriiro baaritaan oo gaar ah oo ASQ ah oo u oggolaanaya daryeel bixiyayaasha inay dhammaystiraan baaritaannada khadka tooska ah.<\/p>\n<p>Qalabka la heli karo waxaa ka mid ah:<\/p>\n<ul>\n<li><strong>ASQ-3:<\/strong> Waxay la socotaa horumarka horumarka ee carruurta da&#039;doodu u dhaxayso 1 bil ilaa 5\u00bd sano.<\/li>\n<li><strong>ASQ:SE-2:\u00a0<\/strong>Waxay diiradda saartaa horumarinta bulshada iyo shucuurta carruurta da&#039;doodu u dhaxayso 1 bil ilaa 6 sano.<\/li>\n<\/ul>\n<p>Baaritaannada si toos ah ayaa loo qiimeeyaa, natiijooyinkana isla markiiba waa laguu heli karaa. Waxaan sidoo kale bixinnaa tababar ku saabsan maamulka ASQ-yada, fahamka natiijooyinka, iyo la socodka qoysaska si taageero leh oo aan aad u badnayn.<\/p>\n<p>Akoonkaaga ASQ Online, xiriiriyeyaasha baaritaanka, iyo dhammaan taageerada la xiriirta ayaa la bixiyaa <strong>iyada oo aan wax kharash ah ku bixin barnaamijkaaga<\/strong>.<\/p>\n<p>Marka ilmuhu u baahdo caawimo dheeraad ah, uma baahnid inaad qiyaasto waxa xiga ee aad sameyn doonto. Barnaamijkan waxaad u gudbin kartaa qoyska hal gujin oo gaar ah oo loogu talagalay Help Me Grow Washington Resource Navigator kaasoo ku xidhi kara:<\/p>\n<ul>\n<li>Barnaamijyada Taageerada Hore ee Deegaanka ee Dhallaanka iyo Socodka (ESIT)<\/li>\n<\/ul>\n<ul>\n<li>Adeegyada taageerada qoyska<\/li>\n<\/ul>\n<ul>\n<li>Ilaha caafimaadka maskaxda ee carruurta yaryar<\/li>\n<\/ul>\n<ul>\n<li>Barnaamijyada booqashada guryaha ee maxalliga ah<\/li>\n<\/ul>\n<p>Kooxdeennu waxay la socotaa qoysaska si ay u hubiyaan inay xiriir leeyihiin oo ay fahmaan ikhtiyaarradooda. Waxaan ixtiraameynaa doorkaaga ku aaddan horumarka ilmaha waxaanan ku hayn doonnaa macluumaadka tallaabo kasta oo jidka ah.<\/p>\n<h3><span style=\"color: #6c1b6e;\">Maxaad Filan Kartaa Markaad Isdiiwaangeliso?<\/span><\/h3>\n<p>Markaad diyaar u tahay inaad ku biirto barnaamijka, waxaan ku hagi doonnaa hab fudud oo lagu galo barnaamijka:<\/p>\n<ol>\n<li><span style=\"text-decoration: underline; color: #ff671d;\"><strong><a style=\"color: #ff671d; text-decoration: underline;\" href=\"https:\/\/forms.office.com\/Pages\/ResponsePage.aspx?id=Ji2Ibyty6EiZh1Axa8gBpnIFq0oQUilFjxwLeEgMA7FUMDVSWFUyRzBXUjZUUUkyV0JEOTFZWUtOSyQlQCN0PWcu\" target=\"_blank\" rel=\"noopener\">Buuxi foomka xiisaha<\/a><\/strong><\/span><\/li>\n<li><strong>Saxiix heshiis barnaamij<\/strong><br \/>\n<em><span style=\"color: #ff671d;\"><strong><span style=\"text-decoration: underline;\"><a style=\"color: #ff671d; text-decoration: underline;\" href=\"https:\/\/helpmegrowwa.org\/wp-content\/uploads\/2025\/12\/ASQ-Partnership-Program-Agreement.pdf\" target=\"_blank\" rel=\"noopener\">Eeg tusaale heshiis<\/a><\/span><\/strong><\/span><\/em><\/li>\n<li><strong>Ka qaybgal tababarrada diyaarinta<\/strong><br \/>\n<em>Markaad diyaar noqoto, waxaan la socon doonnaa faahfaahinta tababarka iyo fursadaha jadwalka.<\/em><\/li>\n<li><strong>La wadaag astaanta xaruntaada iyo summadaynta<\/strong><br \/>\n<em>Waxaan tan u isticmaali doonnaa si aan u dejino boggaaga baaritaanka ASQ ee shaqsiyeed<\/em><\/li>\n<li><strong>Bilow inaad isticmaasho boggaaga shaqsiyeysan<\/strong><br \/>\n<em>Daryeelayaasha xaruntaada waxay bilaabi karaan dhammaystirka baaritaannada isla markiiba<\/em><\/li>\n<\/ol>\n\t<\/div>\n\t<script>\n\t\t(function($) {\n\t\t\t\/\/ Get the block ID\n\t\t\tvar id = \"#block_bfb1e3d7cbba7deb0f522cd6a9c4aa57\";\n\t\t\t\/\/ Reveal the block\n\t\t\tvar container = document.documentElement;\n\t\t\tScrollReveal().reveal(id + \" .container\", {\n\t\t\t\torigin: \"bottom\",\n\t\t\t\tdistance: \"20px\",\n\t\t\t\tduration: 1000,\n\t\t\t\tcontainer: container\n\t\t\t});\n\t\t}(jQuery))\n\t<\/script>\n<\/div>\n\n<div id=\"block_5407b2cbdaead6f8c2fabfba8660f066\" class=\"invitation-block w-border light-gray center\">\t\n\t<div class=\"container\">\n\t\t<p>Help Me Grow Washington waxay si dhab ah u qaadataa asturnaantaada iyo qoysaska aad u adeegto. Iyada oo qayb ka ah barnaamijka, waxaa lagaa codsan doonaa inaad saxiixdo heshiis qeexaya ka qaybgalkaaga, sida xogta loo kaydiyo, iyo cidda heli karta.<\/p>\n<p><span style=\"text-decoration: underline; color: #ff671d;\"><strong><a style=\"color: #ff671d; text-decoration: underline;\" href=\"https:\/\/helpmegrowwa.org\/wp-content\/uploads\/2025\/12\/ASQ-Partnership-Program-Agreement.pdf\" target=\"_blank\" rel=\"noopener\">Dib u eeg faahfaahinta heshiiskan.<\/a><\/strong><\/span><\/p>\n\t<\/div>\n<\/div>\n\n<div id=\"block_112bd3edfb7c7533efe94bf8a1f48bce\" class=\"fifty-fifty-block blue right\">\n\t<img decoding=\"async\" class=\"flower-graphic\" src=\"https:\/\/upperhousedev17.com\/wp-content\/themes\/helpmegrowwa\/images\/banner-text-shapes.svg\">\n\t<div class=\"info watermark\">\n\t\t<div class=\"container regular top\">\n\t\t\t<h3>Su&#039;aalo?<\/h3>\n<h3>Waxaan halkaan u joognaa inaan ku caawinno.<\/h3>\n<p>Haddii aad u baahan tahay macluumaad dheeraad ah oo ku saabsan ama aad jeclaan lahayd inaad ka hadasho ikhtiyaarrada iskaashiga kale si aad si fiican ugu habboonaato baahiyahaaga, fadlan la xiriir kooxdayada at <span data-teams=\"true\"><a id=\"menurkla\" class=\"fui-Link ___1q1shib f2hkw1w f3rmtva f1ewtqcl fyind8e f1k6fduh f1w7gpdv fk6fouc fjoy568 figsok6 f1s184ao f1mk8lai fnbmjn9 f1o700av f13mvf36 f1cmlufx f9n3di6 f1ids18y f1tx3yz7 f1deo86v f1eh06m1 f1iescvh fhgqx19 f1olyrje f1p93eir f1nev41a f1h8hb77 f1lqvz6u f10aw75t fsle3fq f17ae5zn\" title=\"mailto:childdevelopment@withinreachw.org\" href=\"mailto:childdevelopment@withinreachwa.org\" target=\"_blank\" rel=\"noreferrer noopener\" aria-label=\"Xiriir childdevelopment@withinreachw.org\">childdevelopment@withinreachwa.org<\/a><\/span><\/p>\n\t\t\t\t\t<\/div>\n\t<\/div>\n\t\t<div class=\"image\" style=\"background-image: url(https:\/\/upperhousedev17.com\/wp-content\/uploads\/2025\/10\/Screenshot-2025-10-23-172947-e1764864456575.png);background-position: top left;\">\n\t\t\t\t\t<\/div>\n\t<script>\n\t(function($) {\n\t\t\/\/ Get the block ID\n\t\tvar id = \"#block_112bd3edfb7c7533efe94bf8a1f48bce\";\n\t\t\/\/ Reveal the block\n\t\tvar container = document.documentElement;\n\t\tScrollReveal().reveal(id + \".left .image\", {origin: \"left\", distance: \"20px\", duration: 1000});\n\t\tScrollReveal().reveal(id + \".left .info .container\", {origin: \"right\", distance: \"20px\", duration: 1000});\n\t\tScrollReveal().reveal(id + \".right .image\", {origin: \"right\", distance: \"20px\", duration: 1000});\n\t\tScrollReveal().reveal(id + \".right .info .container\", {origin: \"left\", distance: \"20px\", duration: 1000});\n\t}(jQuery))\n\t<\/script>\n<\/div>\n\n\n<div id=\"block_e1028220bec396725f62c977daf3448d\" class=\"news-feature-block\">\n\t<div class=\"container\">\n\t\t<div class=\"title\">\n\t\t\t\t\t\t\t<h2>Warar + Cusbooneysiin<\/h2>\n\t\t\t\t\t<\/div>\n\t\t<div class=\"wrapper\">\n\t\t\t\t\t\t\t\n\t\t\t\t\t\t\t\t\t\t\t\t\t\t\t\t\t\t\t\t<a class=\"article\" href=\"https:\/\/conta.cc\/4c23dcA\" target=\"_blank\">\n\t\t\t\t\t\t\t\t\t\t\t<div class=\"picture\">\n\t\t\t\t\t\t\t\t\t\t\t\t\t\t<img decoding=\"async\" src=\"https:\/\/upperhousedev17.com\/wp-content\/uploads\/2026\/03\/HMG-WA-Network-Newsletter-header-14-260x180.png\" srcset=\"https:\/\/upperhousedev17.com\/wp-content\/uploads\/2026\/03\/HMG-WA-Network-Newsletter-header-14-260x180.png 260w, https:\/\/upperhousedev17.com\/wp-content\/uploads\/2026\/03\/HMG-WA-Network-Newsletter-header-14-520x200.png 520w\" sizes=\"260px\">\n\t\t\t\t\t\t\t\t\t\t\t\t\t\t\t<div class=\"type-label\">Warsidaha<\/div>\n\t\t\t\t\t\t\t\t\t\t\t\t\t<\/div>\n\t\t\t\t\t\t<div class=\"content\">\n\t\t\t\t\t\t\t\t\t\t\t\t\t\t\t<div class=\"date\">April 1, 2026<\/div>\n\t\t\t\t\t\t\t\t\t\t\t\t\t\t<div class=\"text\">\n\t\t\t\t\t\t\t\t<h3 class=\"title\">March 2026 HMG WA Newsletter (Spanish)<\/h3>\n\t\t\t\t\t\t\t\t<div class=\"summary\">Celebre a la red de Ay\u00fadame a Crecer Washington iyo conozca los avances que hemos logrado en varias iniciativas estrat\u00e9gicas del Plan estrat\u00e9gico de Ay\u00fadame a Crecer Washington.<\/div>\n\t\t\t\t\t\t\t<\/div>\n\t\t\t\t\t\t\t<div class=\"more\">\n\t\t\t\t\t\t\t\tAkhri wax dheeraad ah\n\t\t\t\t\t\t\t\t<svg class=\"arrow\" aria-hidden=\"true\" focusable=\"false\" data-prefix=\"fas\" data-icon=\"long-arrow-right\" role=\"img\" xmlns=\"http:\/\/www.w3.org\/2000\/svg\" viewbox=\"0 0 448 512\"><path fill=\"#ababab\" d=\"M254.544 154.427L320.118 220H24c-13.255 0-24 10.745-24 24v24c0 13.255 10.745 24 24 24h296.118l-65.574 65.573c-9.373 9.373-9.373 24.569 0 33.941l16.971 16.971c9.373 9.373 24.569 9.373 33.941 0L440.97 272.97c9.373-9.373 9.373-24.569 0-33.941L305.456 103.515c-9.373-9.373-24.569-9.373-33.941 0l-16.971 16.971c-9.373 9.372-9.373 24.568 0 33.941z\"><\/path><\/svg>\n\t\t\t\t\t\t\t<\/div>\n\t\t\t\t\t\t<\/div>\n\t\t\t\t\t<\/a>\n\t\t\t\t\t\t\t\t\t\t\t\t\t\t\t\t\t\t\t\t\t\t\t\t\t<a class=\"article\" href=\"https:\/\/conta.cc\/4d61btX\" target=\"_blank\">\n\t\t\t\t\t\t\t\t\t\t\t<div class=\"picture\">\n\t\t\t\t\t\t\t\t\t\t\t\t\t\t<img decoding=\"async\" src=\"https:\/\/upperhousedev17.com\/wp-content\/uploads\/2026\/03\/HMG-WA-Network-Newsletter-header-13-260x180.png\" srcset=\"https:\/\/upperhousedev17.com\/wp-content\/uploads\/2026\/03\/HMG-WA-Network-Newsletter-header-13-260x180.png 260w, https:\/\/upperhousedev17.com\/wp-content\/uploads\/2026\/03\/HMG-WA-Network-Newsletter-header-13-520x200.png 520w\" sizes=\"260px\">\n\t\t\t\t\t\t\t\t\t\t\t\t\t\t\t<div class=\"type-label\">Warsidaha<\/div>\n\t\t\t\t\t\t\t\t\t\t\t\t\t<\/div>\n\t\t\t\t\t\t<div class=\"content\">\n\t\t\t\t\t\t\t\t\t\t\t\t\t\t\t<div class=\"date\">March 31, 2026<\/div>\n\t\t\t\t\t\t\t\t\t\t\t\t\t\t<div class=\"text\">\n\t\t\t\t\t\t\t\t<h3 class=\"title\">March 2026 HMG WA Newsletter<\/h3>\n\t\t\t\t\t\t\t\t<div class=\"summary\">U dabaaldeg shabakadda Help Me Grow WA oo baro horumarka laga sameeyay dhowr ka mid ah hindisayaasha istaraatiijiyadeed ee Qorshaha Istaraatiijiyadda Help Me Grow WA.<\/div>\n\t\t\t\t\t\t\t<\/div>\n\t\t\t\t\t\t\t<div class=\"more\">\n\t\t\t\t\t\t\t\tAkhri wax dheeraad ah\n\t\t\t\t\t\t\t\t<svg class=\"arrow\" aria-hidden=\"true\" focusable=\"false\" data-prefix=\"fas\" data-icon=\"long-arrow-right\" role=\"img\" xmlns=\"http:\/\/www.w3.org\/2000\/svg\" viewbox=\"0 0 448 512\"><path fill=\"#ababab\" d=\"M254.544 154.427L320.118 220H24c-13.255 0-24 10.745-24 24v24c0 13.255 10.745 24 24 24h296.118l-65.574 65.573c-9.373 9.373-9.373 24.569 0 33.941l16.971 16.971c9.373 9.373 24.569 9.373 33.941 0L440.97 272.97c9.373-9.373 9.373-24.569 0-33.941L305.456 103.515c-9.373-9.373-24.569-9.373-33.941 0l-16.971 16.971c-9.373 9.372-9.373 24.568 0 33.941z\"><\/path><\/svg>\n\t\t\t\t\t\t\t<\/div>\n\t\t\t\t\t\t<\/div>\n\t\t\t\t\t<\/a>\n\t\t\t\t\t\t\t\t\t\t\t\t\t\t\t\t\t\t\t\t\t\t\t\t\t<a class=\"article\" href=\"https:\/\/upperhousedev17.com\/so\/reaching-new-heights-partnering-to-support-child-development\">\n\t\t\t\t\t\t\t\t\t\t\t<div class=\"picture\">\n\t\t\t\t\t\t\t\t\t\t\t\t\t\t<img decoding=\"async\" src=\"https:\/\/upperhousedev17.com\/wp-content\/uploads\/2026\/03\/NEWS-STORY-TITLE-5-e1774371040337-260x180.png\" srcset=\"https:\/\/upperhousedev17.com\/wp-content\/uploads\/2026\/03\/NEWS-STORY-TITLE-5-e1774371040337-260x180.png 260w, https:\/\/upperhousedev17.com\/wp-content\/uploads\/2026\/03\/NEWS-STORY-TITLE-5-e1774371040337-520x360.png 520w\" sizes=\"260px\">\n\t\t\t\t\t\t\t\t\t\t\t\t\t\t\t<div class=\"type-label\">Blog<\/div>\n\t\t\t\t\t\t\t\t\t\t\t\t\t<\/div>\n\t\t\t\t\t\t<div class=\"content\">\n\t\t\t\t\t\t\t\t\t\t\t\t\t\t\t<div class=\"date\">March 24, 2026<\/div>\n\t\t\t\t\t\t\t\t\t\t\t\t\t\t<div class=\"text\">\n\t\t\t\t\t\t\t\t<h3 class=\"title\">Reaching New Heights: Partnering to Support Child Development<\/h3>\n\t\t\t\t\t\t\t\t<div class=\"summary\">New Resource for Families and Partners! Help Me Grow WA has partnered with the Washington Chapter of the American Academy of Pediatrics (WCAAP) to co\u2011create a fun, bilingual height chart for children ages 2 months to 5 years. Designed with pediatric expertise and families in mind, each chart includes key developmental milestones and simple ways families can support their child\u2019s growth and learning. <\/div>\n\t\t\t\t\t\t\t<\/div>\n\t\t\t\t\t\t\t<div class=\"more\">\n\t\t\t\t\t\t\t\tAkhri wax dheeraad ah\n\t\t\t\t\t\t\t\t<svg class=\"arrow\" aria-hidden=\"true\" focusable=\"false\" data-prefix=\"fas\" data-icon=\"long-arrow-right\" role=\"img\" xmlns=\"http:\/\/www.w3.org\/2000\/svg\" viewbox=\"0 0 448 512\"><path fill=\"#ababab\" d=\"M254.544 154.427L320.118 220H24c-13.255 0-24 10.745-24 24v24c0 13.255 10.745 24 24 24h296.118l-65.574 65.573c-9.373 9.373-9.373 24.569 0 33.941l16.971 16.971c9.373 9.373 24.569 9.373 33.941 0L440.97 272.97c9.373-9.373 9.373-24.569 0-33.941L305.456 103.515c-9.373-9.373-24.569-9.373-33.941 0l-16.971 16.971c-9.373 9.372-9.373 24.568 0 33.941z\"><\/path><\/svg>\n\t\t\t\t\t\t\t<\/div>\n\t\t\t\t\t\t<\/div>\n\t\t\t\t\t<\/a>\n\t\t\t\t\t\t\t\t\t\t\t\t\t\t\t\t\t\t\t\t\t\t\t\t\t<a class=\"article\" href=\"https:\/\/upperhousedev17.com\/so\/news\/celebrating-the-2026-help-me-grow-washington-network\">\n\t\t\t\t\t\t\t\t\t\t\t<div class=\"picture\">\n\t\t\t\t\t\t\t\t\t\t\t\t\t\t<img decoding=\"async\" src=\"https:\/\/upperhousedev17.com\/wp-content\/uploads\/2026\/03\/NEWS-STORY-TITLE-4-260x180.png\" srcset=\"https:\/\/upperhousedev17.com\/wp-content\/uploads\/2026\/03\/NEWS-STORY-TITLE-4-260x180.png 260w, https:\/\/upperhousedev17.com\/wp-content\/uploads\/2026\/03\/NEWS-STORY-TITLE-4-520x360.png 520w\" sizes=\"260px\">\n\t\t\t\t\t\t\t\t\t\t\t\t\t\t\t<div class=\"type-label\">Wararka<\/div>\n\t\t\t\t\t\t\t\t\t\t\t\t\t<\/div>\n\t\t\t\t\t\t<div class=\"content\">\n\t\t\t\t\t\t\t\t\t\t\t\t\t\t\t<div class=\"date\">March 23, 2026<\/div>\n\t\t\t\t\t\t\t\t\t\t\t\t\t\t<div class=\"text\">\n\t\t\t\t\t\t\t\t<h3 class=\"title\">Celebrating the 2026 Help Me Grow Washington Network!<\/h3>\n\t\t\t\t\t\t\t\t<div class=\"summary\">We\u2019re\u00a0excited to welcome Help Me Grow Whatcom and Help Me Grow Grays Harbor to the Help Me Grow Washington network! ? With their addition, more communities across the state are building coordinated, family-centered systems of support\u2014strengthening connections and making it easier for families to access the resources they need, when they need them.\u00a0<\/div>\n\t\t\t\t\t\t\t<\/div>\n\t\t\t\t\t\t\t<div class=\"more\">\n\t\t\t\t\t\t\t\tAkhri wax dheeraad ah\n\t\t\t\t\t\t\t\t<svg class=\"arrow\" aria-hidden=\"true\" focusable=\"false\" data-prefix=\"fas\" data-icon=\"long-arrow-right\" role=\"img\" xmlns=\"http:\/\/www.w3.org\/2000\/svg\" viewbox=\"0 0 448 512\"><path fill=\"#ababab\" d=\"M254.544 154.427L320.118 220H24c-13.255 0-24 10.745-24 24v24c0 13.255 10.745 24 24 24h296.118l-65.574 65.573c-9.373 9.373-9.373 24.569 0 33.941l16.971 16.971c9.373 9.373 24.569 9.373 33.941 0L440.97 272.97c9.373-9.373 9.373-24.569 0-33.941L305.456 103.515c-9.373-9.373-24.569-9.373-33.941 0l-16.971 16.971c-9.373 9.372-9.373 24.568 0 33.941z\"><\/path><\/svg>\n\t\t\t\t\t\t\t<\/div>\n\t\t\t\t\t\t<\/div>\n\t\t\t\t\t<\/a>\n\t\t\t\t\t\t\t\t\t\t\t\t\t\n\t\t\t\t\t\t\t\n\t\t<\/div>\n\t<\/div>\n\t<script>\n\t\n\t(function($) {\n\t\n\t\t\/\/ Get the block ID\n\t\tvar id = \"#block_e1028220bec396725f62c977daf3448d\";\n\t\t\n\t\t\/\/ Reveal foreground elements\n\t\tScrollReveal().reveal(id + \" .article\", {origin: \"bottom\", distance: \"20px\", duration: 1000, viewFactor: 0.2, interval: 100, reset: false});\n\t\t\n\t})(jQuery)\n\t\n\t<\/script>\t\n<\/div>","protected":false},"excerpt":{"rendered":"","protected":false},"author":54,"featured_media":0,"parent":0,"menu_order":42,"comment_status":"closed","ping_status":"closed","template":"","meta":{"_acf_changed":false,"footnotes":""},"acf":[],"_links":{"self":[{"href":"https:\/\/upperhousedev17.com\/so\/wp-json\/wp\/v2\/pages\/12791"}],"collection":[{"href":"https:\/\/upperhousedev17.com\/so\/wp-json\/wp\/v2\/pages"}],"about":[{"href":"https:\/\/upperhousedev17.com\/so\/wp-json\/wp\/v2\/types\/page"}],"author":[{"embeddable":true,"href":"https:\/\/upperhousedev17.com\/so\/wp-json\/wp\/v2\/users\/54"}],"replies":[{"embeddable":true,"href":"https:\/\/upperhousedev17.com\/so\/wp-json\/wp\/v2\/comments?post=12791"}],"version-history":[{"count":32,"href":"https:\/\/upperhousedev17.com\/so\/wp-json\/wp\/v2\/pages\/12791\/revisions"}],"predecessor-version":[{"id":13229,"href":"https:\/\/upperhousedev17.com\/so\/wp-json\/wp\/v2\/pages\/12791\/revisions\/13229"}],"wp:attachment":[{"href":"https:\/\/upperhousedev17.com\/so\/wp-json\/wp\/v2\/media?parent=12791"}],"curies":[{"name":"wp","href":"https:\/\/api.w.org\/{rel}","templated":true}]}}