{"id":7251,"date":"2023-10-13T00:29:52","date_gmt":"2023-10-13T00:29:52","guid":{"rendered":"https:\/\/helpmegrowwa.org\/?page_id=7251"},"modified":"2025-04-14T22:48:29","modified_gmt":"2025-04-14T22:48:29","slug":"basic-food-snap","status":"publish","type":"page","link":"https:\/\/upperhousedev17.com\/es\/basic-food-snap","title":{"rendered":"Alimentos B\u00e1sicos o SNAP"},"content":{"rendered":"<div id=\"block_ea5cfa4a69cc3bcb69831507f64cde25\" class=\"banner-block text\">\n\t<img decoding=\"async\" class=\"graphic\" src=\"https:\/\/upperhousedev17.com\/wp-content\/themes\/helpmegrowwa\/images\/banner-text-shapes.svg\">\n\t<div class=\"text-wrapper\">\n\t\t<h1>del estado de Washington<br \/>\r\nPrograma de alimentaci\u00f3n b\u00e1sica<\/h1>\n\t<\/div>\t\n\t<script>\n\t(function($) {\n\t\t\/\/ Get the block ID\n\t\tvar id = \"#block_ea5cfa4a69cc3bcb69831507f64cde25\";\n\t\t\/\/ Reveal the heading\n\t\tScrollReveal().reveal(id + \" h1\", {duration: 1000});\n\t})(jQuery)\n\t<\/script>\n<\/div>\n\n\n\n<div id=\"block_3215b31405db68a2bd5633a1ba763d9e\" class=\"text-block white large center\">\n\t<div class=\"container one-column full\">\n\t\t<p>Basic Food, tambi\u00e9n conocido como Programa de Asistencia Nutricional Suplementaria (SNAP) o cupones de alimentos, ayuda a las personas a comprar alimentos. Los hogares elegibles reciben una tarjeta de beneficios electr\u00f3nicos (EBT) con beneficios mensuales para comprar alimentos en supermercados y mercados de agricultores participantes.<\/p>\n\t<\/div>\n\t<script>\n\t\t(function($) {\n\t\t\t\/\/ Get the block ID\n\t\t\tvar id = \"#block_3215b31405db68a2bd5633a1ba763d9e\";\n\t\t\t\/\/ Reveal the block\n\t\t\tvar container = document.documentElement;\n\t\t\tScrollReveal().reveal(id + \" .container\", {\n\t\t\t\torigin: \"bottom\",\n\t\t\t\tdistance: \"20px\",\n\t\t\t\tduration: 1000,\n\t\t\t\tcontainer: container\n\t\t\t});\n\t\t}(jQuery))\n\t<\/script>\n<\/div>\n\n<div id=\"block_7db0e76816c791c3f9cc1dfa5b8e6735\" class=\"tile-block light-gray\">\n\t<div class=\"container left\">\n\t\t<div class=\"image\">\n\t\t\t<div class=\"wrapper\">\n\t\t\t\t\t\t\t\t<img decoding=\"async\" src=\"https:\/\/upperhousedev17.com\/wp-content\/uploads\/2023\/10\/Basic-Food-Food-Stamps-Help-Me-Grow-Wa-555x392.jpg\" srcset=\"https:\/\/upperhousedev17.com\/wp-content\/uploads\/2023\/10\/Basic-Food-Food-Stamps-Help-Me-Grow-Wa-555x392.jpg 555w, https:\/\/upperhousedev17.com\/wp-content\/uploads\/2023\/10\/Basic-Food-Food-Stamps-Help-Me-Grow-Wa-1110x784.jpg 1110w\" sizes=\"555px\">\n\t\t\t<\/div>\n\t\t<\/div>\n\t\t<div class=\"text\">\n\t\t\t\t\t\t<h2><span style=\"color: #00609c;\">Datos sobre la alimentaci\u00f3n b\u00e1sica<\/span><\/h2>\n<ul>\n<li>La elegibilidad depende de su nivel de ingresos, no de sus recursos.<\/li>\n<li>No importa su edad, si tiene una casa o no tiene hogar, trabaja o est\u00e1 desempleado, es apto o discapacitado, usted puede calificar.<\/li>\n<li>Casi la mitad de todas las solicitudes se procesan en menos de una semana.<\/li>\n<li>Los beneficios mensuales se basan en sus ingresos, gastos de subsistencia y cu\u00e1ntas personas compran, comparten y preparan alimentos en su hogar.<\/li>\n<\/ul>\n<h4><strong><a class=\"page-link\" href=\"https:\/\/referrals.helpmegrowwa.org\/es\/benefit_finder\" target=\"_blank\" rel=\"noopener\">Vea si puedo calificar para recibir asistencia alimentaria <img decoding=\"async\" src=\"\/wp-content\/themes\/helpmegrowwa\/images\/text-block-orange-arrow.svg\" \/><\/a><\/strong><\/h4>\n\t\t<\/div>\n\t<\/div>\n\t<script>\n\t(function($) {\n\t\t\/\/ Get the block ID\n\t\tvar id = \"#block_7db0e76816c791c3f9cc1dfa5b8e6735\";\n\t\t\/\/ Reveal the block\n\t\tvar container = document.documentElement;\n\t\tScrollReveal().reveal(id + \" .container.left .image\", {origin: \"left\", distance: \"20px\", duration: 1000, container: container});\n\t\tScrollReveal().reveal(id + \" .container.left .text\", {origin: \"right\", distance: \"20px\", duration: 1000, container: container});\n\t\tScrollReveal().reveal(id + \" .container.right .image\", {origin: \"right\", distance: \"20px\", duration: 1000, container: container});\n\t\tScrollReveal().reveal(id + \" .container.right .text\", {origin: \"left\", distance: \"20px\", duration: 1000, container: container});\n\t}(jQuery))\n\t<\/script>\n<\/div>\n\n<div id=\"block_c64ab707243f13876b7e1170319eebf8\" class=\"text-block white large left\">\n\t<div class=\"container one-column full\">\n\t\t<h2><span style=\"color: #561553;\">Elegibilidad y beneficios para alimentos b\u00e1sicos <\/span><\/h2>\n\t<\/div>\n\t<script>\n\t\t(function($) {\n\t\t\t\/\/ Get the block ID\n\t\t\tvar id = \"#block_c64ab707243f13876b7e1170319eebf8\";\n\t\t\t\/\/ Reveal the block\n\t\t\tvar container = document.documentElement;\n\t\t\tScrollReveal().reveal(id + \" .container\", {\n\t\t\t\torigin: \"bottom\",\n\t\t\t\tdistance: \"20px\",\n\t\t\t\tduration: 1000,\n\t\t\t\tcontainer: container\n\t\t\t});\n\t\t}(jQuery))\n\t<\/script>\n<\/div>\n\n<div id=\"block_09e252e1707bc9c3726f90dff096d63c\" class=\"data-tables-block white\">\n\t<div class=\"container\">\n\t\t\t<div class=\"data-table\">\n\t\t\t<div class=\"table-title\">L\u00edmites de ingresos del programa de alimentos b\u00e1sicos<\/div>\n\t\t\t<table>\n\t\t\t\t<tr>\n\t\t\t\t\t<td class=\"column-heading col-one\">Tama\u00f1o del hogar<\/td>\n\t\t\t\t\t<td class=\"spacer\"><\/td>\n\t\t\t\t\t<td class=\"column-heading col-two\">Ingreso Bruto Mensual<\/td>\n\t\t\t\t<\/tr>\n\t\t\t\t\t\t\t\t\t<tr class=\"data-row\">\n\t\t\t\t\t\t<td class=\"column-value col-one\">1<\/td>\n\t\t\t\t\t\t<td class=\"spacer\"><\/td>\n\t\t\t\t\t\t<td class=\"column-value col-two\">$2,608<\/td>\n\t\t\t\t\t<\/tr>\n\t\t\t\t\t\t\t\t\t<tr class=\"data-row\">\n\t\t\t\t\t\t<td class=\"column-value col-one\">2<\/td>\n\t\t\t\t\t\t<td class=\"spacer\"><\/td>\n\t\t\t\t\t\t<td class=\"column-value col-two\">$3,525<\/td>\n\t\t\t\t\t<\/tr>\n\t\t\t\t\t\t\t\t\t<tr class=\"data-row\">\n\t\t\t\t\t\t<td class=\"column-value col-one\">3<\/td>\n\t\t\t\t\t\t<td class=\"spacer\"><\/td>\n\t\t\t\t\t\t<td class=\"column-value col-two\">$4,442<\/td>\n\t\t\t\t\t<\/tr>\n\t\t\t\t\t\t\t\t\t<tr class=\"data-row\">\n\t\t\t\t\t\t<td class=\"column-value col-one\">4<\/td>\n\t\t\t\t\t\t<td class=\"spacer\"><\/td>\n\t\t\t\t\t\t<td class=\"column-value col-two\">$5,358<\/td>\n\t\t\t\t\t<\/tr>\n\t\t\t\t\t\t\t\t\t<tr class=\"data-row\">\n\t\t\t\t\t\t<td class=\"column-value col-one\">5<\/td>\n\t\t\t\t\t\t<td class=\"spacer\"><\/td>\n\t\t\t\t\t\t<td class=\"column-value col-two\">$6,275<\/td>\n\t\t\t\t\t<\/tr>\n\t\t\t\t\t\t\t\t\t<tr class=\"data-row\">\n\t\t\t\t\t\t<td class=\"column-value col-one\">6<\/td>\n\t\t\t\t\t\t<td class=\"spacer\"><\/td>\n\t\t\t\t\t\t<td class=\"column-value col-two\">$7,192<\/td>\n\t\t\t\t\t<\/tr>\n\t\t\t\t\t\t\t\t\t<tr class=\"data-row\">\n\t\t\t\t\t\t<td class=\"column-value col-one\">7<\/td>\n\t\t\t\t\t\t<td class=\"spacer\"><\/td>\n\t\t\t\t\t\t<td class=\"column-value col-two\">$8,108<\/td>\n\t\t\t\t\t<\/tr>\n\t\t\t\t\t\t\t\t\t<tr class=\"data-row\">\n\t\t\t\t\t\t<td class=\"column-value col-one\">8<\/td>\n\t\t\t\t\t\t<td class=\"spacer\"><\/td>\n\t\t\t\t\t\t<td class=\"column-value col-two\">$9,025<\/td>\n\t\t\t\t\t<\/tr>\n\t\t\t\t\t\t\t\t\t<tr class=\"data-row\">\n\t\t\t\t\t\t<td class=\"column-value col-one\">9<\/td>\n\t\t\t\t\t\t<td class=\"spacer\"><\/td>\n\t\t\t\t\t\t<td class=\"column-value col-two\">$9,942<\/td>\n\t\t\t\t\t<\/tr>\n\t\t\t\t\t\t\t\t\t<tr class=\"data-row\">\n\t\t\t\t\t\t<td class=\"column-value col-one\">10<\/td>\n\t\t\t\t\t\t<td class=\"spacer\"><\/td>\n\t\t\t\t\t\t<td class=\"column-value col-two\">$10,858<\/td>\n\t\t\t\t\t<\/tr>\n\t\t\t\t\t\t\t\t\t<tr class=\"data-row\">\n\t\t\t\t\t\t<td class=\"column-value col-one\">Adicional<\/td>\n\t\t\t\t\t\t<td class=\"spacer\"><\/td>\n\t\t\t\t\t\t<td class=\"column-value col-two\">+$917<\/td>\n\t\t\t\t\t<\/tr>\n\t\t\t\t\t\t\t<\/table>\n\t\t<\/div>\n\t\t\t<div class=\"data-table\">\n\t\t\t<div class=\"table-title\">Montos de beneficios mensuales del programa de alimentos b\u00e1sicos<\/div>\n\t\t\t<table>\n\t\t\t\t<tr>\n\t\t\t\t\t<td class=\"column-heading col-one\">Tama\u00f1o del hogar<\/td>\n\t\t\t\t\t<td class=\"spacer\"><\/td>\n\t\t\t\t\t<td class=\"column-heading col-two\">Asignaciones mensuales m\u00e1ximas<\/td>\n\t\t\t\t<\/tr>\n\t\t\t\t\t\t\t\t\t<tr class=\"data-row\">\n\t\t\t\t\t\t<td class=\"column-value col-one\">1<\/td>\n\t\t\t\t\t\t<td class=\"spacer\"><\/td>\n\t\t\t\t\t\t<td class=\"column-value col-two\">$292<\/td>\n\t\t\t\t\t<\/tr>\n\t\t\t\t\t\t\t\t\t<tr class=\"data-row\">\n\t\t\t\t\t\t<td class=\"column-value col-one\">2<\/td>\n\t\t\t\t\t\t<td class=\"spacer\"><\/td>\n\t\t\t\t\t\t<td class=\"column-value col-two\">$536<\/td>\n\t\t\t\t\t<\/tr>\n\t\t\t\t\t\t\t\t\t<tr class=\"data-row\">\n\t\t\t\t\t\t<td class=\"column-value col-one\">3<\/td>\n\t\t\t\t\t\t<td class=\"spacer\"><\/td>\n\t\t\t\t\t\t<td class=\"column-value col-two\">$768<\/td>\n\t\t\t\t\t<\/tr>\n\t\t\t\t\t\t\t\t\t<tr class=\"data-row\">\n\t\t\t\t\t\t<td class=\"column-value col-one\">4<\/td>\n\t\t\t\t\t\t<td class=\"spacer\"><\/td>\n\t\t\t\t\t\t<td class=\"column-value col-two\">$975<\/td>\n\t\t\t\t\t<\/tr>\n\t\t\t\t\t\t\t\t\t<tr class=\"data-row\">\n\t\t\t\t\t\t<td class=\"column-value col-one\">5<\/td>\n\t\t\t\t\t\t<td class=\"spacer\"><\/td>\n\t\t\t\t\t\t<td class=\"column-value col-two\">$1,158<\/td>\n\t\t\t\t\t<\/tr>\n\t\t\t\t\t\t\t\t\t<tr class=\"data-row\">\n\t\t\t\t\t\t<td class=\"column-value col-one\">6<\/td>\n\t\t\t\t\t\t<td class=\"spacer\"><\/td>\n\t\t\t\t\t\t<td class=\"column-value col-two\">$1,390<\/td>\n\t\t\t\t\t<\/tr>\n\t\t\t\t\t\t\t\t\t<tr class=\"data-row\">\n\t\t\t\t\t\t<td class=\"column-value col-one\">7<\/td>\n\t\t\t\t\t\t<td class=\"spacer\"><\/td>\n\t\t\t\t\t\t<td class=\"column-value col-two\">$1,536<\/td>\n\t\t\t\t\t<\/tr>\n\t\t\t\t\t\t\t\t\t<tr class=\"data-row\">\n\t\t\t\t\t\t<td class=\"column-value col-one\">8<\/td>\n\t\t\t\t\t\t<td class=\"spacer\"><\/td>\n\t\t\t\t\t\t<td class=\"column-value col-two\">$1,756<\/td>\n\t\t\t\t\t<\/tr>\n\t\t\t\t\t\t\t\t\t<tr class=\"data-row\">\n\t\t\t\t\t\t<td class=\"column-value col-one\">Adicional<\/td>\n\t\t\t\t\t\t<td class=\"spacer\"><\/td>\n\t\t\t\t\t\t<td class=\"column-value col-two\">+$220<\/td>\n\t\t\t\t\t<\/tr>\n\t\t\t\t\t\t\t<\/table>\n\t\t<\/div>\n\t\t<\/div>\n\t<script>\n\t\n\t(function($) {\n\t\n\t\t\/\/ Get the block ID\n\t\tvar id = \"#block_09e252e1707bc9c3726f90dff096d63c\";\n\t\t\n\t\t\/\/ Reveal foreground elements\n\t\tScrollReveal().reveal(id + \" .container\", {origin: \"bottom\", distance: \"20px\", duration: 1000, viewFactor: 0.2, interval: 100, reset: false});\n\t\n\t})(jQuery)\n\t\n\t<\/script>\n<\/div>\n\n<div id=\"block_2e216a6a658a4662d55e9b99276c65e2\" class=\"text-block white large left\">\n\t<div class=\"container one-column full w-border\">\n\t\t<h2><span style=\"color: #00609c;\">\u00bfC\u00f3mo solicito alimentos b\u00e1sicos? <\/span><\/h2>\n<ul>\n<li>Por tel\u00e9fono llamando a la L\u00ednea Directa Help Me Grow Washington al <a href=\"tel:18003222588\">1\u2011800\u2011322\u20112588<\/a>.<\/li>\n<li>En l\u00ednea en <a href=\"https:\/\/www.washingtonconnection.org\/home\/\" target=\"_blank\" rel=\"noopener\">www.washingtonconnection.org<\/a>.<\/li>\n<\/ul>\n<p>Luego de completar la solicitud, deber\u00e1 realizar una entrevista para poder recibir los beneficios de Alimentaci\u00f3n B\u00e1sica. Las entrevistas se pueden realizar en su Oficina de Servicios Comunitarios local o por tel\u00e9fono al 1\u2011877\u2011501\u20112233.<\/p>\n<p><strong>No es necesario ser ciudadano estadounidense para recibir beneficios alimentarios.<\/strong><\/p>\n<p>Los inmigrantes que cumplan con reglas espec\u00edficas del programa bajo el Programa Federal de Nutrici\u00f3n Suplementaria pueden ser elegibles para recibir beneficios alimentarios. adem\u00e1s, el <a href=\"https:\/\/www.dshs.wa.gov\/esa\/program-summary\/food-assistance-program-legal-immigrants-fap\" target=\"_blank\" rel=\"noopener\">Programa de Asistencia Alimentaria (FAP)<\/a> es un programa financiado por el estado que brinda asistencia alimentaria a inmigrantes legales que no son elegibles para los beneficios federales de Alimentos B\u00e1sicos \u00fanicamente debido a su condici\u00f3n de extranjeros.<\/p>\n<p><strong>\u00bfA\u00fan no est\u00e1s seguro si calificas? Ll\u00e1manos al <a href=\"tel:18003222588\">1\u2011800\u2011322\u20112588<\/a>.<\/strong><\/p>\n<h2><span style=\"color: #00609c;\">Tambi\u00e9n puede calificar para estos beneficios:<\/span><\/h2>\n<ul>\n<li>Programa de Capacitaci\u00f3n y Empleo de Alimentos B\u00e1sicos (BFET), que brinda b\u00fasqueda de empleo, capacitaci\u00f3n para la b\u00fasqueda de empleo, servicios educativos, capacitaci\u00f3n de habilidades y otras oportunidades de empleo.<\/li>\n<li>El Programa Especial de Nutrici\u00f3n Suplementaria para Mujeres, Beb\u00e9s y Ni\u00f1os (WIC), que ayuda a las mujeres embarazadas, las nuevas madres y los ni\u00f1os peque\u00f1os a comprar alimentos nutritivos, aprender sobre nutrici\u00f3n y mantenerse saludables.<\/li>\n<li>Working Connections Child Care (WCCC), que ayuda a las familias a pagar el cuidado infantil.<\/li>\n<li>Programa de alimentaci\u00f3n escolar gratuita o reducida.<\/li>\n<li>Los mercados de agricultores participantes igualar\u00e1n cada d\u00f3lar de EBT que gaste, lo que duplicar\u00e1 sus compras, apoyar\u00e1 a sus agricultores locales y brindar\u00e1 una dieta saludable y hol\u00edstica.<\/li>\n<li>Servicio telef\u00f3nico local de bajo costo o programas inal\u00e1mbricos gratuitos.<\/li>\n<\/ul>\n<p><strong>Para obtener m\u00e1s informaci\u00f3n, llame a la L\u00ednea Directa Help Me Grow Washington al <a href=\"tel:18003222588\">1\u2011800\u2011322\u20112588<\/a>.<\/strong><\/p>\n\t<\/div>\n\t<script>\n\t\t(function($) {\n\t\t\t\/\/ Get the block ID\n\t\t\tvar id = \"#block_2e216a6a658a4662d55e9b99276c65e2\";\n\t\t\t\/\/ Reveal the block\n\t\t\tvar container = document.documentElement;\n\t\t\tScrollReveal().reveal(id + \" .container\", {\n\t\t\t\torigin: \"bottom\",\n\t\t\t\tdistance: \"20px\",\n\t\t\t\tduration: 1000,\n\t\t\t\tcontainer: container\n\t\t\t});\n\t\t}(jQuery))\n\t<\/script>\n<\/div>\n\n\n<div id=\"block_17bf02cad362dd66bebbf885efd1bbd9\" class=\"news-feature-block\">\n\t<div class=\"container\">\n\t\t<div class=\"title\">\n\t\t\t\t\t\t\t<h2>Noticias + Actualizaciones<\/h2>\n\t\t\t\t\t<\/div>\n\t\t<div class=\"wrapper\">\n\t\t\t\t\t\t\t\n\t\t\t\t\t\t\t\t\t\t\t\t\t\t\t\t\t\t\t\t<a class=\"article\" href=\"https:\/\/conta.cc\/4c23dcA\" target=\"_blank\">\n\t\t\t\t\t\t\t\t\t\t\t<div class=\"picture\">\n\t\t\t\t\t\t\t\t\t\t\t\t\t\t<img decoding=\"async\" src=\"https:\/\/upperhousedev17.com\/wp-content\/uploads\/2026\/03\/HMG-WA-Network-Newsletter-header-14-260x180.png\" srcset=\"https:\/\/upperhousedev17.com\/wp-content\/uploads\/2026\/03\/HMG-WA-Network-Newsletter-header-14-260x180.png 260w, https:\/\/upperhousedev17.com\/wp-content\/uploads\/2026\/03\/HMG-WA-Network-Newsletter-header-14-520x200.png 520w\" sizes=\"260px\">\n\t\t\t\t\t\t\t\t\t\t\t\t\t\t\t<div class=\"type-label\">Boletin informativo<\/div>\n\t\t\t\t\t\t\t\t\t\t\t\t\t<\/div>\n\t\t\t\t\t\t<div class=\"content\">\n\t\t\t\t\t\t\t\t\t\t\t\t\t\t\t<div class=\"date\">abril 1, 2026<\/div>\n\t\t\t\t\t\t\t\t\t\t\t\t\t\t<div class=\"text\">\n\t\t\t\t\t\t\t\t<h3 class=\"title\">March 2026 HMG WA Newsletter (Spanish)<\/h3>\n\t\t\t\t\t\t\t\t<div class=\"summary\">Celebre a la red de Ay\u00fadame a Crecer Washington y conozca los avances que hemos logrado en varias iniciativas estrat\u00e9gicas del Plan estrat\u00e9gico de Ay\u00fadame a Crecer Washington.<\/div>\n\t\t\t\t\t\t\t<\/div>\n\t\t\t\t\t\t\t<div class=\"more\">\n\t\t\t\t\t\t\t\tLee mas\n\t\t\t\t\t\t\t\t<svg class=\"arrow\" aria-hidden=\"true\" focusable=\"false\" data-prefix=\"fas\" data-icon=\"long-arrow-right\" role=\"img\" xmlns=\"http:\/\/www.w3.org\/2000\/svg\" viewbox=\"0 0 448 512\"><path fill=\"#ababab\" d=\"M254.544 154.427L320.118 220H24c-13.255 0-24 10.745-24 24v24c0 13.255 10.745 24 24 24h296.118l-65.574 65.573c-9.373 9.373-9.373 24.569 0 33.941l16.971 16.971c9.373 9.373 24.569 9.373 33.941 0L440.97 272.97c9.373-9.373 9.373-24.569 0-33.941L305.456 103.515c-9.373-9.373-24.569-9.373-33.941 0l-16.971 16.971c-9.373 9.372-9.373 24.568 0 33.941z\"><\/path><\/svg>\n\t\t\t\t\t\t\t<\/div>\n\t\t\t\t\t\t<\/div>\n\t\t\t\t\t<\/a>\n\t\t\t\t\t\t\t\t\t\t\t\t\t\t\t\t\t\t\t\t\t\t\t\t\t<a class=\"article\" href=\"https:\/\/conta.cc\/4d61btX\" target=\"_blank\">\n\t\t\t\t\t\t\t\t\t\t\t<div class=\"picture\">\n\t\t\t\t\t\t\t\t\t\t\t\t\t\t<img decoding=\"async\" src=\"https:\/\/upperhousedev17.com\/wp-content\/uploads\/2026\/03\/HMG-WA-Network-Newsletter-header-13-260x180.png\" srcset=\"https:\/\/upperhousedev17.com\/wp-content\/uploads\/2026\/03\/HMG-WA-Network-Newsletter-header-13-260x180.png 260w, https:\/\/upperhousedev17.com\/wp-content\/uploads\/2026\/03\/HMG-WA-Network-Newsletter-header-13-520x200.png 520w\" sizes=\"260px\">\n\t\t\t\t\t\t\t\t\t\t\t\t\t\t\t<div class=\"type-label\">Boletin informativo<\/div>\n\t\t\t\t\t\t\t\t\t\t\t\t\t<\/div>\n\t\t\t\t\t\t<div class=\"content\">\n\t\t\t\t\t\t\t\t\t\t\t\t\t\t\t<div class=\"date\">marzo 31, 2026<\/div>\n\t\t\t\t\t\t\t\t\t\t\t\t\t\t<div class=\"text\">\n\t\t\t\t\t\t\t\t<h3 class=\"title\">March 2026 HMG WA Newsletter<\/h3>\n\t\t\t\t\t\t\t\t<div class=\"summary\">Celebre la red Help Me Grow WA y conozca el progreso logrado en varias de las iniciativas estrat\u00e9gicas del Plan Estrat\u00e9gico Help Me Grow WA.<\/div>\n\t\t\t\t\t\t\t<\/div>\n\t\t\t\t\t\t\t<div class=\"more\">\n\t\t\t\t\t\t\t\tLee mas\n\t\t\t\t\t\t\t\t<svg class=\"arrow\" aria-hidden=\"true\" focusable=\"false\" data-prefix=\"fas\" data-icon=\"long-arrow-right\" role=\"img\" xmlns=\"http:\/\/www.w3.org\/2000\/svg\" viewbox=\"0 0 448 512\"><path fill=\"#ababab\" d=\"M254.544 154.427L320.118 220H24c-13.255 0-24 10.745-24 24v24c0 13.255 10.745 24 24 24h296.118l-65.574 65.573c-9.373 9.373-9.373 24.569 0 33.941l16.971 16.971c9.373 9.373 24.569 9.373 33.941 0L440.97 272.97c9.373-9.373 9.373-24.569 0-33.941L305.456 103.515c-9.373-9.373-24.569-9.373-33.941 0l-16.971 16.971c-9.373 9.372-9.373 24.568 0 33.941z\"><\/path><\/svg>\n\t\t\t\t\t\t\t<\/div>\n\t\t\t\t\t\t<\/div>\n\t\t\t\t\t<\/a>\n\t\t\t\t\t\t\t\t\t\t\t\t\t\t\t\t\t\t\t\t\t\t\t\t\t<a class=\"article\" href=\"https:\/\/upperhousedev17.com\/es\/reaching-new-heights-partnering-to-support-child-development\">\n\t\t\t\t\t\t\t\t\t\t\t<div class=\"picture\">\n\t\t\t\t\t\t\t\t\t\t\t\t\t\t<img decoding=\"async\" src=\"https:\/\/upperhousedev17.com\/wp-content\/uploads\/2026\/03\/NEWS-STORY-TITLE-5-e1774371040337-260x180.png\" srcset=\"https:\/\/upperhousedev17.com\/wp-content\/uploads\/2026\/03\/NEWS-STORY-TITLE-5-e1774371040337-260x180.png 260w, https:\/\/upperhousedev17.com\/wp-content\/uploads\/2026\/03\/NEWS-STORY-TITLE-5-e1774371040337-520x360.png 520w\" sizes=\"260px\">\n\t\t\t\t\t\t\t\t\t\t\t\t\t\t\t<div class=\"type-label\">Entrada<\/div>\n\t\t\t\t\t\t\t\t\t\t\t\t\t<\/div>\n\t\t\t\t\t\t<div class=\"content\">\n\t\t\t\t\t\t\t\t\t\t\t\t\t\t\t<div class=\"date\">marzo 24, 2026<\/div>\n\t\t\t\t\t\t\t\t\t\t\t\t\t\t<div class=\"text\">\n\t\t\t\t\t\t\t\t<h3 class=\"title\">Reaching New Heights: Partnering to Support Child Development<\/h3>\n\t\t\t\t\t\t\t\t<div class=\"summary\">New Resource for Families and Partners! Help Me Grow WA has partnered with the Washington Chapter of the American Academy of Pediatrics (WCAAP) to co\u2011create a fun, bilingual height chart for children ages 2 months to 5 years. Designed with pediatric expertise and families in mind, each chart includes key developmental milestones and simple ways families can support their child\u2019s growth and learning. <\/div>\n\t\t\t\t\t\t\t<\/div>\n\t\t\t\t\t\t\t<div class=\"more\">\n\t\t\t\t\t\t\t\tLee mas\n\t\t\t\t\t\t\t\t<svg class=\"arrow\" aria-hidden=\"true\" focusable=\"false\" data-prefix=\"fas\" data-icon=\"long-arrow-right\" role=\"img\" xmlns=\"http:\/\/www.w3.org\/2000\/svg\" viewbox=\"0 0 448 512\"><path fill=\"#ababab\" d=\"M254.544 154.427L320.118 220H24c-13.255 0-24 10.745-24 24v24c0 13.255 10.745 24 24 24h296.118l-65.574 65.573c-9.373 9.373-9.373 24.569 0 33.941l16.971 16.971c9.373 9.373 24.569 9.373 33.941 0L440.97 272.97c9.373-9.373 9.373-24.569 0-33.941L305.456 103.515c-9.373-9.373-24.569-9.373-33.941 0l-16.971 16.971c-9.373 9.372-9.373 24.568 0 33.941z\"><\/path><\/svg>\n\t\t\t\t\t\t\t<\/div>\n\t\t\t\t\t\t<\/div>\n\t\t\t\t\t<\/a>\n\t\t\t\t\t\t\t\t\t\t\t\t\t\t\t\t\t\t\t\t\t\t\t\t\t<a class=\"article\" href=\"https:\/\/upperhousedev17.com\/es\/news\/celebrating-the-2026-help-me-grow-washington-network\">\n\t\t\t\t\t\t\t\t\t\t\t<div class=\"picture\">\n\t\t\t\t\t\t\t\t\t\t\t\t\t\t<img decoding=\"async\" src=\"https:\/\/upperhousedev17.com\/wp-content\/uploads\/2026\/03\/NEWS-STORY-TITLE-4-260x180.png\" srcset=\"https:\/\/upperhousedev17.com\/wp-content\/uploads\/2026\/03\/NEWS-STORY-TITLE-4-260x180.png 260w, https:\/\/upperhousedev17.com\/wp-content\/uploads\/2026\/03\/NEWS-STORY-TITLE-4-520x360.png 520w\" sizes=\"260px\">\n\t\t\t\t\t\t\t\t\t\t\t\t\t\t\t<div class=\"type-label\">Noticias<\/div>\n\t\t\t\t\t\t\t\t\t\t\t\t\t<\/div>\n\t\t\t\t\t\t<div class=\"content\">\n\t\t\t\t\t\t\t\t\t\t\t\t\t\t\t<div class=\"date\">marzo 23, 2026<\/div>\n\t\t\t\t\t\t\t\t\t\t\t\t\t\t<div class=\"text\">\n\t\t\t\t\t\t\t\t<h3 class=\"title\">Celebrating the 2026 Help Me Grow Washington Network!<\/h3>\n\t\t\t\t\t\t\t\t<div class=\"summary\">We\u2019re\u00a0excited to welcome Help Me Grow Whatcom and Help Me Grow Grays Harbor to the Help Me Grow Washington network! ? With their addition, more communities across the state are building coordinated, family-centered systems of support\u2014strengthening connections and making it easier for families to access the resources they need, when they need them.\u00a0<\/div>\n\t\t\t\t\t\t\t<\/div>\n\t\t\t\t\t\t\t<div class=\"more\">\n\t\t\t\t\t\t\t\tLee mas\n\t\t\t\t\t\t\t\t<svg class=\"arrow\" aria-hidden=\"true\" focusable=\"false\" data-prefix=\"fas\" data-icon=\"long-arrow-right\" role=\"img\" xmlns=\"http:\/\/www.w3.org\/2000\/svg\" viewbox=\"0 0 448 512\"><path fill=\"#ababab\" d=\"M254.544 154.427L320.118 220H24c-13.255 0-24 10.745-24 24v24c0 13.255 10.745 24 24 24h296.118l-65.574 65.573c-9.373 9.373-9.373 24.569 0 33.941l16.971 16.971c9.373 9.373 24.569 9.373 33.941 0L440.97 272.97c9.373-9.373 9.373-24.569 0-33.941L305.456 103.515c-9.373-9.373-24.569-9.373-33.941 0l-16.971 16.971c-9.373 9.372-9.373 24.568 0 33.941z\"><\/path><\/svg>\n\t\t\t\t\t\t\t<\/div>\n\t\t\t\t\t\t<\/div>\n\t\t\t\t\t<\/a>\n\t\t\t\t\t\t\t\t\t\t\t\t\t\n\t\t\t\t\t\t\t\n\t\t<\/div>\n\t<\/div>\n\t<script>\n\t\n\t(function($) {\n\t\n\t\t\/\/ Get the block ID\n\t\tvar id = \"#block_17bf02cad362dd66bebbf885efd1bbd9\";\n\t\t\n\t\t\/\/ Reveal foreground elements\n\t\tScrollReveal().reveal(id + \" .article\", {origin: \"bottom\", distance: \"20px\", duration: 1000, viewFactor: 0.2, interval: 100, reset: false});\n\t\t\n\t})(jQuery)\n\t\n\t<\/script>\t\n<\/div>","protected":false},"excerpt":{"rendered":"","protected":false},"author":2,"featured_media":0,"parent":0,"menu_order":0,"comment_status":"closed","ping_status":"closed","template":"","meta":{"_acf_changed":false,"footnotes":""},"acf":[],"_links":{"self":[{"href":"https:\/\/upperhousedev17.com\/es\/wp-json\/wp\/v2\/pages\/7251"}],"collection":[{"href":"https:\/\/upperhousedev17.com\/es\/wp-json\/wp\/v2\/pages"}],"about":[{"href":"https:\/\/upperhousedev17.com\/es\/wp-json\/wp\/v2\/types\/page"}],"author":[{"embeddable":true,"href":"https:\/\/upperhousedev17.com\/es\/wp-json\/wp\/v2\/users\/2"}],"replies":[{"embeddable":true,"href":"https:\/\/upperhousedev17.com\/es\/wp-json\/wp\/v2\/comments?post=7251"}],"version-history":[{"count":87,"href":"https:\/\/upperhousedev17.com\/es\/wp-json\/wp\/v2\/pages\/7251\/revisions"}],"predecessor-version":[{"id":11195,"href":"https:\/\/upperhousedev17.com\/es\/wp-json\/wp\/v2\/pages\/7251\/revisions\/11195"}],"wp:attachment":[{"href":"https:\/\/upperhousedev17.com\/es\/wp-json\/wp\/v2\/media?parent=7251"}],"curies":[{"name":"gracias","href":"https:\/\/api.w.org\/{rel}","templated":true}]}}