{"id":6583,"date":"2023-09-15T22:24:31","date_gmt":"2023-09-15T22:24:31","guid":{"rendered":"https:\/\/helpmegrowwa.org\/?page_id=6583"},"modified":"2026-04-27T14:43:47","modified_gmt":"2026-04-27T14:43:47","slug":"who-we-are","status":"publish","type":"page","link":"https:\/\/upperhousedev17.com\/es\/who-we-are","title":{"rendered":"Quienes somos"},"content":{"rendered":"<div id=\"block_916c2ccb76b3633bc478bd9bb8d39c7a\" class=\"fifty-fifty-block dark-purple right fifty-fifty-banner\">\n\t<img decoding=\"async\" class=\"flower-graphic\" src=\"https:\/\/upperhousedev17.com\/wp-content\/themes\/helpmegrowwa\/images\/banner-text-shapes.svg\">\n\t<div class=\"info\">\n\t\t<div class=\"container regular center\">\n\t\t\t<h1>Quienes somos<\/h1>\n\t\t\t\t\t<\/div>\n\t<\/div>\n\t\t<div class=\"image\" style=\"background-image: url(https:\/\/upperhousedev17.com\/wp-content\/uploads\/2023\/09\/Who-We-Are-About-Help-Me-Grow-Wa.jpg);background-position: top left;\">\n\t\t\t\t\t<img decoding=\"async\" class=\"corner\" src=\"https:\/\/upperhousedev17.com\/wp-content\/themes\/helpmegrowwa\/images\/fifty-fifty-corner-piece.svg\">\n\t\t\t\t\t<\/div>\n\t<script>\n\t(function($) {\n\t\t\/\/ Get the block ID\n\t\tvar id = \"#block_916c2ccb76b3633bc478bd9bb8d39c7a\";\n\t\t\/\/ Reveal the block\n\t\tvar container = document.documentElement;\n\t\tScrollReveal().reveal(id + \".left .image\", {origin: \"left\", distance: \"20px\", duration: 1000});\n\t\tScrollReveal().reveal(id + \".left .info .container\", {origin: \"right\", distance: \"20px\", duration: 1000});\n\t\tScrollReveal().reveal(id + \".right .image\", {origin: \"right\", distance: \"20px\", duration: 1000});\n\t\tScrollReveal().reveal(id + \".right .info .container\", {origin: \"left\", distance: \"20px\", duration: 1000});\n\t}(jQuery))\n\t<\/script>\n<\/div>\n\n<div id=\"block_ada00c810302a5b6d1014096220cb1fe\" class=\"text-block white large center\">\n\t<div class=\"container one-column full\">\n\t\t<p>Help Me Grow Washington es un sistema en crecimiento de organizaciones sin fines de lucro, naciones tribales, organizaciones de servicios sociales y de salud regionales y de condado, proveedores y organizaciones de proveedores, y agencias estatales que trabajan juntas para servir a las familias en Washington. Entrelazamos sistemas, proveedores y recursos estatales y comunitarios para ofrecer un espectro completo de apoyo a todas las familias del estado de Washington con ni\u00f1os peque\u00f1os.<\/p>\n\t<\/div>\n\t<script>\n\t\t(function($) {\n\t\t\t\/\/ Get the block ID\n\t\t\tvar id = \"#block_ada00c810302a5b6d1014096220cb1fe\";\n\t\t\t\/\/ Reveal the block\n\t\t\tvar container = document.documentElement;\n\t\t\tScrollReveal().reveal(id + \" .container\", {\n\t\t\t\torigin: \"bottom\",\n\t\t\t\tdistance: \"20px\",\n\t\t\t\tduration: 1000,\n\t\t\t\tcontainer: container\n\t\t\t});\n\t\t}(jQuery))\n\t<\/script>\n<\/div>\n\n<div id=\"block_9bbe7ef706f39a17a2972755e3a61725\" class=\"tile-block light-gray\">\n\t<div class=\"container left\">\n\t\t<div class=\"image\">\n\t\t\t<div class=\"wrapper\">\n\t\t\t\t\t\t\t\t<img decoding=\"async\" src=\"https:\/\/upperhousedev17.com\/wp-content\/uploads\/2023\/09\/Our-Story-Help-Me-Grow-Washington-555x392.jpg\" srcset=\"https:\/\/upperhousedev17.com\/wp-content\/uploads\/2023\/09\/Our-Story-Help-Me-Grow-Washington-555x392.jpg 555w, https:\/\/upperhousedev17.com\/wp-content\/uploads\/2023\/09\/Our-Story-Help-Me-Grow-Washington-1110x784.jpg 1110w\" sizes=\"555px\">\n\t\t\t<\/div>\n\t\t<\/div>\n\t\t<div class=\"text\">\n\t\t\t\t\t\t<h2><span style=\"color: #00609c;\">Nuestra historia<\/span><\/h2>\n<p>Desde nuestro lanzamiento hace m\u00e1s de 10 a\u00f1os, hasta la implementaci\u00f3n temprana y la construcci\u00f3n de sistemas, hasta la planificaci\u00f3n estrat\u00e9gica y la expansi\u00f3n de hoy, la trayectoria de Help Me Grow Washington ha sido rica y progresiva. Visita el <a href=\"https:\/\/r20.rs6.net\/tn.jsp?f=001DaXGPCEOuUGmSXN2yKdMS700Ehvyxl0NbIJULnIASMgNalgvWfxhP6AukQkKfURYWQh-kGk38XbZ4e8yVzV0OBhaSMUvIwvpWlecyopTsk1gevfaKSJjQDf4l9H1IZJLksGKUDv4nTPd8LrlOJarye-1LRAkNmAMJb-jhp-sJnbA3RCKgy8REhOUFYxiw3uPjdws9G4er94lwYTcM-fbKQ8m84jAyyqT-hCG2sMleGA=&amp;c=f5kfXFsofhyarGkbVwHsue8Ys9CQz_qo4YsbsOqqaYBrxXrtD4Wxgw==&amp;ch=mIz-DcH2f9nCyr9duOBA--Vby4f0oygATY1-98MNVo7yU0dA-PwlEw==\" target=\"_blank\" rel=\"noopener\">Cronolog\u00eda de la red Help Me Grow Washington<\/a> para obtener m\u00e1s informaci\u00f3n sobre los hitos clave, las asociaciones y la financiaci\u00f3n que han contribuido a nuestro crecimiento.<\/p>\n\t\t<\/div>\n\t<\/div>\n\t<script>\n\t(function($) {\n\t\t\/\/ Get the block ID\n\t\tvar id = \"#block_9bbe7ef706f39a17a2972755e3a61725\";\n\t\t\/\/ Reveal the block\n\t\tvar container = document.documentElement;\n\t\tScrollReveal().reveal(id + \" .container.left .image\", {origin: \"left\", distance: \"20px\", duration: 1000, container: container});\n\t\tScrollReveal().reveal(id + \" .container.left .text\", {origin: \"right\", distance: \"20px\", duration: 1000, container: container});\n\t\tScrollReveal().reveal(id + \" .container.right .image\", {origin: \"right\", distance: \"20px\", duration: 1000, container: container});\n\t\tScrollReveal().reveal(id + \" .container.right .text\", {origin: \"left\", distance: \"20px\", duration: 1000, container: container});\n\t}(jQuery))\n\t<\/script>\n<\/div>\n\n<div id=\"block_d26d05864e7d7bf65e705a11cc62ff69\" class=\"tile-block light-gray\">\n\t<div class=\"container right\">\n\t\t<div class=\"image\">\n\t\t\t<div class=\"wrapper\">\n\t\t\t\t\t\t\t\t<img decoding=\"async\" src=\"https:\/\/upperhousedev17.com\/wp-content\/uploads\/2023\/09\/Our-Vision-Help-Me-Grow-Washington-555x392.jpg\" srcset=\"https:\/\/upperhousedev17.com\/wp-content\/uploads\/2023\/09\/Our-Vision-Help-Me-Grow-Washington-555x392.jpg 555w, https:\/\/upperhousedev17.com\/wp-content\/uploads\/2023\/09\/Our-Vision-Help-Me-Grow-Washington-1110x784.jpg 1110w\" sizes=\"555px\">\n\t\t\t<\/div>\n\t\t<\/div>\n\t\t<div class=\"text\">\n\t\t\t\t\t\t<h2><span style=\"color: #00609c;\">Nuestra visi\u00f3n<\/span><\/h2>\n<p>Nuestra visi\u00f3n es que todas las familias de Washington tengan acceso a lo que necesitan, cuando lo necesiten, espec\u00edficamente acceso a servicios esenciales (necesidades b\u00e1sicas, atenci\u00f3n m\u00e9dica, apoyo al desarrollo y apoyo familiar) para que sus familias puedan estar saludables y prosperar.<\/p>\n\t\t<\/div>\n\t<\/div>\n\t<script>\n\t(function($) {\n\t\t\/\/ Get the block ID\n\t\tvar id = \"#block_d26d05864e7d7bf65e705a11cc62ff69\";\n\t\t\/\/ Reveal the block\n\t\tvar container = document.documentElement;\n\t\tScrollReveal().reveal(id + \" .container.left .image\", {origin: \"left\", distance: \"20px\", duration: 1000, container: container});\n\t\tScrollReveal().reveal(id + \" .container.left .text\", {origin: \"right\", distance: \"20px\", duration: 1000, container: container});\n\t\tScrollReveal().reveal(id + \" .container.right .image\", {origin: \"right\", distance: \"20px\", duration: 1000, container: container});\n\t\tScrollReveal().reveal(id + \" .container.right .text\", {origin: \"left\", distance: \"20px\", duration: 1000, container: container});\n\t}(jQuery))\n\t<\/script>\n<\/div>\n\n<div id=\"block_c8adfdbde58ffd94e5bb59c537671bdd\" class=\"tile-block light-gray\">\n\t<div class=\"container left\">\n\t\t<div class=\"image\">\n\t\t\t<div class=\"wrapper\">\n\t\t\t\t\t\t\t\t<img decoding=\"async\" src=\"https:\/\/upperhousedev17.com\/wp-content\/uploads\/2023\/09\/Our-Approach-Help-Me-Grow-Washington-555x392.jpg\" srcset=\"https:\/\/upperhousedev17.com\/wp-content\/uploads\/2023\/09\/Our-Approach-Help-Me-Grow-Washington-555x392.jpg 555w, https:\/\/upperhousedev17.com\/wp-content\/uploads\/2023\/09\/Our-Approach-Help-Me-Grow-Washington-1110x784.jpg 1110w\" sizes=\"555px\">\n\t\t\t<\/div>\n\t\t<\/div>\n\t\t<div class=\"text\">\n\t\t\t\t\t\t<h2><span style=\"color: #00609c;\">Nuestro enfoque<\/span><\/h2>\n<p>Creemos en el uso de un enfoque familiar integral en el que atendemos las necesidades de las personas (padres, cuidadores y ni\u00f1os) de todas las generaciones dentro de un contexto familiar. Utilizando estrategias basadas en la equidad, nuestro objetivo es crear y mantener v\u00edas \u00fanicas para que las poblaciones con poca inversi\u00f3n y, por lo tanto, marginadas, accedan a la salud p\u00fablica, la atenci\u00f3n m\u00e9dica, el aprendizaje temprano, la educaci\u00f3n y los servicios sociales, mientras perseguimos el objetivo universal de promover la resiliencia familiar y el bienestar. -ser.<\/p>\n\t\t<\/div>\n\t<\/div>\n\t<script>\n\t(function($) {\n\t\t\/\/ Get the block ID\n\t\tvar id = \"#block_c8adfdbde58ffd94e5bb59c537671bdd\";\n\t\t\/\/ Reveal the block\n\t\tvar container = document.documentElement;\n\t\tScrollReveal().reveal(id + \" .container.left .image\", {origin: \"left\", distance: \"20px\", duration: 1000, container: container});\n\t\tScrollReveal().reveal(id + \" .container.left .text\", {origin: \"right\", distance: \"20px\", duration: 1000, container: container});\n\t\tScrollReveal().reveal(id + \" .container.right .image\", {origin: \"right\", distance: \"20px\", duration: 1000, container: container});\n\t\tScrollReveal().reveal(id + \" .container.right .text\", {origin: \"left\", distance: \"20px\", duration: 1000, container: container});\n\t}(jQuery))\n\t<\/script>\n<\/div>\n\n<div id=\"block_52aa5b96596753ae200195fdd66ffc57\" class=\"tile-block light-gray\">\n\t<div class=\"container right\">\n\t\t<div class=\"image\">\n\t\t\t<div class=\"wrapper\">\n\t\t\t\t\t\t\t\t<img decoding=\"async\" src=\"https:\/\/upperhousedev17.com\/wp-content\/uploads\/2023\/09\/Our-Future-Help-Me-Grow-Washington-555x392.jpg\" srcset=\"https:\/\/upperhousedev17.com\/wp-content\/uploads\/2023\/09\/Our-Future-Help-Me-Grow-Washington-555x392.jpg 555w, https:\/\/upperhousedev17.com\/wp-content\/uploads\/2023\/09\/Our-Future-Help-Me-Grow-Washington-1110x784.jpg 1110w\" sizes=\"555px\">\n\t\t\t<\/div>\n\t\t<\/div>\n\t\t<div class=\"text\">\n\t\t\t\t\t\t<h2><span style=\"color: #00609c;\">Nuestro futuro<\/span><\/h2>\n<p>Nuestro Plan Estrat\u00e9gico 2023-28, creado en asociaci\u00f3n con partes interesadas clave, l\u00edderes comunitarios, socios tribales, formuladores de pol\u00edticas, familias y cuidadores, y proveedores de atenci\u00f3n m\u00e9dica, establece el rumbo para el futuro de Help Me Grow Washington y establece seis \u00e1reas de enfoque y nueve iniciativas estrat\u00e9gicas en las que trabajaremos. lograr en los pr\u00f3ximos cinco a\u00f1os. <a href=\"\/wp-content\/uploads\/2023\/06\/HMG-WA-Strategic-Plan-Summary-2023-2028.pdf\" target=\"_blank\" rel=\"noopener\">Conozca m\u00e1s sobre nuestro Plan Estrat\u00e9gico<\/a>.<\/p>\n\t\t<\/div>\n\t<\/div>\n\t<script>\n\t(function($) {\n\t\t\/\/ Get the block ID\n\t\tvar id = \"#block_52aa5b96596753ae200195fdd66ffc57\";\n\t\t\/\/ Reveal the block\n\t\tvar container = document.documentElement;\n\t\tScrollReveal().reveal(id + \" .container.left .image\", {origin: \"left\", distance: \"20px\", duration: 1000, container: container});\n\t\tScrollReveal().reveal(id + \" .container.left .text\", {origin: \"right\", distance: \"20px\", duration: 1000, container: container});\n\t\tScrollReveal().reveal(id + \" .container.right .image\", {origin: \"right\", distance: \"20px\", duration: 1000, container: container});\n\t\tScrollReveal().reveal(id + \" .container.right .text\", {origin: \"left\", distance: \"20px\", duration: 1000, container: container});\n\t}(jQuery))\n\t<\/script>\n<\/div>\n\n<div id=\"block_1110326c4243c26aca71c6aa1efc15cd\" class=\"text-block white large center\">\n\t<div class=\"container one-column full\">\n\t\t<h2><span style=\"color: #561553;\">Gobernanza Help Me Grow Washington<\/span><\/h2>\n\t<\/div>\n\t<script>\n\t\t(function($) {\n\t\t\t\/\/ Get the block ID\n\t\t\tvar id = \"#block_1110326c4243c26aca71c6aa1efc15cd\";\n\t\t\t\/\/ Reveal the block\n\t\t\tvar container = document.documentElement;\n\t\t\tScrollReveal().reveal(id + \" .container\", {\n\t\t\t\torigin: \"bottom\",\n\t\t\t\tdistance: \"20px\",\n\t\t\t\tduration: 1000,\n\t\t\t\tcontainer: container\n\t\t\t});\n\t\t}(jQuery))\n\t<\/script>\n<\/div>\n\n<div id=\"block_6f13fc51c6fc352e8aaa8209d6bc02b1\" class=\"boxes-block white rectangular\">\n\t<div class=\"boxes-wrapper\">\n\t\t<div class=\"boxes\">\n\t\t\t\t\t\t\t<div class=\"container\">\n\n\t\t\t\t\t\t\t\t\t\t\t<pre>false<\/pre>\t\t\t\t\t\t<div class=\"box white left border-light-gray small\">\n\t\t\t\t\t\t\t\t\t\t\t\t\t\t<div class=\"\"><h3><span style=\"color: #561553;\">Junta de socios comunitarios<\/span><\/h3>\n<p>Esta Junta es responsable de representar las perspectivas, intereses y necesidades\/brechas locales y comunitarias para desarrollar y fortalecer la conectividad entre los sistemas Help Me Grow estatales y locales dentro de la red. La Junta de Socios Comunitarios est\u00e1 compuesta por representantes locales y estatales, as\u00ed como por socios comunitarios emergentes.<\/p>\n<\/div>\n\t\t\t\t\t\t\t\t\t\t\t\t\t<\/div>\n\t\t\t\t\t\t\t\t\t<\/div>\n\t\t\t\t\t\t\t<div class=\"container\">\n\n\t\t\t\t\t\t\t\t\t\t\t<pre>false<\/pre>\t\t\t\t\t\t<div class=\"box white left border-light-gray small\">\n\t\t\t\t\t\t\t\t\t\t\t\t\t\t<div class=\"\"><h3><span style=\"color: #561553;\">Equipo Coordinador<\/span><\/h3>\n<p>Este equipo, la columna vertebral de la red Help Me Grow Washington, es responsable de coordinar y planificar iniciativas estrat\u00e9gicas en todo el sistema. El Equipo Coordinador est\u00e1 compuesto por el <a href=\"https:\/\/www.dcyf.wa.gov\/\" target=\"_blank\" rel=\"noopener\">Departamento de Ni\u00f1os, J\u00f3venes y Familias del Estado de Washington<\/a> y la filial Help Me Grow del estado de Washington, <a href=\"https:\/\/withinreachwa.org\/\" target=\"_blank\" rel=\"noopener\">WithinReach<\/a>.<\/p>\n<\/div>\n\t\t\t\t\t\t\t\t\t\t\t\t\t<\/div>\n\t\t\t\t\t\t\t\t\t<\/div>\n\t\t\t\t\t\t\t<div class=\"container\">\n\n\t\t\t\t\t\t\t\t\t\t\t<pre>false<\/pre>\t\t\t\t\t\t<div class=\"box white left border-light-gray small\">\n\t\t\t\t\t\t\t\t\t\t\t\t\t\t<div class=\"\"><h3><span style=\"color: #561553;\">Consejo de administraci\u00f3n<\/span><\/h3>\n<p>Este Consejo ser\u00e1 responsable de garantizar que el sistema Help Me Grow Washington avance hacia el logro de las metas y objetivos establecidos por la red. El Consejo de Administraci\u00f3n est\u00e1 en desarrollo, pero buscamos incluir perspectivas clave de naciones tribales, proveedores de atenci\u00f3n m\u00e9dica, cuidadores y\/o proveedores de educaci\u00f3n temprana, comunidades rurales y personas negras, ind\u00edgenas y de color.<\/p>\n<\/div>\n\t\t\t\t\t\t\t\t\t\t\t\t\t<\/div>\n\t\t\t\t\t\t\t\t\t<\/div>\n\t\t\t\t\t<\/div>\n\t<\/div>\n\t<script>\n\t\t(function($) {\n\n\t\t\t\/\/ Get the block ID\n\t\t\tvar id = \"#block_6f13fc51c6fc352e8aaa8209d6bc02b1\";\n\n\t\t\t$(id + \" .boxes-wrapper .boxes .box\").hover(function() {\n\t\t\t\t$(this).find(\".arrow\").addClass(\"hover\");\n\t\t\t\t$(this).find(\"img\").addClass(\"hover\");\n\t\t\t}, function() {\n\t\t\t\t$(this).find(\".arrow\").removeClass(\"hover\");\n\t\t\t\t$(this).find(\"img\").removeClass(\"hover\");\n\t\t\t});\n\n\t\t\t\/\/ Reveal foreground elements\n\t\t\tScrollReveal().reveal(id + \" .container\", {\n\t\t\t\torigin: \"bottom\",\n\t\t\t\tdistance: \"20px\",\n\t\t\t\tduration: 1000,\n\t\t\t\tviewFactor: 0.2,\n\t\t\t\tinterval: 100,\n\t\t\t\treset: false\n\t\t\t});\n\n\t\t})(jQuery)\n\t<\/script>\n<\/div>\n\n<div id=\"block_77bbb33ca4e2f4a3038052a4fb3dd434\" class=\"invitation-block white center\">\t\n\t<div class=\"container purple\">\n\t\t<h3>Breaking Down Barriers to Access<\/h3>\n<p>El a\u00f1o pasado, Help Me Grow Washington atendi\u00f3 a un n\u00famero creciente de familias. Cumplimos 16,999 solicitudes de apoyo, ayudando a 12,850 ni\u00f1os y 1,456 personas embarazadas a obtener acceso a recursos de nutrici\u00f3n y necesidades b\u00e1sicas, como transporte y asistencia financiera, y a apoyos de salud y desarrollo infantil para adultos y ni\u00f1os.<\/p>\n\t\t\t\t<a class=\"btn orange\" href=\"\/es\/impact\/\" target=\"\">Conozca m\u00e1s sobre nuestro impacto<\/a>\n\t\t\t<\/div>\n<\/div>","protected":false},"excerpt":{"rendered":"","protected":false},"author":2,"featured_media":0,"parent":0,"menu_order":150,"comment_status":"closed","ping_status":"closed","template":"","meta":{"_acf_changed":false,"footnotes":""},"acf":[],"_links":{"self":[{"href":"https:\/\/upperhousedev17.com\/es\/wp-json\/wp\/v2\/pages\/6583"}],"collection":[{"href":"https:\/\/upperhousedev17.com\/es\/wp-json\/wp\/v2\/pages"}],"about":[{"href":"https:\/\/upperhousedev17.com\/es\/wp-json\/wp\/v2\/types\/page"}],"author":[{"embeddable":true,"href":"https:\/\/upperhousedev17.com\/es\/wp-json\/wp\/v2\/users\/2"}],"replies":[{"embeddable":true,"href":"https:\/\/upperhousedev17.com\/es\/wp-json\/wp\/v2\/comments?post=6583"}],"version-history":[{"count":64,"href":"https:\/\/upperhousedev17.com\/es\/wp-json\/wp\/v2\/pages\/6583\/revisions"}],"predecessor-version":[{"id":13831,"href":"https:\/\/upperhousedev17.com\/es\/wp-json\/wp\/v2\/pages\/6583\/revisions\/13831"}],"wp:attachment":[{"href":"https:\/\/upperhousedev17.com\/es\/wp-json\/wp\/v2\/media?parent=6583"}],"curies":[{"name":"gracias","href":"https:\/\/api.w.org\/{rel}","templated":true}]}}