{"id":6569,"date":"2023-09-19T20:54:04","date_gmt":"2023-09-19T20:54:04","guid":{"rendered":"https:\/\/helpmegrowwa.org\/?page_id=6569"},"modified":"2026-04-27T18:06:09","modified_gmt":"2026-04-27T18:06:09","slug":"order-materials","status":"publish","type":"page","link":"https:\/\/upperhousedev17.com\/es\/order-materials","title":{"rendered":"Ordenar + Descargar Materiales"},"content":{"rendered":"<div id=\"block_1d47d825962f46d5e73df605b14e5046\" class=\"fifty-fifty-block dark-purple right fifty-fifty-banner\">\n\t<img decoding=\"async\" class=\"flower-graphic\" src=\"https:\/\/upperhousedev17.com\/wp-content\/themes\/helpmegrowwa\/images\/banner-text-shapes.svg\">\n\t<div class=\"info\">\n\t\t<div class=\"container regular center\">\n\t\t\t<h1>Ordenar + Descargar Materiales<\/h1>\n\t\t\t\t\t<\/div>\n\t<\/div>\n\t\t<div class=\"image\" style=\"background-image: url(https:\/\/upperhousedev17.com\/wp-content\/uploads\/2023\/10\/Order-Download-Resource-Materials-Help-Me-Grow-Washington.jpg);background-position: top left;\">\n\t\t\t\t\t<img decoding=\"async\" class=\"corner\" src=\"https:\/\/upperhousedev17.com\/wp-content\/themes\/helpmegrowwa\/images\/fifty-fifty-corner-piece.svg\">\n\t\t\t\t\t<\/div>\n\t<script>\n\t(function($) {\n\t\t\/\/ Get the block ID\n\t\tvar id = \"#block_1d47d825962f46d5e73df605b14e5046\";\n\t\t\/\/ Reveal the block\n\t\tvar container = document.documentElement;\n\t\tScrollReveal().reveal(id + \".left .image\", {origin: \"left\", distance: \"20px\", duration: 1000});\n\t\tScrollReveal().reveal(id + \".left .info .container\", {origin: \"right\", distance: \"20px\", duration: 1000});\n\t\tScrollReveal().reveal(id + \".right .image\", {origin: \"right\", distance: \"20px\", duration: 1000});\n\t\tScrollReveal().reveal(id + \".right .info .container\", {origin: \"left\", distance: \"20px\", duration: 1000});\n\t}(jQuery))\n\t<\/script>\n<\/div>\n\n<div id=\"block_3e6bec88bd50d94e8e1b40726271dc13\" class=\"text-block white small left text-black default-margin\">\n\t<div class=\"container one-column full\">\n\t\t<p>Through our website and statewide hotline, we connect families with trusted resources, helping them access essential services like food, health care, child development support, and parenting and caregiving supporthelp regardless of income or eligibility requirements.<\/p>\n<p>Looking for no-cost materials to support with your organization\u2019s outreach work? We provide a variety of materials with information on food assistance, Help Me Grow Washington services, child development, immunizations, transportation, and oral health \u2013 free of charge to providers and partners in Washington State.<\/p>\n<p>Nuestros materiales han sido desarrollados en colaboraci\u00f3n con proveedores de atenci\u00f3n m\u00e9dica, socios de agencias gubernamentales y comunitarias, y padres y cuidadores. Si tiene alguna pregunta o desea solicitar un pedido especial, cont\u00e1ctenos en <a href=\"mailto:orders@withinreachwa.org\">pedidos@withinreachwa.org<\/a>.<\/p>\n<p><i>*Tenga en cuenta: Las copias impresas o impresas de los materiales deben enviarse dentro de 1 a 2 semanas despu\u00e9s del pedido. Las descargas digitales son accesibles de inmediato.<\/i><\/p>\n\t<\/div>\n\t<script>\n\t\t(function($) {\n\t\t\t\/\/ Get the block ID\n\t\t\tvar id = \"#block_3e6bec88bd50d94e8e1b40726271dc13\";\n\t\t\t\/\/ Reveal the block\n\t\t\tvar container = document.documentElement;\n\t\t\tScrollReveal().reveal(id + \" .container\", {\n\t\t\t\torigin: \"bottom\",\n\t\t\t\tdistance: \"20px\",\n\t\t\t\tduration: 1000,\n\t\t\t\tcontainer: container\n\t\t\t});\n\t\t}(jQuery))\n\t<\/script>\n<\/div>","protected":false},"excerpt":{"rendered":"","protected":false},"author":2,"featured_media":0,"parent":0,"menu_order":120,"comment_status":"closed","ping_status":"closed","template":"","meta":{"_acf_changed":false,"footnotes":""},"acf":[],"_links":{"self":[{"href":"https:\/\/upperhousedev17.com\/es\/wp-json\/wp\/v2\/pages\/6569"}],"collection":[{"href":"https:\/\/upperhousedev17.com\/es\/wp-json\/wp\/v2\/pages"}],"about":[{"href":"https:\/\/upperhousedev17.com\/es\/wp-json\/wp\/v2\/types\/page"}],"author":[{"embeddable":true,"href":"https:\/\/upperhousedev17.com\/es\/wp-json\/wp\/v2\/users\/2"}],"replies":[{"embeddable":true,"href":"https:\/\/upperhousedev17.com\/es\/wp-json\/wp\/v2\/comments?post=6569"}],"version-history":[{"count":63,"href":"https:\/\/upperhousedev17.com\/es\/wp-json\/wp\/v2\/pages\/6569\/revisions"}],"predecessor-version":[{"id":13894,"href":"https:\/\/upperhousedev17.com\/es\/wp-json\/wp\/v2\/pages\/6569\/revisions\/13894"}],"wp:attachment":[{"href":"https:\/\/upperhousedev17.com\/es\/wp-json\/wp\/v2\/media?parent=6569"}],"curies":[{"name":"gracias","href":"https:\/\/api.w.org\/{rel}","templated":true}]}}