{"id":6224,"date":"2023-10-11T06:07:04","date_gmt":"2023-10-11T06:07:04","guid":{"rendered":"https:\/\/helpmegrowwa.org\/?page_id=6224"},"modified":"2026-04-27T15:01:30","modified_gmt":"2026-04-27T15:01:30","slug":"impact","status":"publish","type":"page","link":"https:\/\/upperhousedev17.com\/es\/impact","title":{"rendered":"Impacto"},"content":{"rendered":"<div id=\"block_610f2ff20fbc08f097266fd1ac7abc3d\" class=\"fifty-fifty-block dark-purple right fifty-fifty-banner\">\n\t<img decoding=\"async\" class=\"flower-graphic\" src=\"https:\/\/upperhousedev17.com\/wp-content\/themes\/helpmegrowwa\/images\/banner-text-shapes.svg\">\n\t<div class=\"info\">\n\t\t<div class=\"container regular center\">\n\t\t\t<h1>Nuestro impacto: derribar barreras<\/h1>\n\t\t\t\t\t<\/div>\n\t<\/div>\n\t\t<div class=\"image\" style=\"background-image: url(https:\/\/upperhousedev17.com\/wp-content\/uploads\/2024\/08\/2-1.png);background-position: top left;\">\n\t\t\t\t\t<img decoding=\"async\" class=\"corner\" src=\"https:\/\/upperhousedev17.com\/wp-content\/themes\/helpmegrowwa\/images\/fifty-fifty-corner-piece.svg\">\n\t\t\t\t\t<\/div>\n\t<script>\n\t(function($) {\n\t\t\/\/ Get the block ID\n\t\tvar id = \"#block_610f2ff20fbc08f097266fd1ac7abc3d\";\n\t\t\/\/ Reveal the block\n\t\tvar container = document.documentElement;\n\t\tScrollReveal().reveal(id + \".left .image\", {origin: \"left\", distance: \"20px\", duration: 1000});\n\t\tScrollReveal().reveal(id + \".left .info .container\", {origin: \"right\", distance: \"20px\", duration: 1000});\n\t\tScrollReveal().reveal(id + \".right .image\", {origin: \"right\", distance: \"20px\", duration: 1000});\n\t\tScrollReveal().reveal(id + \".right .info .container\", {origin: \"left\", distance: \"20px\", duration: 1000});\n\t}(jQuery))\n\t<\/script>\n<\/div>\n\n<div id=\"block_b3c74b0db44296e6c844fd3b74c9d0e7\" class=\"text-block white large center\">\n\t<div class=\"container one-column full\">\n\t\t<p>El a\u00f1o pasado, Help Me Grow Washington atendi\u00f3 a un n\u00famero creciente de familias. Respondimos a <strong>16.496 solicitudes de apoyo<\/strong>, sirviendo <strong>12.122 ni\u00f1os<\/strong> (Washington State Department of Children, Youth, and Families) y con <strong>892 personas embarazadas<\/strong>. Help Me Grow Washington proporcionado <strong>133.742 recursos y referencias<\/strong>Los recursos de seguridad alimentaria y estabilidad familiar fueron las referencias m\u00e1s comunes.<\/p>\n<h4><strong><a class=\"page-link\" href=\"https:\/\/helpmegrowwa.org\/wp-content\/uploads\/2025\/07\/Final_HMG-Impact-Report-2024_71525.pdf\" target=\"_blank\" rel=\"noopener\">Obtenga m\u00e1s informaci\u00f3n en nuestro Informe de Impacto 2024 <img decoding=\"async\" src=\"\/wp-content\/themes\/helpmegrowwa\/images\/text-block-orange-arrow.svg\" \/><\/a><\/strong><\/h4>\n\t<\/div>\n\t<script>\n\t\t(function($) {\n\t\t\t\/\/ Get the block ID\n\t\t\tvar id = \"#block_b3c74b0db44296e6c844fd3b74c9d0e7\";\n\t\t\t\/\/ Reveal the block\n\t\t\tvar container = document.documentElement;\n\t\t\tScrollReveal().reveal(id + \" .container\", {\n\t\t\t\torigin: \"bottom\",\n\t\t\t\tdistance: \"20px\",\n\t\t\t\tduration: 1000,\n\t\t\t\tcontainer: container\n\t\t\t});\n\t\t}(jQuery))\n\t<\/script>\n<\/div>\n\n<div id=\"block_81f56be0e02d3591fc5b1cebd89b373a\" class=\"statistics-block\">\n\t\t\t<div class=\"statistic circle\" data-color=\"purple\">\n\t\t<div class=\"title\"><\/div>\n\t\t<div class=\"graph\">\n\t\t\t<canvas class=\"background\"><\/canvas>\n\t\t\t<canvas class=\"foreground\" data-value=\"71\"><\/canvas>\n\t\t\t<div class=\"number\">71%<\/div>\n\t\t<\/div>\n\t\t<div class=\"caption\">de familias<br>servido hab\u00eda<br>ni\u00f1os de 0 a 2 a\u00f1os<\/div>\n\t<\/div>\n\t\t\t<div class=\"statistic circle\" data-color=\"hot-pink\">\n\t\t<div class=\"title\"><\/div>\n\t\t<div class=\"graph\">\n\t\t\t<canvas class=\"background\"><\/canvas>\n\t\t\t<canvas class=\"foreground\" data-value=\"62\"><\/canvas>\n\t\t\t<div class=\"number\">62%<\/div>\n\t\t<\/div>\n\t\t<div class=\"caption\">de personas atendidas<br>basico solicitado<br>necesita ayuda<\/div>\n\t<\/div>\n\t\t\t<div class=\"statistic circle\" data-color=\"orange\">\n\t\t<div class=\"title\"><\/div>\n\t\t<div class=\"graph\">\n\t\t\t<canvas class=\"background\"><\/canvas>\n\t\t\t<canvas class=\"foreground\" data-value=\"66\"><\/canvas>\n\t\t\t<div class=\"number\">66%<\/div>\n\t\t<\/div>\n\t\t<div class=\"caption\">de las personas que llamaron identificaron su raza u origen \u00e9tnico como BIPOC (negros, ind\u00edgenas y de color)<\/div>\n\t<\/div>\n\t\t\t<div class=\"statistic circle\" data-color=\"bright-blue\">\n\t\t<div class=\"title\"><\/div>\n\t\t<div class=\"graph\">\n\t\t\t<canvas class=\"background\"><\/canvas>\n\t\t\t<canvas class=\"foreground\" data-value=\"33\"><\/canvas>\n\t\t\t<div class=\"number\">33%<\/div>\n\t\t<\/div>\n\t\t<div class=\"caption\">de las familias prefirieron un idioma distinto del ingl\u00e9s \u2013 Help Me Grow atendi\u00f3 a personas en 43 idiomas diferentes <\/div>\n\t<\/div>\n\t\t\n\t<script>\n\t\n\t(function($) {\n\t\t\n\tfunction getHexColor(color) {\n\t\tswitch(color) {\n\t\t\tcase \"purple\": return \"#561553\";\n\t\t\tcase \"hot-pink\": return \"#A1007D\";\n\t\t\tcase \"orange\": return \"#FF671D\";\n\t\t\tcase \"bright-blue\": return \"#00ABC8\";\n\t\t}\n\t}\n\t\n\tvar container = document.documentElement;\n\t\n\t\/\/====================================================================================================\n\t\/\/ Circle Graph\n\t\/\/====================================================================================================\n\t\n\tScrollReveal().reveal(\".statistics-block .statistic.circle\", {\n\t\torigin: \"bottom\",\n\t\tdistance: \"20px\",\n\t\tduration: 500,\n\t\tcontainer: container,\n\t\treset: true,\n\t\tbeforeReveal: function(element) {\n\t\t\tvar background = $(element).find(\"canvas.background\")[0];\n\t\t\tvar foreground = $(element).find(\"canvas.foreground\")[0];\n\t\t\tvar graph = background.getContext(\"2d\");\n\t\t\t\/\/ Set up the background\n\t\t\tbackground.width = 438;\n\t\t\tbackground.height = 438;\n\t\t\tbackground.style.width = \"219px\";\n\t\t\tbackground.style.height = \"219px\";\n\t\t\t\/\/ Set up the foreground\n\t\t\tforeground.width = 438;\n\t\t\tforeground.height = 438;\n\t\t\tforeground.style.width = \"219px\";\n\t\t\tforeground.style.height = \"219px\";\n\t\t\t\/\/ Draw the track\n\t\t\tgraph.beginPath();\n\t\t\tgraph.arc(219, 219, 205, 1.5 * Math.PI, -0.5 * Math.PI, true);\n\t\t\tgraph.lineWidth = 28;\n\t\t\tgraph.strokeStyle = \"#d8d8d8\";\n\t\t\tgraph.stroke();\n\t\t},\n\t\tafterReveal: function(element) {\n\t\t\tvar foreground = $(element).find(\"canvas.foreground\")[0];\n\t\t\tvar number = $(element).find(\".number\");\n\t\t\tvar graph = foreground.getContext(\"2d\");\n\t\t\tvar value = $(foreground).data(\"value\") \/ 100;\n\t\t\tvar position = 1.5 * Math.PI;\n\t\t\tvar end = (1.5 - (2 * value)) * Math.PI;\n\t\t\tfunction update() {\n\t\t\t\t\/\/ Reset all pixels\n\t\t\t\tvoid graph.clearRect(0, 0, 438, 438);\n\t\t\t\t\/\/ Draw the progress circle\n\t\t\t\tgraph.beginPath();\n\t\t\t\tgraph.arc(219, 219, 205, 1.5 * Math.PI, position, true);\n\t\t\t\tgraph.lineWidth = 28;\n\t\t\t\tgraph.strokeStyle = getHexColor($(element).data(\"color\"));\n\t\t\t\tgraph.stroke();\n\t\t\t\t\/\/ Prepare for the next frame\n\t\t\t\tvar progress = (1 - (((position \/ Math.PI) + 0.5) \/ 2)) \/ value;\n\t\t\t\tposition = position - (0.3 * (1 - progress));\n\t\t\t\tif (progress < 0.99) {\n\t\t\t\t\twindow.requestAnimationFrame(update);\n\t\t\t\t}\n\t\t\t}\n\t\t\tupdate();\n\t\t}\n\t});\n\t\t\n\t})(jQuery)\n\t\n\t<\/script>\n<\/div>\n\n<div id=\"block_961ce1913684744bc713c41a4a07fe12\" class=\"tile-block light-gray\">\n\t<div class=\"container left\">\n\t\t<div class=\"image\">\n\t\t\t<div class=\"wrapper\">\n\t\t\t\t\t\t\t\t<img decoding=\"async\" src=\"https:\/\/upperhousedev17.com\/wp-content\/uploads\/2023\/09\/How-We-Serve-Families-HMG-Impact-Help-Me-Grow-555x392.jpg\" srcset=\"https:\/\/upperhousedev17.com\/wp-content\/uploads\/2023\/09\/How-We-Serve-Families-HMG-Impact-Help-Me-Grow-555x392.jpg 555w, https:\/\/upperhousedev17.com\/wp-content\/uploads\/2023\/09\/How-We-Serve-Families-HMG-Impact-Help-Me-Grow-1110x784.jpg 1110w\" sizes=\"555px\">\n\t\t\t<\/div>\n\t\t<\/div>\n\t\t<div class=\"text\">\n\t\t\t\t\t\t<h2><span style=\"color: #00609c;\">C\u00f3mo servimos a las familias<\/span><\/h2>\n<p>We serve all families in Washington. Help Me Grow Washington coordinates access to the essentials: food security, family supports, medical care, and child development. We build connections with the families we serve and, over multiple interactions, ensure they are connected to helpful resources and programs. We also identify <span style=\"font-weight: 400;\">families most impacted by barriers<\/span> to accessing services, and work to make sure these families have\u00a0 the resources they need, when they need them.<\/p>\n\t\t<\/div>\n\t<\/div>\n\t<script>\n\t(function($) {\n\t\t\/\/ Get the block ID\n\t\tvar id = \"#block_961ce1913684744bc713c41a4a07fe12\";\n\t\t\/\/ Reveal the block\n\t\tvar container = document.documentElement;\n\t\tScrollReveal().reveal(id + \" .container.left .image\", {origin: \"left\", distance: \"20px\", duration: 1000, container: container});\n\t\tScrollReveal().reveal(id + \" .container.left .text\", {origin: \"right\", distance: \"20px\", duration: 1000, container: container});\n\t\tScrollReveal().reveal(id + \" .container.right .image\", {origin: \"right\", distance: \"20px\", duration: 1000, container: container});\n\t\tScrollReveal().reveal(id + \" .container.right .text\", {origin: \"left\", distance: \"20px\", duration: 1000, container: container});\n\t}(jQuery))\n\t<\/script>\n<\/div>\n\n<div id=\"block_a5e315939483fbfefd9d329e833e668d\" class=\"tile-block light-gray\">\n\t<div class=\"container right\">\n\t\t<div class=\"image\">\n\t\t\t<div class=\"wrapper\">\n\t\t\t\t\t\t\t\t<img decoding=\"async\" src=\"https:\/\/upperhousedev17.com\/wp-content\/uploads\/2023\/09\/Building-a-Better-System-Help-Me-Grow-Impact-555x392.jpg\" srcset=\"https:\/\/upperhousedev17.com\/wp-content\/uploads\/2023\/09\/Building-a-Better-System-Help-Me-Grow-Impact-555x392.jpg 555w, https:\/\/upperhousedev17.com\/wp-content\/uploads\/2023\/09\/Building-a-Better-System-Help-Me-Grow-Impact-1110x784.jpg 1110w\" sizes=\"555px\">\n\t\t\t<\/div>\n\t\t<\/div>\n\t\t<div class=\"text\">\n\t\t\t\t\t\t<h2><span style=\"color: #00609c;\">C\u00f3mo servimos a las comunidades<\/span><\/h2>\n<p>We know it is essential to have a coordinated approach and centralized access to resources that support families. We work with local communities that face gaps in services, and plan and implement Help Me Grow Washington in a way that honors the unique needs and resources of their regions. We provide access to funding, data, and resources to innovate and system-build. We collaborate with early childhood and learning coalitions, health care and social service providers, parents and caregivers, Tribal communities, and others to better serve families.<\/p>\n\t\t<\/div>\n\t<\/div>\n\t<script>\n\t(function($) {\n\t\t\/\/ Get the block ID\n\t\tvar id = \"#block_a5e315939483fbfefd9d329e833e668d\";\n\t\t\/\/ Reveal the block\n\t\tvar container = document.documentElement;\n\t\tScrollReveal().reveal(id + \" .container.left .image\", {origin: \"left\", distance: \"20px\", duration: 1000, container: container});\n\t\tScrollReveal().reveal(id + \" .container.left .text\", {origin: \"right\", distance: \"20px\", duration: 1000, container: container});\n\t\tScrollReveal().reveal(id + \" .container.right .image\", {origin: \"right\", distance: \"20px\", duration: 1000, container: container});\n\t\tScrollReveal().reveal(id + \" .container.right .text\", {origin: \"left\", distance: \"20px\", duration: 1000, container: container});\n\t}(jQuery))\n\t<\/script>\n<\/div>\n\n<div id=\"block_210e341648fb378540db37d1aa15a8ac\" class=\"tile-block light-gray\">\n\t<div class=\"container left\">\n\t\t<div class=\"image\">\n\t\t\t<div class=\"wrapper\">\n\t\t\t\t\t\t\t\t<img decoding=\"async\" src=\"https:\/\/upperhousedev17.com\/wp-content\/uploads\/2023\/09\/How-We-Serve-Communities-Help-Me-Grow-Impact-555x392.jpg\" srcset=\"https:\/\/upperhousedev17.com\/wp-content\/uploads\/2023\/09\/How-We-Serve-Communities-Help-Me-Grow-Impact-555x392.jpg 555w, https:\/\/upperhousedev17.com\/wp-content\/uploads\/2023\/09\/How-We-Serve-Communities-Help-Me-Grow-Impact-1110x784.jpg 1110w\" sizes=\"555px\">\n\t\t\t<\/div>\n\t\t<\/div>\n\t\t<div class=\"text\">\n\t\t\t\t\t\t<h2><span style=\"color: #00609c;\">Construyendo un mejor sistema<\/span><\/h2>\n<p>We advocate on behalf of families, communities, and our partners to build a better future. Help Me Grow Washington is strategically positioned to both define and support a shared agenda that promotes the optimal healthy development of all young children. Through advocacy and funding efforts, we coordinate requests from regional and local Help Me Grow Washington systems to reflect localized needs with funders and legislature. We build a process for communities to access catalytic funding, resources, and support to develop local Help Me Grow Washington systems.<\/p>\n\t\t<\/div>\n\t<\/div>\n\t<script>\n\t(function($) {\n\t\t\/\/ Get the block ID\n\t\tvar id = \"#block_210e341648fb378540db37d1aa15a8ac\";\n\t\t\/\/ Reveal the block\n\t\tvar container = document.documentElement;\n\t\tScrollReveal().reveal(id + \" .container.left .image\", {origin: \"left\", distance: \"20px\", duration: 1000, container: container});\n\t\tScrollReveal().reveal(id + \" .container.left .text\", {origin: \"right\", distance: \"20px\", duration: 1000, container: container});\n\t\tScrollReveal().reveal(id + \" .container.right .image\", {origin: \"right\", distance: \"20px\", duration: 1000, container: container});\n\t\tScrollReveal().reveal(id + \" .container.right .text\", {origin: \"left\", distance: \"20px\", duration: 1000, container: container});\n\t}(jQuery))\n\t<\/script>\n<\/div>\n\n<div id=\"block_dc901fa2f6bae67ddb975addd045ab09\" class=\"text-block white large center\">\n\t<div class=\"container one-column full\">\n\t\t<h2><span style=\"color: #561553;\">C\u00f3mo creamos impacto<\/span><\/h2>\n\t<\/div>\n\t<script>\n\t\t(function($) {\n\t\t\t\/\/ Get the block ID\n\t\t\tvar id = \"#block_dc901fa2f6bae67ddb975addd045ab09\";\n\t\t\t\/\/ Reveal the block\n\t\t\tvar container = document.documentElement;\n\t\t\tScrollReveal().reveal(id + \" .container\", {\n\t\t\t\torigin: \"bottom\",\n\t\t\t\tdistance: \"20px\",\n\t\t\t\tduration: 1000,\n\t\t\t\tcontainer: container\n\t\t\t});\n\t\t}(jQuery))\n\t<\/script>\n<\/div>\n\n<div id=\"block_15993b942b430d097789f2ba7847af14\" class=\"boxes-block white rectangular\">\n\t<div class=\"boxes-wrapper\">\n\t\t<div class=\"boxes\">\n\t\t\t\t\t\t\t<div class=\"container\">\n\n\t\t\t\t\t\t\t\t\t\t\t\t\t\t\t\t\t\t\t\t\t\t\t\t\t<a class=\"box white left border-light-gray large\" href=\"\/es\/family-spotlight-maria\/\" target=\"\">\n\t\t\t\t\t\t\t\t\t\t\t\t\t\t\t\t\t\t\t\t\t\t\t\t\t\t\t\t\t\t\t\t\t\t\t\t\t<img decoding=\"async\" class=\"story\" src=\"https:\/\/upperhousedev17.com\/wp-content\/uploads\/2024\/01\/iStock-958169622-360x254.jpg\" alt=\"\">\n\t\t\t\t\t\t\t\t\t\t\t\t\t\t\t\t\t\t\t\t\t\t\t\t\t<div class=\"default\"><h3><span style=\"color: #561553;\">Foco familiar: Mar\u00eda<\/span><\/h3>\n<p>Nuestro enfoque emp\u00e1tico y centrado en la familia cre\u00f3 un lugar donde Mar\u00eda sinti\u00f3 que pod\u00eda abrirse sobre su pasado, hablar sobre las barreras que segu\u00eda enfrentando y conectarse con apoyos comunitarios que la ayudar\u00e1n a alcanzar sus objetivos.<\/p>\n<\/div>\n\t\t\t\t\t\t\t\t\t\t\t\t\t\t\t\t\t<div class=\"wrapper\">\n\t\t\t\t\t\t\t\t\t\t<div class=\"textlink\">\n\t\t\t\t\t\t\t\t\t\t\tLee mas<svg class=\"arrow\" aria-hidden=\"true\" focusable=\"false\" data-prefix=\"fas\" data-icon=\"long-arrow-right\" role=\"img\" xmlns=\"http:\/\/www.w3.org\/2000\/svg\" viewbox=\"0 0 448 512\">\n\t\t\t\t\t\t\t\t\t\t\t\t<path fill=\"#FF671D\" d=\"M254.544 154.427L320.118 220H24c-13.255 0-24 10.745-24 24v24c0 13.255 10.745 24 24 24h296.118l-65.574 65.573c-9.373 9.373-9.373 24.569 0 33.941l16.971 16.971c9.373 9.373 24.569 9.373 33.941 0L440.97 272.97c9.373-9.373 9.373-24.569 0-33.941L305.456 103.515c-9.373-9.373-24.569-9.373-33.941 0l-16.971 16.971c-9.373 9.372-9.373 24.568 0 33.941z\"><\/path>\n\t\t\t\t\t\t\t\t\t\t\t<\/svg>\n\t\t\t\t\t\t\t\t\t\t<\/div>\n\t\t\t\t\t\t\t\t\t<\/div>\n\t\t\t\t\t\t\t\t\t\t\t\t\t\t\t<\/a>\n\t\t\t\t\t\t\t\t\t\t\t\t\t\t\t<\/div>\n\t\t\t\t\t\t\t<div class=\"container\">\n\n\t\t\t\t\t\t\t\t\t\t\t\t\t\t\t\t\t\t\t\t\t\t\t\t\t<a class=\"box white left border-light-gray large\" href=\"\/es\/video\/a-brighter-future-for-children-starts-with-help-me-grow\/\" target=\"\">\n\t\t\t\t\t\t\t\t\t\t\t\t\t\t\t\t\t\t\t\t\t\t\t\t\t\t\t\t\t\t\t\t\t\t\t\t\t<img decoding=\"async\" class=\"story\" src=\"https:\/\/upperhousedev17.com\/wp-content\/uploads\/2024\/01\/Luis-360x254.png\" alt=\"\">\n\t\t\t\t\t\t\t\t\t\t\t\t\t\t\t\t\t\t\t\t\t\t\t\t\t<div class=\"default\"><h3><span style=\"color: #561553;\">Foco familiar: Luis<\/span><\/h3>\n<p>En nuestro video, conozca a Luis mientras navega por complejos sistemas alimentarios y de salud para brindarles a sus familias los recursos que necesitan, con el apoyo de un Navegador de Recursos Familiares en Help Me Grow Washington.<\/p>\n<\/div>\n\t\t\t\t\t\t\t\t\t\t\t\t\t\t\t\t\t<div class=\"wrapper\">\n\t\t\t\t\t\t\t\t\t\t<div class=\"textlink\">\n\t\t\t\t\t\t\t\t\t\t\tLee mas<svg class=\"arrow\" aria-hidden=\"true\" focusable=\"false\" data-prefix=\"fas\" data-icon=\"long-arrow-right\" role=\"img\" xmlns=\"http:\/\/www.w3.org\/2000\/svg\" viewbox=\"0 0 448 512\">\n\t\t\t\t\t\t\t\t\t\t\t\t<path fill=\"#FF671D\" d=\"M254.544 154.427L320.118 220H24c-13.255 0-24 10.745-24 24v24c0 13.255 10.745 24 24 24h296.118l-65.574 65.573c-9.373 9.373-9.373 24.569 0 33.941l16.971 16.971c9.373 9.373 24.569 9.373 33.941 0L440.97 272.97c9.373-9.373 9.373-24.569 0-33.941L305.456 103.515c-9.373-9.373-24.569-9.373-33.941 0l-16.971 16.971c-9.373 9.372-9.373 24.568 0 33.941z\"><\/path>\n\t\t\t\t\t\t\t\t\t\t\t<\/svg>\n\t\t\t\t\t\t\t\t\t\t<\/div>\n\t\t\t\t\t\t\t\t\t<\/div>\n\t\t\t\t\t\t\t\t\t\t\t\t\t\t\t<\/a>\n\t\t\t\t\t\t\t\t\t\t\t\t\t\t\t<\/div>\n\t\t\t\t\t\t\t<div class=\"container\">\n\n\t\t\t\t\t\t\t\t\t\t\t\t\t\t\t\t\t\t\t\t\t\t\t\t\t<a class=\"box white left border-light-gray large\" href=\"\/es\/help-me-grow-wa-tribal-adaptation-project-update\/\" target=\"\">\n\t\t\t\t\t\t\t\t\t\t\t\t\t\t\t\t\t\t\t\t\t\t\t\t\t\t\t\t\t\t\t\t\t\t\t\t\t<img decoding=\"async\" class=\"story\" src=\"https:\/\/upperhousedev17.com\/wp-content\/uploads\/2024\/01\/tribal-360x254.jpg\" alt=\"\">\n\t\t\t\t\t\t\t\t\t\t\t\t\t\t\t\t\t\t\t\t\t\t\t\t\t<div class=\"default\"><h3><span style=\"color: #561553;\">Adaptaci\u00f3n tribal<\/span><\/h3>\n<p>Over the last year, in partnership with Native-owned firm, Kauffman and Associates, Tribes were invited to share programmatic strengths, gaps, and challenges to guide Help Me Grow Washington adaptations in their communities.<\/p>\n<\/div>\n\t\t\t\t\t\t\t\t\t\t\t\t\t\t\t\t\t<div class=\"wrapper\">\n\t\t\t\t\t\t\t\t\t\t<div class=\"textlink\">\n\t\t\t\t\t\t\t\t\t\t\tLee mas<svg class=\"arrow\" aria-hidden=\"true\" focusable=\"false\" data-prefix=\"fas\" data-icon=\"long-arrow-right\" role=\"img\" xmlns=\"http:\/\/www.w3.org\/2000\/svg\" viewbox=\"0 0 448 512\">\n\t\t\t\t\t\t\t\t\t\t\t\t<path fill=\"#FF671D\" d=\"M254.544 154.427L320.118 220H24c-13.255 0-24 10.745-24 24v24c0 13.255 10.745 24 24 24h296.118l-65.574 65.573c-9.373 9.373-9.373 24.569 0 33.941l16.971 16.971c9.373 9.373 24.569 9.373 33.941 0L440.97 272.97c9.373-9.373 9.373-24.569 0-33.941L305.456 103.515c-9.373-9.373-24.569-9.373-33.941 0l-16.971 16.971c-9.373 9.372-9.373 24.568 0 33.941z\"><\/path>\n\t\t\t\t\t\t\t\t\t\t\t<\/svg>\n\t\t\t\t\t\t\t\t\t\t<\/div>\n\t\t\t\t\t\t\t\t\t<\/div>\n\t\t\t\t\t\t\t\t\t\t\t\t\t\t\t<\/a>\n\t\t\t\t\t\t\t\t\t\t\t\t\t\t\t<\/div>\n\t\t\t\t\t<\/div>\n\t<\/div>\n\t<script>\n\t\t(function($) {\n\n\t\t\t\/\/ Get the block ID\n\t\t\tvar id = \"#block_15993b942b430d097789f2ba7847af14\";\n\n\t\t\t$(id + \" .boxes-wrapper .boxes .box\").hover(function() {\n\t\t\t\t$(this).find(\".arrow\").addClass(\"hover\");\n\t\t\t\t$(this).find(\"img\").addClass(\"hover\");\n\t\t\t}, function() {\n\t\t\t\t$(this).find(\".arrow\").removeClass(\"hover\");\n\t\t\t\t$(this).find(\"img\").removeClass(\"hover\");\n\t\t\t});\n\n\t\t\t\/\/ Reveal foreground elements\n\t\t\tScrollReveal().reveal(id + \" .container\", {\n\t\t\t\torigin: \"bottom\",\n\t\t\t\tdistance: \"20px\",\n\t\t\t\tduration: 1000,\n\t\t\t\tviewFactor: 0.2,\n\t\t\t\tinterval: 100,\n\t\t\t\treset: false\n\t\t\t});\n\n\t\t})(jQuery)\n\t<\/script>\n<\/div>\n\n<div id=\"block_bc685f29e485150eb0bde6538036b917\" class=\"fifty-fifty-block blue right\">\n\t<img decoding=\"async\" class=\"flower-graphic\" src=\"https:\/\/upperhousedev17.com\/wp-content\/themes\/helpmegrowwa\/images\/banner-text-shapes.svg\">\n\t<div class=\"info watermark\">\n\t\t<div class=\"container regular top\">\n\t\t\t<h2>\u00danete a la red<\/h2>\n<p>Damos la bienvenida a todos los que est\u00e9n interesados en aprender m\u00e1s sobre Help Me Grow Washington y que apoyen la construcci\u00f3n de un sistema organizado de recursos comunitarios para ayudar a los ni\u00f1os a crecer sanos.<\/p>\n\t\t\t\t\t\t\t\t\t<div class=\"link\">\n\t\t\t\t<a class=\"button orange\" href=\"\/es\/join-the-network\/\" target=\"\">\n\t\t\t\t\t\t\t\t\t\tAveriguar m\u00e1s\t\t\t\t<\/a>\n\t\t\t<\/div>\n\t\t\t\t\t<\/div>\n\t<\/div>\n\t\t<div class=\"image\" style=\"background-image: url(https:\/\/upperhousedev17.com\/wp-content\/uploads\/2023\/09\/Family-Support-and-Resources-Help-Me-Grow-Washington.jpg);background-position: top left;\">\n\t\t\t\t\t<\/div>\n\t<script>\n\t(function($) {\n\t\t\/\/ Get the block ID\n\t\tvar id = \"#block_bc685f29e485150eb0bde6538036b917\";\n\t\t\/\/ Reveal the block\n\t\tvar container = document.documentElement;\n\t\tScrollReveal().reveal(id + \".left .image\", {origin: \"left\", distance: \"20px\", duration: 1000});\n\t\tScrollReveal().reveal(id + \".left .info .container\", {origin: \"right\", distance: \"20px\", duration: 1000});\n\t\tScrollReveal().reveal(id + \".right .image\", {origin: \"right\", distance: \"20px\", duration: 1000});\n\t\tScrollReveal().reveal(id + \".right .info .container\", {origin: \"left\", distance: \"20px\", duration: 1000});\n\t}(jQuery))\n\t<\/script>\n<\/div>","protected":false},"excerpt":{"rendered":"","protected":false},"author":2,"featured_media":0,"parent":0,"menu_order":190,"comment_status":"closed","ping_status":"closed","template":"","meta":{"_acf_changed":false,"footnotes":""},"acf":[],"_links":{"self":[{"href":"https:\/\/upperhousedev17.com\/es\/wp-json\/wp\/v2\/pages\/6224"}],"collection":[{"href":"https:\/\/upperhousedev17.com\/es\/wp-json\/wp\/v2\/pages"}],"about":[{"href":"https:\/\/upperhousedev17.com\/es\/wp-json\/wp\/v2\/types\/page"}],"author":[{"embeddable":true,"href":"https:\/\/upperhousedev17.com\/es\/wp-json\/wp\/v2\/users\/2"}],"replies":[{"embeddable":true,"href":"https:\/\/upperhousedev17.com\/es\/wp-json\/wp\/v2\/comments?post=6224"}],"version-history":[{"count":137,"href":"https:\/\/upperhousedev17.com\/es\/wp-json\/wp\/v2\/pages\/6224\/revisions"}],"predecessor-version":[{"id":13846,"href":"https:\/\/upperhousedev17.com\/es\/wp-json\/wp\/v2\/pages\/6224\/revisions\/13846"}],"wp:attachment":[{"href":"https:\/\/upperhousedev17.com\/es\/wp-json\/wp\/v2\/media?parent=6224"}],"curies":[{"name":"gracias","href":"https:\/\/api.w.org\/{rel}","templated":true}]}}