{"id":6218,"date":"2023-09-12T22:57:51","date_gmt":"2023-09-12T22:57:51","guid":{"rendered":"https:\/\/helpmegrowwa.org\/?page_id=6218"},"modified":"2026-04-27T18:21:20","modified_gmt":"2026-04-27T18:21:20","slug":"parent-caregiver","status":"publish","type":"page","link":"https:\/\/upperhousedev17.com\/es\/parent-caregiver","title":{"rendered":"Padre + Cuidador"},"content":{"rendered":"<div id=\"block_31ad48201448b9f24f9d2eef9e2f2e28\" class=\"fifty-fifty-block dark-purple right fifty-fifty-banner\">\n\t<img decoding=\"async\" class=\"flower-graphic\" src=\"https:\/\/upperhousedev17.com\/wp-content\/themes\/helpmegrowwa\/images\/banner-text-shapes.svg\">\n\t<div class=\"info\">\n\t\t<div class=\"container regular center\">\n\t\t\t<h1>Parent + Caregiver Resources<\/h1>\n\t\t\t\t\t<\/div>\n\t<\/div>\n\t\t<div class=\"image\" style=\"background-image: url(https:\/\/upperhousedev17.com\/wp-content\/uploads\/2023\/09\/Parent-and-Caregiver-Resources-Help-Me-Grow-Wa.jpg);background-position: center left;\">\n\t\t\t\t\t<img decoding=\"async\" class=\"corner\" src=\"https:\/\/upperhousedev17.com\/wp-content\/themes\/helpmegrowwa\/images\/fifty-fifty-corner-piece.svg\">\n\t\t\t\t\t<\/div>\n\t<script>\n\t(function($) {\n\t\t\/\/ Get the block ID\n\t\tvar id = \"#block_31ad48201448b9f24f9d2eef9e2f2e28\";\n\t\t\/\/ Reveal the block\n\t\tvar container = document.documentElement;\n\t\tScrollReveal().reveal(id + \".left .image\", {origin: \"left\", distance: \"20px\", duration: 1000});\n\t\tScrollReveal().reveal(id + \".left .info .container\", {origin: \"right\", distance: \"20px\", duration: 1000});\n\t\tScrollReveal().reveal(id + \".right .image\", {origin: \"right\", distance: \"20px\", duration: 1000});\n\t\tScrollReveal().reveal(id + \".right .info .container\", {origin: \"left\", distance: \"20px\", duration: 1000});\n\t}(jQuery))\n\t<\/script>\n<\/div>\n\n<div id=\"block_b93da557bbfc4ba07e49fdfd2db3de08\" class=\"text-block white large center\">\n\t<div class=\"container one-column full\">\n\t\t<p>Ser padre o cuidador es un trabajo duro. Los grupos y clases de apoyo pueden brindarle las herramientas que necesita para ser el mejor padre o cuidador posible. Hay muchas clases y grupos diferentes disponibles seg\u00fan d\u00f3nde viva y son un excelente lugar para compartir experiencias y aprender de otros padres y cuidadores. Podemos ayudarlo a conectarse con el apoyo adecuado, incluidos recursos de cuidado infantil y cuidado de crianza.<\/p>\n\t<\/div>\n\t<script>\n\t\t(function($) {\n\t\t\t\/\/ Get the block ID\n\t\t\tvar id = \"#block_b93da557bbfc4ba07e49fdfd2db3de08\";\n\t\t\t\/\/ Reveal the block\n\t\t\tvar container = document.documentElement;\n\t\t\tScrollReveal().reveal(id + \" .container\", {\n\t\t\t\torigin: \"bottom\",\n\t\t\t\tdistance: \"20px\",\n\t\t\t\tduration: 1000,\n\t\t\t\tcontainer: container\n\t\t\t});\n\t\t}(jQuery))\n\t<\/script>\n<\/div>\n\n<div id=\"block_0bd119dde64c2f69ddb2926e9ae752ba\" class=\"boxes-block white rectangular lines-between-boxes\">\n\t<div class=\"boxes-wrapper\">\n\t\t<div class=\"boxes\">\n\t\t\t\t\t\t\t<div class=\"container\">\n\n\t\t\t\t\t\t\t\t\t\t\t\t\t\t\t\t\t\t\t\t\t\t\t\t\t<a class=\"box white center border-none large\" href=\"https:\/\/resources.helpmegrowwa.org\/search?query=NL-3000.1500,PH-2400.1500,PH-7000,PH-2400.4000&#038;query_type=taxonomy&#038;query_label=Child%20care&#038;query_language=en\" target=\"_blank\">\n\t\t\t\t\t\t\t\t\t\t\t\t\t\t\t\t\t\t\t\t\t\t\t\t\t\t\t<img decoding=\"async\" src=\"https:\/\/upperhousedev17.com\/wp-content\/uploads\/2023\/08\/icon-child-care.svg\" alt=\"\">\n\t\t\t\t\t\t\t\t\t\t\t\t\t\t\t\t\t\t\t\t\t\t\t\t\t<div class=\"default\"><h2><span style=\"color: #00609c;\">Cuidado de los ni\u00f1os<\/span><\/h2>\n<p>Me gustar\u00eda buscar recursos de cuidado infantil en mi \u00e1rea, encontrar cuidado infantil de emergencia o estoy interesado en subsidios para cuidado infantil.<\/p>\n<\/div>\n\t\t\t\t\t\t\t\t\t\t\t\t\t\t\t\t\t<div class=\"wrapper\">\n\t\t\t\t\t\t\t\t\t\t<div class=\"textlink\">\n\t\t\t\t\t\t\t\t\t\t\tEncuentra recursos<svg class=\"arrow\" aria-hidden=\"true\" focusable=\"false\" data-prefix=\"fas\" data-icon=\"long-arrow-right\" role=\"img\" xmlns=\"http:\/\/www.w3.org\/2000\/svg\" viewbox=\"0 0 448 512\">\n\t\t\t\t\t\t\t\t\t\t\t\t<path fill=\"#FF671D\" d=\"M254.544 154.427L320.118 220H24c-13.255 0-24 10.745-24 24v24c0 13.255 10.745 24 24 24h296.118l-65.574 65.573c-9.373 9.373-9.373 24.569 0 33.941l16.971 16.971c9.373 9.373 24.569 9.373 33.941 0L440.97 272.97c9.373-9.373 9.373-24.569 0-33.941L305.456 103.515c-9.373-9.373-24.569-9.373-33.941 0l-16.971 16.971c-9.373 9.372-9.373 24.568 0 33.941z\"><\/path>\n\t\t\t\t\t\t\t\t\t\t\t<\/svg>\n\t\t\t\t\t\t\t\t\t\t<\/div>\n\t\t\t\t\t\t\t\t\t<\/div>\n\t\t\t\t\t\t\t\t\t\t\t\t\t\t\t<\/a>\n\t\t\t\t\t\t\t\t\t\t\t\t\t\t\t<\/div>\n\t\t\t\t\t\t\t<div class=\"container\">\n\n\t\t\t\t\t\t\t\t\t\t\t\t\t\t\t\t\t\t\t\t\t\t\t\t\t<a class=\"box white center border-none large\" href=\"https:\/\/resources.helpmegrowwa.org\/search?query=PN-8100.6500-030,PH-2400.4000&#038;query_type=taxonomy&#038;query_label=Foster%20Care&#038;query_language=en\" target=\"_blank\">\n\t\t\t\t\t\t\t\t\t\t\t\t\t\t\t\t\t\t\t\t\t\t\t\t\t\t\t<img decoding=\"async\" src=\"https:\/\/upperhousedev17.com\/wp-content\/uploads\/2023\/08\/icon-foster-care.svg\" alt=\"\">\n\t\t\t\t\t\t\t\t\t\t\t\t\t\t\t\t\t\t\t\t\t\t\t\t\t<div class=\"default\"><h2><span style=\"color: #00609c;\">Orfanato<\/span><\/h2>\n<p>Estoy interesado en apoyo para padres de crianza y adoptivos, servicios de cuidado por familiares o servicios de atenci\u00f3n m\u00e9dica para j\u00f3venes en cuidado de crianza.<\/p>\n<\/div>\n\t\t\t\t\t\t\t\t\t\t\t\t\t\t\t\t\t<div class=\"wrapper\">\n\t\t\t\t\t\t\t\t\t\t<div class=\"textlink\">\n\t\t\t\t\t\t\t\t\t\t\tEncuentra recursos<svg class=\"arrow\" aria-hidden=\"true\" focusable=\"false\" data-prefix=\"fas\" data-icon=\"long-arrow-right\" role=\"img\" xmlns=\"http:\/\/www.w3.org\/2000\/svg\" viewbox=\"0 0 448 512\">\n\t\t\t\t\t\t\t\t\t\t\t\t<path fill=\"#FF671D\" d=\"M254.544 154.427L320.118 220H24c-13.255 0-24 10.745-24 24v24c0 13.255 10.745 24 24 24h296.118l-65.574 65.573c-9.373 9.373-9.373 24.569 0 33.941l16.971 16.971c9.373 9.373 24.569 9.373 33.941 0L440.97 272.97c9.373-9.373 9.373-24.569 0-33.941L305.456 103.515c-9.373-9.373-24.569-9.373-33.941 0l-16.971 16.971c-9.373 9.372-9.373 24.568 0 33.941z\"><\/path>\n\t\t\t\t\t\t\t\t\t\t\t<\/svg>\n\t\t\t\t\t\t\t\t\t\t<\/div>\n\t\t\t\t\t\t\t\t\t<\/div>\n\t\t\t\t\t\t\t\t\t\t\t\t\t\t\t<\/a>\n\t\t\t\t\t\t\t\t\t\t\t\t\t\t\t<\/div>\n\t\t\t\t\t\t\t<div class=\"container\">\n\n\t\t\t\t\t\t\t\t\t\t\t\t\t\t\t\t\t\t\t\t\t\t\t\t\t<a class=\"box white center border-none large\" href=\"https:\/\/resources.helpmegrowwa.org\/search?query=PH-2950.3200&#038;query_type=taxonomy&#038;query_label=Holiday%20Gifts%2FToys&#038;query_language=en\" target=\"_blank\">\n\t\t\t\t\t\t\t\t\t\t\t\t\t\t\t\t\t\t\t\t\t\t\t\t\t\t\t<img decoding=\"async\" src=\"https:\/\/upperhousedev17.com\/wp-content\/uploads\/2023\/08\/icon-holiday-assistance.svg\" alt=\"\">\n\t\t\t\t\t\t\t\t\t\t\t\t\t\t\t\t\t\t\t\t\t\t\t\t\t<div class=\"default\"><h2><span style=\"color: #00609c;\">Asistencia en vacaciones<\/span><\/h2>\n<p>Necesito apoyo con comidas navide\u00f1as, ropa, juguetes o regalos para mis hijos y mi familia.<\/p>\n<\/div>\n\t\t\t\t\t\t\t\t\t\t\t\t\t\t\t\t\t<div class=\"wrapper\">\n\t\t\t\t\t\t\t\t\t\t<div class=\"textlink\">\n\t\t\t\t\t\t\t\t\t\t\tEncuentra recursos<svg class=\"arrow\" aria-hidden=\"true\" focusable=\"false\" data-prefix=\"fas\" data-icon=\"long-arrow-right\" role=\"img\" xmlns=\"http:\/\/www.w3.org\/2000\/svg\" viewbox=\"0 0 448 512\">\n\t\t\t\t\t\t\t\t\t\t\t\t<path fill=\"#FF671D\" d=\"M254.544 154.427L320.118 220H24c-13.255 0-24 10.745-24 24v24c0 13.255 10.745 24 24 24h296.118l-65.574 65.573c-9.373 9.373-9.373 24.569 0 33.941l16.971 16.971c9.373 9.373 24.569 9.373 33.941 0L440.97 272.97c9.373-9.373 9.373-24.569 0-33.941L305.456 103.515c-9.373-9.373-24.569-9.373-33.941 0l-16.971 16.971c-9.373 9.372-9.373 24.568 0 33.941z\"><\/path>\n\t\t\t\t\t\t\t\t\t\t\t<\/svg>\n\t\t\t\t\t\t\t\t\t\t<\/div>\n\t\t\t\t\t\t\t\t\t<\/div>\n\t\t\t\t\t\t\t\t\t\t\t\t\t\t\t<\/a>\n\t\t\t\t\t\t\t\t\t\t\t\t\t\t\t<\/div>\n\t\t\t\t\t\t\t<div class=\"container\">\n\n\t\t\t\t\t\t\t\t\t\t\t\t\t\t\t\t\t\t\t\t\t\t\t\t\t<a class=\"box white center border-none large\" href=\"https:\/\/resources.helpmegrowwa.org\/search?query=PH-6100.3300&#038;query_type=taxonomy&#038;query_label=In-Home%20Support&#038;query_language=en\" target=\"_blank\">\n\t\t\t\t\t\t\t\t\t\t\t\t\t\t\t\t\t\t\t\t\t\t\t\t\t\t\t<img decoding=\"async\" src=\"https:\/\/upperhousedev17.com\/wp-content\/uploads\/2023\/08\/icon-parent-caregiver-support.svg\" alt=\"\">\n\t\t\t\t\t\t\t\t\t\t\t\t\t\t\t\t\t\t\t\t\t\t\t\t\t<div class=\"default\"><h2><span style=\"color: #00609c;\">Apoyo para padres y cuidadores<\/span><\/h2>\n<p>Me gustar\u00eda obtener informaci\u00f3n sobre programas con visitas personales individuales, actividades e informaci\u00f3n sobre salud y desarrollo infantil.<\/p>\n<\/div>\n\t\t\t\t\t\t\t\t\t\t\t\t\t\t\t\t\t<div class=\"wrapper\">\n\t\t\t\t\t\t\t\t\t\t<div class=\"textlink\">\n\t\t\t\t\t\t\t\t\t\t\tEncuentra recursos<svg class=\"arrow\" aria-hidden=\"true\" focusable=\"false\" data-prefix=\"fas\" data-icon=\"long-arrow-right\" role=\"img\" xmlns=\"http:\/\/www.w3.org\/2000\/svg\" viewbox=\"0 0 448 512\">\n\t\t\t\t\t\t\t\t\t\t\t\t<path fill=\"#FF671D\" d=\"M254.544 154.427L320.118 220H24c-13.255 0-24 10.745-24 24v24c0 13.255 10.745 24 24 24h296.118l-65.574 65.573c-9.373 9.373-9.373 24.569 0 33.941l16.971 16.971c9.373 9.373 24.569 9.373 33.941 0L440.97 272.97c9.373-9.373 9.373-24.569 0-33.941L305.456 103.515c-9.373-9.373-24.569-9.373-33.941 0l-16.971 16.971c-9.373 9.372-9.373 24.568 0 33.941z\"><\/path>\n\t\t\t\t\t\t\t\t\t\t\t<\/svg>\n\t\t\t\t\t\t\t\t\t\t<\/div>\n\t\t\t\t\t\t\t\t\t<\/div>\n\t\t\t\t\t\t\t\t\t\t\t\t\t\t\t<\/a>\n\t\t\t\t\t\t\t\t\t\t\t\t\t\t\t<\/div>\n\t\t\t\t\t\t\t<div class=\"container\">\n\n\t\t\t\t\t\t\t\t\t\t\t\t\t\t\t\t\t\t\t\t\t\t\t\t\t<a class=\"box white center border-none large\" href=\"https:\/\/resources.helpmegrowwa.org\/search?query=PH-6100.6800&#038;query_type=taxonomy&#038;query_label=Classes&#038;query_language=en\" target=\"_blank\">\n\t\t\t\t\t\t\t\t\t\t\t\t\t\t\t\t\t\t\t\t\t\t\t\t\t\t\t<img decoding=\"async\" src=\"https:\/\/upperhousedev17.com\/wp-content\/uploads\/2023\/08\/icon-parent-caregiver-classes.svg\" alt=\"\">\n\t\t\t\t\t\t\t\t\t\t\t\t\t\t\t\t\t\t\t\t\t\t\t\t\t<div class=\"default\"><h2><span style=\"color: #00609c;\">Clases para padres<\/span><\/h2>\n<p>Estoy interesado en clases, talleres, entrenamiento y otro tipo de apoyo para mejorar mis habilidades como padre\/cuidador y empoderarme para criar una familia saludable.<\/p>\n<\/div>\n\t\t\t\t\t\t\t\t\t\t\t\t\t\t\t\t\t<div class=\"wrapper\">\n\t\t\t\t\t\t\t\t\t\t<div class=\"textlink\">\n\t\t\t\t\t\t\t\t\t\t\tEncuentra recursos<svg class=\"arrow\" aria-hidden=\"true\" focusable=\"false\" data-prefix=\"fas\" data-icon=\"long-arrow-right\" role=\"img\" xmlns=\"http:\/\/www.w3.org\/2000\/svg\" viewbox=\"0 0 448 512\">\n\t\t\t\t\t\t\t\t\t\t\t\t<path fill=\"#FF671D\" d=\"M254.544 154.427L320.118 220H24c-13.255 0-24 10.745-24 24v24c0 13.255 10.745 24 24 24h296.118l-65.574 65.573c-9.373 9.373-9.373 24.569 0 33.941l16.971 16.971c9.373 9.373 24.569 9.373 33.941 0L440.97 272.97c9.373-9.373 9.373-24.569 0-33.941L305.456 103.515c-9.373-9.373-24.569-9.373-33.941 0l-16.971 16.971c-9.373 9.372-9.373 24.568 0 33.941z\"><\/path>\n\t\t\t\t\t\t\t\t\t\t\t<\/svg>\n\t\t\t\t\t\t\t\t\t\t<\/div>\n\t\t\t\t\t\t\t\t\t<\/div>\n\t\t\t\t\t\t\t\t\t\t\t\t\t\t\t<\/a>\n\t\t\t\t\t\t\t\t\t\t\t\t\t\t\t<\/div>\n\t\t\t\t\t\t\t<div class=\"container\">\n\n\t\t\t\t\t\t\t\t\t\t\t\t\t\t\t\t\t\t\t\t\t\t\t\t\t<a class=\"box white center border-none large\" href=\"https:\/\/resources.helpmegrowwa.org\/search?query=HH-7920,PN-8100.1000-100,PN-8100.6500,PN-8100.6500-650,PN-8100.4500-400&#038;query_type=taxonomy&#038;query_label=Support%20Groups&#038;query_language=en\" target=\"_blank\">\n\t\t\t\t\t\t\t\t\t\t\t\t\t\t\t\t\t\t\t\t\t\t\t\t\t\t\t<img decoding=\"async\" src=\"https:\/\/upperhousedev17.com\/wp-content\/uploads\/2023\/08\/icon-support-groups.svg\" alt=\"\">\n\t\t\t\t\t\t\t\t\t\t\t\t\t\t\t\t\t\t\t\t\t\t\t\t\t<div class=\"default\"><h2><span style=\"color: #00609c;\">Grupos de apoyo<\/span><\/h2>\n<p>I would like information about family support programs for new parents and caregivers, parents of children with special health care needs, bereaved parents and caregivers, and others in my community.<\/p>\n<\/div>\n\t\t\t\t\t\t\t\t\t\t\t\t\t\t\t\t\t<div class=\"wrapper\">\n\t\t\t\t\t\t\t\t\t\t<div class=\"textlink\">\n\t\t\t\t\t\t\t\t\t\t\tEncuentra recursos<svg class=\"arrow\" aria-hidden=\"true\" focusable=\"false\" data-prefix=\"fas\" data-icon=\"long-arrow-right\" role=\"img\" xmlns=\"http:\/\/www.w3.org\/2000\/svg\" viewbox=\"0 0 448 512\">\n\t\t\t\t\t\t\t\t\t\t\t\t<path fill=\"#FF671D\" d=\"M254.544 154.427L320.118 220H24c-13.255 0-24 10.745-24 24v24c0 13.255 10.745 24 24 24h296.118l-65.574 65.573c-9.373 9.373-9.373 24.569 0 33.941l16.971 16.971c9.373 9.373 24.569 9.373 33.941 0L440.97 272.97c9.373-9.373 9.373-24.569 0-33.941L305.456 103.515c-9.373-9.373-24.569-9.373-33.941 0l-16.971 16.971c-9.373 9.372-9.373 24.568 0 33.941z\"><\/path>\n\t\t\t\t\t\t\t\t\t\t\t<\/svg>\n\t\t\t\t\t\t\t\t\t\t<\/div>\n\t\t\t\t\t\t\t\t\t<\/div>\n\t\t\t\t\t\t\t\t\t\t\t\t\t\t\t<\/a>\n\t\t\t\t\t\t\t\t\t\t\t\t\t\t\t<\/div>\n\t\t\t\t\t<\/div>\n\t<\/div>\n\t<script>\n\t\t(function($) {\n\n\t\t\t\/\/ Get the block ID\n\t\t\tvar id = \"#block_0bd119dde64c2f69ddb2926e9ae752ba\";\n\n\t\t\t$(id + \" .boxes-wrapper .boxes .box\").hover(function() {\n\t\t\t\t$(this).find(\".arrow\").addClass(\"hover\");\n\t\t\t\t$(this).find(\"img\").addClass(\"hover\");\n\t\t\t}, function() {\n\t\t\t\t$(this).find(\".arrow\").removeClass(\"hover\");\n\t\t\t\t$(this).find(\"img\").removeClass(\"hover\");\n\t\t\t});\n\n\t\t\t\/\/ Reveal foreground elements\n\t\t\tScrollReveal().reveal(id + \" .container\", {\n\t\t\t\torigin: \"bottom\",\n\t\t\t\tdistance: \"20px\",\n\t\t\t\tduration: 1000,\n\t\t\t\tviewFactor: 0.2,\n\t\t\t\tinterval: 100,\n\t\t\t\treset: false\n\t\t\t});\n\n\t\t})(jQuery)\n\t<\/script>\n<\/div>\n\n<div id=\"block_2e336c631bfe60a3df2c0d92690c8fae\" class=\"text-block light-gray large center text-black default-margin\">\n\t<div class=\"container one-column full\">\n\t\t<h2><span style=\"color: #561553;\">Finding the right support is hard. We make it easier.<\/span><\/h2>\n<p>Ya sea en l\u00ednea o por tel\u00e9fono, podemos conectarlo con los recursos que necesita, cuando los necesita. Encuentre recursos esenciales de alimentaci\u00f3n, salud y desarrollo infantil en su comunidad para apoyar a su familia.<\/p>\n\t<\/div>\n\t<script>\n\t\t(function($) {\n\t\t\t\/\/ Get the block ID\n\t\t\tvar id = \"#block_2e336c631bfe60a3df2c0d92690c8fae\";\n\t\t\t\/\/ Reveal the block\n\t\t\tvar container = document.documentElement;\n\t\t\tScrollReveal().reveal(id + \" .container\", {\n\t\t\t\torigin: \"bottom\",\n\t\t\t\tdistance: \"20px\",\n\t\t\t\tduration: 1000,\n\t\t\t\tcontainer: container\n\t\t\t});\n\t\t}(jQuery))\n\t<\/script>\n<\/div>\n\n<div id=\"block_7363d09de9a1f6927aa6ca42665d9ebf\" class=\"boxes-block light-gray rectangular lines-between-boxes\">\n\t<div class=\"boxes-wrapper\">\n\t\t<div class=\"boxes\">\n\t\t\t\t\t\t\t<div class=\"container\">\n\n\t\t\t\t\t\t\t\t\t\t\t\t\t\t\t\t\t\t\t\t\t\t\t\t\t<a class=\"box white center border-none large\" href=\"https:\/\/resources.helpmegrowwa.org\/\" target=\"_blank\">\n\t\t\t\t\t\t\t\t\t\t\t\t\t\t\t\t\t\t\t\t\t\t\t\t\t\t\t<img decoding=\"async\" src=\"https:\/\/upperhousedev17.com\/wp-content\/uploads\/2023\/08\/icon-search.svg\" alt=\"Icon for Get Personalized Help\">\n\t\t\t\t\t\t\t\t\t\t\t\t\t\t\t\t\t\t\t\t\t\t\t\t\t<div class=\"default\"><h2><span style=\"color: #561553;\"><b>Talk to a Navigator<\/b><\/span><\/h2>\n<p><span style=\"font-weight: 400;\">Need support now? Call a Help Me Grow Washington hotline and talk to a Family Resource Navigator<\/span>.<\/p>\n<\/div>\n\t\t\t\t\t\t\t\t\t\t\t\t\t\t\t\t\t<div class=\"wrapper\">\n\t\t\t\t\t\t\t\t\t\t<div class=\"textlink\">\n\t\t\t\t\t\t\t\t\t\t\tAveriguar m\u00e1s<svg class=\"arrow\" aria-hidden=\"true\" focusable=\"false\" data-prefix=\"fas\" data-icon=\"long-arrow-right\" role=\"img\" xmlns=\"http:\/\/www.w3.org\/2000\/svg\" viewbox=\"0 0 448 512\">\n\t\t\t\t\t\t\t\t\t\t\t\t<path fill=\"#FF671D\" d=\"M254.544 154.427L320.118 220H24c-13.255 0-24 10.745-24 24v24c0 13.255 10.745 24 24 24h296.118l-65.574 65.573c-9.373 9.373-9.373 24.569 0 33.941l16.971 16.971c9.373 9.373 24.569 9.373 33.941 0L440.97 272.97c9.373-9.373 9.373-24.569 0-33.941L305.456 103.515c-9.373-9.373-24.569-9.373-33.941 0l-16.971 16.971c-9.373 9.372-9.373 24.568 0 33.941z\"><\/path>\n\t\t\t\t\t\t\t\t\t\t\t<\/svg>\n\t\t\t\t\t\t\t\t\t\t<\/div>\n\t\t\t\t\t\t\t\t\t<\/div>\n\t\t\t\t\t\t\t\t\t\t\t\t\t\t\t<\/a>\n\t\t\t\t\t\t\t\t\t\t\t\t\t\t\t<\/div>\n\t\t\t\t\t\t\t<div class=\"container\">\n\n\t\t\t\t\t\t\t\t\t\t\t\t\t\t\t\t\t\t\t\t\t\t\t\t\t<a class=\"box white center border-none large\" href=\"https:\/\/referrals.helpmegrowwa.org\/es\/benefit_finder\" target=\"_blank\">\n\t\t\t\t\t\t\t\t\t\t\t\t\t\t\t\t\t\t\t\t\t\t\t\t\t\t\t<img decoding=\"async\" src=\"https:\/\/upperhousedev17.com\/wp-content\/uploads\/2023\/08\/icon-screen.svg\" alt=\"Icon for Search Resources\">\n\t\t\t\t\t\t\t\t\t\t\t\t\t\t\t\t\t\t\t\t\t\t\t\t\t<div class=\"default\"><h2><b>Search Resources<\/b><\/h2>\n<p><span style=\"font-weight: 400;\">Visit the Resource Finder to search services and supports in your community.<\/span><\/p>\n<\/div>\n\t\t\t\t\t\t\t\t\t\t\t\t\t\t\t\t\t<div class=\"wrapper\">\n\t\t\t\t\t\t\t\t\t\t<div class=\"textlink\">\n\t\t\t\t\t\t\t\t\t\t\tAveriguar m\u00e1s<svg class=\"arrow\" aria-hidden=\"true\" focusable=\"false\" data-prefix=\"fas\" data-icon=\"long-arrow-right\" role=\"img\" xmlns=\"http:\/\/www.w3.org\/2000\/svg\" viewbox=\"0 0 448 512\">\n\t\t\t\t\t\t\t\t\t\t\t\t<path fill=\"#FF671D\" d=\"M254.544 154.427L320.118 220H24c-13.255 0-24 10.745-24 24v24c0 13.255 10.745 24 24 24h296.118l-65.574 65.573c-9.373 9.373-9.373 24.569 0 33.941l16.971 16.971c9.373 9.373 24.569 9.373 33.941 0L440.97 272.97c9.373-9.373 9.373-24.569 0-33.941L305.456 103.515c-9.373-9.373-24.569-9.373-33.941 0l-16.971 16.971c-9.373 9.372-9.373 24.568 0 33.941z\"><\/path>\n\t\t\t\t\t\t\t\t\t\t\t<\/svg>\n\t\t\t\t\t\t\t\t\t\t<\/div>\n\t\t\t\t\t\t\t\t\t<\/div>\n\t\t\t\t\t\t\t\t\t\t\t\t\t\t\t<\/a>\n\t\t\t\t\t\t\t\t\t\t\t\t\t\t\t<\/div>\n\t\t\t\t\t\t\t<div class=\"container\">\n\n\t\t\t\t\t\t\t\t\t\t\t\t\t\t\t\t\t\t\t\t\t\t\t\t\t<a class=\"box white center border-none large\" href=\"\/es\/hotline\/\" target=\"\">\n\t\t\t\t\t\t\t\t\t\t\t\t\t\t\t\t\t\t\t\t\t\t\t\t\t\t\t<img decoding=\"async\" src=\"https:\/\/upperhousedev17.com\/wp-content\/uploads\/2023\/08\/icon-call.svg\" alt=\"Icon for Talk To a Navigator\">\n\t\t\t\t\t\t\t\t\t\t\t\t\t\t\t\t\t\t\t\t\t\t\t\t\t<div class=\"default\"><h2><b>Get Personalized Help<\/b><\/h2>\n<p><span style=\"font-weight: 400;\">Fill out a short form to see if you qualify for state benefits or to get connected to Help Me Grow Washington.\u00a0<\/span><\/p>\n<\/div>\n\t\t\t\t\t\t\t\t\t\t\t\t\t\t\t\t\t<div class=\"wrapper\">\n\t\t\t\t\t\t\t\t\t\t<div class=\"textlink\">\n\t\t\t\t\t\t\t\t\t\t\tAveriguar m\u00e1s<svg class=\"arrow\" aria-hidden=\"true\" focusable=\"false\" data-prefix=\"fas\" data-icon=\"long-arrow-right\" role=\"img\" xmlns=\"http:\/\/www.w3.org\/2000\/svg\" viewbox=\"0 0 448 512\">\n\t\t\t\t\t\t\t\t\t\t\t\t<path fill=\"#FF671D\" d=\"M254.544 154.427L320.118 220H24c-13.255 0-24 10.745-24 24v24c0 13.255 10.745 24 24 24h296.118l-65.574 65.573c-9.373 9.373-9.373 24.569 0 33.941l16.971 16.971c9.373 9.373 24.569 9.373 33.941 0L440.97 272.97c9.373-9.373 9.373-24.569 0-33.941L305.456 103.515c-9.373-9.373-24.569-9.373-33.941 0l-16.971 16.971c-9.373 9.372-9.373 24.568 0 33.941z\"><\/path>\n\t\t\t\t\t\t\t\t\t\t\t<\/svg>\n\t\t\t\t\t\t\t\t\t\t<\/div>\n\t\t\t\t\t\t\t\t\t<\/div>\n\t\t\t\t\t\t\t\t\t\t\t\t\t\t\t<\/a>\n\t\t\t\t\t\t\t\t\t\t\t\t\t\t\t<\/div>\n\t\t\t\t\t<\/div>\n\t<\/div>\n\t<script>\n\t\t(function($) {\n\n\t\t\t\/\/ Get the block ID\n\t\t\tvar id = \"#block_7363d09de9a1f6927aa6ca42665d9ebf\";\n\n\t\t\t$(id + \" .boxes-wrapper .boxes .box\").hover(function() {\n\t\t\t\t$(this).find(\".arrow\").addClass(\"hover\");\n\t\t\t\t$(this).find(\"img\").addClass(\"hover\");\n\t\t\t}, function() {\n\t\t\t\t$(this).find(\".arrow\").removeClass(\"hover\");\n\t\t\t\t$(this).find(\"img\").removeClass(\"hover\");\n\t\t\t});\n\n\t\t\t\/\/ Reveal foreground elements\n\t\t\tScrollReveal().reveal(id + \" .container\", {\n\t\t\t\torigin: \"bottom\",\n\t\t\t\tdistance: \"20px\",\n\t\t\t\tduration: 1000,\n\t\t\t\tviewFactor: 0.2,\n\t\t\t\tinterval: 100,\n\t\t\t\treset: false\n\t\t\t});\n\n\t\t})(jQuery)\n\t<\/script>\n<\/div>\n\n<div id=\"block_b6d5d43fa3a852d63a9a4d77bbcec429\" class=\"fifty-fifty-block blue right\">\n\t<img decoding=\"async\" class=\"flower-graphic\" src=\"https:\/\/upperhousedev17.com\/wp-content\/themes\/helpmegrowwa\/images\/banner-text-shapes.svg\">\n\t<div class=\"info watermark\">\n\t\t<div class=\"container regular top\">\n\t\t\t<h2>The Help Me Grow Washington Experience<\/h2>\n<p>Our friendly and knowledgeable Resource Navigators are here to support you understand and apply for a variety of food, health, and child development resources in Washington state. They will listen to your family\u2019s needs and help you find the best support for your family.<\/p>\n\t\t\t\t\t\t\t\t\t<div class=\"link\">\n\t\t\t\t<a class=\"button orange\" href=\"\/es\/hotline\/\" target=\"\">\n\t\t\t\t\t\t\t\t\t\tAveriguar m\u00e1s\t\t\t\t<\/a>\n\t\t\t<\/div>\n\t\t\t\t\t<\/div>\n\t<\/div>\n\t\t<div class=\"image\" style=\"background-image: url(https:\/\/upperhousedev17.com\/wp-content\/uploads\/2023\/09\/iStock-1414162938@2x.jpg);background-position: top center;\">\n\t\t\t\t\t<\/div>\n\t<script>\n\t(function($) {\n\t\t\/\/ Get the block ID\n\t\tvar id = \"#block_b6d5d43fa3a852d63a9a4d77bbcec429\";\n\t\t\/\/ Reveal the block\n\t\tvar container = document.documentElement;\n\t\tScrollReveal().reveal(id + \".left .image\", {origin: \"left\", distance: \"20px\", duration: 1000});\n\t\tScrollReveal().reveal(id + \".left .info .container\", {origin: \"right\", distance: \"20px\", duration: 1000});\n\t\tScrollReveal().reveal(id + \".right .image\", {origin: \"right\", distance: \"20px\", duration: 1000});\n\t\tScrollReveal().reveal(id + \".right .info .container\", {origin: \"left\", distance: \"20px\", duration: 1000});\n\t}(jQuery))\n\t<\/script>\n<\/div>","protected":false},"excerpt":{"rendered":"","protected":false},"author":2,"featured_media":0,"parent":0,"menu_order":50,"comment_status":"closed","ping_status":"closed","template":"","meta":{"_acf_changed":false,"footnotes":""},"acf":[],"_links":{"self":[{"href":"https:\/\/upperhousedev17.com\/es\/wp-json\/wp\/v2\/pages\/6218"}],"collection":[{"href":"https:\/\/upperhousedev17.com\/es\/wp-json\/wp\/v2\/pages"}],"about":[{"href":"https:\/\/upperhousedev17.com\/es\/wp-json\/wp\/v2\/types\/page"}],"author":[{"embeddable":true,"href":"https:\/\/upperhousedev17.com\/es\/wp-json\/wp\/v2\/users\/2"}],"replies":[{"embeddable":true,"href":"https:\/\/upperhousedev17.com\/es\/wp-json\/wp\/v2\/comments?post=6218"}],"version-history":[{"count":59,"href":"https:\/\/upperhousedev17.com\/es\/wp-json\/wp\/v2\/pages\/6218\/revisions"}],"predecessor-version":[{"id":13906,"href":"https:\/\/upperhousedev17.com\/es\/wp-json\/wp\/v2\/pages\/6218\/revisions\/13906"}],"wp:attachment":[{"href":"https:\/\/upperhousedev17.com\/es\/wp-json\/wp\/v2\/media?parent=6218"}],"curies":[{"name":"gracias","href":"https:\/\/api.w.org\/{rel}","templated":true}]}}