{"id":6210,"date":"2023-09-12T22:36:14","date_gmt":"2023-09-12T22:36:14","guid":{"rendered":"https:\/\/helpmegrowwa.org\/?page_id=6210"},"modified":"2026-04-27T19:26:31","modified_gmt":"2026-04-27T19:26:31","slug":"health","status":"publish","type":"page","link":"https:\/\/upperhousedev17.com\/es\/health","title":{"rendered":"Salud"},"content":{"rendered":"<div id=\"block_9bc3431e1a01e9a241b1abcd54ddcdcb\" class=\"fifty-fifty-block dark-purple right fifty-fifty-banner\">\n\t<img decoding=\"async\" class=\"flower-graphic\" src=\"https:\/\/upperhousedev17.com\/wp-content\/themes\/helpmegrowwa\/images\/banner-text-shapes.svg\">\n\t<div class=\"info\">\n\t\t<div class=\"container regular center\">\n\t\t\t<h1>Con\u00e9ctese a recursos de salud<\/h1>\n\t\t\t\t\t<\/div>\n\t<\/div>\n\t\t<div class=\"image\" style=\"background-image: url(https:\/\/upperhousedev17.com\/wp-content\/uploads\/2023\/09\/Get-Connected-To-Health-Resources-Help-Me-Grow-Wa.jpg);background-position: top left;\">\n\t\t\t\t\t<img decoding=\"async\" class=\"corner\" src=\"https:\/\/upperhousedev17.com\/wp-content\/themes\/helpmegrowwa\/images\/fifty-fifty-corner-piece.svg\">\n\t\t\t\t\t<\/div>\n\t<script>\n\t(function($) {\n\t\t\/\/ Get the block ID\n\t\tvar id = \"#block_9bc3431e1a01e9a241b1abcd54ddcdcb\";\n\t\t\/\/ Reveal the block\n\t\tvar container = document.documentElement;\n\t\tScrollReveal().reveal(id + \".left .image\", {origin: \"left\", distance: \"20px\", duration: 1000});\n\t\tScrollReveal().reveal(id + \".left .info .container\", {origin: \"right\", distance: \"20px\", duration: 1000});\n\t\tScrollReveal().reveal(id + \".right .image\", {origin: \"right\", distance: \"20px\", duration: 1000});\n\t\tScrollReveal().reveal(id + \".right .info .container\", {origin: \"left\", distance: \"20px\", duration: 1000});\n\t}(jQuery))\n\t<\/script>\n<\/div>\n\n<div id=\"block_c075dadc185b242bf515959fd9270dd1\" class=\"text-block white large center\">\n\t<div class=\"container one-column full\">\n\t\t<p>Creemos que todas las familias deben tener acceso a atenci\u00f3n m\u00e9dica de calidad para que puedan estar saludables y seguros. Podemos ayudarlo a conocer y conectarse a seguros m\u00e9dicos, cl\u00ednicas comunitarias gratuitas o de bajo costo, recursos de salud mental y conductual, atenci\u00f3n preventiva y m\u00e1s para promover y mantener los mejores resultados de salud para usted y su familia.<\/p>\n\t<\/div>\n\t<script>\n\t\t(function($) {\n\t\t\t\/\/ Get the block ID\n\t\t\tvar id = \"#block_c075dadc185b242bf515959fd9270dd1\";\n\t\t\t\/\/ Reveal the block\n\t\t\tvar container = document.documentElement;\n\t\t\tScrollReveal().reveal(id + \" .container\", {\n\t\t\t\torigin: \"bottom\",\n\t\t\t\tdistance: \"20px\",\n\t\t\t\tduration: 1000,\n\t\t\t\tcontainer: container\n\t\t\t});\n\t\t}(jQuery))\n\t<\/script>\n<\/div>\n\n<div id=\"block_57aa17f3d0cac53b5c6df328a0f6e639\" class=\"boxes-block white rectangular lines-between-boxes\">\n\t<div class=\"boxes-wrapper\">\n\t\t<div class=\"boxes\">\n\t\t\t\t\t\t\t<div class=\"container\">\n\n\t\t\t\t\t\t\t\t\t\t\t\t\t\t\t\t\t\t\t\t\t\t\t\t\t<a class=\"box white center border-none large\" href=\"\/es\/health-insurance\/\" target=\"\">\n\t\t\t\t\t\t\t\t\t\t\t\t\t\t\t\t\t\t\t\t\t\t\t\t\t\t\t<img decoding=\"async\" src=\"https:\/\/upperhousedev17.com\/wp-content\/uploads\/2023\/08\/icon-health-insurance.svg\" alt=\"\">\n\t\t\t\t\t\t\t\t\t\t\t\t\t\t\t\t\t\t\t\t\t\t\t\t\t<div class=\"\"><h2><span style=\"color: #00609c;\">Seguro de salud<\/span><\/h2>\n<p>Necesito ayuda para encontrar e inscribirme en un seguro m\u00e9dico gratuito o de bajo costo que sea el mejor para m\u00ed y mi familia.<\/p>\n<\/div>\n\t\t\t\t\t\t\t\t\t\t\t\t\t\t\t\t\t<div class=\"wrapper\">\n\t\t\t\t\t\t\t\t\t\t<div class=\"textlink\">\n\t\t\t\t\t\t\t\t\t\t\tAveriguar m\u00e1s<svg class=\"arrow\" aria-hidden=\"true\" focusable=\"false\" data-prefix=\"fas\" data-icon=\"long-arrow-right\" role=\"img\" xmlns=\"http:\/\/www.w3.org\/2000\/svg\" viewbox=\"0 0 448 512\">\n\t\t\t\t\t\t\t\t\t\t\t\t<path fill=\"#FF671D\" d=\"M254.544 154.427L320.118 220H24c-13.255 0-24 10.745-24 24v24c0 13.255 10.745 24 24 24h296.118l-65.574 65.573c-9.373 9.373-9.373 24.569 0 33.941l16.971 16.971c9.373 9.373 24.569 9.373 33.941 0L440.97 272.97c9.373-9.373 9.373-24.569 0-33.941L305.456 103.515c-9.373-9.373-24.569-9.373-33.941 0l-16.971 16.971c-9.373 9.372-9.373 24.568 0 33.941z\"><\/path>\n\t\t\t\t\t\t\t\t\t\t\t<\/svg>\n\t\t\t\t\t\t\t\t\t\t<\/div>\n\t\t\t\t\t\t\t\t\t<\/div>\n\t\t\t\t\t\t\t\t\t\t\t\t\t\t\t<\/a>\n\t\t\t\t\t\t\t\t\t\t\t\t\t\t\t<\/div>\n\t\t\t\t\t\t\t<div class=\"container\">\n\n\t\t\t\t\t\t\t\t\t\t\t\t\t\t\t\t\t\t\t\t\t\t\t\t\t<a class=\"box white center border-none large\" href=\"https:\/\/resources.helpmegrowwa.org\/search?query=LN-1500&#038;query_label=Community%20Clinics&#038;query_type=taxonomy\" target=\"_blank\">\n\t\t\t\t\t\t\t\t\t\t\t\t\t\t\t\t\t\t\t\t\t\t\t\t\t\t\t<img decoding=\"async\" src=\"https:\/\/upperhousedev17.com\/wp-content\/uploads\/2023\/08\/icon-clinics.svg\" alt=\"\">\n\t\t\t\t\t\t\t\t\t\t\t\t\t\t\t\t\t\t\t\t\t\t\t\t\t<div class=\"\"><h2><span style=\"color: #00609c;\">Comunidad <\/span><span style=\"color: #00609c;\">+ Odontolog\u00eda <\/span><span style=\"color: #00609c;\">Cl\u00ednicas<\/span><\/h2>\n<p>Estoy interesado en atenci\u00f3n m\u00e9dica o servicios dentales en una cl\u00ednica que acepte Apple Health (Medicaid) o que tenga una escala m\u00f3vil de tarifas para personas sin seguro.<\/p>\n<\/div>\n\t\t\t\t\t\t\t\t\t\t\t\t\t\t\t\t\t<div class=\"wrapper\">\n\t\t\t\t\t\t\t\t\t\t<div class=\"textlink\">\n\t\t\t\t\t\t\t\t\t\t\tEncuentra recursos<svg class=\"arrow\" aria-hidden=\"true\" focusable=\"false\" data-prefix=\"fas\" data-icon=\"long-arrow-right\" role=\"img\" xmlns=\"http:\/\/www.w3.org\/2000\/svg\" viewbox=\"0 0 448 512\">\n\t\t\t\t\t\t\t\t\t\t\t\t<path fill=\"#FF671D\" d=\"M254.544 154.427L320.118 220H24c-13.255 0-24 10.745-24 24v24c0 13.255 10.745 24 24 24h296.118l-65.574 65.573c-9.373 9.373-9.373 24.569 0 33.941l16.971 16.971c9.373 9.373 24.569 9.373 33.941 0L440.97 272.97c9.373-9.373 9.373-24.569 0-33.941L305.456 103.515c-9.373-9.373-24.569-9.373-33.941 0l-16.971 16.971c-9.373 9.372-9.373 24.568 0 33.941z\"><\/path>\n\t\t\t\t\t\t\t\t\t\t\t<\/svg>\n\t\t\t\t\t\t\t\t\t\t<\/div>\n\t\t\t\t\t\t\t\t\t<\/div>\n\t\t\t\t\t\t\t\t\t\t\t\t\t\t\t<\/a>\n\t\t\t\t\t\t\t\t\t\t\t\t\t\t\t<\/div>\n\t\t\t\t\t\t\t<div class=\"container\">\n\n\t\t\t\t\t\t\t\t\t\t\t\t\t\t\t\t\t\t\t\t\t\t\t\t\t<a class=\"box white center border-none large\" href=\"https:\/\/resources.helpmegrowwa.org\/search?query=Family%20Planning&#038;query_label=Family%20Planning&#038;query_type=text\" target=\"_blank\">\n\t\t\t\t\t\t\t\t\t\t\t\t\t\t\t\t\t\t\t\t\t\t\t\t\t\t\t<img decoding=\"async\" src=\"https:\/\/upperhousedev17.com\/wp-content\/uploads\/2023\/08\/icon-family-planning.svg\" alt=\"\">\n\t\t\t\t\t\t\t\t\t\t\t\t\t\t\t\t\t\t\t\t\t\t\t\t\t<div class=\"\"><h2><span style=\"color: #00609c;\">Planificaci\u00f3n familiar<\/span><\/h2>\n<p>Me gustar\u00eda conectarme con una cl\u00ednica para un examen anual, opciones anticonceptivas, prueba de embarazo o servicios de aborto o vasectom\u00eda.<\/p>\n<\/div>\n\t\t\t\t\t\t\t\t\t\t\t\t\t\t\t\t\t<div class=\"wrapper\">\n\t\t\t\t\t\t\t\t\t\t<div class=\"textlink\">\n\t\t\t\t\t\t\t\t\t\t\tEncuentra recursos<svg class=\"arrow\" aria-hidden=\"true\" focusable=\"false\" data-prefix=\"fas\" data-icon=\"long-arrow-right\" role=\"img\" xmlns=\"http:\/\/www.w3.org\/2000\/svg\" viewbox=\"0 0 448 512\">\n\t\t\t\t\t\t\t\t\t\t\t\t<path fill=\"#FF671D\" d=\"M254.544 154.427L320.118 220H24c-13.255 0-24 10.745-24 24v24c0 13.255 10.745 24 24 24h296.118l-65.574 65.573c-9.373 9.373-9.373 24.569 0 33.941l16.971 16.971c9.373 9.373 24.569 9.373 33.941 0L440.97 272.97c9.373-9.373 9.373-24.569 0-33.941L305.456 103.515c-9.373-9.373-24.569-9.373-33.941 0l-16.971 16.971c-9.373 9.372-9.373 24.568 0 33.941z\"><\/path>\n\t\t\t\t\t\t\t\t\t\t\t<\/svg>\n\t\t\t\t\t\t\t\t\t\t<\/div>\n\t\t\t\t\t\t\t\t\t<\/div>\n\t\t\t\t\t\t\t\t\t\t\t\t\t\t\t<\/a>\n\t\t\t\t\t\t\t\t\t\t\t\t\t\t\t<\/div>\n\t\t\t\t\t\t\t<div class=\"container\">\n\n\t\t\t\t\t\t\t\t\t\t\t\t\t\t\t\t\t\t\t\t\t\t\t\t\t<a class=\"box white center border-none large\" href=\"https:\/\/resources.helpmegrowwa.org\/search?query=RM-6500.1500,RP-1400.8000-655,RP-5000,RP,RP-1400.8000-260&#038;query_type=taxonomy&#038;query_label=Mental%20Health%20Support&#038;query_language=en\" target=\"_blank\">\n\t\t\t\t\t\t\t\t\t\t\t\t\t\t\t\t\t\t\t\t\t\t\t\t\t\t\t<img decoding=\"async\" src=\"https:\/\/upperhousedev17.com\/wp-content\/uploads\/2023\/08\/icon-mental-health.svg\" alt=\"\">\n\t\t\t\t\t\t\t\t\t\t\t\t\t\t\t\t\t\t\t\t\t\t\t\t\t<div class=\"\"><h2><span style=\"color: #00609c;\">Salud mental y conductual<\/span><\/h2>\n<p>Necesito apoyo de salud mental o abuso de sustancias para m\u00ed o para un ser querido, incluida evaluaci\u00f3n y terapia, l\u00edneas directas de crisis o apoyo para casos de violencia dom\u00e9stica.<\/p>\n<\/div>\n\t\t\t\t\t\t\t\t\t\t\t\t\t\t\t\t\t<div class=\"wrapper\">\n\t\t\t\t\t\t\t\t\t\t<div class=\"textlink\">\n\t\t\t\t\t\t\t\t\t\t\tEncuentra recursos<svg class=\"arrow\" aria-hidden=\"true\" focusable=\"false\" data-prefix=\"fas\" data-icon=\"long-arrow-right\" role=\"img\" xmlns=\"http:\/\/www.w3.org\/2000\/svg\" viewbox=\"0 0 448 512\">\n\t\t\t\t\t\t\t\t\t\t\t\t<path fill=\"#FF671D\" d=\"M254.544 154.427L320.118 220H24c-13.255 0-24 10.745-24 24v24c0 13.255 10.745 24 24 24h296.118l-65.574 65.573c-9.373 9.373-9.373 24.569 0 33.941l16.971 16.971c9.373 9.373 24.569 9.373 33.941 0L440.97 272.97c9.373-9.373 9.373-24.569 0-33.941L305.456 103.515c-9.373-9.373-24.569-9.373-33.941 0l-16.971 16.971c-9.373 9.372-9.373 24.568 0 33.941z\"><\/path>\n\t\t\t\t\t\t\t\t\t\t\t<\/svg>\n\t\t\t\t\t\t\t\t\t\t<\/div>\n\t\t\t\t\t\t\t\t\t<\/div>\n\t\t\t\t\t\t\t\t\t\t\t\t\t\t\t<\/a>\n\t\t\t\t\t\t\t\t\t\t\t\t\t\t\t<\/div>\n\t\t\t\t\t\t\t<div class=\"container\">\n\n\t\t\t\t\t\t\t\t\t\t\t\t\t\t\t\t\t\t\t\t\t\t\t\t\t<a class=\"box white center border-none large\" href=\"https:\/\/resources.helpmegrowwa.org\/search?query=DF-8000.4500-200&#038;query_type=taxonomy&#038;query_label=Paid%20Family%20%26%20Medical%20Leave&#038;query_language=en\" target=\"_blank\">\n\t\t\t\t\t\t\t\t\t\t\t\t\t\t\t\t\t\t\t\t\t\t\t\t\t\t\t<img decoding=\"async\" src=\"https:\/\/upperhousedev17.com\/wp-content\/uploads\/2023\/08\/icon-paid-family-medical-leave.svg\" alt=\"\">\n\t\t\t\t\t\t\t\t\t\t\t\t\t\t\t\t\t\t\t\t\t\t\t\t\t<div class=\"\"><h2><span style=\"color: #00609c;\">Licencia familiar + m\u00e9dica remunerada<\/span><\/h2>\n<p>Me gustar\u00eda obtener informaci\u00f3n sobre el tiempo libre remunerado y c\u00f3mo solicitar beneficios debido a una condici\u00f3n de salud grave o tiempo para cuidar a un miembro de la familia o un nuevo hijo.<\/p>\n<\/div>\n\t\t\t\t\t\t\t\t\t\t\t\t\t\t\t\t\t<div class=\"wrapper\">\n\t\t\t\t\t\t\t\t\t\t<div class=\"textlink\">\n\t\t\t\t\t\t\t\t\t\t\tEncuentra recursos<svg class=\"arrow\" aria-hidden=\"true\" focusable=\"false\" data-prefix=\"fas\" data-icon=\"long-arrow-right\" role=\"img\" xmlns=\"http:\/\/www.w3.org\/2000\/svg\" viewbox=\"0 0 448 512\">\n\t\t\t\t\t\t\t\t\t\t\t\t<path fill=\"#FF671D\" d=\"M254.544 154.427L320.118 220H24c-13.255 0-24 10.745-24 24v24c0 13.255 10.745 24 24 24h296.118l-65.574 65.573c-9.373 9.373-9.373 24.569 0 33.941l16.971 16.971c9.373 9.373 24.569 9.373 33.941 0L440.97 272.97c9.373-9.373 9.373-24.569 0-33.941L305.456 103.515c-9.373-9.373-24.569-9.373-33.941 0l-16.971 16.971c-9.373 9.372-9.373 24.568 0 33.941z\"><\/path>\n\t\t\t\t\t\t\t\t\t\t\t<\/svg>\n\t\t\t\t\t\t\t\t\t\t<\/div>\n\t\t\t\t\t\t\t\t\t<\/div>\n\t\t\t\t\t\t\t\t\t\t\t\t\t\t\t<\/a>\n\t\t\t\t\t\t\t\t\t\t\t\t\t\t\t<\/div>\n\t\t\t\t\t\t\t<div class=\"container\">\n\n\t\t\t\t\t\t\t\t\t\t\t\t\t\t\t\t\t\t\t\t\t\t\t\t\t<a class=\"box white center border-none large\" href=\"\/es\/childhood-immunizations\/\" target=\"\">\n\t\t\t\t\t\t\t\t\t\t\t\t\t\t\t\t\t\t\t\t\t\t\t\t\t\t\t<img decoding=\"async\" src=\"https:\/\/upperhousedev17.com\/wp-content\/uploads\/2023\/08\/icon-vaccines.svg\" alt=\"\">\n\t\t\t\t\t\t\t\t\t\t\t\t\t\t\t\t\t\t\t\t\t\t\t\t\t<div class=\"\"><h2><span style=\"color: #00609c;\">Vacunas<\/span><\/h2>\n<p>Obtenga respuestas a sus preguntas sobre vacunas, encuentre una cl\u00ednica de vacunaci\u00f3n cerca de usted, vacunas gratuitas para sus hijos, c\u00f3mo acceder a los registros de vacunaci\u00f3n de su familia y m\u00e1s.<\/p>\n<\/div>\n\t\t\t\t\t\t\t\t\t\t\t\t\t\t\t\t\t<div class=\"wrapper\">\n\t\t\t\t\t\t\t\t\t\t<div class=\"textlink\">\n\t\t\t\t\t\t\t\t\t\t\tAveriguar m\u00e1s<svg class=\"arrow\" aria-hidden=\"true\" focusable=\"false\" data-prefix=\"fas\" data-icon=\"long-arrow-right\" role=\"img\" xmlns=\"http:\/\/www.w3.org\/2000\/svg\" viewbox=\"0 0 448 512\">\n\t\t\t\t\t\t\t\t\t\t\t\t<path fill=\"#FF671D\" d=\"M254.544 154.427L320.118 220H24c-13.255 0-24 10.745-24 24v24c0 13.255 10.745 24 24 24h296.118l-65.574 65.573c-9.373 9.373-9.373 24.569 0 33.941l16.971 16.971c9.373 9.373 24.569 9.373 33.941 0L440.97 272.97c9.373-9.373 9.373-24.569 0-33.941L305.456 103.515c-9.373-9.373-24.569-9.373-33.941 0l-16.971 16.971c-9.373 9.372-9.373 24.568 0 33.941z\"><\/path>\n\t\t\t\t\t\t\t\t\t\t\t<\/svg>\n\t\t\t\t\t\t\t\t\t\t<\/div>\n\t\t\t\t\t\t\t\t\t<\/div>\n\t\t\t\t\t\t\t\t\t\t\t\t\t\t\t<\/a>\n\t\t\t\t\t\t\t\t\t\t\t\t\t\t\t<\/div>\n\t\t\t\t\t<\/div>\n\t<\/div>\n\t<script>\n\t\t(function($) {\n\n\t\t\t\/\/ Get the block ID\n\t\t\tvar id = \"#block_57aa17f3d0cac53b5c6df328a0f6e639\";\n\n\t\t\t$(id + \" .boxes-wrapper .boxes .box\").hover(function() {\n\t\t\t\t$(this).find(\".arrow\").addClass(\"hover\");\n\t\t\t\t$(this).find(\"img\").addClass(\"hover\");\n\t\t\t}, function() {\n\t\t\t\t$(this).find(\".arrow\").removeClass(\"hover\");\n\t\t\t\t$(this).find(\"img\").removeClass(\"hover\");\n\t\t\t});\n\n\t\t\t\/\/ Reveal foreground elements\n\t\t\tScrollReveal().reveal(id + \" .container\", {\n\t\t\t\torigin: \"bottom\",\n\t\t\t\tdistance: \"20px\",\n\t\t\t\tduration: 1000,\n\t\t\t\tviewFactor: 0.2,\n\t\t\t\tinterval: 100,\n\t\t\t\treset: false\n\t\t\t});\n\n\t\t})(jQuery)\n\t<\/script>\n<\/div>\n\n<div id=\"block_15390ad05fc92cbe2866def21c256d07\" class=\"text-block light-gray large center text-black default-margin\">\n\t<div class=\"container one-column full\">\n\t\t<h2><span style=\"color: #561553;\">Finding the right support is hard. We make it easier.<\/span><\/h2>\n<p>Ya sea en l\u00ednea o por tel\u00e9fono, podemos conectarlo con los recursos que necesita, cuando los necesita. Encuentre recursos esenciales de alimentaci\u00f3n, salud y desarrollo infantil en su comunidad para apoyar a su familia.<\/p>\n\t<\/div>\n\t<script>\n\t\t(function($) {\n\t\t\t\/\/ Get the block ID\n\t\t\tvar id = \"#block_15390ad05fc92cbe2866def21c256d07\";\n\t\t\t\/\/ Reveal the block\n\t\t\tvar container = document.documentElement;\n\t\t\tScrollReveal().reveal(id + \" .container\", {\n\t\t\t\torigin: \"bottom\",\n\t\t\t\tdistance: \"20px\",\n\t\t\t\tduration: 1000,\n\t\t\t\tcontainer: container\n\t\t\t});\n\t\t}(jQuery))\n\t<\/script>\n<\/div>\n\n<div id=\"block_19d8dab3d6d7f706114794bc602ea23e\" class=\"boxes-block light-gray rectangular lines-between-boxes\">\n\t<div class=\"boxes-wrapper\">\n\t\t<div class=\"boxes\">\n\t\t\t\t\t\t\t<div class=\"container\">\n\n\t\t\t\t\t\t\t\t\t\t\t\t\t\t\t\t\t\t\t\t\t\t\t\t\t<a class=\"box white center border-none large\" href=\"https:\/\/resources.helpmegrowwa.org\/\" target=\"_blank\">\n\t\t\t\t\t\t\t\t\t\t\t\t\t\t\t\t\t\t\t\t\t\t\t\t\t\t\t<img decoding=\"async\" src=\"https:\/\/upperhousedev17.com\/wp-content\/uploads\/2023\/08\/icon-search.svg\" alt=\"Icon for Get Personalized Help\">\n\t\t\t\t\t\t\t\t\t\t\t\t\t\t\t\t\t\t\t\t\t\t\t\t\t<div class=\"default\"><h2><span style=\"color: #561553;\">Buscar<\/span><\/h2>\n<p>Visit the Resource Finder to find resources and services in your community.<\/p>\n<\/div>\n\t\t\t\t\t\t\t\t\t\t\t\t\t\t\t\t\t<div class=\"wrapper\">\n\t\t\t\t\t\t\t\t\t\t<div class=\"textlink\">\n\t\t\t\t\t\t\t\t\t\t\tAveriguar m\u00e1s<svg class=\"arrow\" aria-hidden=\"true\" focusable=\"false\" data-prefix=\"fas\" data-icon=\"long-arrow-right\" role=\"img\" xmlns=\"http:\/\/www.w3.org\/2000\/svg\" viewbox=\"0 0 448 512\">\n\t\t\t\t\t\t\t\t\t\t\t\t<path fill=\"#FF671D\" d=\"M254.544 154.427L320.118 220H24c-13.255 0-24 10.745-24 24v24c0 13.255 10.745 24 24 24h296.118l-65.574 65.573c-9.373 9.373-9.373 24.569 0 33.941l16.971 16.971c9.373 9.373 24.569 9.373 33.941 0L440.97 272.97c9.373-9.373 9.373-24.569 0-33.941L305.456 103.515c-9.373-9.373-24.569-9.373-33.941 0l-16.971 16.971c-9.373 9.372-9.373 24.568 0 33.941z\"><\/path>\n\t\t\t\t\t\t\t\t\t\t\t<\/svg>\n\t\t\t\t\t\t\t\t\t\t<\/div>\n\t\t\t\t\t\t\t\t\t<\/div>\n\t\t\t\t\t\t\t\t\t\t\t\t\t\t\t<\/a>\n\t\t\t\t\t\t\t\t\t\t\t\t\t\t\t<\/div>\n\t\t\t\t\t\t\t<div class=\"container\">\n\n\t\t\t\t\t\t\t\t\t\t\t\t\t\t\t\t\t\t\t\t\t\t\t\t\t<a class=\"box white center border-none large\" href=\"https:\/\/referrals.helpmegrowwa.org\/es\/benefit_finder\" target=\"_blank\">\n\t\t\t\t\t\t\t\t\t\t\t\t\t\t\t\t\t\t\t\t\t\t\t\t\t\t\t<img decoding=\"async\" src=\"https:\/\/upperhousedev17.com\/wp-content\/uploads\/2023\/08\/icon-screen.svg\" alt=\"Icon for Search Resources\">\n\t\t\t\t\t\t\t\t\t\t\t\t\t\t\t\t\t\t\t\t\t\t\t\t\t<div class=\"default\"><h2><span style=\"color: #561553;\">Encuesta<\/span><\/h2>\n<p>Complete un breve formulario para ver si califica para los beneficios estatales y conectarse a Help Me Grow.<\/p>\n<\/div>\n\t\t\t\t\t\t\t\t\t\t\t\t\t\t\t\t\t<div class=\"wrapper\">\n\t\t\t\t\t\t\t\t\t\t<div class=\"textlink\">\n\t\t\t\t\t\t\t\t\t\t\tAveriguar m\u00e1s<svg class=\"arrow\" aria-hidden=\"true\" focusable=\"false\" data-prefix=\"fas\" data-icon=\"long-arrow-right\" role=\"img\" xmlns=\"http:\/\/www.w3.org\/2000\/svg\" viewbox=\"0 0 448 512\">\n\t\t\t\t\t\t\t\t\t\t\t\t<path fill=\"#FF671D\" d=\"M254.544 154.427L320.118 220H24c-13.255 0-24 10.745-24 24v24c0 13.255 10.745 24 24 24h296.118l-65.574 65.573c-9.373 9.373-9.373 24.569 0 33.941l16.971 16.971c9.373 9.373 24.569 9.373 33.941 0L440.97 272.97c9.373-9.373 9.373-24.569 0-33.941L305.456 103.515c-9.373-9.373-24.569-9.373-33.941 0l-16.971 16.971c-9.373 9.372-9.373 24.568 0 33.941z\"><\/path>\n\t\t\t\t\t\t\t\t\t\t\t<\/svg>\n\t\t\t\t\t\t\t\t\t\t<\/div>\n\t\t\t\t\t\t\t\t\t<\/div>\n\t\t\t\t\t\t\t\t\t\t\t\t\t\t\t<\/a>\n\t\t\t\t\t\t\t\t\t\t\t\t\t\t\t<\/div>\n\t\t\t\t\t\t\t<div class=\"container\">\n\n\t\t\t\t\t\t\t\t\t\t\t\t\t\t\t\t\t\t\t\t\t\t\t\t\t<a class=\"box white center border-none large\" href=\"\/es\/hotline\/\" target=\"\">\n\t\t\t\t\t\t\t\t\t\t\t\t\t\t\t\t\t\t\t\t\t\t\t\t\t\t\t<img decoding=\"async\" src=\"https:\/\/upperhousedev17.com\/wp-content\/uploads\/2023\/08\/icon-call.svg\" alt=\"Icon for Talk To a Navigator\">\n\t\t\t\t\t\t\t\t\t\t\t\t\t\t\t\t\t\t\t\t\t\t\t\t\t<div class=\"default\"><h2><span style=\"color: #561553;\">Llamada<\/span><\/h2>\n<p>\u00bfNecesita soporte ahora?<br \/>\nLlame a una l\u00ednea directa Help Me Grow Washington y hable con un navegador de recursos familiares.<\/p>\n<\/div>\n\t\t\t\t\t\t\t\t\t\t\t\t\t\t\t\t\t<div class=\"wrapper\">\n\t\t\t\t\t\t\t\t\t\t<div class=\"textlink\">\n\t\t\t\t\t\t\t\t\t\t\tAveriguar m\u00e1s<svg class=\"arrow\" aria-hidden=\"true\" focusable=\"false\" data-prefix=\"fas\" data-icon=\"long-arrow-right\" role=\"img\" xmlns=\"http:\/\/www.w3.org\/2000\/svg\" viewbox=\"0 0 448 512\">\n\t\t\t\t\t\t\t\t\t\t\t\t<path fill=\"#FF671D\" d=\"M254.544 154.427L320.118 220H24c-13.255 0-24 10.745-24 24v24c0 13.255 10.745 24 24 24h296.118l-65.574 65.573c-9.373 9.373-9.373 24.569 0 33.941l16.971 16.971c9.373 9.373 24.569 9.373 33.941 0L440.97 272.97c9.373-9.373 9.373-24.569 0-33.941L305.456 103.515c-9.373-9.373-24.569-9.373-33.941 0l-16.971 16.971c-9.373 9.372-9.373 24.568 0 33.941z\"><\/path>\n\t\t\t\t\t\t\t\t\t\t\t<\/svg>\n\t\t\t\t\t\t\t\t\t\t<\/div>\n\t\t\t\t\t\t\t\t\t<\/div>\n\t\t\t\t\t\t\t\t\t\t\t\t\t\t\t<\/a>\n\t\t\t\t\t\t\t\t\t\t\t\t\t\t\t<\/div>\n\t\t\t\t\t<\/div>\n\t<\/div>\n\t<script>\n\t\t(function($) {\n\n\t\t\t\/\/ Get the block ID\n\t\t\tvar id = \"#block_19d8dab3d6d7f706114794bc602ea23e\";\n\n\t\t\t$(id + \" .boxes-wrapper .boxes .box\").hover(function() {\n\t\t\t\t$(this).find(\".arrow\").addClass(\"hover\");\n\t\t\t\t$(this).find(\"img\").addClass(\"hover\");\n\t\t\t}, function() {\n\t\t\t\t$(this).find(\".arrow\").removeClass(\"hover\");\n\t\t\t\t$(this).find(\"img\").removeClass(\"hover\");\n\t\t\t});\n\n\t\t\t\/\/ Reveal foreground elements\n\t\t\tScrollReveal().reveal(id + \" .container\", {\n\t\t\t\torigin: \"bottom\",\n\t\t\t\tdistance: \"20px\",\n\t\t\t\tduration: 1000,\n\t\t\t\tviewFactor: 0.2,\n\t\t\t\tinterval: 100,\n\t\t\t\treset: false\n\t\t\t});\n\n\t\t})(jQuery)\n\t<\/script>\n<\/div>\n\n<div id=\"block_6b2c1cd07998c418da545b83eaf27b95\" class=\"fifty-fifty-block blue right\">\n\t<img decoding=\"async\" class=\"flower-graphic\" src=\"https:\/\/upperhousedev17.com\/wp-content\/themes\/helpmegrowwa\/images\/banner-text-shapes.svg\">\n\t<div class=\"info watermark\">\n\t\t<div class=\"container regular top\">\n\t\t\t<h2>La experiencia Help Me Grow<\/h2>\n<p>Nuestros amables y expertos navegadores de recursos est\u00e1n aqu\u00ed para ayudarlo a comprender y solicitar una variedad de recursos de alimentaci\u00f3n, salud y desarrollo infantil en el estado de Washington. Escuchar\u00e1n las necesidades de su familia y lo ayudar\u00e1n a encontrar el mejor apoyo para su familia.<\/p>\n\t\t\t\t\t\t\t\t\t<div class=\"link\">\n\t\t\t\t<a class=\"button orange\" href=\"\/es\/hotline\/\" target=\"\">\n\t\t\t\t\t\t\t\t\t\tAveriguar m\u00e1s\t\t\t\t<\/a>\n\t\t\t<\/div>\n\t\t\t\t\t<\/div>\n\t<\/div>\n\t\t<div class=\"image\" style=\"background-image: url(https:\/\/upperhousedev17.com\/wp-content\/uploads\/2023\/09\/iStock-1414162938@2x.jpg);background-position: top center;\">\n\t\t\t\t\t<\/div>\n\t<script>\n\t(function($) {\n\t\t\/\/ Get the block ID\n\t\tvar id = \"#block_6b2c1cd07998c418da545b83eaf27b95\";\n\t\t\/\/ Reveal the block\n\t\tvar container = document.documentElement;\n\t\tScrollReveal().reveal(id + \".left .image\", {origin: \"left\", distance: \"20px\", duration: 1000});\n\t\tScrollReveal().reveal(id + \".left .info .container\", {origin: \"right\", distance: \"20px\", duration: 1000});\n\t\tScrollReveal().reveal(id + \".right .image\", {origin: \"right\", distance: \"20px\", duration: 1000});\n\t\tScrollReveal().reveal(id + \".right .info .container\", {origin: \"left\", distance: \"20px\", duration: 1000});\n\t}(jQuery))\n\t<\/script>\n<\/div>","protected":false},"excerpt":{"rendered":"","protected":false},"author":2,"featured_media":0,"parent":0,"menu_order":10,"comment_status":"closed","ping_status":"closed","template":"","meta":{"_acf_changed":false,"footnotes":""},"acf":[],"_links":{"self":[{"href":"https:\/\/upperhousedev17.com\/es\/wp-json\/wp\/v2\/pages\/6210"}],"collection":[{"href":"https:\/\/upperhousedev17.com\/es\/wp-json\/wp\/v2\/pages"}],"about":[{"href":"https:\/\/upperhousedev17.com\/es\/wp-json\/wp\/v2\/types\/page"}],"author":[{"embeddable":true,"href":"https:\/\/upperhousedev17.com\/es\/wp-json\/wp\/v2\/users\/2"}],"replies":[{"embeddable":true,"href":"https:\/\/upperhousedev17.com\/es\/wp-json\/wp\/v2\/comments?post=6210"}],"version-history":[{"count":80,"href":"https:\/\/upperhousedev17.com\/es\/wp-json\/wp\/v2\/pages\/6210\/revisions"}],"predecessor-version":[{"id":13917,"href":"https:\/\/upperhousedev17.com\/es\/wp-json\/wp\/v2\/pages\/6210\/revisions\/13917"}],"wp:attachment":[{"href":"https:\/\/upperhousedev17.com\/es\/wp-json\/wp\/v2\/media?parent=6210"}],"curies":[{"name":"gracias","href":"https:\/\/api.w.org\/{rel}","templated":true}]}}