{"id":47,"date":"2019-06-15T01:14:00","date_gmt":"2019-06-15T01:14:00","guid":{"rendered":"http:\/\/54.244.98.151\/?page_id=47"},"modified":"2026-04-27T13:31:12","modified_gmt":"2026-04-27T13:31:12","slug":"developmental-milestones","status":"publish","type":"page","link":"https:\/\/upperhousedev17.com\/es\/developmental-milestones","title":{"rendered":"Hitos del Desarrollo"},"content":{"rendered":"<div id=\"block_e47469bdcdac295ab3695ecd394fc9eb\" class=\"banner-block text\">\n\t<img decoding=\"async\" class=\"graphic\" src=\"https:\/\/upperhousedev17.com\/wp-content\/themes\/helpmegrowwa\/images\/banner-text-shapes.svg\">\n\t<div class=\"text-wrapper\">\n\t\t<h1>Hitos del Desarrollo<\/h1>\n\t<\/div>\t\n\t<script>\n\t(function($) {\n\t\t\/\/ Get the block ID\n\t\tvar id = \"#block_e47469bdcdac295ab3695ecd394fc9eb\";\n\t\t\/\/ Reveal the heading\n\t\tScrollReveal().reveal(id + \" h1\", {duration: 1000});\n\t})(jQuery)\n\t<\/script>\n<\/div>\n\n\n\n<div id=\"block_829ad6fca1054f96f7b8c6cc48501445\" class=\"text-block white large center text-black default-margin\">\n\t<div class=\"container one-column full\">\n\t\t<h2><span style=\"color: #571653;\">\u00a1La infancia est\u00e1 llena de muchos logros!<\/span><\/h2>\n<p>Los ni\u00f1os crecen y cambian de muchas maneras. Desde el nacimiento, su hijo comenzar\u00e1 a alcanzar hitos en su forma de jugar, aprender, actuar y comunicarse. Ejemplos de hitos incluyen dar el primer paso, sonre\u00edr, decir \u201cadi\u00f3s\u201d con la mano o alcanzar un juguete. Los hitos son diferentes para cada rango de edad. Aprenda los conceptos b\u00e1sicos del desarrollo infantil para que pueda interactuar con su hijo y asegurarse de que vaya por el camino correcto.<\/p>\n<h4><strong><a class=\"page-link\" href=\"https:\/\/www.cdc.gov\/ncbddd\/actearly\/milestones\/index.html\" target=\"_blank\" rel=\"noopener\">Learn more about developmental milestones by age using this interactive tool for parents and caregivers<img decoding=\"async\" src=\"\/wp-content\/themes\/helpmegrowwa\/images\/text-block-orange-arrow.svg\" \/><\/a><\/strong><\/h4>\n\t<\/div>\n\t<script>\n\t\t(function($) {\n\t\t\t\/\/ Get the block ID\n\t\t\tvar id = \"#block_829ad6fca1054f96f7b8c6cc48501445\";\n\t\t\t\/\/ Reveal the block\n\t\t\tvar container = document.documentElement;\n\t\t\tScrollReveal().reveal(id + \" .container\", {\n\t\t\t\torigin: \"bottom\",\n\t\t\t\tdistance: \"20px\",\n\t\t\t\tduration: 1000,\n\t\t\t\tcontainer: container\n\t\t\t});\n\t\t}(jQuery))\n\t<\/script>\n<\/div>\n\n<div id=\"block_354a1300a7be75d4402e389c844444fa\" class=\"tile-block light-gray\">\n\t<div class=\"container left\">\n\t\t<div class=\"image\">\n\t\t\t<div class=\"wrapper\">\n\t\t\t\t\t\t\t\t<img decoding=\"async\" src=\"https:\/\/upperhousedev17.com\/wp-content\/uploads\/2023\/09\/Learn-Sign-Language-Help-Me-Grow-Washington-555x392.jpg\" srcset=\"https:\/\/upperhousedev17.com\/wp-content\/uploads\/2023\/09\/Learn-Sign-Language-Help-Me-Grow-Washington-555x392.jpg 555w, https:\/\/upperhousedev17.com\/wp-content\/uploads\/2023\/09\/Learn-Sign-Language-Help-Me-Grow-Washington-1110x784.jpg 1110w\" sizes=\"555px\">\n\t\t\t<\/div>\n\t\t<\/div>\n\t\t<div class=\"text\">\n\t\t\t\t\t\t<h2><span style=\"color: #0095c4;\">Pruebe un rastreador de hitos GRATIS<\/span><\/h2>\n<p class=\"app-buttons\">\u00a1Los hitos importan! Puede realizar un seguimiento y celebrar f\u00e1cilmente el desarrollo temprano de su hijo con la aplicaci\u00f3n Milestone Tracker de los CDC. <a href=\"https:\/\/www.cdc.gov\/ncbddd\/actearly\/index.html\" target=\"_blank\" rel=\"noopener\">\u201cAprenda los signos. Act\u00fae temprano &quot;. programa<\/a>. Realice un seguimiento de los hitos de su hijo en las etapas clave del desarrollo desde los 2 meses hasta los 5 a\u00f1os con las listas de verificaci\u00f3n ilustradas y f\u00e1ciles de usar. Adem\u00e1s, obtenga consejos para fomentar el desarrollo de su hijo y averig\u00fce qu\u00e9 hacer si le preocupa c\u00f3mo se est\u00e1 desarrollando su hijo. Las fotos y videos en esta aplicaci\u00f3n ilustran cada hito y hacen que el seguimiento de ellos para su hijo sea f\u00e1cil y divertido.<\/p>\n\t\t<\/div>\n\t<\/div>\n\t<script>\n\t(function($) {\n\t\t\/\/ Get the block ID\n\t\tvar id = \"#block_354a1300a7be75d4402e389c844444fa\";\n\t\t\/\/ Reveal the block\n\t\tvar container = document.documentElement;\n\t\tScrollReveal().reveal(id + \" .container.left .image\", {origin: \"left\", distance: \"20px\", duration: 1000, container: container});\n\t\tScrollReveal().reveal(id + \" .container.left .text\", {origin: \"right\", distance: \"20px\", duration: 1000, container: container});\n\t\tScrollReveal().reveal(id + \" .container.right .image\", {origin: \"right\", distance: \"20px\", duration: 1000, container: container});\n\t\tScrollReveal().reveal(id + \" .container.right .text\", {origin: \"left\", distance: \"20px\", duration: 1000, container: container});\n\t}(jQuery))\n\t<\/script>\n<\/div>\n\n<div id=\"block_957269a39961caa56ad0d9b1de99d9bc\" class=\"tile-block light-gray\">\n\t<div class=\"container right\">\n\t\t<div class=\"image\">\n\t\t\t<div class=\"wrapper\">\n\t\t\t\t\t\t\t\t<img decoding=\"async\" src=\"https:\/\/upperhousedev17.com\/wp-content\/uploads\/2023\/09\/Early-Childhood-Development-and-Care-Help-Me-Grow-Wa-555x392.jpg\" srcset=\"https:\/\/upperhousedev17.com\/wp-content\/uploads\/2023\/09\/Early-Childhood-Development-and-Care-Help-Me-Grow-Wa-555x392.jpg 555w, https:\/\/upperhousedev17.com\/wp-content\/uploads\/2023\/09\/Early-Childhood-Development-and-Care-Help-Me-Grow-Wa-1110x784.jpg 1110w\" sizes=\"555px\">\n\t\t\t<\/div>\n\t\t<\/div>\n\t\t<div class=\"text\">\n\t\t\t\t\t\t<h2><span style=\"color: #0095c4;\">Desarrollo <\/span><span style=\"color: #0095c4;\">\u00bfPreguntas?<\/span><\/h2>\n<p>Los ni\u00f1os crecen, se desarrollan y aprenden a lo largo de su vida: social, emocional, cognitiva y f\u00edsicamente. Cada ni\u00f1o es diferente y se desarrolla a su propio ritmo. Al mismo tiempo, hay habilidades clave que los ni\u00f1os necesitan para poder prosperar en la escuela y en su comunidad. Puede asegurarse de que su hijo tenga estas habilidades controlando sus hitos desde el principio y con frecuencia. Si alguna vez tiene inquietudes sobre el desarrollo de su hijo, \u00a1d\u00edgalo! Usted conoce a su hijo mejor.<\/p>\n<p><strong>Llame a la l\u00ednea de ayuda de Washington Help Me Grow al <a href=\"\/es\/tel\u00e9fono: 1-800-322-2588\/\"><span style=\"white-space: nowrap;\">1-800-322-2588<\/span><\/a> para conocer los pasos que puede tomar hoy para apoyar el desarrollo de su hijo.<\/strong><\/p>\n\t\t<\/div>\n\t<\/div>\n\t<script>\n\t(function($) {\n\t\t\/\/ Get the block ID\n\t\tvar id = \"#block_957269a39961caa56ad0d9b1de99d9bc\";\n\t\t\/\/ Reveal the block\n\t\tvar container = document.documentElement;\n\t\tScrollReveal().reveal(id + \" .container.left .image\", {origin: \"left\", distance: \"20px\", duration: 1000, container: container});\n\t\tScrollReveal().reveal(id + \" .container.left .text\", {origin: \"right\", distance: \"20px\", duration: 1000, container: container});\n\t\tScrollReveal().reveal(id + \" .container.right .image\", {origin: \"right\", distance: \"20px\", duration: 1000, container: container});\n\t\tScrollReveal().reveal(id + \" .container.right .text\", {origin: \"left\", distance: \"20px\", duration: 1000, container: container});\n\t}(jQuery))\n\t<\/script>\n<\/div>\n\n<div id=\"block_fde33f3262d1a15a232c3a47f8321d57\" class=\"tile-block light-gray\">\n\t<div class=\"container left\">\n\t\t<div class=\"image\">\n\t\t\t<div class=\"wrapper\">\n\t\t\t\t\t\t\t\t<img decoding=\"async\" src=\"https:\/\/upperhousedev17.com\/wp-content\/uploads\/2023\/09\/ParentHelp123-and-Help-Me-Grow-Washington-555x392.jpg\" srcset=\"https:\/\/upperhousedev17.com\/wp-content\/uploads\/2023\/09\/ParentHelp123-and-Help-Me-Grow-Washington-555x392.jpg 555w, https:\/\/upperhousedev17.com\/wp-content\/uploads\/2023\/09\/ParentHelp123-and-Help-Me-Grow-Washington-1110x784.jpg 1110w\" sizes=\"555px\">\n\t\t\t<\/div>\n\t\t<\/div>\n\t\t<div class=\"text\">\n\t\t\t\t\t\t<h2><span style=\"color: #0095c4;\">Con\u00e9ctese a programas y recursos \u00fatiles<\/span><\/h2>\n<p>El <a href=\"https:\/\/resources.helpmegrowwa.org\/\" target=\"_blank\" rel=\"noopener\">Resource Finder<\/a> ayuda a las familias de Washington a encontrar servicios en sus comunidades, ver si califican para recibir alimentos y beneficios de salud y conectarse con una variedad de recursos de salud y desarrollo infantil. El <a href=\"https:\/\/helpmegrowwa.org\/\" target=\"_blank\" rel=\"noopener\">Sitio web Help Me Grow Washington<\/a> also provides important health information for pregnant women, parents, caregivers, children, and families.<\/p>\n\t\t<\/div>\n\t<\/div>\n\t<script>\n\t(function($) {\n\t\t\/\/ Get the block ID\n\t\tvar id = \"#block_fde33f3262d1a15a232c3a47f8321d57\";\n\t\t\/\/ Reveal the block\n\t\tvar container = document.documentElement;\n\t\tScrollReveal().reveal(id + \" .container.left .image\", {origin: \"left\", distance: \"20px\", duration: 1000, container: container});\n\t\tScrollReveal().reveal(id + \" .container.left .text\", {origin: \"right\", distance: \"20px\", duration: 1000, container: container});\n\t\tScrollReveal().reveal(id + \" .container.right .image\", {origin: \"right\", distance: \"20px\", duration: 1000, container: container});\n\t\tScrollReveal().reveal(id + \" .container.right .text\", {origin: \"left\", distance: \"20px\", duration: 1000, container: container});\n\t}(jQuery))\n\t<\/script>\n<\/div>\n\n<div id=\"block_75d68ac94bff2a074157d9e65c4be077\" class=\"tile-block light-gray\">\n\t<div class=\"container right\">\n\t\t<div class=\"image\">\n\t\t\t<div class=\"wrapper\">\n\t\t\t\t\t\t\t\t<img decoding=\"async\" src=\"https:\/\/upperhousedev17.com\/wp-content\/uploads\/2023\/09\/Vroom-feature-feature-img-555x392.jpg\" srcset=\"https:\/\/upperhousedev17.com\/wp-content\/uploads\/2023\/09\/Vroom-feature-feature-img-555x392.jpg 555w, https:\/\/upperhousedev17.com\/wp-content\/uploads\/2023\/09\/Vroom-feature-feature-img-1110x784.jpg 1110w\" sizes=\"555px\">\n\t\t\t<\/div>\n\t\t<\/div>\n\t\t<div class=\"text\">\n\t\t\t\t\t\t<h2><span style=\"color: #0095c4;\">Empiece con Vroom<\/span><\/h2>\n<p>Las comunidades de todo Washington est\u00e1n utilizando Vroom para promover el desarrollo del cerebro infantil de una manera divertida y f\u00e1cil de hacer para cualquiera. \u00bfListo para probar algunos consejos de Vroom para el ni\u00f1o o los ni\u00f1os de su vida? <a href=\"https:\/\/www.vroom.org\/\" target=\"_blank\" rel=\"noopener\">Visite el sitio web de Vroom<\/a> donde puede obtener la aplicaci\u00f3n Vroom, registrarse en Vroom mediante mensaje de texto o imprimir y descargar consejos. El tiempo que pasa con su hijo puede ayudar a que su cerebro se fortalezca.<\/p>\n\t\t<\/div>\n\t<\/div>\n\t<script>\n\t(function($) {\n\t\t\/\/ Get the block ID\n\t\tvar id = \"#block_75d68ac94bff2a074157d9e65c4be077\";\n\t\t\/\/ Reveal the block\n\t\tvar container = document.documentElement;\n\t\tScrollReveal().reveal(id + \" .container.left .image\", {origin: \"left\", distance: \"20px\", duration: 1000, container: container});\n\t\tScrollReveal().reveal(id + \" .container.left .text\", {origin: \"right\", distance: \"20px\", duration: 1000, container: container});\n\t\tScrollReveal().reveal(id + \" .container.right .image\", {origin: \"right\", distance: \"20px\", duration: 1000, container: container});\n\t\tScrollReveal().reveal(id + \" .container.right .text\", {origin: \"left\", distance: \"20px\", duration: 1000, container: container});\n\t}(jQuery))\n\t<\/script>\n<\/div>\n\n<div id=\"block_1349f2b45d0cd6fa02479f01b751b0d8\" class=\"invitation-block light-gray center\">\t\n\t<div class=\"container purple\">\n\t\t<p>Watch for milestones during everyday moments! We offer a free screening to support parents and caregivers in checking a child\u2019s developmental progress.<\/p>\n\t\t\t\t<a class=\"btn orange\" href=\"\/es\/developmental-screening\/\" target=\"\">Averiguar m\u00e1s<\/a>\n\t\t\t<\/div>\n<\/div>","protected":false},"excerpt":{"rendered":"","protected":false},"author":2,"featured_media":0,"parent":0,"menu_order":41,"comment_status":"closed","ping_status":"closed","template":"","meta":{"_acf_changed":false,"footnotes":""},"acf":[],"_links":{"self":[{"href":"https:\/\/upperhousedev17.com\/es\/wp-json\/wp\/v2\/pages\/47"}],"collection":[{"href":"https:\/\/upperhousedev17.com\/es\/wp-json\/wp\/v2\/pages"}],"about":[{"href":"https:\/\/upperhousedev17.com\/es\/wp-json\/wp\/v2\/types\/page"}],"author":[{"embeddable":true,"href":"https:\/\/upperhousedev17.com\/es\/wp-json\/wp\/v2\/users\/2"}],"replies":[{"embeddable":true,"href":"https:\/\/upperhousedev17.com\/es\/wp-json\/wp\/v2\/comments?post=47"}],"version-history":[{"count":219,"href":"https:\/\/upperhousedev17.com\/es\/wp-json\/wp\/v2\/pages\/47\/revisions"}],"predecessor-version":[{"id":13807,"href":"https:\/\/upperhousedev17.com\/es\/wp-json\/wp\/v2\/pages\/47\/revisions\/13807"}],"wp:attachment":[{"href":"https:\/\/upperhousedev17.com\/es\/wp-json\/wp\/v2\/media?parent=47"}],"curies":[{"name":"gracias","href":"https:\/\/api.w.org\/{rel}","templated":true}]}}