{"id":12788,"date":"2025-12-09T00:23:06","date_gmt":"2025-12-09T00:23:06","guid":{"rendered":"https:\/\/helpmegrowwa.org\/?page_id=12788"},"modified":"2026-04-27T14:10:10","modified_gmt":"2026-04-27T14:10:10","slug":"early-care-and-education-providers","status":"publish","type":"page","link":"https:\/\/upperhousedev17.com\/es\/early-care-and-education-providers","title":{"rendered":"Early Care + Education Providers"},"content":{"rendered":"<div id=\"block_d7f48281c8599b212d481c9d2e02e102\" class=\"fifty-fifty-block dark-purple right fifty-fifty-banner\">\n\t<img decoding=\"async\" class=\"flower-graphic\" src=\"https:\/\/upperhousedev17.com\/wp-content\/themes\/helpmegrowwa\/images\/banner-text-shapes.svg\">\n\t<div class=\"info\">\n\t\t<div class=\"container regular center\">\n\t\t\t<h1>Early Care + Education Providers<\/h1>\n\t\t\t\t\t<\/div>\n\t<\/div>\n\t\t<div class=\"image\" style=\"background-image: url(https:\/\/upperhousedev17.com\/wp-content\/uploads\/2025\/11\/Untitled-design-7.png);background-position: top center;\">\n\t\t\t\t\t<img decoding=\"async\" class=\"corner\" src=\"https:\/\/upperhousedev17.com\/wp-content\/themes\/helpmegrowwa\/images\/fifty-fifty-corner-piece.svg\">\n\t\t\t\t\t<\/div>\n\t<script>\n\t(function($) {\n\t\t\/\/ Get the block ID\n\t\tvar id = \"#block_d7f48281c8599b212d481c9d2e02e102\";\n\t\t\/\/ Reveal the block\n\t\tvar container = document.documentElement;\n\t\tScrollReveal().reveal(id + \".left .image\", {origin: \"left\", distance: \"20px\", duration: 1000});\n\t\tScrollReveal().reveal(id + \".left .info .container\", {origin: \"right\", distance: \"20px\", duration: 1000});\n\t\tScrollReveal().reveal(id + \".right .image\", {origin: \"right\", distance: \"20px\", duration: 1000});\n\t\tScrollReveal().reveal(id + \".right .info .container\", {origin: \"left\", distance: \"20px\", duration: 1000});\n\t}(jQuery))\n\t<\/script>\n<\/div>\n\n<div id=\"block_d1fdb0a694dac8c47dea8e02b555649b\" class=\"text-block white large left text-black default-margin\">\n\t<div class=\"container one-column narrow\">\n\t\t<p>Los proveedores de cuidado y educaci\u00f3n temprana (ECE) desempe\u00f1an un papel fundamental en el desarrollo saludable de los ni\u00f1os peque\u00f1os. Como profesionales de confianza en entornos de aprendizaje temprano, los ECE suelen ser de los primeros en detectar hitos del desarrollo o \u00e1reas de preocupaci\u00f3n.<\/p>\n<p><strong>Help Me Grow<\/strong> est\u00e1 aqu\u00ed para asociarse con usted a trav\u00e9s de nuestro <a href=\"https:\/\/helpmegrowwa.org\/joining-asq-online-program\"><span style=\"text-decoration: underline;\"><strong><span style=\"color: #ff671d; text-decoration: underline;\">Programa de colaboraci\u00f3n del Cuestionario de edades y etapas (ASQ)<\/span><\/strong><\/span><\/a>Tambi\u00e9n conectamos a las familias con <strong>Apoyo temprano para beb\u00e9s y ni\u00f1os peque\u00f1os (ESIT)<\/strong> services and offer parenting and caregiving resources.<\/p>\n<p>Nuestro apoyo no termina ah\u00ed. En todo Washington, ayudamos a las familias a acceder a apoyos alimentarios esenciales, como <strong>WIC, Alimentos B\u00e1sicos y bancos de alimentos locales<\/strong> \u2013 as\u00ed como asistencia con <strong>inscripci\u00f3n al seguro m\u00e9dico<\/strong> (Washington State Department of Children, Youth, and Families) y con <strong>encontrar un pediatra<\/strong>.<\/p>\n<p>Juntos, podemos garantizar que cada ni\u00f1o tenga el comienzo apoyado que merece durante estos a\u00f1os fundamentales.<\/p>\n<h3><span style=\"color: #6c1b6e;\">Asociate con nosotros<\/span><\/h3>\n<p>Ofrecemos herramientas y apoyo para ayudarle a realizar un seguimiento del desarrollo, iniciar conversaciones significativas con las familias y conectarlas con los servicios, \u00a1todo sin costo para su programa!<\/p>\n<p><a href=\"https:\/\/helpmegrowwa.org\/joining-asq-online-program\"><span style=\"text-decoration: underline; color: #ff671d;\"><strong>\u00a1Descubre c\u00f3mo empezar hoy!<\/strong><\/span><\/a><\/p>\n<h3><span style=\"color: #6c1b6e;\">\u00bfC\u00f3mo ayudamos?<\/span><\/h3>\n<ul>\n<li><strong>Acceso gratuito a ASQ Online<\/strong>, junto con capacitaci\u00f3n y apoyo personalizados para que compartir y administrar las evaluaciones sea m\u00e1s f\u00e1cil para usted y sus familias.<\/li>\n<li>Apoyo para la interpretaci\u00f3n de los resultados del ASQ<\/li>\n<li>Orientaci\u00f3n sobre c\u00f3mo hablar con las familias sobre los resultados de las pruebas de detecci\u00f3n<\/li>\n<li>Referencias directas a recursos y materiales locales de desarrollo infantil para familias en varios idiomas.<\/li>\n<li>Capacitaci\u00f3n para su personal en hitos del desarrollo, procesos de detecci\u00f3n y derivaci\u00f3n<\/li>\n<\/ul>\n\t<\/div>\n\t<script>\n\t\t(function($) {\n\t\t\t\/\/ Get the block ID\n\t\t\tvar id = \"#block_d1fdb0a694dac8c47dea8e02b555649b\";\n\t\t\t\/\/ Reveal the block\n\t\t\tvar container = document.documentElement;\n\t\t\tScrollReveal().reveal(id + \" .container\", {\n\t\t\t\torigin: \"bottom\",\n\t\t\t\tdistance: \"20px\",\n\t\t\t\tduration: 1000,\n\t\t\t\tcontainer: container\n\t\t\t});\n\t\t}(jQuery))\n\t<\/script>\n<\/div>\n\n<div id=\"block_ea17ad0534c4bdeb30703e7215406ee7\" class=\"invitation-block white center\">\t\n\t<div class=\"container purple\">\n\t\t<h3>\u00bfListo para unirse?<\/h3>\n<p>Obtenga m\u00e1s informaci\u00f3n sobre este programa, lo que implica para su centro y los pr\u00f3ximos pasos.<\/p>\n\t\t\t\t<a class=\"btn orange\" href=\"https:\/\/helpmegrowwa.org\/joining-asq-online-program\" target=\"_blank\">Averiguar m\u00e1s<\/a>\n\t\t\t<\/div>\n<\/div>","protected":false},"excerpt":{"rendered":"","protected":false},"author":54,"featured_media":0,"parent":0,"menu_order":90,"comment_status":"closed","ping_status":"closed","template":"","meta":{"_acf_changed":false,"footnotes":""},"acf":[],"_links":{"self":[{"href":"https:\/\/upperhousedev17.com\/es\/wp-json\/wp\/v2\/pages\/12788"}],"collection":[{"href":"https:\/\/upperhousedev17.com\/es\/wp-json\/wp\/v2\/pages"}],"about":[{"href":"https:\/\/upperhousedev17.com\/es\/wp-json\/wp\/v2\/types\/page"}],"author":[{"embeddable":true,"href":"https:\/\/upperhousedev17.com\/es\/wp-json\/wp\/v2\/users\/54"}],"replies":[{"embeddable":true,"href":"https:\/\/upperhousedev17.com\/es\/wp-json\/wp\/v2\/comments?post=12788"}],"version-history":[{"count":20,"href":"https:\/\/upperhousedev17.com\/es\/wp-json\/wp\/v2\/pages\/12788\/revisions"}],"predecessor-version":[{"id":13821,"href":"https:\/\/upperhousedev17.com\/es\/wp-json\/wp\/v2\/pages\/12788\/revisions\/13821"}],"wp:attachment":[{"href":"https:\/\/upperhousedev17.com\/es\/wp-json\/wp\/v2\/media?parent=12788"}],"curies":[{"name":"gracias","href":"https:\/\/api.w.org\/{rel}","templated":true}]}}